{"id":6,"date":"2013-02-25T17:57:24","date_gmt":"2013-02-25T16:57:24","guid":{"rendered":"http:\/\/www.pictobello.ch\/edition-2004\/pratique\/"},"modified":"2013-04-25T16:20:05","modified_gmt":"2013-04-25T15:20:05","slug":"pratique","status":"publish","type":"page","link":"https:\/\/www.pictobello.ch\/edition-2004\/pratique\/","title":{"rendered":"pratique"},"content":{"rendered":"<p><a href=\"http:\/\/www.pictobello.ch\/edition-2004\/wp-content\/uploads\/sites\/15\/titre.jpg\"><img loading=\"lazy\" decoding=\"async\" class=\"alignnone size-full wp-image-71\" alt=\"titre\" src=\"http:\/\/www.pictobello.ch\/edition-2004\/wp-content\/uploads\/sites\/15\/titre.jpg\" width=\"418\" height=\"42\" srcset=\"https:\/\/www.pictobello.ch\/edition-2004\/wp-content\/uploads\/sites\/15\/titre.jpg 418w, https:\/\/www.pictobello.ch\/edition-2004\/wp-content\/uploads\/sites\/15\/titre-300x30.jpg 300w, https:\/\/www.pictobello.ch\/edition-2004\/wp-content\/uploads\/sites\/15\/titre-260x26.jpg 260w\" sizes=\"auto, (max-width: 418px) 100vw, 418px\" \/><\/a><\/p>\n<p>Chaque ann\u00e9e les artistes s\u2019inspirent librement du th\u00e8me qui leur est propos\u00e9.<br \/>\n<em>2004: <strong>L\u2019Au-dessus<\/strong> <\/em><\/p>\n<p>Faire de la rue un mus\u00e9e d\u2019images : une collaboration entre le dessinateur Krum, les \u00e9ditions Castagni\u00e9\u00e9\u00e9 et le Service culturel de la Ville de Vevey a permis de relever en octobre 2004 ce d\u00e9fi autant po\u00e9tique qu\u2019utopique.<br \/>\nA la tomb\u00e9e de l\u2019automne, durant un mois, les passants ont pu d\u00e9couvrir par-ci par-l\u00e0 de surprenants dessins sur divers emplacements r\u00e9serv\u00e9s \u00e0 l\u2019affichage culturel de la Ville. Deux jours durant Krum a trait\u00e9 une \u00e0 une chacune de ces \u00e9normes pages blanches. Tous les dessins ont \u00e9t\u00e9 cr\u00e9\u00e9s in-situ, au feutre noir et rouge, durant de longues heures pass\u00e9es devant les regards \u00e9merveill\u00e9s des enfants emport\u00e9s par la magie de ces visions oniriques. Autant de v\u00e9ritables performances.<br \/>\nCes 17 \u0153uvres originales de format mondial \u00e9taient \u00e0 d\u00e9couvrir du 16 au 30 septembre 2004 et annon\u00e7aient l\u2019arriv\u00e9e d\u2019un curieux personnage : un scaphandrier venu \u00e0 Vevey d\u2019un autre monde \u00e0 la recherche d\u2019un arbre d\u2019exception. Ces apparitions \u00e9nigmatiques formaient un parcours al\u00e9atoire, traversant la Ville d\u2019Images de part en part, comme autant de traits esquiss\u00e9s, longeant les quais, dansant sur les murs de la vieille ville et se dispersant finalement sur la place du march\u00e9, faisant ainsi de Vevey une ville ouverte au dessin, une ville de mages et de magies.<\/p>\n<p>Stefano Stoll &#8211; D\u00e9l\u00e9gu\u00e9 \u00e0 la culture<\/p>\n<p><a href=\"http:\/\/www.pictobello.ch\/edition-2004\/wp-content\/uploads\/sites\/15\/carte.jpg\"><img loading=\"lazy\" decoding=\"async\" class=\"alignnone size-full wp-image-72\" alt=\"carte\" src=\"http:\/\/www.pictobello.ch\/edition-2004\/wp-content\/uploads\/sites\/15\/carte.jpg\" width=\"560\" height=\"741\" srcset=\"https:\/\/www.pictobello.ch\/edition-2004\/wp-content\/uploads\/sites\/15\/carte.jpg 560w, https:\/\/www.pictobello.ch\/edition-2004\/wp-content\/uploads\/sites\/15\/carte-226x300.jpg 226w, https:\/\/www.pictobello.ch\/edition-2004\/wp-content\/uploads\/sites\/15\/carte-260x344.jpg 260w\" sizes=\"auto, (max-width: 560px) 100vw, 560px\" \/><\/a><\/p>\n","protected":false},"excerpt":{"rendered":"<p>Chaque ann\u00e9e les artistes s\u2019inspirent librement du th\u00e8me qui leur est propos\u00e9. 2004: L\u2019Au-dessus Faire de la rue un mus\u00e9e d\u2019images : une collaboration entre le dessinateur Krum, les \u00e9ditions Castagni\u00e9\u00e9\u00e9 et le Service culturel de la Ville de Vevey a permis de relever en octobre 2004 ce d\u00e9fi autant po\u00e9tique qu\u2019utopique. A la tomb\u00e9e [&hellip;]<\/p>\n","protected":false},"author":1,"featured_media":0,"parent":0,"menu_order":0,"comment_status":"open","ping_status":"open","template":"","meta":{"_acf_changed":false,"_exactmetrics_skip_tracking":false,"_exactmetrics_sitenote_active":false,"_exactmetrics_sitenote_note":"","_exactmetrics_sitenote_category":0,"footnotes":""},"class_list":["post-6","page","type-page","status-publish","hentry"],"acf":[],"yoast_head":"<!-- This site is optimized with the Yoast SEO plugin v27.2 - https:\/\/yoast.com\/product\/yoast-seo-wordpress\/ -->\n<title>pratique - 2004<\/title>\n<meta name=\"robots\" content=\"index, follow, max-snippet:-1, max-image-preview:large, max-video-preview:-1\" \/>\n<link rel=\"canonical\" href=\"https:\/\/www.pictobello.ch\/edition-2004\/pratique\/\" \/>\n<meta name=\"twitter:label1\" content=\"Dur\u00e9e de lecture estim\u00e9e\" \/>\n\t<meta name=\"twitter:data1\" content=\"1 minute\" \/>\n<script type=\"application\/ld+json\" class=\"yoast-schema-graph\">{\"@context\":\"https:\/\/schema.org\",\"@graph\":[{\"@type\":\"WebPage\",\"@id\":\"https:\/\/www.pictobello.ch\/edition-2004\/pratique\/\",\"url\":\"https:\/\/www.pictobello.ch\/edition-2004\/pratique\/\",\"name\":\"pratique - 2004\",\"isPartOf\":{\"@id\":\"https:\/\/www.pictobello.ch\/edition-2004\/#website\"},\"primaryImageOfPage\":{\"@id\":\"https:\/\/www.pictobello.ch\/edition-2004\/pratique\/#primaryimage\"},\"image\":{\"@id\":\"https:\/\/www.pictobello.ch\/edition-2004\/pratique\/#primaryimage\"},\"thumbnailUrl\":\"http:\/\/www.pictobello.ch\/edition-2004\/wp-content\/uploads\/sites\/15\/titre.jpg\",\"datePublished\":\"2013-02-25T16:57:24+00:00\",\"dateModified\":\"2013-04-25T15:20:05+00:00\",\"breadcrumb\":{\"@id\":\"https:\/\/www.pictobello.ch\/edition-2004\/pratique\/#breadcrumb\"},\"inLanguage\":\"fr-FR\",\"potentialAction\":[{\"@type\":\"ReadAction\",\"target\":[\"https:\/\/www.pictobello.ch\/edition-2004\/pratique\/\"]}]},{\"@type\":\"ImageObject\",\"inLanguage\":\"fr-FR\",\"@id\":\"https:\/\/www.pictobello.ch\/edition-2004\/pratique\/#primaryimage\",\"url\":\"http:\/\/www.pictobello.ch\/edition-2004\/wp-content\/uploads\/sites\/15\/titre.jpg\",\"contentUrl\":\"http:\/\/www.pictobello.ch\/edition-2004\/wp-content\/uploads\/sites\/15\/titre.jpg\"},{\"@type\":\"BreadcrumbList\",\"@id\":\"https:\/\/www.pictobello.ch\/edition-2004\/pratique\/#breadcrumb\",\"itemListElement\":[{\"@type\":\"ListItem\",\"position\":1,\"name\":\"Accueil\",\"item\":\"https:\/\/www.pictobello.ch\/edition-2004\/\"},{\"@type\":\"ListItem\",\"position\":2,\"name\":\"pratique\"}]},{\"@type\":\"WebSite\",\"@id\":\"https:\/\/www.pictobello.ch\/edition-2004\/#website\",\"url\":\"https:\/\/www.pictobello.ch\/edition-2004\/\",\"name\":\"2004\",\"description\":\"Un site utilisant R\u00e9seau PictoBello\",\"potentialAction\":[{\"@type\":\"SearchAction\",\"target\":{\"@type\":\"EntryPoint\",\"urlTemplate\":\"https:\/\/www.pictobello.ch\/edition-2004\/?s={search_term_string}\"},\"query-input\":{\"@type\":\"PropertyValueSpecification\",\"valueRequired\":true,\"valueName\":\"search_term_string\"}}],\"inLanguage\":\"fr-FR\"}]}<\/script>\n<!-- \/ Yoast SEO plugin. -->","yoast_head_json":{"title":"pratique - 2004","robots":{"index":"index","follow":"follow","max-snippet":"max-snippet:-1","max-image-preview":"max-image-preview:large","max-video-preview":"max-video-preview:-1"},"canonical":"https:\/\/www.pictobello.ch\/edition-2004\/pratique\/","twitter_misc":{"Dur\u00e9e de lecture estim\u00e9e":"1 minute"},"schema":{"@context":"https:\/\/schema.org","@graph":[{"@type":"WebPage","@id":"https:\/\/www.pictobello.ch\/edition-2004\/pratique\/","url":"https:\/\/www.pictobello.ch\/edition-2004\/pratique\/","name":"pratique - 2004","isPartOf":{"@id":"https:\/\/www.pictobello.ch\/edition-2004\/#website"},"primaryImageOfPage":{"@id":"https:\/\/www.pictobello.ch\/edition-2004\/pratique\/#primaryimage"},"image":{"@id":"https:\/\/www.pictobello.ch\/edition-2004\/pratique\/#primaryimage"},"thumbnailUrl":"http:\/\/www.pictobello.ch\/edition-2004\/wp-content\/uploads\/sites\/15\/titre.jpg","datePublished":"2013-02-25T16:57:24+00:00","dateModified":"2013-04-25T15:20:05+00:00","breadcrumb":{"@id":"https:\/\/www.pictobello.ch\/edition-2004\/pratique\/#breadcrumb"},"inLanguage":"fr-FR","potentialAction":[{"@type":"ReadAction","target":["https:\/\/www.pictobello.ch\/edition-2004\/pratique\/"]}]},{"@type":"ImageObject","inLanguage":"fr-FR","@id":"https:\/\/www.pictobello.ch\/edition-2004\/pratique\/#primaryimage","url":"http:\/\/www.pictobello.ch\/edition-2004\/wp-content\/uploads\/sites\/15\/titre.jpg","contentUrl":"http:\/\/www.pictobello.ch\/edition-2004\/wp-content\/uploads\/sites\/15\/titre.jpg"},{"@type":"BreadcrumbList","@id":"https:\/\/www.pictobello.ch\/edition-2004\/pratique\/#breadcrumb","itemListElement":[{"@type":"ListItem","position":1,"name":"Accueil","item":"https:\/\/www.pictobello.ch\/edition-2004\/"},{"@type":"ListItem","position":2,"name":"pratique"}]},{"@type":"WebSite","@id":"https:\/\/www.pictobello.ch\/edition-2004\/#website","url":"https:\/\/www.pictobello.ch\/edition-2004\/","name":"2004","description":"Un site utilisant R\u00e9seau PictoBello","potentialAction":[{"@type":"SearchAction","target":{"@type":"EntryPoint","urlTemplate":"https:\/\/www.pictobello.ch\/edition-2004\/?s={search_term_string}"},"query-input":{"@type":"PropertyValueSpecification","valueRequired":true,"valueName":"search_term_string"}}],"inLanguage":"fr-FR"}]}},"_links":{"self":[{"href":"https:\/\/www.pictobello.ch\/edition-2004\/wp-json\/wp\/v2\/pages\/6","targetHints":{"allow":["GET"]}}],"collection":[{"href":"https:\/\/www.pictobello.ch\/edition-2004\/wp-json\/wp\/v2\/pages"}],"about":[{"href":"https:\/\/www.pictobello.ch\/edition-2004\/wp-json\/wp\/v2\/types\/page"}],"author":[{"embeddable":true,"href":"https:\/\/www.pictobello.ch\/edition-2004\/wp-json\/wp\/v2\/users\/1"}],"replies":[{"embeddable":true,"href":"https:\/\/www.pictobello.ch\/edition-2004\/wp-json\/wp\/v2\/comments?post=6"}],"version-history":[{"count":4,"href":"https:\/\/www.pictobello.ch\/edition-2004\/wp-json\/wp\/v2\/pages\/6\/revisions"}],"predecessor-version":[{"id":81,"href":"https:\/\/www.pictobello.ch\/edition-2004\/wp-json\/wp\/v2\/pages\/6\/revisions\/81"}],"wp:attachment":[{"href":"https:\/\/www.pictobello.ch\/edition-2004\/wp-json\/wp\/v2\/media?parent=6"}],"curies":[{"name":"wp","href":"https:\/\/api.w.org\/{rel}","templated":true}]}}