{"id":6,"date":"2013-02-25T17:54:31","date_gmt":"2013-02-25T16:54:31","guid":{"rendered":"http:\/\/www.pictobello.ch\/edition-2006\/pratique\/"},"modified":"2013-04-25T16:18:46","modified_gmt":"2013-04-25T15:18:46","slug":"pratique","status":"publish","type":"page","link":"https:\/\/www.pictobello.ch\/edition-2006\/pratique\/","title":{"rendered":"pratique"},"content":{"rendered":"<p><a href=\"http:\/\/www.pictobello.ch\/edition-2006\/wp-content\/uploads\/sites\/13\/titre.jpg\"><img loading=\"lazy\" decoding=\"async\" class=\"alignnone size-full wp-image-101\" alt=\"titre\" src=\"http:\/\/www.pictobello.ch\/edition-2006\/wp-content\/uploads\/sites\/13\/titre.jpg\" width=\"418\" height=\"42\" srcset=\"https:\/\/www.pictobello.ch\/edition-2006\/wp-content\/uploads\/sites\/13\/titre.jpg 418w, https:\/\/www.pictobello.ch\/edition-2006\/wp-content\/uploads\/sites\/13\/titre-300x30.jpg 300w, https:\/\/www.pictobello.ch\/edition-2006\/wp-content\/uploads\/sites\/13\/titre-260x26.jpg 260w\" sizes=\"auto, (max-width: 418px) 100vw, 418px\" \/><\/a><\/p>\n<p>Pour la troisi\u00e8me ann\u00e9es cons\u00e9cutive, PictoBello transforme les quartiers de la ville en<br \/>\nune bande dessin\u00e9e au format d\u2019affiches publicitaires.<br \/>\nChaque ann\u00e9e les artistes s\u2019inspirent librement du th\u00e8me qui leur est propos\u00e9.<br \/>\n<em>2006: <strong>L\u2019esprit des lieux <\/strong><\/em><\/p>\n<p><strong>Le 6 septembre 2006<\/strong><br \/>\nJourn\u00e9e de cr\u00e9ation des dessins.<br \/>\nPublic bienvenu d\u00e8s 10h00.<br \/>\nParcours libre, vernissage \u00e0 la Grenette d\u00e8s 18h en pr\u00e9sence des auteurs.<br \/>\nSites : Place de l\u2019H\u00f4tel-de-ville, Grande Place, Place de la Gare, Place Robin.<\/p>\n<p>Dessins \u00e0 d\u00e9couvrir jusqu\u2019au 2 octobre 2007.<\/p>\n","protected":false},"excerpt":{"rendered":"<p>Pour la troisi\u00e8me ann\u00e9es cons\u00e9cutive, PictoBello transforme les quartiers de la ville en une bande dessin\u00e9e au format d\u2019affiches publicitaires. Chaque ann\u00e9e les artistes s\u2019inspirent librement du th\u00e8me qui leur est propos\u00e9. 2006: L\u2019esprit des lieux Le 6 septembre 2006 Journ\u00e9e de cr\u00e9ation des dessins. Public bienvenu d\u00e8s 10h00. Parcours libre, vernissage \u00e0 la Grenette [&hellip;]<\/p>\n","protected":false},"author":1,"featured_media":0,"parent":0,"menu_order":0,"comment_status":"open","ping_status":"open","template":"","meta":{"_acf_changed":false,"_exactmetrics_skip_tracking":false,"_exactmetrics_sitenote_active":false,"_exactmetrics_sitenote_note":"","_exactmetrics_sitenote_category":0,"footnotes":""},"class_list":["post-6","page","type-page","status-publish","hentry"],"acf":[],"yoast_head":"<!-- This site is optimized with the Yoast SEO plugin v27.2 - https:\/\/yoast.com\/product\/yoast-seo-wordpress\/ -->\n<title>pratique - 2006<\/title>\n<meta name=\"robots\" content=\"index, follow, max-snippet:-1, max-image-preview:large, max-video-preview:-1\" \/>\n<link rel=\"canonical\" href=\"https:\/\/www.pictobello.ch\/edition-2006\/pratique\/\" \/>\n<script type=\"application\/ld+json\" class=\"yoast-schema-graph\">{\"@context\":\"https:\/\/schema.org\",\"@graph\":[{\"@type\":\"WebPage\",\"@id\":\"https:\/\/www.pictobello.ch\/edition-2006\/pratique\/\",\"url\":\"https:\/\/www.pictobello.ch\/edition-2006\/pratique\/\",\"name\":\"pratique - 2006\",\"isPartOf\":{\"@id\":\"https:\/\/www.pictobello.ch\/edition-2006\/#website\"},\"primaryImageOfPage\":{\"@id\":\"https:\/\/www.pictobello.ch\/edition-2006\/pratique\/#primaryimage\"},\"image\":{\"@id\":\"https:\/\/www.pictobello.ch\/edition-2006\/pratique\/#primaryimage\"},\"thumbnailUrl\":\"http:\/\/www.pictobello.ch\/edition-2006\/wp-content\/uploads\/sites\/13\/titre.jpg\",\"datePublished\":\"2013-02-25T16:54:31+00:00\",\"dateModified\":\"2013-04-25T15:18:46+00:00\",\"breadcrumb\":{\"@id\":\"https:\/\/www.pictobello.ch\/edition-2006\/pratique\/#breadcrumb\"},\"inLanguage\":\"fr-FR\",\"potentialAction\":[{\"@type\":\"ReadAction\",\"target\":[\"https:\/\/www.pictobello.ch\/edition-2006\/pratique\/\"]}]},{\"@type\":\"ImageObject\",\"inLanguage\":\"fr-FR\",\"@id\":\"https:\/\/www.pictobello.ch\/edition-2006\/pratique\/#primaryimage\",\"url\":\"http:\/\/www.pictobello.ch\/edition-2006\/wp-content\/uploads\/sites\/13\/titre.jpg\",\"contentUrl\":\"http:\/\/www.pictobello.ch\/edition-2006\/wp-content\/uploads\/sites\/13\/titre.jpg\"},{\"@type\":\"BreadcrumbList\",\"@id\":\"https:\/\/www.pictobello.ch\/edition-2006\/pratique\/#breadcrumb\",\"itemListElement\":[{\"@type\":\"ListItem\",\"position\":1,\"name\":\"Accueil\",\"item\":\"https:\/\/www.pictobello.ch\/edition-2006\/\"},{\"@type\":\"ListItem\",\"position\":2,\"name\":\"pratique\"}]},{\"@type\":\"WebSite\",\"@id\":\"https:\/\/www.pictobello.ch\/edition-2006\/#website\",\"url\":\"https:\/\/www.pictobello.ch\/edition-2006\/\",\"name\":\"2006\",\"description\":\"Un site utilisant R\u00e9seau PictoBello\",\"potentialAction\":[{\"@type\":\"SearchAction\",\"target\":{\"@type\":\"EntryPoint\",\"urlTemplate\":\"https:\/\/www.pictobello.ch\/edition-2006\/?s={search_term_string}\"},\"query-input\":{\"@type\":\"PropertyValueSpecification\",\"valueRequired\":true,\"valueName\":\"search_term_string\"}}],\"inLanguage\":\"fr-FR\"}]}<\/script>\n<!-- \/ Yoast SEO plugin. -->","yoast_head_json":{"title":"pratique - 2006","robots":{"index":"index","follow":"follow","max-snippet":"max-snippet:-1","max-image-preview":"max-image-preview:large","max-video-preview":"max-video-preview:-1"},"canonical":"https:\/\/www.pictobello.ch\/edition-2006\/pratique\/","schema":{"@context":"https:\/\/schema.org","@graph":[{"@type":"WebPage","@id":"https:\/\/www.pictobello.ch\/edition-2006\/pratique\/","url":"https:\/\/www.pictobello.ch\/edition-2006\/pratique\/","name":"pratique - 2006","isPartOf":{"@id":"https:\/\/www.pictobello.ch\/edition-2006\/#website"},"primaryImageOfPage":{"@id":"https:\/\/www.pictobello.ch\/edition-2006\/pratique\/#primaryimage"},"image":{"@id":"https:\/\/www.pictobello.ch\/edition-2006\/pratique\/#primaryimage"},"thumbnailUrl":"http:\/\/www.pictobello.ch\/edition-2006\/wp-content\/uploads\/sites\/13\/titre.jpg","datePublished":"2013-02-25T16:54:31+00:00","dateModified":"2013-04-25T15:18:46+00:00","breadcrumb":{"@id":"https:\/\/www.pictobello.ch\/edition-2006\/pratique\/#breadcrumb"},"inLanguage":"fr-FR","potentialAction":[{"@type":"ReadAction","target":["https:\/\/www.pictobello.ch\/edition-2006\/pratique\/"]}]},{"@type":"ImageObject","inLanguage":"fr-FR","@id":"https:\/\/www.pictobello.ch\/edition-2006\/pratique\/#primaryimage","url":"http:\/\/www.pictobello.ch\/edition-2006\/wp-content\/uploads\/sites\/13\/titre.jpg","contentUrl":"http:\/\/www.pictobello.ch\/edition-2006\/wp-content\/uploads\/sites\/13\/titre.jpg"},{"@type":"BreadcrumbList","@id":"https:\/\/www.pictobello.ch\/edition-2006\/pratique\/#breadcrumb","itemListElement":[{"@type":"ListItem","position":1,"name":"Accueil","item":"https:\/\/www.pictobello.ch\/edition-2006\/"},{"@type":"ListItem","position":2,"name":"pratique"}]},{"@type":"WebSite","@id":"https:\/\/www.pictobello.ch\/edition-2006\/#website","url":"https:\/\/www.pictobello.ch\/edition-2006\/","name":"2006","description":"Un site utilisant R\u00e9seau PictoBello","potentialAction":[{"@type":"SearchAction","target":{"@type":"EntryPoint","urlTemplate":"https:\/\/www.pictobello.ch\/edition-2006\/?s={search_term_string}"},"query-input":{"@type":"PropertyValueSpecification","valueRequired":true,"valueName":"search_term_string"}}],"inLanguage":"fr-FR"}]}},"_links":{"self":[{"href":"https:\/\/www.pictobello.ch\/edition-2006\/wp-json\/wp\/v2\/pages\/6","targetHints":{"allow":["GET"]}}],"collection":[{"href":"https:\/\/www.pictobello.ch\/edition-2006\/wp-json\/wp\/v2\/pages"}],"about":[{"href":"https:\/\/www.pictobello.ch\/edition-2006\/wp-json\/wp\/v2\/types\/page"}],"author":[{"embeddable":true,"href":"https:\/\/www.pictobello.ch\/edition-2006\/wp-json\/wp\/v2\/users\/1"}],"replies":[{"embeddable":true,"href":"https:\/\/www.pictobello.ch\/edition-2006\/wp-json\/wp\/v2\/comments?post=6"}],"version-history":[{"count":7,"href":"https:\/\/www.pictobello.ch\/edition-2006\/wp-json\/wp\/v2\/pages\/6\/revisions"}],"predecessor-version":[{"id":107,"href":"https:\/\/www.pictobello.ch\/edition-2006\/wp-json\/wp\/v2\/pages\/6\/revisions\/107"}],"wp:attachment":[{"href":"https:\/\/www.pictobello.ch\/edition-2006\/wp-json\/wp\/v2\/media?parent=6"}],"curies":[{"name":"wp","href":"https:\/\/api.w.org\/{rel}","templated":true}]}}