{"id":5,"date":"2013-02-25T17:49:41","date_gmt":"2013-02-25T16:49:41","guid":{"rendered":"http:\/\/www.pictobello.ch\/edition-2008\/pratique\/"},"modified":"2013-04-25T16:18:04","modified_gmt":"2013-04-25T15:18:04","slug":"pratique","status":"publish","type":"page","link":"https:\/\/www.pictobello.ch\/edition-2008\/pratique\/","title":{"rendered":"pratique"},"content":{"rendered":"<p><a href=\"http:\/\/www.pictobello.ch\/edition-2008\/wp-content\/uploads\/sites\/11\/titre.jpg\"><img loading=\"lazy\" decoding=\"async\" class=\"alignnone size-full wp-image-25\" alt=\"titre\" src=\"http:\/\/www.pictobello.ch\/edition-2008\/wp-content\/uploads\/sites\/11\/titre.jpg\" width=\"418\" height=\"42\" srcset=\"https:\/\/www.pictobello.ch\/edition-2008\/wp-content\/uploads\/sites\/11\/titre.jpg 418w, https:\/\/www.pictobello.ch\/edition-2008\/wp-content\/uploads\/sites\/11\/titre-300x30.jpg 300w, https:\/\/www.pictobello.ch\/edition-2008\/wp-content\/uploads\/sites\/11\/titre-260x26.jpg 260w\" sizes=\"auto, (max-width: 418px) 100vw, 418px\" \/><\/a><\/p>\n<p>Pour la cinqui\u00e8me ann\u00e9e cons\u00e9cutive, tous les sp\u00e9cimens de PictoBello envahissent<br \/>\nles quartiers de la ville pour une bande dessin\u00e9e.. format mondial !<br \/>\nChaque ann\u00e9e les artistes s\u2019inspirent librement du th\u00e8me qui leur est propos\u00e9.<\/p>\n<p><strong>2008: Ving mille lieues sous les mers<\/strong><\/p>\n<p>Le 3 mai 2008<br \/>\nJourn\u00e9e de cr\u00e9ation des dessins.<br \/>\nPublic bienvenu d\u00e8s 10h00 (sites ; voir le plan).<br \/>\nParcours libre, vernissage \u00e0 la Grenette d\u00e8s 18h00 en pr\u00e9sence des auteurs.<\/p>\n<p>Sites : Place de l\u2019H\u00f4tel-de-ville, Grande Place, Place de la Gare, Place Robin.<br \/>\nDessins \u00e0 d\u00e9couvrir jusqu\u2019au 25 mai 2008.<\/p>\n","protected":false},"excerpt":{"rendered":"<p>Pour la cinqui\u00e8me ann\u00e9e cons\u00e9cutive, tous les sp\u00e9cimens de PictoBello envahissent les quartiers de la ville pour une bande dessin\u00e9e.. format mondial ! Chaque ann\u00e9e les artistes s\u2019inspirent librement du th\u00e8me qui leur est propos\u00e9. 2008: Ving mille lieues sous les mers Le 3 mai 2008 Journ\u00e9e de cr\u00e9ation des dessins. Public bienvenu d\u00e8s 10h00 [&hellip;]<\/p>\n","protected":false},"author":1,"featured_media":0,"parent":0,"menu_order":1,"comment_status":"open","ping_status":"closed","template":"","meta":{"_acf_changed":false,"_exactmetrics_skip_tracking":false,"_exactmetrics_sitenote_active":false,"_exactmetrics_sitenote_note":"","_exactmetrics_sitenote_category":0,"footnotes":""},"class_list":["post-5","page","type-page","status-publish","hentry"],"acf":[],"yoast_head":"<!-- This site is optimized with the Yoast SEO plugin v27.5 - https:\/\/yoast.com\/product\/yoast-seo-wordpress\/ -->\n<title>pratique - 2008<\/title>\n<meta name=\"robots\" content=\"index, follow, max-snippet:-1, max-image-preview:large, max-video-preview:-1\" \/>\n<link rel=\"canonical\" href=\"https:\/\/www.pictobello.ch\/edition-2008\/pratique\/\" \/>\n<script type=\"application\/ld+json\" class=\"yoast-schema-graph\">{\"@context\":\"https:\\\/\\\/schema.org\",\"@graph\":[{\"@type\":\"WebPage\",\"@id\":\"https:\\\/\\\/www.pictobello.ch\\\/edition-2008\\\/pratique\\\/\",\"url\":\"https:\\\/\\\/www.pictobello.ch\\\/edition-2008\\\/pratique\\\/\",\"name\":\"pratique - 2008\",\"isPartOf\":{\"@id\":\"https:\\\/\\\/www.pictobello.ch\\\/edition-2008\\\/#website\"},\"primaryImageOfPage\":{\"@id\":\"https:\\\/\\\/www.pictobello.ch\\\/edition-2008\\\/pratique\\\/#primaryimage\"},\"image\":{\"@id\":\"https:\\\/\\\/www.pictobello.ch\\\/edition-2008\\\/pratique\\\/#primaryimage\"},\"thumbnailUrl\":\"http:\\\/\\\/www.pictobello.ch\\\/edition-2008\\\/wp-content\\\/uploads\\\/sites\\\/11\\\/titre.jpg\",\"datePublished\":\"2013-02-25T16:49:41+00:00\",\"dateModified\":\"2013-04-25T15:18:04+00:00\",\"breadcrumb\":{\"@id\":\"https:\\\/\\\/www.pictobello.ch\\\/edition-2008\\\/pratique\\\/#breadcrumb\"},\"inLanguage\":\"fr-FR\",\"potentialAction\":[{\"@type\":\"ReadAction\",\"target\":[\"https:\\\/\\\/www.pictobello.ch\\\/edition-2008\\\/pratique\\\/\"]}]},{\"@type\":\"ImageObject\",\"inLanguage\":\"fr-FR\",\"@id\":\"https:\\\/\\\/www.pictobello.ch\\\/edition-2008\\\/pratique\\\/#primaryimage\",\"url\":\"http:\\\/\\\/www.pictobello.ch\\\/edition-2008\\\/wp-content\\\/uploads\\\/sites\\\/11\\\/titre.jpg\",\"contentUrl\":\"http:\\\/\\\/www.pictobello.ch\\\/edition-2008\\\/wp-content\\\/uploads\\\/sites\\\/11\\\/titre.jpg\"},{\"@type\":\"BreadcrumbList\",\"@id\":\"https:\\\/\\\/www.pictobello.ch\\\/edition-2008\\\/pratique\\\/#breadcrumb\",\"itemListElement\":[{\"@type\":\"ListItem\",\"position\":1,\"name\":\"Accueil\",\"item\":\"https:\\\/\\\/www.pictobello.ch\\\/edition-2008\\\/\"},{\"@type\":\"ListItem\",\"position\":2,\"name\":\"pratique\"}]},{\"@type\":\"WebSite\",\"@id\":\"https:\\\/\\\/www.pictobello.ch\\\/edition-2008\\\/#website\",\"url\":\"https:\\\/\\\/www.pictobello.ch\\\/edition-2008\\\/\",\"name\":\"2008\",\"description\":\"Un site utilisant R\u00e9seau PictoBello\",\"potentialAction\":[{\"@type\":\"SearchAction\",\"target\":{\"@type\":\"EntryPoint\",\"urlTemplate\":\"https:\\\/\\\/www.pictobello.ch\\\/edition-2008\\\/?s={search_term_string}\"},\"query-input\":{\"@type\":\"PropertyValueSpecification\",\"valueRequired\":true,\"valueName\":\"search_term_string\"}}],\"inLanguage\":\"fr-FR\"}]}<\/script>\n<!-- \/ Yoast SEO plugin. -->","yoast_head_json":{"title":"pratique - 2008","robots":{"index":"index","follow":"follow","max-snippet":"max-snippet:-1","max-image-preview":"max-image-preview:large","max-video-preview":"max-video-preview:-1"},"canonical":"https:\/\/www.pictobello.ch\/edition-2008\/pratique\/","schema":{"@context":"https:\/\/schema.org","@graph":[{"@type":"WebPage","@id":"https:\/\/www.pictobello.ch\/edition-2008\/pratique\/","url":"https:\/\/www.pictobello.ch\/edition-2008\/pratique\/","name":"pratique - 2008","isPartOf":{"@id":"https:\/\/www.pictobello.ch\/edition-2008\/#website"},"primaryImageOfPage":{"@id":"https:\/\/www.pictobello.ch\/edition-2008\/pratique\/#primaryimage"},"image":{"@id":"https:\/\/www.pictobello.ch\/edition-2008\/pratique\/#primaryimage"},"thumbnailUrl":"http:\/\/www.pictobello.ch\/edition-2008\/wp-content\/uploads\/sites\/11\/titre.jpg","datePublished":"2013-02-25T16:49:41+00:00","dateModified":"2013-04-25T15:18:04+00:00","breadcrumb":{"@id":"https:\/\/www.pictobello.ch\/edition-2008\/pratique\/#breadcrumb"},"inLanguage":"fr-FR","potentialAction":[{"@type":"ReadAction","target":["https:\/\/www.pictobello.ch\/edition-2008\/pratique\/"]}]},{"@type":"ImageObject","inLanguage":"fr-FR","@id":"https:\/\/www.pictobello.ch\/edition-2008\/pratique\/#primaryimage","url":"http:\/\/www.pictobello.ch\/edition-2008\/wp-content\/uploads\/sites\/11\/titre.jpg","contentUrl":"http:\/\/www.pictobello.ch\/edition-2008\/wp-content\/uploads\/sites\/11\/titre.jpg"},{"@type":"BreadcrumbList","@id":"https:\/\/www.pictobello.ch\/edition-2008\/pratique\/#breadcrumb","itemListElement":[{"@type":"ListItem","position":1,"name":"Accueil","item":"https:\/\/www.pictobello.ch\/edition-2008\/"},{"@type":"ListItem","position":2,"name":"pratique"}]},{"@type":"WebSite","@id":"https:\/\/www.pictobello.ch\/edition-2008\/#website","url":"https:\/\/www.pictobello.ch\/edition-2008\/","name":"2008","description":"Un site utilisant R\u00e9seau PictoBello","potentialAction":[{"@type":"SearchAction","target":{"@type":"EntryPoint","urlTemplate":"https:\/\/www.pictobello.ch\/edition-2008\/?s={search_term_string}"},"query-input":{"@type":"PropertyValueSpecification","valueRequired":true,"valueName":"search_term_string"}}],"inLanguage":"fr-FR"}]}},"_links":{"self":[{"href":"https:\/\/www.pictobello.ch\/edition-2008\/wp-json\/wp\/v2\/pages\/5","targetHints":{"allow":["GET"]}}],"collection":[{"href":"https:\/\/www.pictobello.ch\/edition-2008\/wp-json\/wp\/v2\/pages"}],"about":[{"href":"https:\/\/www.pictobello.ch\/edition-2008\/wp-json\/wp\/v2\/types\/page"}],"author":[{"embeddable":true,"href":"https:\/\/www.pictobello.ch\/edition-2008\/wp-json\/wp\/v2\/users\/1"}],"replies":[{"embeddable":true,"href":"https:\/\/www.pictobello.ch\/edition-2008\/wp-json\/wp\/v2\/comments?post=5"}],"version-history":[{"count":7,"href":"https:\/\/www.pictobello.ch\/edition-2008\/wp-json\/wp\/v2\/pages\/5\/revisions"}],"predecessor-version":[{"id":154,"href":"https:\/\/www.pictobello.ch\/edition-2008\/wp-json\/wp\/v2\/pages\/5\/revisions\/154"}],"wp:attachment":[{"href":"https:\/\/www.pictobello.ch\/edition-2008\/wp-json\/wp\/v2\/media?parent=5"}],"curies":[{"name":"wp","href":"https:\/\/api.w.org\/{rel}","templated":true}]}}