{"id":5,"date":"2013-02-25T17:46:31","date_gmt":"2013-02-25T16:46:31","guid":{"rendered":"http:\/\/www.pictobello.ch\/edition-2009\/pratique\/"},"modified":"2013-04-25T16:17:49","modified_gmt":"2013-04-25T15:17:49","slug":"pratique","status":"publish","type":"page","link":"https:\/\/www.pictobello.ch\/edition-2009\/pratique\/","title":{"rendered":"pratique"},"content":{"rendered":"<p><a href=\"http:\/\/www.pictobello.ch\/edition-2009\/wp-content\/uploads\/sites\/10\/titre.jpg\"><img loading=\"lazy\" decoding=\"async\" class=\"alignnone size-full wp-image-30\" alt=\"titre\" src=\"http:\/\/www.pictobello.ch\/edition-2009\/wp-content\/uploads\/sites\/10\/titre.jpg\" width=\"418\" height=\"42\" srcset=\"https:\/\/www.pictobello.ch\/edition-2009\/wp-content\/uploads\/sites\/10\/titre.jpg 418w, https:\/\/www.pictobello.ch\/edition-2009\/wp-content\/uploads\/sites\/10\/titre-300x30.jpg 300w, https:\/\/www.pictobello.ch\/edition-2009\/wp-content\/uploads\/sites\/10\/titre-260x26.jpg 260w\" sizes=\"auto, (max-width: 418px) 100vw, 418px\" \/><\/a><\/p>\n<p>Pour la 6e ann\u00e9e cons\u00e9cutive, PictoBello transforme les quartiers de la ville<br \/>\nen une bande dessin\u00e9e au format d\u2019affiches publicitaires.<br \/>\nChaque ann\u00e9e les artistes s\u2019inspirent librement du th\u00e8me qui leur est propos\u00e9.<br \/>\n<em>2009: <strong>Des bruits dans la t\u00eate<\/strong> <\/em><\/p>\n<p><strong>Le 9 mai 2009<\/strong><br \/>\nJourn\u00e9e de cr\u00e9ation des dessins.<br \/>\nPublic bienvenu d\u00e8s 10h.<br \/>\nParcours libre, vernissage \u00e0 la Grenette d\u00e8s 18h00 en pr\u00e9sence des auteurs.<br \/>\nSites : Place de l\u2019H\u00f4tel-de-ville, Grande Place, Place de la Gare, Place Robin.<\/p>\n<p>En cas de pluie tous les dessins sont r\u00e9alis\u00e9s sous la Grenette (Place du March\u00e9).<\/p>\n<p>Dessins \u00e0 d\u00e9couvrir jusqu\u2019au 31 mai 2009.<\/p>\n<p><a href=\"http:\/\/www.pictobello.ch\/edition-2009\/wp-content\/uploads\/sites\/10\/plan_web.jpg\"><img loading=\"lazy\" decoding=\"async\" class=\"alignnone  wp-image-32\" alt=\"plan_web\" src=\"http:\/\/www.pictobello.ch\/edition-2009\/wp-content\/uploads\/sites\/10\/plan_web.jpg\" width=\"700\" height=\"522\" srcset=\"https:\/\/www.pictobello.ch\/edition-2009\/wp-content\/uploads\/sites\/10\/plan_web.jpg 1000w, https:\/\/www.pictobello.ch\/edition-2009\/wp-content\/uploads\/sites\/10\/plan_web-300x223.jpg 300w, https:\/\/www.pictobello.ch\/edition-2009\/wp-content\/uploads\/sites\/10\/plan_web-187x140.jpg 187w, https:\/\/www.pictobello.ch\/edition-2009\/wp-content\/uploads\/sites\/10\/plan_web-260x193.jpg 260w, https:\/\/www.pictobello.ch\/edition-2009\/wp-content\/uploads\/sites\/10\/plan_web-575x428.jpg 575w, https:\/\/www.pictobello.ch\/edition-2009\/wp-content\/uploads\/sites\/10\/plan_web-640x477.jpg 640w\" sizes=\"auto, (max-width: 700px) 100vw, 700px\" \/><\/a><\/p>\n","protected":false},"excerpt":{"rendered":"<p>Pour la 6e ann\u00e9e cons\u00e9cutive, PictoBello transforme les quartiers de la ville en une bande dessin\u00e9e au format d\u2019affiches publicitaires. Chaque ann\u00e9e les artistes s\u2019inspirent librement du th\u00e8me qui leur est propos\u00e9. 2009: Des bruits dans la t\u00eate Le 9 mai 2009 Journ\u00e9e de cr\u00e9ation des dessins. Public bienvenu d\u00e8s 10h. Parcours libre, vernissage \u00e0 [&hellip;]<\/p>\n","protected":false},"author":1,"featured_media":0,"parent":0,"menu_order":1,"comment_status":"open","ping_status":"closed","template":"","meta":{"_acf_changed":false,"_exactmetrics_skip_tracking":false,"_exactmetrics_sitenote_active":false,"_exactmetrics_sitenote_note":"","_exactmetrics_sitenote_category":0,"footnotes":""},"class_list":["post-5","page","type-page","status-publish","hentry"],"acf":[],"yoast_head":"<!-- This site is optimized with the Yoast SEO plugin v27.2 - https:\/\/yoast.com\/product\/yoast-seo-wordpress\/ -->\n<title>pratique - 2009<\/title>\n<meta name=\"robots\" content=\"index, follow, max-snippet:-1, max-image-preview:large, max-video-preview:-1\" \/>\n<link rel=\"canonical\" href=\"https:\/\/www.pictobello.ch\/edition-2009\/pratique\/\" \/>\n<meta name=\"twitter:label1\" content=\"Dur\u00e9e de lecture estim\u00e9e\" \/>\n\t<meta name=\"twitter:data1\" content=\"1 minute\" \/>\n<script type=\"application\/ld+json\" class=\"yoast-schema-graph\">{\"@context\":\"https:\/\/schema.org\",\"@graph\":[{\"@type\":\"WebPage\",\"@id\":\"https:\/\/www.pictobello.ch\/edition-2009\/pratique\/\",\"url\":\"https:\/\/www.pictobello.ch\/edition-2009\/pratique\/\",\"name\":\"pratique - 2009\",\"isPartOf\":{\"@id\":\"https:\/\/www.pictobello.ch\/edition-2009\/#website\"},\"primaryImageOfPage\":{\"@id\":\"https:\/\/www.pictobello.ch\/edition-2009\/pratique\/#primaryimage\"},\"image\":{\"@id\":\"https:\/\/www.pictobello.ch\/edition-2009\/pratique\/#primaryimage\"},\"thumbnailUrl\":\"http:\/\/www.pictobello.ch\/edition-2009\/wp-content\/uploads\/sites\/10\/titre.jpg\",\"datePublished\":\"2013-02-25T16:46:31+00:00\",\"dateModified\":\"2013-04-25T15:17:49+00:00\",\"breadcrumb\":{\"@id\":\"https:\/\/www.pictobello.ch\/edition-2009\/pratique\/#breadcrumb\"},\"inLanguage\":\"fr-FR\",\"potentialAction\":[{\"@type\":\"ReadAction\",\"target\":[\"https:\/\/www.pictobello.ch\/edition-2009\/pratique\/\"]}]},{\"@type\":\"ImageObject\",\"inLanguage\":\"fr-FR\",\"@id\":\"https:\/\/www.pictobello.ch\/edition-2009\/pratique\/#primaryimage\",\"url\":\"http:\/\/www.pictobello.ch\/edition-2009\/wp-content\/uploads\/sites\/10\/titre.jpg\",\"contentUrl\":\"http:\/\/www.pictobello.ch\/edition-2009\/wp-content\/uploads\/sites\/10\/titre.jpg\"},{\"@type\":\"BreadcrumbList\",\"@id\":\"https:\/\/www.pictobello.ch\/edition-2009\/pratique\/#breadcrumb\",\"itemListElement\":[{\"@type\":\"ListItem\",\"position\":1,\"name\":\"Accueil\",\"item\":\"https:\/\/www.pictobello.ch\/edition-2009\/\"},{\"@type\":\"ListItem\",\"position\":2,\"name\":\"pratique\"}]},{\"@type\":\"WebSite\",\"@id\":\"https:\/\/www.pictobello.ch\/edition-2009\/#website\",\"url\":\"https:\/\/www.pictobello.ch\/edition-2009\/\",\"name\":\"2009\",\"description\":\"Un site utilisant R\u00e9seau PictoBello\",\"potentialAction\":[{\"@type\":\"SearchAction\",\"target\":{\"@type\":\"EntryPoint\",\"urlTemplate\":\"https:\/\/www.pictobello.ch\/edition-2009\/?s={search_term_string}\"},\"query-input\":{\"@type\":\"PropertyValueSpecification\",\"valueRequired\":true,\"valueName\":\"search_term_string\"}}],\"inLanguage\":\"fr-FR\"}]}<\/script>\n<!-- \/ Yoast SEO plugin. -->","yoast_head_json":{"title":"pratique - 2009","robots":{"index":"index","follow":"follow","max-snippet":"max-snippet:-1","max-image-preview":"max-image-preview:large","max-video-preview":"max-video-preview:-1"},"canonical":"https:\/\/www.pictobello.ch\/edition-2009\/pratique\/","twitter_misc":{"Dur\u00e9e de lecture estim\u00e9e":"1 minute"},"schema":{"@context":"https:\/\/schema.org","@graph":[{"@type":"WebPage","@id":"https:\/\/www.pictobello.ch\/edition-2009\/pratique\/","url":"https:\/\/www.pictobello.ch\/edition-2009\/pratique\/","name":"pratique - 2009","isPartOf":{"@id":"https:\/\/www.pictobello.ch\/edition-2009\/#website"},"primaryImageOfPage":{"@id":"https:\/\/www.pictobello.ch\/edition-2009\/pratique\/#primaryimage"},"image":{"@id":"https:\/\/www.pictobello.ch\/edition-2009\/pratique\/#primaryimage"},"thumbnailUrl":"http:\/\/www.pictobello.ch\/edition-2009\/wp-content\/uploads\/sites\/10\/titre.jpg","datePublished":"2013-02-25T16:46:31+00:00","dateModified":"2013-04-25T15:17:49+00:00","breadcrumb":{"@id":"https:\/\/www.pictobello.ch\/edition-2009\/pratique\/#breadcrumb"},"inLanguage":"fr-FR","potentialAction":[{"@type":"ReadAction","target":["https:\/\/www.pictobello.ch\/edition-2009\/pratique\/"]}]},{"@type":"ImageObject","inLanguage":"fr-FR","@id":"https:\/\/www.pictobello.ch\/edition-2009\/pratique\/#primaryimage","url":"http:\/\/www.pictobello.ch\/edition-2009\/wp-content\/uploads\/sites\/10\/titre.jpg","contentUrl":"http:\/\/www.pictobello.ch\/edition-2009\/wp-content\/uploads\/sites\/10\/titre.jpg"},{"@type":"BreadcrumbList","@id":"https:\/\/www.pictobello.ch\/edition-2009\/pratique\/#breadcrumb","itemListElement":[{"@type":"ListItem","position":1,"name":"Accueil","item":"https:\/\/www.pictobello.ch\/edition-2009\/"},{"@type":"ListItem","position":2,"name":"pratique"}]},{"@type":"WebSite","@id":"https:\/\/www.pictobello.ch\/edition-2009\/#website","url":"https:\/\/www.pictobello.ch\/edition-2009\/","name":"2009","description":"Un site utilisant R\u00e9seau PictoBello","potentialAction":[{"@type":"SearchAction","target":{"@type":"EntryPoint","urlTemplate":"https:\/\/www.pictobello.ch\/edition-2009\/?s={search_term_string}"},"query-input":{"@type":"PropertyValueSpecification","valueRequired":true,"valueName":"search_term_string"}}],"inLanguage":"fr-FR"}]}},"_links":{"self":[{"href":"https:\/\/www.pictobello.ch\/edition-2009\/wp-json\/wp\/v2\/pages\/5","targetHints":{"allow":["GET"]}}],"collection":[{"href":"https:\/\/www.pictobello.ch\/edition-2009\/wp-json\/wp\/v2\/pages"}],"about":[{"href":"https:\/\/www.pictobello.ch\/edition-2009\/wp-json\/wp\/v2\/types\/page"}],"author":[{"embeddable":true,"href":"https:\/\/www.pictobello.ch\/edition-2009\/wp-json\/wp\/v2\/users\/1"}],"replies":[{"embeddable":true,"href":"https:\/\/www.pictobello.ch\/edition-2009\/wp-json\/wp\/v2\/comments?post=5"}],"version-history":[{"count":5,"href":"https:\/\/www.pictobello.ch\/edition-2009\/wp-json\/wp\/v2\/pages\/5\/revisions"}],"predecessor-version":[{"id":177,"href":"https:\/\/www.pictobello.ch\/edition-2009\/wp-json\/wp\/v2\/pages\/5\/revisions\/177"}],"wp:attachment":[{"href":"https:\/\/www.pictobello.ch\/edition-2009\/wp-json\/wp\/v2\/media?parent=5"}],"curies":[{"name":"wp","href":"https:\/\/api.w.org\/{rel}","templated":true}]}}