{"id":77,"date":"2013-02-26T16:45:22","date_gmt":"2013-02-26T15:45:22","guid":{"rendered":"http:\/\/www.pictobello.ch\/edition-2009\/?page_id=77"},"modified":"2013-02-26T16:46:09","modified_gmt":"2013-02-26T15:46:09","slug":"synopsis","status":"publish","type":"page","link":"https:\/\/www.pictobello.ch\/edition-2009\/synopsis\/","title":{"rendered":"synopsis"},"content":{"rendered":"<p><strong><em>\u201cC\u2019est pas tous les jours dimanche\u2026\u201d<\/em><\/strong><\/p>\n<p>Max Steiner, psychanalyste en vogue dans la ville de Bluepoint a disparu. Tracy Bench, d\u00e9tective priv\u00e9, re\u00e7oit la visite d\u2019une patiente de ce m\u00eame docteur : Loreta Malden, splendide veuve et richissime h\u00e9riti\u00e8re du holding Malden &amp; Giggs, se plaint d\u2019entendre des bruits et des voix dans sa t\u00eate depuis qu\u2019elle ne voit plus son psy. Elle charge Tracy Bench de le retrouver. Celui-ci, au fil de son enqu\u00eate, d\u00e9couvre que Max Steiner n\u2019a pour clientes que des femmes veuves, riches et belles. Apr\u00e8s en avoir interrog\u00e9 un certain nombre, il constate que toutes, \u00e9galement, entendent des bruits et des voix depuis la disparition du docteur\u2026<\/p>\n<p><a href=\"http:\/\/www.pictobello.ch\/edition-2009\/dessinateur\/joseph-incardona\/\">Joseph Incardona<\/a><\/p>\n","protected":false},"excerpt":{"rendered":"<p>\u201cC\u2019est pas tous les jours dimanche\u2026\u201d Max Steiner, psychanalyste en vogue dans la ville de Bluepoint a disparu. Tracy Bench, d\u00e9tective priv\u00e9, re\u00e7oit la visite d\u2019une patiente de ce m\u00eame docteur : Loreta Malden, splendide veuve et richissime h\u00e9riti\u00e8re du holding Malden &amp; Giggs, se plaint d\u2019entendre des bruits et des voix dans sa t\u00eate [&hellip;]<\/p>\n","protected":false},"author":3,"featured_media":0,"parent":0,"menu_order":0,"comment_status":"open","ping_status":"open","template":"","meta":{"_acf_changed":false,"_exactmetrics_skip_tracking":false,"_exactmetrics_sitenote_active":false,"_exactmetrics_sitenote_note":"","_exactmetrics_sitenote_category":0,"footnotes":""},"class_list":["post-77","page","type-page","status-publish","hentry"],"acf":[],"yoast_head":"<!-- This site is optimized with the Yoast SEO plugin v27.5 - https:\/\/yoast.com\/product\/yoast-seo-wordpress\/ -->\n<title>synopsis - 2009<\/title>\n<meta name=\"robots\" content=\"index, follow, max-snippet:-1, max-image-preview:large, max-video-preview:-1\" \/>\n<link rel=\"canonical\" href=\"https:\/\/www.pictobello.ch\/edition-2009\/synopsis\/\" \/>\n<meta name=\"twitter:label1\" content=\"Dur\u00e9e de lecture estim\u00e9e\" \/>\n\t<meta name=\"twitter:data1\" content=\"1 minute\" \/>\n<script type=\"application\/ld+json\" class=\"yoast-schema-graph\">{\"@context\":\"https:\\\/\\\/schema.org\",\"@graph\":[{\"@type\":\"WebPage\",\"@id\":\"https:\\\/\\\/www.pictobello.ch\\\/edition-2009\\\/synopsis\\\/\",\"url\":\"https:\\\/\\\/www.pictobello.ch\\\/edition-2009\\\/synopsis\\\/\",\"name\":\"synopsis - 2009\",\"isPartOf\":{\"@id\":\"https:\\\/\\\/www.pictobello.ch\\\/edition-2009\\\/#website\"},\"datePublished\":\"2013-02-26T15:45:22+00:00\",\"dateModified\":\"2013-02-26T15:46:09+00:00\",\"breadcrumb\":{\"@id\":\"https:\\\/\\\/www.pictobello.ch\\\/edition-2009\\\/synopsis\\\/#breadcrumb\"},\"inLanguage\":\"fr-FR\",\"potentialAction\":[{\"@type\":\"ReadAction\",\"target\":[\"https:\\\/\\\/www.pictobello.ch\\\/edition-2009\\\/synopsis\\\/\"]}]},{\"@type\":\"BreadcrumbList\",\"@id\":\"https:\\\/\\\/www.pictobello.ch\\\/edition-2009\\\/synopsis\\\/#breadcrumb\",\"itemListElement\":[{\"@type\":\"ListItem\",\"position\":1,\"name\":\"Accueil\",\"item\":\"https:\\\/\\\/www.pictobello.ch\\\/edition-2009\\\/\"},{\"@type\":\"ListItem\",\"position\":2,\"name\":\"synopsis\"}]},{\"@type\":\"WebSite\",\"@id\":\"https:\\\/\\\/www.pictobello.ch\\\/edition-2009\\\/#website\",\"url\":\"https:\\\/\\\/www.pictobello.ch\\\/edition-2009\\\/\",\"name\":\"2009\",\"description\":\"Un site utilisant R\u00e9seau PictoBello\",\"potentialAction\":[{\"@type\":\"SearchAction\",\"target\":{\"@type\":\"EntryPoint\",\"urlTemplate\":\"https:\\\/\\\/www.pictobello.ch\\\/edition-2009\\\/?s={search_term_string}\"},\"query-input\":{\"@type\":\"PropertyValueSpecification\",\"valueRequired\":true,\"valueName\":\"search_term_string\"}}],\"inLanguage\":\"fr-FR\"}]}<\/script>\n<!-- \/ Yoast SEO plugin. -->","yoast_head_json":{"title":"synopsis - 2009","robots":{"index":"index","follow":"follow","max-snippet":"max-snippet:-1","max-image-preview":"max-image-preview:large","max-video-preview":"max-video-preview:-1"},"canonical":"https:\/\/www.pictobello.ch\/edition-2009\/synopsis\/","twitter_misc":{"Dur\u00e9e de lecture estim\u00e9e":"1 minute"},"schema":{"@context":"https:\/\/schema.org","@graph":[{"@type":"WebPage","@id":"https:\/\/www.pictobello.ch\/edition-2009\/synopsis\/","url":"https:\/\/www.pictobello.ch\/edition-2009\/synopsis\/","name":"synopsis - 2009","isPartOf":{"@id":"https:\/\/www.pictobello.ch\/edition-2009\/#website"},"datePublished":"2013-02-26T15:45:22+00:00","dateModified":"2013-02-26T15:46:09+00:00","breadcrumb":{"@id":"https:\/\/www.pictobello.ch\/edition-2009\/synopsis\/#breadcrumb"},"inLanguage":"fr-FR","potentialAction":[{"@type":"ReadAction","target":["https:\/\/www.pictobello.ch\/edition-2009\/synopsis\/"]}]},{"@type":"BreadcrumbList","@id":"https:\/\/www.pictobello.ch\/edition-2009\/synopsis\/#breadcrumb","itemListElement":[{"@type":"ListItem","position":1,"name":"Accueil","item":"https:\/\/www.pictobello.ch\/edition-2009\/"},{"@type":"ListItem","position":2,"name":"synopsis"}]},{"@type":"WebSite","@id":"https:\/\/www.pictobello.ch\/edition-2009\/#website","url":"https:\/\/www.pictobello.ch\/edition-2009\/","name":"2009","description":"Un site utilisant R\u00e9seau PictoBello","potentialAction":[{"@type":"SearchAction","target":{"@type":"EntryPoint","urlTemplate":"https:\/\/www.pictobello.ch\/edition-2009\/?s={search_term_string}"},"query-input":{"@type":"PropertyValueSpecification","valueRequired":true,"valueName":"search_term_string"}}],"inLanguage":"fr-FR"}]}},"_links":{"self":[{"href":"https:\/\/www.pictobello.ch\/edition-2009\/wp-json\/wp\/v2\/pages\/77","targetHints":{"allow":["GET"]}}],"collection":[{"href":"https:\/\/www.pictobello.ch\/edition-2009\/wp-json\/wp\/v2\/pages"}],"about":[{"href":"https:\/\/www.pictobello.ch\/edition-2009\/wp-json\/wp\/v2\/types\/page"}],"author":[{"embeddable":true,"href":"https:\/\/www.pictobello.ch\/edition-2009\/wp-json\/wp\/v2\/users\/3"}],"replies":[{"embeddable":true,"href":"https:\/\/www.pictobello.ch\/edition-2009\/wp-json\/wp\/v2\/comments?post=77"}],"version-history":[{"count":3,"href":"https:\/\/www.pictobello.ch\/edition-2009\/wp-json\/wp\/v2\/pages\/77\/revisions"}],"predecessor-version":[{"id":80,"href":"https:\/\/www.pictobello.ch\/edition-2009\/wp-json\/wp\/v2\/pages\/77\/revisions\/80"}],"wp:attachment":[{"href":"https:\/\/www.pictobello.ch\/edition-2009\/wp-json\/wp\/v2\/media?parent=77"}],"curies":[{"name":"wp","href":"https:\/\/api.w.org\/{rel}","templated":true}]}}