{"id":9,"date":"2013-02-25T17:46:31","date_gmt":"2013-02-25T16:46:31","guid":{"rendered":"http:\/\/www.pictobello.ch\/edition-2009\/graphisme\/"},"modified":"2013-02-26T17:19:45","modified_gmt":"2013-02-26T16:19:45","slug":"graphisme","status":"publish","type":"page","link":"https:\/\/www.pictobello.ch\/edition-2009\/graphisme\/","title":{"rendered":"graphisme"},"content":{"rendered":"<p>Le graphisme de l\u2019\u00e9dition 2009 a \u00e9t\u00e9 r\u00e9alis\u00e9 par Karen Ichters (Lausanne\/ suisse).<br \/>\n<a href=\"http:\/\/www.urka.ch\" target=\"_blank\">Site de la graphiste<\/a><\/p>\n","protected":false},"excerpt":{"rendered":"<p>Le graphisme de l\u2019\u00e9dition 2009 a \u00e9t\u00e9 r\u00e9alis\u00e9 par Karen Ichters (Lausanne\/ suisse). Site de la graphiste<\/p>\n","protected":false},"author":1,"featured_media":0,"parent":0,"menu_order":5,"comment_status":"open","ping_status":"closed","template":"","meta":{"_acf_changed":false,"_exactmetrics_skip_tracking":false,"_exactmetrics_sitenote_active":false,"_exactmetrics_sitenote_note":"","_exactmetrics_sitenote_category":0,"footnotes":""},"class_list":["post-9","page","type-page","status-publish","hentry"],"acf":[],"yoast_head":"<!-- This site is optimized with the Yoast SEO plugin v27.2 - https:\/\/yoast.com\/product\/yoast-seo-wordpress\/ -->\n<title>graphisme - 2009<\/title>\n<meta name=\"robots\" content=\"index, follow, max-snippet:-1, max-image-preview:large, max-video-preview:-1\" \/>\n<link rel=\"canonical\" href=\"https:\/\/www.pictobello.ch\/edition-2009\/graphisme\/\" \/>\n<script type=\"application\/ld+json\" class=\"yoast-schema-graph\">{\"@context\":\"https:\/\/schema.org\",\"@graph\":[{\"@type\":\"WebPage\",\"@id\":\"https:\/\/www.pictobello.ch\/edition-2009\/graphisme\/\",\"url\":\"https:\/\/www.pictobello.ch\/edition-2009\/graphisme\/\",\"name\":\"graphisme - 2009\",\"isPartOf\":{\"@id\":\"https:\/\/www.pictobello.ch\/edition-2009\/#website\"},\"datePublished\":\"2013-02-25T16:46:31+00:00\",\"dateModified\":\"2013-02-26T16:19:45+00:00\",\"breadcrumb\":{\"@id\":\"https:\/\/www.pictobello.ch\/edition-2009\/graphisme\/#breadcrumb\"},\"inLanguage\":\"fr-FR\",\"potentialAction\":[{\"@type\":\"ReadAction\",\"target\":[\"https:\/\/www.pictobello.ch\/edition-2009\/graphisme\/\"]}]},{\"@type\":\"BreadcrumbList\",\"@id\":\"https:\/\/www.pictobello.ch\/edition-2009\/graphisme\/#breadcrumb\",\"itemListElement\":[{\"@type\":\"ListItem\",\"position\":1,\"name\":\"Accueil\",\"item\":\"https:\/\/www.pictobello.ch\/edition-2009\/\"},{\"@type\":\"ListItem\",\"position\":2,\"name\":\"graphisme\"}]},{\"@type\":\"WebSite\",\"@id\":\"https:\/\/www.pictobello.ch\/edition-2009\/#website\",\"url\":\"https:\/\/www.pictobello.ch\/edition-2009\/\",\"name\":\"2009\",\"description\":\"Un site utilisant R\u00e9seau PictoBello\",\"potentialAction\":[{\"@type\":\"SearchAction\",\"target\":{\"@type\":\"EntryPoint\",\"urlTemplate\":\"https:\/\/www.pictobello.ch\/edition-2009\/?s={search_term_string}\"},\"query-input\":{\"@type\":\"PropertyValueSpecification\",\"valueRequired\":true,\"valueName\":\"search_term_string\"}}],\"inLanguage\":\"fr-FR\"}]}<\/script>\n<!-- \/ Yoast SEO plugin. -->","yoast_head_json":{"title":"graphisme - 2009","robots":{"index":"index","follow":"follow","max-snippet":"max-snippet:-1","max-image-preview":"max-image-preview:large","max-video-preview":"max-video-preview:-1"},"canonical":"https:\/\/www.pictobello.ch\/edition-2009\/graphisme\/","schema":{"@context":"https:\/\/schema.org","@graph":[{"@type":"WebPage","@id":"https:\/\/www.pictobello.ch\/edition-2009\/graphisme\/","url":"https:\/\/www.pictobello.ch\/edition-2009\/graphisme\/","name":"graphisme - 2009","isPartOf":{"@id":"https:\/\/www.pictobello.ch\/edition-2009\/#website"},"datePublished":"2013-02-25T16:46:31+00:00","dateModified":"2013-02-26T16:19:45+00:00","breadcrumb":{"@id":"https:\/\/www.pictobello.ch\/edition-2009\/graphisme\/#breadcrumb"},"inLanguage":"fr-FR","potentialAction":[{"@type":"ReadAction","target":["https:\/\/www.pictobello.ch\/edition-2009\/graphisme\/"]}]},{"@type":"BreadcrumbList","@id":"https:\/\/www.pictobello.ch\/edition-2009\/graphisme\/#breadcrumb","itemListElement":[{"@type":"ListItem","position":1,"name":"Accueil","item":"https:\/\/www.pictobello.ch\/edition-2009\/"},{"@type":"ListItem","position":2,"name":"graphisme"}]},{"@type":"WebSite","@id":"https:\/\/www.pictobello.ch\/edition-2009\/#website","url":"https:\/\/www.pictobello.ch\/edition-2009\/","name":"2009","description":"Un site utilisant R\u00e9seau PictoBello","potentialAction":[{"@type":"SearchAction","target":{"@type":"EntryPoint","urlTemplate":"https:\/\/www.pictobello.ch\/edition-2009\/?s={search_term_string}"},"query-input":{"@type":"PropertyValueSpecification","valueRequired":true,"valueName":"search_term_string"}}],"inLanguage":"fr-FR"}]}},"_links":{"self":[{"href":"https:\/\/www.pictobello.ch\/edition-2009\/wp-json\/wp\/v2\/pages\/9","targetHints":{"allow":["GET"]}}],"collection":[{"href":"https:\/\/www.pictobello.ch\/edition-2009\/wp-json\/wp\/v2\/pages"}],"about":[{"href":"https:\/\/www.pictobello.ch\/edition-2009\/wp-json\/wp\/v2\/types\/page"}],"author":[{"embeddable":true,"href":"https:\/\/www.pictobello.ch\/edition-2009\/wp-json\/wp\/v2\/users\/1"}],"replies":[{"embeddable":true,"href":"https:\/\/www.pictobello.ch\/edition-2009\/wp-json\/wp\/v2\/comments?post=9"}],"version-history":[{"count":3,"href":"https:\/\/www.pictobello.ch\/edition-2009\/wp-json\/wp\/v2\/pages\/9\/revisions"}],"predecessor-version":[{"id":149,"href":"https:\/\/www.pictobello.ch\/edition-2009\/wp-json\/wp\/v2\/pages\/9\/revisions\/149"}],"wp:attachment":[{"href":"https:\/\/www.pictobello.ch\/edition-2009\/wp-json\/wp\/v2\/media?parent=9"}],"curies":[{"name":"wp","href":"https:\/\/api.w.org\/{rel}","templated":true}]}}