{"id":2,"date":"2013-02-25T16:32:05","date_gmt":"2013-02-25T15:32:05","guid":{"rendered":"http:\/\/www.pictobello.ch\/edition-2010\/?page_id=2"},"modified":"2013-02-26T14:00:02","modified_gmt":"2013-02-26T13:00:02","slug":"page-d-exemple","status":"publish","type":"page","link":"https:\/\/www.pictobello.ch\/edition-2010\/page-d-exemple\/","title":{"rendered":"sc\u00e9nario"},"content":{"rendered":"<p><strong>2010, une br\u00e8ve odyss\u00e9e de l&rsquo;espace<\/strong><\/p>\n<p>A force de repr\u00e9senter les \u00ab extraterrestres \u00bb en humano\u00efdes hydroc\u00e9phales ou en cyclopes tentaculaires, les Terriens ont fini par froisser certaines minorit\u00e9s galactiques.<\/p>\n<p>Or, il n\u2019est plus \u00e0 d\u00e9montrer que les habitants des autres mondes habit\u00e9s \u2013 qu\u2019ils viennent d\u2019Orion, d\u2019Androm\u00e8de ou de Cassiop\u00e9e \u2013 sont tous d\u2019une grande beaut\u00e9.<\/p>\n<p>Sur la base de nombreuses pi\u00e8ces \u00e0 conviction et de documents divers, le Tribunal Interstellaire a jug\u00e9 que les repr\u00e9sentations terriennes \u00e9taient \u00ab \u00e9minemment d\u00e9gradantes, injurieuses et offensantes \u00bb.<\/p>\n<p>Aussi a-t-il condamn\u00e9 la Terre \u2013 de m\u00eame que d\u2019autres plan\u00e8tes en voie de d\u00e9veloppement \u2013 \u00e0 participer \u00e0 un vaste programme d\u2019\u00e9ducation qui, en plus des cours th\u00e9oriques, propose une excursion intergalactique \u00e0 la d\u00e9couverte des mondes habit\u00e9s.<\/p>\n<p>La Ville de Vevey a \u00e9t\u00e9 d\u00e9sign\u00e9e comme ambassadrice terrienne en raison de son statut de \u00ab Ville d\u2019Images \u00bb. Le Pr\u00e9sident du Tribunal Interstellaire pense qu\u2019elle est toute indiqu\u00e9e pour transmettre \u00e0 l\u2019ensemble de la plan\u00e8te les merveilles et les beaut\u00e9s de l&rsquo;univers.<\/p>\n<p>Le 5 juin 2010, \u00e0 6h du matin, sept \u00e9missaires veveysans sont t\u00e9l\u00e9port\u00e9s dans le luxueux S-234 pour une br\u00e8ve odyss\u00e9e de l\u2019espace.<\/p>\n<p>&nbsp;<\/p>\n<p>Patrick Moser<\/p>\n<p>&nbsp;<\/p>\n","protected":false},"excerpt":{"rendered":"<p>2010, une br\u00e8ve odyss\u00e9e de l&rsquo;espace A force de repr\u00e9senter les \u00ab extraterrestres \u00bb en humano\u00efdes hydroc\u00e9phales ou en cyclopes tentaculaires, les Terriens ont fini par froisser certaines minorit\u00e9s galactiques. Or, il n\u2019est plus \u00e0 d\u00e9montrer que les habitants des autres mondes habit\u00e9s \u2013 qu\u2019ils viennent d\u2019Orion, d\u2019Androm\u00e8de ou de Cassiop\u00e9e \u2013 sont tous d\u2019une [&hellip;]<\/p>\n","protected":false},"author":3,"featured_media":0,"parent":0,"menu_order":0,"comment_status":"open","ping_status":"closed","template":"","meta":{"_acf_changed":false,"_exactmetrics_skip_tracking":false,"_exactmetrics_sitenote_active":false,"_exactmetrics_sitenote_note":"","_exactmetrics_sitenote_category":0,"footnotes":""},"class_list":["post-2","page","type-page","status-publish","hentry"],"acf":[],"yoast_head":"<!-- This site is optimized with the Yoast SEO plugin v27.2 - https:\/\/yoast.com\/product\/yoast-seo-wordpress\/ -->\n<title>sc\u00e9nario - 2010<\/title>\n<meta name=\"robots\" content=\"index, follow, max-snippet:-1, max-image-preview:large, max-video-preview:-1\" \/>\n<link rel=\"canonical\" href=\"https:\/\/www.pictobello.ch\/edition-2010\/page-d-exemple\/\" \/>\n<meta name=\"twitter:label1\" content=\"Dur\u00e9e de lecture estim\u00e9e\" \/>\n\t<meta name=\"twitter:data1\" content=\"1 minute\" \/>\n<script type=\"application\/ld+json\" class=\"yoast-schema-graph\">{\"@context\":\"https:\/\/schema.org\",\"@graph\":[{\"@type\":\"WebPage\",\"@id\":\"https:\/\/www.pictobello.ch\/edition-2010\/page-d-exemple\/\",\"url\":\"https:\/\/www.pictobello.ch\/edition-2010\/page-d-exemple\/\",\"name\":\"sc\u00e9nario - 2010\",\"isPartOf\":{\"@id\":\"https:\/\/www.pictobello.ch\/edition-2010\/#website\"},\"datePublished\":\"2013-02-25T15:32:05+00:00\",\"dateModified\":\"2013-02-26T13:00:02+00:00\",\"breadcrumb\":{\"@id\":\"https:\/\/www.pictobello.ch\/edition-2010\/page-d-exemple\/#breadcrumb\"},\"inLanguage\":\"fr-FR\",\"potentialAction\":[{\"@type\":\"ReadAction\",\"target\":[\"https:\/\/www.pictobello.ch\/edition-2010\/page-d-exemple\/\"]}]},{\"@type\":\"BreadcrumbList\",\"@id\":\"https:\/\/www.pictobello.ch\/edition-2010\/page-d-exemple\/#breadcrumb\",\"itemListElement\":[{\"@type\":\"ListItem\",\"position\":1,\"name\":\"Accueil\",\"item\":\"https:\/\/www.pictobello.ch\/edition-2010\/\"},{\"@type\":\"ListItem\",\"position\":2,\"name\":\"sc\u00e9nario\"}]},{\"@type\":\"WebSite\",\"@id\":\"https:\/\/www.pictobello.ch\/edition-2010\/#website\",\"url\":\"https:\/\/www.pictobello.ch\/edition-2010\/\",\"name\":\"2010\",\"description\":\"Un site utilisant R\u00e9seau PictoBello\",\"potentialAction\":[{\"@type\":\"SearchAction\",\"target\":{\"@type\":\"EntryPoint\",\"urlTemplate\":\"https:\/\/www.pictobello.ch\/edition-2010\/?s={search_term_string}\"},\"query-input\":{\"@type\":\"PropertyValueSpecification\",\"valueRequired\":true,\"valueName\":\"search_term_string\"}}],\"inLanguage\":\"fr-FR\"}]}<\/script>\n<!-- \/ Yoast SEO plugin. -->","yoast_head_json":{"title":"sc\u00e9nario - 2010","robots":{"index":"index","follow":"follow","max-snippet":"max-snippet:-1","max-image-preview":"max-image-preview:large","max-video-preview":"max-video-preview:-1"},"canonical":"https:\/\/www.pictobello.ch\/edition-2010\/page-d-exemple\/","twitter_misc":{"Dur\u00e9e de lecture estim\u00e9e":"1 minute"},"schema":{"@context":"https:\/\/schema.org","@graph":[{"@type":"WebPage","@id":"https:\/\/www.pictobello.ch\/edition-2010\/page-d-exemple\/","url":"https:\/\/www.pictobello.ch\/edition-2010\/page-d-exemple\/","name":"sc\u00e9nario - 2010","isPartOf":{"@id":"https:\/\/www.pictobello.ch\/edition-2010\/#website"},"datePublished":"2013-02-25T15:32:05+00:00","dateModified":"2013-02-26T13:00:02+00:00","breadcrumb":{"@id":"https:\/\/www.pictobello.ch\/edition-2010\/page-d-exemple\/#breadcrumb"},"inLanguage":"fr-FR","potentialAction":[{"@type":"ReadAction","target":["https:\/\/www.pictobello.ch\/edition-2010\/page-d-exemple\/"]}]},{"@type":"BreadcrumbList","@id":"https:\/\/www.pictobello.ch\/edition-2010\/page-d-exemple\/#breadcrumb","itemListElement":[{"@type":"ListItem","position":1,"name":"Accueil","item":"https:\/\/www.pictobello.ch\/edition-2010\/"},{"@type":"ListItem","position":2,"name":"sc\u00e9nario"}]},{"@type":"WebSite","@id":"https:\/\/www.pictobello.ch\/edition-2010\/#website","url":"https:\/\/www.pictobello.ch\/edition-2010\/","name":"2010","description":"Un site utilisant R\u00e9seau PictoBello","potentialAction":[{"@type":"SearchAction","target":{"@type":"EntryPoint","urlTemplate":"https:\/\/www.pictobello.ch\/edition-2010\/?s={search_term_string}"},"query-input":{"@type":"PropertyValueSpecification","valueRequired":true,"valueName":"search_term_string"}}],"inLanguage":"fr-FR"}]}},"_links":{"self":[{"href":"https:\/\/www.pictobello.ch\/edition-2010\/wp-json\/wp\/v2\/pages\/2","targetHints":{"allow":["GET"]}}],"collection":[{"href":"https:\/\/www.pictobello.ch\/edition-2010\/wp-json\/wp\/v2\/pages"}],"about":[{"href":"https:\/\/www.pictobello.ch\/edition-2010\/wp-json\/wp\/v2\/types\/page"}],"author":[{"embeddable":true,"href":"https:\/\/www.pictobello.ch\/edition-2010\/wp-json\/wp\/v2\/users\/3"}],"replies":[{"embeddable":true,"href":"https:\/\/www.pictobello.ch\/edition-2010\/wp-json\/wp\/v2\/comments?post=2"}],"version-history":[{"count":4,"href":"https:\/\/www.pictobello.ch\/edition-2010\/wp-json\/wp\/v2\/pages\/2\/revisions"}],"predecessor-version":[{"id":24,"href":"https:\/\/www.pictobello.ch\/edition-2010\/wp-json\/wp\/v2\/pages\/2\/revisions\/24"}],"wp:attachment":[{"href":"https:\/\/www.pictobello.ch\/edition-2010\/wp-json\/wp\/v2\/media?parent=2"}],"curies":[{"name":"wp","href":"https:\/\/api.w.org\/{rel}","templated":true}]}}