{"id":5,"date":"2013-02-25T17:38:50","date_gmt":"2013-02-25T16:38:50","guid":{"rendered":"http:\/\/www.pictobello.ch\/edition-2010\/pratique\/"},"modified":"2013-04-25T16:17:30","modified_gmt":"2013-04-25T15:17:30","slug":"pratique","status":"publish","type":"page","link":"https:\/\/www.pictobello.ch\/edition-2010\/pratique\/","title":{"rendered":"pratique"},"content":{"rendered":"<p><strong>\u00a0<a href=\"http:\/\/www.pictobello.ch\/edition-2010\/wp-content\/uploads\/sites\/9\/titre.jpg\"><img loading=\"lazy\" decoding=\"async\" class=\"alignnone size-full wp-image-33\" alt=\"titre\" src=\"http:\/\/www.pictobello.ch\/edition-2010\/wp-content\/uploads\/sites\/9\/titre.jpg\" width=\"418\" height=\"42\" srcset=\"https:\/\/www.pictobello.ch\/edition-2010\/wp-content\/uploads\/sites\/9\/titre.jpg 418w, https:\/\/www.pictobello.ch\/edition-2010\/wp-content\/uploads\/sites\/9\/titre-300x30.jpg 300w, https:\/\/www.pictobello.ch\/edition-2010\/wp-content\/uploads\/sites\/9\/titre-260x26.jpg 260w\" sizes=\"auto, (max-width: 418px) 100vw, 418px\" \/><\/a><\/strong><\/p>\n<p>Pour la 7e ann\u00e9e cons\u00e9cutive, PictoBello transforme les quartiers de la ville<br \/>\nen une bande dessin\u00e9e au format d\u2019affiches publicitaires.<\/p>\n<p>Chaque ann\u00e9e les artistes s\u2019inspirent librement du th\u00e8me qui leur est propos\u00e9.<\/p>\n<p><strong>2010: Science-fiction<br \/>\n<\/strong>L\u2019auteur Patrick Moser a imagin\u00e9 un sc\u00e9nario intitul\u00e9 \u00ab 2010, une br\u00e8ve odyss\u00e9e de l\u2019espace \u00bb<br \/>\nqui inspirera les artistes lors de la journ\u00e9e de cr\u00e9ation des dessins.<\/p>\n<p><strong>Le 5 juin 2010<\/strong><\/p>\n<p>Journ\u00e9e de cr\u00e9ation des dessins.<br \/>\nPublic bienvenu d\u00e8s 10h.<br \/>\nParcours libre, vernissage \u00e0 la Grenette d\u00e8s 18h00 en pr\u00e9sence des auteurs.<\/p>\n<p>Sites : Place de l\u2019H\u00f4tel-de-ville, Grande Place, Place de la Gare, Place Robin.<br \/>\nEn cas de pluie tous les dessins sont r\u00e9alis\u00e9s sous la Grenette (Place du March\u00e9).<\/p>\n<p>Dessins \u00e0 d\u00e9couvrir jusqu\u2019au 27 juin 2010.<\/p>\n<p><a href=\"http:\/\/www.pictobello.ch\/edition-2010\/wp-content\/uploads\/sites\/9\/plan_web_picto2010.jpg\"><img loading=\"lazy\" decoding=\"async\" alt=\"plan_web_picto2010\" src=\"http:\/\/www.pictobello.ch\/edition-2010\/wp-content\/uploads\/sites\/9\/plan_web_picto2010.jpg\" width=\"294\" height=\"219\" \/><\/a><\/p>\n","protected":false},"excerpt":{"rendered":"<p>\u00a0 Pour la 7e ann\u00e9e cons\u00e9cutive, PictoBello transforme les quartiers de la ville en une bande dessin\u00e9e au format d\u2019affiches publicitaires. Chaque ann\u00e9e les artistes s\u2019inspirent librement du th\u00e8me qui leur est propos\u00e9. 2010: Science-fiction L\u2019auteur Patrick Moser a imagin\u00e9 un sc\u00e9nario intitul\u00e9 \u00ab 2010, une br\u00e8ve odyss\u00e9e de l\u2019espace \u00bb qui inspirera les artistes [&hellip;]<\/p>\n","protected":false},"author":1,"featured_media":0,"parent":0,"menu_order":1,"comment_status":"open","ping_status":"closed","template":"","meta":{"_acf_changed":false,"_exactmetrics_skip_tracking":false,"_exactmetrics_sitenote_active":false,"_exactmetrics_sitenote_note":"","_exactmetrics_sitenote_category":0,"footnotes":""},"class_list":["post-5","page","type-page","status-publish","hentry"],"acf":[],"yoast_head":"<!-- This site is optimized with the Yoast SEO plugin v27.5 - https:\/\/yoast.com\/product\/yoast-seo-wordpress\/ -->\n<title>pratique - 2010<\/title>\n<meta name=\"robots\" content=\"index, follow, max-snippet:-1, max-image-preview:large, max-video-preview:-1\" \/>\n<link rel=\"canonical\" href=\"https:\/\/www.pictobello.ch\/edition-2010\/pratique\/\" \/>\n<meta name=\"twitter:label1\" content=\"Dur\u00e9e de lecture estim\u00e9e\" \/>\n\t<meta name=\"twitter:data1\" content=\"1 minute\" \/>\n<script type=\"application\/ld+json\" class=\"yoast-schema-graph\">{\"@context\":\"https:\\\/\\\/schema.org\",\"@graph\":[{\"@type\":\"WebPage\",\"@id\":\"https:\\\/\\\/www.pictobello.ch\\\/edition-2010\\\/pratique\\\/\",\"url\":\"https:\\\/\\\/www.pictobello.ch\\\/edition-2010\\\/pratique\\\/\",\"name\":\"pratique - 2010\",\"isPartOf\":{\"@id\":\"https:\\\/\\\/www.pictobello.ch\\\/edition-2010\\\/#website\"},\"primaryImageOfPage\":{\"@id\":\"https:\\\/\\\/www.pictobello.ch\\\/edition-2010\\\/pratique\\\/#primaryimage\"},\"image\":{\"@id\":\"https:\\\/\\\/www.pictobello.ch\\\/edition-2010\\\/pratique\\\/#primaryimage\"},\"thumbnailUrl\":\"http:\\\/\\\/www.pictobello.ch\\\/edition-2010\\\/wp-content\\\/uploads\\\/sites\\\/9\\\/titre.jpg\",\"datePublished\":\"2013-02-25T16:38:50+00:00\",\"dateModified\":\"2013-04-25T15:17:30+00:00\",\"breadcrumb\":{\"@id\":\"https:\\\/\\\/www.pictobello.ch\\\/edition-2010\\\/pratique\\\/#breadcrumb\"},\"inLanguage\":\"fr-FR\",\"potentialAction\":[{\"@type\":\"ReadAction\",\"target\":[\"https:\\\/\\\/www.pictobello.ch\\\/edition-2010\\\/pratique\\\/\"]}]},{\"@type\":\"ImageObject\",\"inLanguage\":\"fr-FR\",\"@id\":\"https:\\\/\\\/www.pictobello.ch\\\/edition-2010\\\/pratique\\\/#primaryimage\",\"url\":\"http:\\\/\\\/www.pictobello.ch\\\/edition-2010\\\/wp-content\\\/uploads\\\/sites\\\/9\\\/titre.jpg\",\"contentUrl\":\"http:\\\/\\\/www.pictobello.ch\\\/edition-2010\\\/wp-content\\\/uploads\\\/sites\\\/9\\\/titre.jpg\"},{\"@type\":\"BreadcrumbList\",\"@id\":\"https:\\\/\\\/www.pictobello.ch\\\/edition-2010\\\/pratique\\\/#breadcrumb\",\"itemListElement\":[{\"@type\":\"ListItem\",\"position\":1,\"name\":\"Accueil\",\"item\":\"https:\\\/\\\/www.pictobello.ch\\\/edition-2010\\\/\"},{\"@type\":\"ListItem\",\"position\":2,\"name\":\"pratique\"}]},{\"@type\":\"WebSite\",\"@id\":\"https:\\\/\\\/www.pictobello.ch\\\/edition-2010\\\/#website\",\"url\":\"https:\\\/\\\/www.pictobello.ch\\\/edition-2010\\\/\",\"name\":\"2010\",\"description\":\"Un site utilisant R\u00e9seau PictoBello\",\"potentialAction\":[{\"@type\":\"SearchAction\",\"target\":{\"@type\":\"EntryPoint\",\"urlTemplate\":\"https:\\\/\\\/www.pictobello.ch\\\/edition-2010\\\/?s={search_term_string}\"},\"query-input\":{\"@type\":\"PropertyValueSpecification\",\"valueRequired\":true,\"valueName\":\"search_term_string\"}}],\"inLanguage\":\"fr-FR\"}]}<\/script>\n<!-- \/ Yoast SEO plugin. -->","yoast_head_json":{"title":"pratique - 2010","robots":{"index":"index","follow":"follow","max-snippet":"max-snippet:-1","max-image-preview":"max-image-preview:large","max-video-preview":"max-video-preview:-1"},"canonical":"https:\/\/www.pictobello.ch\/edition-2010\/pratique\/","twitter_misc":{"Dur\u00e9e de lecture estim\u00e9e":"1 minute"},"schema":{"@context":"https:\/\/schema.org","@graph":[{"@type":"WebPage","@id":"https:\/\/www.pictobello.ch\/edition-2010\/pratique\/","url":"https:\/\/www.pictobello.ch\/edition-2010\/pratique\/","name":"pratique - 2010","isPartOf":{"@id":"https:\/\/www.pictobello.ch\/edition-2010\/#website"},"primaryImageOfPage":{"@id":"https:\/\/www.pictobello.ch\/edition-2010\/pratique\/#primaryimage"},"image":{"@id":"https:\/\/www.pictobello.ch\/edition-2010\/pratique\/#primaryimage"},"thumbnailUrl":"http:\/\/www.pictobello.ch\/edition-2010\/wp-content\/uploads\/sites\/9\/titre.jpg","datePublished":"2013-02-25T16:38:50+00:00","dateModified":"2013-04-25T15:17:30+00:00","breadcrumb":{"@id":"https:\/\/www.pictobello.ch\/edition-2010\/pratique\/#breadcrumb"},"inLanguage":"fr-FR","potentialAction":[{"@type":"ReadAction","target":["https:\/\/www.pictobello.ch\/edition-2010\/pratique\/"]}]},{"@type":"ImageObject","inLanguage":"fr-FR","@id":"https:\/\/www.pictobello.ch\/edition-2010\/pratique\/#primaryimage","url":"http:\/\/www.pictobello.ch\/edition-2010\/wp-content\/uploads\/sites\/9\/titre.jpg","contentUrl":"http:\/\/www.pictobello.ch\/edition-2010\/wp-content\/uploads\/sites\/9\/titre.jpg"},{"@type":"BreadcrumbList","@id":"https:\/\/www.pictobello.ch\/edition-2010\/pratique\/#breadcrumb","itemListElement":[{"@type":"ListItem","position":1,"name":"Accueil","item":"https:\/\/www.pictobello.ch\/edition-2010\/"},{"@type":"ListItem","position":2,"name":"pratique"}]},{"@type":"WebSite","@id":"https:\/\/www.pictobello.ch\/edition-2010\/#website","url":"https:\/\/www.pictobello.ch\/edition-2010\/","name":"2010","description":"Un site utilisant R\u00e9seau PictoBello","potentialAction":[{"@type":"SearchAction","target":{"@type":"EntryPoint","urlTemplate":"https:\/\/www.pictobello.ch\/edition-2010\/?s={search_term_string}"},"query-input":{"@type":"PropertyValueSpecification","valueRequired":true,"valueName":"search_term_string"}}],"inLanguage":"fr-FR"}]}},"_links":{"self":[{"href":"https:\/\/www.pictobello.ch\/edition-2010\/wp-json\/wp\/v2\/pages\/5","targetHints":{"allow":["GET"]}}],"collection":[{"href":"https:\/\/www.pictobello.ch\/edition-2010\/wp-json\/wp\/v2\/pages"}],"about":[{"href":"https:\/\/www.pictobello.ch\/edition-2010\/wp-json\/wp\/v2\/types\/page"}],"author":[{"embeddable":true,"href":"https:\/\/www.pictobello.ch\/edition-2010\/wp-json\/wp\/v2\/users\/1"}],"replies":[{"embeddable":true,"href":"https:\/\/www.pictobello.ch\/edition-2010\/wp-json\/wp\/v2\/comments?post=5"}],"version-history":[{"count":7,"href":"https:\/\/www.pictobello.ch\/edition-2010\/wp-json\/wp\/v2\/pages\/5\/revisions"}],"predecessor-version":[{"id":215,"href":"https:\/\/www.pictobello.ch\/edition-2010\/wp-json\/wp\/v2\/pages\/5\/revisions\/215"}],"wp:attachment":[{"href":"https:\/\/www.pictobello.ch\/edition-2010\/wp-json\/wp\/v2\/media?parent=5"}],"curies":[{"name":"wp","href":"https:\/\/api.w.org\/{rel}","templated":true}]}}