{"id":250,"date":"2013-01-24T11:01:56","date_gmt":"2013-01-24T10:01:56","guid":{"rendered":"http:\/\/www.pictobello.ch\/edition-2012\/pratique\/"},"modified":"2013-04-23T13:52:37","modified_gmt":"2013-04-23T12:52:37","slug":"pratique","status":"publish","type":"page","link":"https:\/\/www.pictobello.ch\/edition-2012\/pratique\/","title":{"rendered":"pratique"},"content":{"rendered":"<p><a href=\"http:\/\/www.pictobello.ch\/edition-2012\/wp-content\/uploads\/sites\/3\/titre.jpg\"><img loading=\"lazy\" decoding=\"async\" class=\"alignnone size-full wp-image-376\" alt=\"titre\" src=\"http:\/\/www.pictobello.ch\/edition-2012\/wp-content\/uploads\/sites\/3\/titre.jpg\" width=\"418\" height=\"42\" srcset=\"https:\/\/www.pictobello.ch\/edition-2012\/wp-content\/uploads\/sites\/3\/titre.jpg 418w, https:\/\/www.pictobello.ch\/edition-2012\/wp-content\/uploads\/sites\/3\/titre-300x30.jpg 300w, https:\/\/www.pictobello.ch\/edition-2012\/wp-content\/uploads\/sites\/3\/titre-260x26.jpg 260w\" sizes=\"auto, (max-width: 418px) 100vw, 418px\" \/><\/a><\/p>\n<p>Pour la 9e ann\u00e9e cons\u00e9cutive, PictoBello transforme les quartiers de la ville en une bande dessin\u00e9e au format d\u2019affiches publicitaires. Chaque ann\u00e9e les artistes s\u2019inspirent librement du th\u00e8me qui leur est propos\u00e9.<\/p>\n<p><em>Th\u00e8me 2012:<\/em> <strong><em>Musiques Actuelles.<\/em><\/strong><\/p>\n<p>L\u2019auteur Christophe Schenk a imagin\u00e9 un sc\u00e9nario intitul\u00e9 \u00ab\u00a0<a href=\"http:\/\/www.pictobello.ch\/edition-2012\/theme\/\">Rock Collector\u00a0<\/a>\u00bb qui inspire les artistes lors de la journ\u00e9e de cr\u00e9ation des dessins.<\/p>\n<p><b>Samedi 16 juin 2012 | Journ\u00e9e de cr\u00e9ation des dessins\u00a0:<\/b><\/p>\n<ul>\n<li>Public bienvenu d\u00e8s 10h.<\/li>\n<li>Parcours libre, vernissage \u00e0 la Grenette d\u00e8s 18h00 en pr\u00e9sence des auteurs.<\/li>\n<li>Sites : Place de l\u2019H\u00f4tel-De-Ville, Grande Place, Place de la Gare, Place Robin.<\/li>\n<li>En cas de pluie tous les dessins sont r\u00e9alis\u00e9s sous la Grenette (Place du March\u00e9).<\/li>\n<li>Dessins \u00e0 d\u00e9couvrir jusqu\u2019au 7 juillet 2012.<\/li>\n<\/ul>\n<p><a href=\"http:\/\/www.pictobello.ch\/edition-2012\/wp-content\/uploads\/sites\/3\/plan_web_picto2010.jpg\"><img loading=\"lazy\" decoding=\"async\" class=\"alignnone  wp-image-389\" alt=\"plan_web_picto2010\" src=\"http:\/\/www.pictobello.ch\/edition-2012\/wp-content\/uploads\/sites\/3\/plan_web_picto2010.jpg\" width=\"600\" height=\"448\" srcset=\"https:\/\/www.pictobello.ch\/edition-2012\/wp-content\/uploads\/sites\/3\/plan_web_picto2010.jpg 1000w, https:\/\/www.pictobello.ch\/edition-2012\/wp-content\/uploads\/sites\/3\/plan_web_picto2010-300x223.jpg 300w, https:\/\/www.pictobello.ch\/edition-2012\/wp-content\/uploads\/sites\/3\/plan_web_picto2010-187x140.jpg 187w, https:\/\/www.pictobello.ch\/edition-2012\/wp-content\/uploads\/sites\/3\/plan_web_picto2010-260x193.jpg 260w, https:\/\/www.pictobello.ch\/edition-2012\/wp-content\/uploads\/sites\/3\/plan_web_picto2010-575x428.jpg 575w, https:\/\/www.pictobello.ch\/edition-2012\/wp-content\/uploads\/sites\/3\/plan_web_picto2010-640x477.jpg 640w\" sizes=\"auto, (max-width: 600px) 100vw, 600px\" \/><\/a><\/p>\n","protected":false},"excerpt":{"rendered":"<p>Pour la 9e ann\u00e9e cons\u00e9cutive, PictoBello transforme les quartiers de la ville en une bande dessin\u00e9e au format d\u2019affiches publicitaires. Chaque ann\u00e9e les artistes s\u2019inspirent librement du th\u00e8me qui leur est propos\u00e9. Th\u00e8me 2012: Musiques Actuelles. L\u2019auteur Christophe Schenk a imagin\u00e9 un sc\u00e9nario intitul\u00e9 \u00ab\u00a0Rock Collector\u00a0\u00bb qui inspire les artistes lors de la journ\u00e9e de [&hellip;]<\/p>\n","protected":false},"author":1,"featured_media":0,"parent":0,"menu_order":0,"comment_status":"open","ping_status":"closed","template":"","meta":{"_acf_changed":false,"_exactmetrics_skip_tracking":false,"_exactmetrics_sitenote_active":false,"_exactmetrics_sitenote_note":"","_exactmetrics_sitenote_category":0,"footnotes":""},"class_list":["post-250","page","type-page","status-publish","hentry"],"acf":[],"yoast_head":"<!-- This site is optimized with the Yoast SEO plugin v27.5 - https:\/\/yoast.com\/product\/yoast-seo-wordpress\/ -->\n<title>pratique - 2012<\/title>\n<meta name=\"robots\" content=\"index, follow, max-snippet:-1, max-image-preview:large, max-video-preview:-1\" \/>\n<link rel=\"canonical\" href=\"https:\/\/www.pictobello.ch\/edition-2012\/pratique\/\" \/>\n<meta name=\"twitter:label1\" content=\"Dur\u00e9e de lecture estim\u00e9e\" \/>\n\t<meta name=\"twitter:data1\" content=\"1 minute\" \/>\n<script type=\"application\/ld+json\" class=\"yoast-schema-graph\">{\"@context\":\"https:\\\/\\\/schema.org\",\"@graph\":[{\"@type\":\"WebPage\",\"@id\":\"https:\\\/\\\/www.pictobello.ch\\\/edition-2012\\\/pratique\\\/\",\"url\":\"https:\\\/\\\/www.pictobello.ch\\\/edition-2012\\\/pratique\\\/\",\"name\":\"pratique - 2012\",\"isPartOf\":{\"@id\":\"https:\\\/\\\/www.pictobello.ch\\\/edition-2012\\\/#website\"},\"primaryImageOfPage\":{\"@id\":\"https:\\\/\\\/www.pictobello.ch\\\/edition-2012\\\/pratique\\\/#primaryimage\"},\"image\":{\"@id\":\"https:\\\/\\\/www.pictobello.ch\\\/edition-2012\\\/pratique\\\/#primaryimage\"},\"thumbnailUrl\":\"http:\\\/\\\/www.pictobello.ch\\\/edition-2012\\\/wp-content\\\/uploads\\\/sites\\\/3\\\/titre.jpg\",\"datePublished\":\"2013-01-24T10:01:56+00:00\",\"dateModified\":\"2013-04-23T12:52:37+00:00\",\"breadcrumb\":{\"@id\":\"https:\\\/\\\/www.pictobello.ch\\\/edition-2012\\\/pratique\\\/#breadcrumb\"},\"inLanguage\":\"fr-FR\",\"potentialAction\":[{\"@type\":\"ReadAction\",\"target\":[\"https:\\\/\\\/www.pictobello.ch\\\/edition-2012\\\/pratique\\\/\"]}]},{\"@type\":\"ImageObject\",\"inLanguage\":\"fr-FR\",\"@id\":\"https:\\\/\\\/www.pictobello.ch\\\/edition-2012\\\/pratique\\\/#primaryimage\",\"url\":\"http:\\\/\\\/www.pictobello.ch\\\/edition-2012\\\/wp-content\\\/uploads\\\/sites\\\/3\\\/titre.jpg\",\"contentUrl\":\"http:\\\/\\\/www.pictobello.ch\\\/edition-2012\\\/wp-content\\\/uploads\\\/sites\\\/3\\\/titre.jpg\"},{\"@type\":\"BreadcrumbList\",\"@id\":\"https:\\\/\\\/www.pictobello.ch\\\/edition-2012\\\/pratique\\\/#breadcrumb\",\"itemListElement\":[{\"@type\":\"ListItem\",\"position\":1,\"name\":\"Accueil\",\"item\":\"https:\\\/\\\/www.pictobello.ch\\\/edition-2012\\\/\"},{\"@type\":\"ListItem\",\"position\":2,\"name\":\"pratique\"}]},{\"@type\":\"WebSite\",\"@id\":\"https:\\\/\\\/www.pictobello.ch\\\/edition-2012\\\/#website\",\"url\":\"https:\\\/\\\/www.pictobello.ch\\\/edition-2012\\\/\",\"name\":\"2012\",\"description\":\"Un site utilisant R\u00e9seau PictoBello\",\"potentialAction\":[{\"@type\":\"SearchAction\",\"target\":{\"@type\":\"EntryPoint\",\"urlTemplate\":\"https:\\\/\\\/www.pictobello.ch\\\/edition-2012\\\/?s={search_term_string}\"},\"query-input\":{\"@type\":\"PropertyValueSpecification\",\"valueRequired\":true,\"valueName\":\"search_term_string\"}}],\"inLanguage\":\"fr-FR\"}]}<\/script>\n<!-- \/ Yoast SEO plugin. -->","yoast_head_json":{"title":"pratique - 2012","robots":{"index":"index","follow":"follow","max-snippet":"max-snippet:-1","max-image-preview":"max-image-preview:large","max-video-preview":"max-video-preview:-1"},"canonical":"https:\/\/www.pictobello.ch\/edition-2012\/pratique\/","twitter_misc":{"Dur\u00e9e de lecture estim\u00e9e":"1 minute"},"schema":{"@context":"https:\/\/schema.org","@graph":[{"@type":"WebPage","@id":"https:\/\/www.pictobello.ch\/edition-2012\/pratique\/","url":"https:\/\/www.pictobello.ch\/edition-2012\/pratique\/","name":"pratique - 2012","isPartOf":{"@id":"https:\/\/www.pictobello.ch\/edition-2012\/#website"},"primaryImageOfPage":{"@id":"https:\/\/www.pictobello.ch\/edition-2012\/pratique\/#primaryimage"},"image":{"@id":"https:\/\/www.pictobello.ch\/edition-2012\/pratique\/#primaryimage"},"thumbnailUrl":"http:\/\/www.pictobello.ch\/edition-2012\/wp-content\/uploads\/sites\/3\/titre.jpg","datePublished":"2013-01-24T10:01:56+00:00","dateModified":"2013-04-23T12:52:37+00:00","breadcrumb":{"@id":"https:\/\/www.pictobello.ch\/edition-2012\/pratique\/#breadcrumb"},"inLanguage":"fr-FR","potentialAction":[{"@type":"ReadAction","target":["https:\/\/www.pictobello.ch\/edition-2012\/pratique\/"]}]},{"@type":"ImageObject","inLanguage":"fr-FR","@id":"https:\/\/www.pictobello.ch\/edition-2012\/pratique\/#primaryimage","url":"http:\/\/www.pictobello.ch\/edition-2012\/wp-content\/uploads\/sites\/3\/titre.jpg","contentUrl":"http:\/\/www.pictobello.ch\/edition-2012\/wp-content\/uploads\/sites\/3\/titre.jpg"},{"@type":"BreadcrumbList","@id":"https:\/\/www.pictobello.ch\/edition-2012\/pratique\/#breadcrumb","itemListElement":[{"@type":"ListItem","position":1,"name":"Accueil","item":"https:\/\/www.pictobello.ch\/edition-2012\/"},{"@type":"ListItem","position":2,"name":"pratique"}]},{"@type":"WebSite","@id":"https:\/\/www.pictobello.ch\/edition-2012\/#website","url":"https:\/\/www.pictobello.ch\/edition-2012\/","name":"2012","description":"Un site utilisant R\u00e9seau PictoBello","potentialAction":[{"@type":"SearchAction","target":{"@type":"EntryPoint","urlTemplate":"https:\/\/www.pictobello.ch\/edition-2012\/?s={search_term_string}"},"query-input":{"@type":"PropertyValueSpecification","valueRequired":true,"valueName":"search_term_string"}}],"inLanguage":"fr-FR"}]}},"_links":{"self":[{"href":"https:\/\/www.pictobello.ch\/edition-2012\/wp-json\/wp\/v2\/pages\/250","targetHints":{"allow":["GET"]}}],"collection":[{"href":"https:\/\/www.pictobello.ch\/edition-2012\/wp-json\/wp\/v2\/pages"}],"about":[{"href":"https:\/\/www.pictobello.ch\/edition-2012\/wp-json\/wp\/v2\/types\/page"}],"author":[{"embeddable":true,"href":"https:\/\/www.pictobello.ch\/edition-2012\/wp-json\/wp\/v2\/users\/1"}],"replies":[{"embeddable":true,"href":"https:\/\/www.pictobello.ch\/edition-2012\/wp-json\/wp\/v2\/comments?post=250"}],"version-history":[{"count":33,"href":"https:\/\/www.pictobello.ch\/edition-2012\/wp-json\/wp\/v2\/pages\/250\/revisions"}],"predecessor-version":[{"id":260,"href":"https:\/\/www.pictobello.ch\/edition-2012\/wp-json\/wp\/v2\/pages\/250\/revisions\/260"}],"wp:attachment":[{"href":"https:\/\/www.pictobello.ch\/edition-2012\/wp-json\/wp\/v2\/media?parent=250"}],"curies":[{"name":"wp","href":"https:\/\/api.w.org\/{rel}","templated":true}]}}