{"id":86,"date":"2013-01-17T14:51:48","date_gmt":"2013-01-17T13:51:48","guid":{"rendered":"http:\/\/www.pictobello.ch\/edition-2012\/graphisme\/"},"modified":"2013-04-25T15:58:26","modified_gmt":"2013-04-25T14:58:26","slug":"graphisme","status":"publish","type":"page","link":"https:\/\/www.pictobello.ch\/edition-2012\/graphisme\/","title":{"rendered":"graphisme"},"content":{"rendered":"<p>Le graphisme de l\u2019\u00e9dition 2012 a \u00e9t\u00e9 r\u00e9alis\u00e9 par\u00a0Michel\u00a0FR\u00a0(Villas-sur-Gl\u00e2ne\/ Suisse).<\/p>\n<p><a href=\"http:\/\/www.michelfr.ch\">Site du graphiste<br \/>\n<\/a><\/p>\n<p><strong>Inspirations<\/strong><\/p>\n<p><a href=\"http:\/\/www.pictobello.ch\/edition-2012\/wp-content\/uploads\/sites\/3\/2614602536_1.jpg\"><img loading=\"lazy\" decoding=\"async\" class=\"alignnone size-full wp-image-239\" alt=\"2614602536_1\" src=\"http:\/\/www.pictobello.ch\/edition-2012\/wp-content\/uploads\/sites\/3\/2614602536_1.jpg\" width=\"175\" height=\"119\" \/><\/a> <a href=\"http:\/\/www.pictobello.ch\/edition-2012\/wp-content\/uploads\/sites\/3\/GIBSON-20FLYING-20V-20FADED-20W-20UPGRADES.jpg\"><img loading=\"lazy\" decoding=\"async\" alt=\"GIBSON-20FLYING-20V-20FADED-20W-20UPGRADES\" src=\"http:\/\/www.pictobello.ch\/edition-2012\/wp-content\/uploads\/sites\/3\/GIBSON-20FLYING-20V-20FADED-20W-20UPGRADES-300x225.jpg\" width=\"155\" height=\"119\" \/><\/a> <a href=\"http:\/\/www.pictobello.ch\/edition-2012\/wp-content\/uploads\/sites\/3\/renard-roux1-big.jpg\"><img loading=\"lazy\" decoding=\"async\" alt=\"renard-roux1-big\" src=\"http:\/\/www.pictobello.ch\/edition-2012\/wp-content\/uploads\/sites\/3\/renard-roux1-big-300x201.jpg\" width=\"177\" height=\"118\" \/><\/a><\/p>\n<p>&nbsp;<\/p>\n","protected":false},"excerpt":{"rendered":"<p>Le graphisme de l\u2019\u00e9dition 2012 a \u00e9t\u00e9 r\u00e9alis\u00e9 par\u00a0Michel\u00a0FR\u00a0(Villas-sur-Gl\u00e2ne\/ Suisse). Site du graphiste Inspirations &nbsp;<\/p>\n","protected":false},"author":1,"featured_media":0,"parent":0,"menu_order":6,"comment_status":"open","ping_status":"open","template":"","meta":{"_acf_changed":false,"_exactmetrics_skip_tracking":false,"_exactmetrics_sitenote_active":false,"_exactmetrics_sitenote_note":"","_exactmetrics_sitenote_category":0,"footnotes":""},"class_list":["post-86","page","type-page","status-publish","hentry"],"acf":[],"yoast_head":"<!-- This site is optimized with the Yoast SEO plugin v27.5 - https:\/\/yoast.com\/product\/yoast-seo-wordpress\/ -->\n<title>graphisme - 2012<\/title>\n<meta name=\"robots\" content=\"index, follow, max-snippet:-1, max-image-preview:large, max-video-preview:-1\" \/>\n<link rel=\"canonical\" href=\"https:\/\/www.pictobello.ch\/edition-2012\/graphisme\/\" \/>\n<script type=\"application\/ld+json\" class=\"yoast-schema-graph\">{\"@context\":\"https:\\\/\\\/schema.org\",\"@graph\":[{\"@type\":\"WebPage\",\"@id\":\"https:\\\/\\\/www.pictobello.ch\\\/edition-2012\\\/graphisme\\\/\",\"url\":\"https:\\\/\\\/www.pictobello.ch\\\/edition-2012\\\/graphisme\\\/\",\"name\":\"graphisme - 2012\",\"isPartOf\":{\"@id\":\"https:\\\/\\\/www.pictobello.ch\\\/edition-2012\\\/#website\"},\"primaryImageOfPage\":{\"@id\":\"https:\\\/\\\/www.pictobello.ch\\\/edition-2012\\\/graphisme\\\/#primaryimage\"},\"image\":{\"@id\":\"https:\\\/\\\/www.pictobello.ch\\\/edition-2012\\\/graphisme\\\/#primaryimage\"},\"thumbnailUrl\":\"http:\\\/\\\/www.pictobello.ch\\\/edition-2012\\\/wp-content\\\/uploads\\\/sites\\\/3\\\/2614602536_1.jpg\",\"datePublished\":\"2013-01-17T13:51:48+00:00\",\"dateModified\":\"2013-04-25T14:58:26+00:00\",\"breadcrumb\":{\"@id\":\"https:\\\/\\\/www.pictobello.ch\\\/edition-2012\\\/graphisme\\\/#breadcrumb\"},\"inLanguage\":\"fr-FR\",\"potentialAction\":[{\"@type\":\"ReadAction\",\"target\":[\"https:\\\/\\\/www.pictobello.ch\\\/edition-2012\\\/graphisme\\\/\"]}]},{\"@type\":\"ImageObject\",\"inLanguage\":\"fr-FR\",\"@id\":\"https:\\\/\\\/www.pictobello.ch\\\/edition-2012\\\/graphisme\\\/#primaryimage\",\"url\":\"http:\\\/\\\/www.pictobello.ch\\\/edition-2012\\\/wp-content\\\/uploads\\\/sites\\\/3\\\/2614602536_1.jpg\",\"contentUrl\":\"http:\\\/\\\/www.pictobello.ch\\\/edition-2012\\\/wp-content\\\/uploads\\\/sites\\\/3\\\/2614602536_1.jpg\"},{\"@type\":\"BreadcrumbList\",\"@id\":\"https:\\\/\\\/www.pictobello.ch\\\/edition-2012\\\/graphisme\\\/#breadcrumb\",\"itemListElement\":[{\"@type\":\"ListItem\",\"position\":1,\"name\":\"Accueil\",\"item\":\"https:\\\/\\\/www.pictobello.ch\\\/edition-2012\\\/\"},{\"@type\":\"ListItem\",\"position\":2,\"name\":\"graphisme\"}]},{\"@type\":\"WebSite\",\"@id\":\"https:\\\/\\\/www.pictobello.ch\\\/edition-2012\\\/#website\",\"url\":\"https:\\\/\\\/www.pictobello.ch\\\/edition-2012\\\/\",\"name\":\"2012\",\"description\":\"Un site utilisant R\u00e9seau PictoBello\",\"potentialAction\":[{\"@type\":\"SearchAction\",\"target\":{\"@type\":\"EntryPoint\",\"urlTemplate\":\"https:\\\/\\\/www.pictobello.ch\\\/edition-2012\\\/?s={search_term_string}\"},\"query-input\":{\"@type\":\"PropertyValueSpecification\",\"valueRequired\":true,\"valueName\":\"search_term_string\"}}],\"inLanguage\":\"fr-FR\"}]}<\/script>\n<!-- \/ Yoast SEO plugin. -->","yoast_head_json":{"title":"graphisme - 2012","robots":{"index":"index","follow":"follow","max-snippet":"max-snippet:-1","max-image-preview":"max-image-preview:large","max-video-preview":"max-video-preview:-1"},"canonical":"https:\/\/www.pictobello.ch\/edition-2012\/graphisme\/","schema":{"@context":"https:\/\/schema.org","@graph":[{"@type":"WebPage","@id":"https:\/\/www.pictobello.ch\/edition-2012\/graphisme\/","url":"https:\/\/www.pictobello.ch\/edition-2012\/graphisme\/","name":"graphisme - 2012","isPartOf":{"@id":"https:\/\/www.pictobello.ch\/edition-2012\/#website"},"primaryImageOfPage":{"@id":"https:\/\/www.pictobello.ch\/edition-2012\/graphisme\/#primaryimage"},"image":{"@id":"https:\/\/www.pictobello.ch\/edition-2012\/graphisme\/#primaryimage"},"thumbnailUrl":"http:\/\/www.pictobello.ch\/edition-2012\/wp-content\/uploads\/sites\/3\/2614602536_1.jpg","datePublished":"2013-01-17T13:51:48+00:00","dateModified":"2013-04-25T14:58:26+00:00","breadcrumb":{"@id":"https:\/\/www.pictobello.ch\/edition-2012\/graphisme\/#breadcrumb"},"inLanguage":"fr-FR","potentialAction":[{"@type":"ReadAction","target":["https:\/\/www.pictobello.ch\/edition-2012\/graphisme\/"]}]},{"@type":"ImageObject","inLanguage":"fr-FR","@id":"https:\/\/www.pictobello.ch\/edition-2012\/graphisme\/#primaryimage","url":"http:\/\/www.pictobello.ch\/edition-2012\/wp-content\/uploads\/sites\/3\/2614602536_1.jpg","contentUrl":"http:\/\/www.pictobello.ch\/edition-2012\/wp-content\/uploads\/sites\/3\/2614602536_1.jpg"},{"@type":"BreadcrumbList","@id":"https:\/\/www.pictobello.ch\/edition-2012\/graphisme\/#breadcrumb","itemListElement":[{"@type":"ListItem","position":1,"name":"Accueil","item":"https:\/\/www.pictobello.ch\/edition-2012\/"},{"@type":"ListItem","position":2,"name":"graphisme"}]},{"@type":"WebSite","@id":"https:\/\/www.pictobello.ch\/edition-2012\/#website","url":"https:\/\/www.pictobello.ch\/edition-2012\/","name":"2012","description":"Un site utilisant R\u00e9seau PictoBello","potentialAction":[{"@type":"SearchAction","target":{"@type":"EntryPoint","urlTemplate":"https:\/\/www.pictobello.ch\/edition-2012\/?s={search_term_string}"},"query-input":{"@type":"PropertyValueSpecification","valueRequired":true,"valueName":"search_term_string"}}],"inLanguage":"fr-FR"}]}},"_links":{"self":[{"href":"https:\/\/www.pictobello.ch\/edition-2012\/wp-json\/wp\/v2\/pages\/86","targetHints":{"allow":["GET"]}}],"collection":[{"href":"https:\/\/www.pictobello.ch\/edition-2012\/wp-json\/wp\/v2\/pages"}],"about":[{"href":"https:\/\/www.pictobello.ch\/edition-2012\/wp-json\/wp\/v2\/types\/page"}],"author":[{"embeddable":true,"href":"https:\/\/www.pictobello.ch\/edition-2012\/wp-json\/wp\/v2\/users\/1"}],"replies":[{"embeddable":true,"href":"https:\/\/www.pictobello.ch\/edition-2012\/wp-json\/wp\/v2\/comments?post=86"}],"version-history":[{"count":10,"href":"https:\/\/www.pictobello.ch\/edition-2012\/wp-json\/wp\/v2\/pages\/86\/revisions"}],"predecessor-version":[{"id":238,"href":"https:\/\/www.pictobello.ch\/edition-2012\/wp-json\/wp\/v2\/pages\/86\/revisions\/238"}],"wp:attachment":[{"href":"https:\/\/www.pictobello.ch\/edition-2012\/wp-json\/wp\/v2\/media?parent=86"}],"curies":[{"name":"wp","href":"https:\/\/api.w.org\/{rel}","templated":true}]}}