{"id":2,"date":"2014-05-09T08:23:33","date_gmt":"2014-05-09T06:23:33","guid":{"rendered":"http:\/\/www.pictobello.ch\/edition-2014\/?page_id=2"},"modified":"2014-05-09T15:15:06","modified_gmt":"2014-05-09T13:15:06","slug":"page-d-exemple","status":"publish","type":"page","link":"https:\/\/www.pictobello.ch\/edition-2014\/page-d-exemple\/","title":{"rendered":"sc\u00e9nario"},"content":{"rendered":"<p><strong>\u00ab\u00a010, Birthday Street\u00a0\u00bb<\/strong><\/p>\n<p>Le 10 juillet \u00e9tait une date particuli\u00e8re pour les habitants du 10, Birthday Street car c\u2019\u00e9tait le jour de leur anniversaire. Tous les locataires de l&rsquo;immeuble avaient la m\u00eame date de naissance. Les f\u00eates \u00e9taient donc colossales.<\/p>\n<p>Mais lorsque le b\u00e2timent fut vendu et, qu\u2019\u00e0 la stup\u00e9faction de tous, le nouveau propri\u00e9taire autorisa, temporairement, une personne n\u00e9e au mois de d\u00e9cembre \u00e0 emm\u00e9nager dans l&rsquo;immeuble, les locataires n\u2019arriv\u00e8rent plus \u00e0 trouver le sommeil. On chuchotait que le nouvel occupant n\u2019avait m\u00eame pas un v\u00e9ritable travail.Tout ce que les r\u00e9sidents pouvaient faire, c\u2019\u00e9tait tourner en rond sur leur balcon en attendant, avec anxi\u00e9t\u00e9, l&rsquo;arriv\u00e9e du nouveau venu. On raconte m\u00eame que le concierge s\u2019\u00e9tait remis \u00e0 fumer lorsqu\u2019il apprit que son futur voisin \u00e9tait venu au monde un vendredi 13.<\/p>\n<p>Pourtant, curieusement, personne ne vit le perturbateur ni emm\u00e9nager, ni chercher son courrier. Aucun bruit ne sortaitde son logement. Existait-il vraiment\u00a0?<\/p>\n<p>Le myst\u00e8re dura plusieurs semaines jusqu\u2019\u00e0 ce qu\u2019un matin, en sortant de leur appartement, les locataires d\u00e9couvrent, stup\u00e9faits, de magnifiques illustrations coll\u00e9es contre leur porte. Chacune d\u2019elles repr\u00e9sentait le moment le plus important de leur vie. Un moment que la plupart avaient oubli\u00e9.<\/p>\n<p>La porte de l&rsquo;appartement du locataire ind\u00e9sirable s\u2019ouvrit enfin et l&rsquo;artiste s\u2019en alla en sifflotant.<\/p>\n<p>On ne le revit plus jamais mais depuis ce jour, l\u2019immeuble n\u2019est plus r\u00e9serv\u00e9 aux personnes n\u00e9es le 10 juillet.<\/p>\n<p><strong>D\u2019apr\u00e8s un sc\u00e9nario d\u2019un des Spinks Twins<\/strong><\/p>\n<p>Certains disent qu\u2019ils sont centenaires, d\u2019autres racontent qu\u2019ils ont \u00e0 peine 20 ans. Selon une rumeur, ils seraient des extraterrestres en mission sur la terre pour un projet top secret. Aucune photo d\u2019eux ne circule, pourtant quelqu\u2019un les aurait vus dans une discoth\u00e8que de Sidney en train de danser sur une table. Derni\u00e8rement, un touriste revenant de Lhassa a recueilli le t\u00e9moignage d\u2019un Tib\u00e9tain affirmant qu\u2019ils se cacheraient dans un ashram de la r\u00e9gion.\u00a0 Qui sont r\u00e9ellement les jumeaux Spinks? Ou peut-\u00eatre s\u2019agit-il de jumelles? Le myst\u00e8re demeure&#8230;<\/p>\n<p><a href=\"http:\/\/www.tthf.ch\/relaxville\/\" target=\"_blank\">Site du projet transm\u00e9dia <strong>\u00ab <\/strong>Les secrets de Relaxville<strong>\u00a0\u00bb<\/strong><\/a><\/p>\n<p>&nbsp;<\/p>\n","protected":false},"excerpt":{"rendered":"<p>\u00ab\u00a010, Birthday Street\u00a0\u00bb Le 10 juillet \u00e9tait une date particuli\u00e8re pour les habitants du 10, Birthday Street car c\u2019\u00e9tait le jour de leur anniversaire. Tous les locataires de l&rsquo;immeuble avaient la m\u00eame date de naissance. Les f\u00eates \u00e9taient donc colossales. Mais lorsque le b\u00e2timent fut vendu et, qu\u2019\u00e0 la stup\u00e9faction de tous, le nouveau propri\u00e9taire [&hellip;]<\/p>\n","protected":false},"author":3,"featured_media":0,"parent":0,"menu_order":4,"comment_status":"open","ping_status":"closed","template":"","meta":{"_acf_changed":false,"_exactmetrics_skip_tracking":false,"_exactmetrics_sitenote_active":false,"_exactmetrics_sitenote_note":"","_exactmetrics_sitenote_category":0,"footnotes":""},"class_list":["post-2","page","type-page","status-publish","hentry"],"acf":[],"yoast_head":"<!-- This site is optimized with the Yoast SEO plugin v27.5 - https:\/\/yoast.com\/product\/yoast-seo-wordpress\/ -->\n<title>sc\u00e9nario - 2014<\/title>\n<meta name=\"robots\" content=\"index, follow, max-snippet:-1, max-image-preview:large, max-video-preview:-1\" \/>\n<link rel=\"canonical\" href=\"https:\/\/www.pictobello.ch\/edition-2014\/page-d-exemple\/\" \/>\n<meta name=\"twitter:label1\" content=\"Dur\u00e9e de lecture estim\u00e9e\" \/>\n\t<meta name=\"twitter:data1\" content=\"2 minutes\" \/>\n<script type=\"application\/ld+json\" class=\"yoast-schema-graph\">{\"@context\":\"https:\\\/\\\/schema.org\",\"@graph\":[{\"@type\":\"WebPage\",\"@id\":\"https:\\\/\\\/www.pictobello.ch\\\/edition-2014\\\/page-d-exemple\\\/\",\"url\":\"https:\\\/\\\/www.pictobello.ch\\\/edition-2014\\\/page-d-exemple\\\/\",\"name\":\"sc\u00e9nario - 2014\",\"isPartOf\":{\"@id\":\"https:\\\/\\\/www.pictobello.ch\\\/edition-2014\\\/#website\"},\"datePublished\":\"2014-05-09T06:23:33+00:00\",\"dateModified\":\"2014-05-09T13:15:06+00:00\",\"breadcrumb\":{\"@id\":\"https:\\\/\\\/www.pictobello.ch\\\/edition-2014\\\/page-d-exemple\\\/#breadcrumb\"},\"inLanguage\":\"fr-FR\",\"potentialAction\":[{\"@type\":\"ReadAction\",\"target\":[\"https:\\\/\\\/www.pictobello.ch\\\/edition-2014\\\/page-d-exemple\\\/\"]}]},{\"@type\":\"BreadcrumbList\",\"@id\":\"https:\\\/\\\/www.pictobello.ch\\\/edition-2014\\\/page-d-exemple\\\/#breadcrumb\",\"itemListElement\":[{\"@type\":\"ListItem\",\"position\":1,\"name\":\"Accueil\",\"item\":\"https:\\\/\\\/www.pictobello.ch\\\/edition-2014\\\/\"},{\"@type\":\"ListItem\",\"position\":2,\"name\":\"sc\u00e9nario\"}]},{\"@type\":\"WebSite\",\"@id\":\"https:\\\/\\\/www.pictobello.ch\\\/edition-2014\\\/#website\",\"url\":\"https:\\\/\\\/www.pictobello.ch\\\/edition-2014\\\/\",\"name\":\"2014\",\"description\":\"\",\"potentialAction\":[{\"@type\":\"SearchAction\",\"target\":{\"@type\":\"EntryPoint\",\"urlTemplate\":\"https:\\\/\\\/www.pictobello.ch\\\/edition-2014\\\/?s={search_term_string}\"},\"query-input\":{\"@type\":\"PropertyValueSpecification\",\"valueRequired\":true,\"valueName\":\"search_term_string\"}}],\"inLanguage\":\"fr-FR\"}]}<\/script>\n<!-- \/ Yoast SEO plugin. -->","yoast_head_json":{"title":"sc\u00e9nario - 2014","robots":{"index":"index","follow":"follow","max-snippet":"max-snippet:-1","max-image-preview":"max-image-preview:large","max-video-preview":"max-video-preview:-1"},"canonical":"https:\/\/www.pictobello.ch\/edition-2014\/page-d-exemple\/","twitter_misc":{"Dur\u00e9e de lecture estim\u00e9e":"2 minutes"},"schema":{"@context":"https:\/\/schema.org","@graph":[{"@type":"WebPage","@id":"https:\/\/www.pictobello.ch\/edition-2014\/page-d-exemple\/","url":"https:\/\/www.pictobello.ch\/edition-2014\/page-d-exemple\/","name":"sc\u00e9nario - 2014","isPartOf":{"@id":"https:\/\/www.pictobello.ch\/edition-2014\/#website"},"datePublished":"2014-05-09T06:23:33+00:00","dateModified":"2014-05-09T13:15:06+00:00","breadcrumb":{"@id":"https:\/\/www.pictobello.ch\/edition-2014\/page-d-exemple\/#breadcrumb"},"inLanguage":"fr-FR","potentialAction":[{"@type":"ReadAction","target":["https:\/\/www.pictobello.ch\/edition-2014\/page-d-exemple\/"]}]},{"@type":"BreadcrumbList","@id":"https:\/\/www.pictobello.ch\/edition-2014\/page-d-exemple\/#breadcrumb","itemListElement":[{"@type":"ListItem","position":1,"name":"Accueil","item":"https:\/\/www.pictobello.ch\/edition-2014\/"},{"@type":"ListItem","position":2,"name":"sc\u00e9nario"}]},{"@type":"WebSite","@id":"https:\/\/www.pictobello.ch\/edition-2014\/#website","url":"https:\/\/www.pictobello.ch\/edition-2014\/","name":"2014","description":"","potentialAction":[{"@type":"SearchAction","target":{"@type":"EntryPoint","urlTemplate":"https:\/\/www.pictobello.ch\/edition-2014\/?s={search_term_string}"},"query-input":{"@type":"PropertyValueSpecification","valueRequired":true,"valueName":"search_term_string"}}],"inLanguage":"fr-FR"}]}},"_links":{"self":[{"href":"https:\/\/www.pictobello.ch\/edition-2014\/wp-json\/wp\/v2\/pages\/2","targetHints":{"allow":["GET"]}}],"collection":[{"href":"https:\/\/www.pictobello.ch\/edition-2014\/wp-json\/wp\/v2\/pages"}],"about":[{"href":"https:\/\/www.pictobello.ch\/edition-2014\/wp-json\/wp\/v2\/types\/page"}],"author":[{"embeddable":true,"href":"https:\/\/www.pictobello.ch\/edition-2014\/wp-json\/wp\/v2\/users\/3"}],"replies":[{"embeddable":true,"href":"https:\/\/www.pictobello.ch\/edition-2014\/wp-json\/wp\/v2\/comments?post=2"}],"version-history":[{"count":4,"href":"https:\/\/www.pictobello.ch\/edition-2014\/wp-json\/wp\/v2\/pages\/2\/revisions"}],"predecessor-version":[{"id":82,"href":"https:\/\/www.pictobello.ch\/edition-2014\/wp-json\/wp\/v2\/pages\/2\/revisions\/82"}],"wp:attachment":[{"href":"https:\/\/www.pictobello.ch\/edition-2014\/wp-json\/wp\/v2\/media?parent=2"}],"curies":[{"name":"wp","href":"https:\/\/api.w.org\/{rel}","templated":true}]}}