{"id":5,"date":"2015-03-05T09:18:07","date_gmt":"2015-03-05T08:18:07","guid":{"rendered":"http:\/\/www.pictobello.ch\/edition-2015\/pratique\/"},"modified":"2015-07-20T14:53:26","modified_gmt":"2015-07-20T12:53:26","slug":"pratique","status":"publish","type":"page","link":"https:\/\/www.pictobello.ch\/edition-2015\/pratique\/","title":{"rendered":"pratique"},"content":{"rendered":"<p style=\"text-align: center;\"><a href=\"http:\/\/www.pictobello.ch\/edition-2015\/wp-content\/uploads\/sites\/18\/2015\/04\/logo-PictoBello-2015-Des-dessinateurs_petit.jpg\"><img loading=\"lazy\" decoding=\"async\" class=\"wp-image-150 aligncenter\" alt=\"logo PictoBello 2015 Des dessinateurs_petit\" src=\"http:\/\/www.pictobello.ch\/edition-2015\/wp-content\/uploads\/sites\/18\/2015\/04\/logo-PictoBello-2015-Des-dessinateurs_petit.jpg\" width=\"426\" height=\"107\" srcset=\"https:\/\/www.pictobello.ch\/edition-2015\/wp-content\/uploads\/sites\/18\/2015\/04\/logo-PictoBello-2015-Des-dessinateurs_petit.jpg 1846w, https:\/\/www.pictobello.ch\/edition-2015\/wp-content\/uploads\/sites\/18\/2015\/04\/logo-PictoBello-2015-Des-dessinateurs_petit-300x75.jpg 300w, https:\/\/www.pictobello.ch\/edition-2015\/wp-content\/uploads\/sites\/18\/2015\/04\/logo-PictoBello-2015-Des-dessinateurs_petit-1024x257.jpg 1024w, https:\/\/www.pictobello.ch\/edition-2015\/wp-content\/uploads\/sites\/18\/2015\/04\/logo-PictoBello-2015-Des-dessinateurs_petit-260x65.jpg 260w, https:\/\/www.pictobello.ch\/edition-2015\/wp-content\/uploads\/sites\/18\/2015\/04\/logo-PictoBello-2015-Des-dessinateurs_petit-575x144.jpg 575w, https:\/\/www.pictobello.ch\/edition-2015\/wp-content\/uploads\/sites\/18\/2015\/04\/logo-PictoBello-2015-Des-dessinateurs_petit-640x161.jpg 640w\" sizes=\"auto, (max-width: 426px) 100vw, 426px\" \/><\/a><\/p>\n<p>Pour la 12e \u00e9dition cons\u00e9cutive, PictoBello s\u2019immisce dans les rues de Vevey pour offrir au public et aux passants une bande-dessin\u00e9e g\u00e9ante !<\/p>\n<p>Titre 2015 : <strong>Une fen\u00eatre sur la ville<br \/>\n<\/strong><\/p>\n<p><b>Instructions<br \/>\n<\/b>1. Ton panneau est une fen\u00eatre<br \/>\n2. Inspire-toi de ce qui t\u2019entoure<br \/>\n3. Dessine l\u2019histoire que tu vois au travers de ta fen\u00eatre<\/p>\n<p>Apr\u00e8s avoir f\u00eat\u00e9 ses dix ans en 2014, PictoBello innove et change de formule. Au lieu du traditionnel synopsis servant \u00e0 inspirer les dessinateurs, ceux-ci sont invit\u00e9s cette ann\u00e9e \u00e0 suivre un \u00ab\u00a0mode op\u00e9ratoire\u00a0\u00bb &#8211; une s\u00e9rie d\u2019instructions &#8211; en trois \u00e9tapes.<\/p>\n<p>L\u2019id\u00e9e est de replacer le panneau, cette grande page blanche, au centre de PictoBello et de faire de chaque dessin<i> <\/i>une ouverture sur la ville.<\/p>\n<p>Au fil de sa promenade, le visiteur d\u00e9couvre ces sc\u00e8nes imaginaires se d\u00e9roulant dans l\u2019espace public.<\/p>\n<p>Les quatre auteurs du <a title=\"Collectif Caract\u00e8res mobiles\" href=\"http:\/\/www.caracteresmobiles.ch\" target=\"_blank\">Collectif Caract\u00e8res mobiles<\/a> sont pr\u00e9sents toute la journ\u00e9e pour imaginer des histoires inspir\u00e9es des dessins r\u00e9alis\u00e9s.<\/p>\n<p>En 2013, <a title=\"Catherine Favre\" href=\"http:\/\/www.caracteresmobiles.ch\/catherine-favre.html\" target=\"_blank\">Catherine Favre<\/a>, <a title=\"Mathias Howald\" href=\"http:\/\/www.caracteresmobiles.ch\/mathias-howald.html\" target=\"_blank\">Mathias Howald<\/a> et <a title=\"Fabienne Morales\" href=\"http:\/\/www.caracteresmobiles.ch\/fabienne-morales.html\" target=\"_blank\">Fabienne Morales<\/a> se rencontrent lors du Prix-Atelier Studer Ganz. Quelques mois plus tard, ils sont rejoints par <a title=\"Benjamin P\u00e9coud\" href=\"http:\/\/www.caracteresmobiles.ch\/benjamin-peacutecoud.html\" target=\"_blank\">Benjamin P\u00e9coud<\/a> pour pr\u00e9parer une lecture \u00e0 L-Imprimerie, \u00e0 Lausanne. Ensemble ils se fixent des contraintes d&rsquo;\u00e9criture et, le soir de la lecture, s&rsquo;essaient \u00e0 l&rsquo;\u00e9criture en direct. \u00c0 la suite de cette exp\u00e9rience, au printemps 2014, ils fondent le collectif Caract\u00e8res mobiles et organisent des kiosques litt\u00e9raires permettant de d\u00e9velopper une \u00e9criture performative, sur le vif.<\/p>\n<p><strong>Samedi 13 juin 2015 <\/strong><b>| Journ\u00e9e de cr\u00e9ation des dessins\u00a0:<\/b><\/p>\n<ul>\n<li>Public bienvenu d\u00e8s 10h00.<\/li>\n<li>Parcours libre. Vernissage \u00e0 la Grenette d\u00e8s 18h00 en pr\u00e9sence des dessinateurs.<\/li>\n<li>Sites : Place de l\u2019H\u00f4tel-de-Ville, Place du March\u00e9, Place de la Gare, Place Robin.<\/li>\n<li>En cas de pluie, les dessins sont r\u00e9alis\u00e9s sous la Grenette.<\/li>\n<li>Dessins \u00e0 d\u00e9couvrir jusqu\u2019au 4 juillet 2015.<\/li>\n<\/ul>\n<p><a href=\"http:\/\/www.pictobello.ch\/edition-2015\/wp-content\/uploads\/sites\/18\/2015\/04\/Carte-2015.jpg\"><img loading=\"lazy\" decoding=\"async\" alt=\"Carte 2015\" src=\"http:\/\/www.pictobello.ch\/edition-2015\/wp-content\/uploads\/sites\/18\/2015\/04\/Carte-2015.jpg\" width=\"575\" height=\"216\" \/><\/a><\/p>\n","protected":false},"excerpt":{"rendered":"<p>Pour la 12e \u00e9dition cons\u00e9cutive, PictoBello s\u2019immisce dans les rues de Vevey pour offrir au public et aux passants une bande-dessin\u00e9e g\u00e9ante ! Titre 2015 : Une fen\u00eatre sur la ville Instructions 1. Ton panneau est une fen\u00eatre 2. Inspire-toi de ce qui t\u2019entoure 3. Dessine l\u2019histoire que tu vois au travers de ta fen\u00eatre [&hellip;]<\/p>\n","protected":false},"author":1,"featured_media":0,"parent":0,"menu_order":2,"comment_status":"open","ping_status":"open","template":"","meta":{"_acf_changed":false,"_exactmetrics_skip_tracking":false,"_exactmetrics_sitenote_active":false,"_exactmetrics_sitenote_note":"","_exactmetrics_sitenote_category":0,"footnotes":""},"class_list":["post-5","page","type-page","status-publish","hentry"],"acf":[],"yoast_head":"<!-- This site is optimized with the Yoast SEO plugin v27.2 - https:\/\/yoast.com\/product\/yoast-seo-wordpress\/ -->\n<title>pratique - 2015<\/title>\n<meta name=\"robots\" content=\"index, follow, max-snippet:-1, max-image-preview:large, max-video-preview:-1\" \/>\n<link rel=\"canonical\" href=\"https:\/\/www.pictobello.ch\/edition-2015\/pratique\/\" \/>\n<meta name=\"twitter:label1\" content=\"Dur\u00e9e de lecture estim\u00e9e\" \/>\n\t<meta name=\"twitter:data1\" content=\"2 minutes\" \/>\n<script type=\"application\/ld+json\" class=\"yoast-schema-graph\">{\"@context\":\"https:\/\/schema.org\",\"@graph\":[{\"@type\":\"WebPage\",\"@id\":\"https:\/\/www.pictobello.ch\/edition-2015\/pratique\/\",\"url\":\"https:\/\/www.pictobello.ch\/edition-2015\/pratique\/\",\"name\":\"pratique - 2015\",\"isPartOf\":{\"@id\":\"https:\/\/www.pictobello.ch\/edition-2015\/#website\"},\"primaryImageOfPage\":{\"@id\":\"https:\/\/www.pictobello.ch\/edition-2015\/pratique\/#primaryimage\"},\"image\":{\"@id\":\"https:\/\/www.pictobello.ch\/edition-2015\/pratique\/#primaryimage\"},\"thumbnailUrl\":\"http:\/\/www.pictobello.ch\/edition-2015\/wp-content\/uploads\/sites\/18\/2015\/04\/logo-PictoBello-2015-Des-dessinateurs_petit.jpg\",\"datePublished\":\"2015-03-05T08:18:07+00:00\",\"dateModified\":\"2015-07-20T12:53:26+00:00\",\"breadcrumb\":{\"@id\":\"https:\/\/www.pictobello.ch\/edition-2015\/pratique\/#breadcrumb\"},\"inLanguage\":\"fr-FR\",\"potentialAction\":[{\"@type\":\"ReadAction\",\"target\":[\"https:\/\/www.pictobello.ch\/edition-2015\/pratique\/\"]}]},{\"@type\":\"ImageObject\",\"inLanguage\":\"fr-FR\",\"@id\":\"https:\/\/www.pictobello.ch\/edition-2015\/pratique\/#primaryimage\",\"url\":\"http:\/\/www.pictobello.ch\/edition-2015\/wp-content\/uploads\/sites\/18\/2015\/04\/logo-PictoBello-2015-Des-dessinateurs_petit.jpg\",\"contentUrl\":\"http:\/\/www.pictobello.ch\/edition-2015\/wp-content\/uploads\/sites\/18\/2015\/04\/logo-PictoBello-2015-Des-dessinateurs_petit.jpg\"},{\"@type\":\"BreadcrumbList\",\"@id\":\"https:\/\/www.pictobello.ch\/edition-2015\/pratique\/#breadcrumb\",\"itemListElement\":[{\"@type\":\"ListItem\",\"position\":1,\"name\":\"Accueil\",\"item\":\"https:\/\/www.pictobello.ch\/edition-2015\/\"},{\"@type\":\"ListItem\",\"position\":2,\"name\":\"pratique\"}]},{\"@type\":\"WebSite\",\"@id\":\"https:\/\/www.pictobello.ch\/edition-2015\/#website\",\"url\":\"https:\/\/www.pictobello.ch\/edition-2015\/\",\"name\":\"2015\",\"description\":\"\",\"potentialAction\":[{\"@type\":\"SearchAction\",\"target\":{\"@type\":\"EntryPoint\",\"urlTemplate\":\"https:\/\/www.pictobello.ch\/edition-2015\/?s={search_term_string}\"},\"query-input\":{\"@type\":\"PropertyValueSpecification\",\"valueRequired\":true,\"valueName\":\"search_term_string\"}}],\"inLanguage\":\"fr-FR\"}]}<\/script>\n<!-- \/ Yoast SEO plugin. -->","yoast_head_json":{"title":"pratique - 2015","robots":{"index":"index","follow":"follow","max-snippet":"max-snippet:-1","max-image-preview":"max-image-preview:large","max-video-preview":"max-video-preview:-1"},"canonical":"https:\/\/www.pictobello.ch\/edition-2015\/pratique\/","twitter_misc":{"Dur\u00e9e de lecture estim\u00e9e":"2 minutes"},"schema":{"@context":"https:\/\/schema.org","@graph":[{"@type":"WebPage","@id":"https:\/\/www.pictobello.ch\/edition-2015\/pratique\/","url":"https:\/\/www.pictobello.ch\/edition-2015\/pratique\/","name":"pratique - 2015","isPartOf":{"@id":"https:\/\/www.pictobello.ch\/edition-2015\/#website"},"primaryImageOfPage":{"@id":"https:\/\/www.pictobello.ch\/edition-2015\/pratique\/#primaryimage"},"image":{"@id":"https:\/\/www.pictobello.ch\/edition-2015\/pratique\/#primaryimage"},"thumbnailUrl":"http:\/\/www.pictobello.ch\/edition-2015\/wp-content\/uploads\/sites\/18\/2015\/04\/logo-PictoBello-2015-Des-dessinateurs_petit.jpg","datePublished":"2015-03-05T08:18:07+00:00","dateModified":"2015-07-20T12:53:26+00:00","breadcrumb":{"@id":"https:\/\/www.pictobello.ch\/edition-2015\/pratique\/#breadcrumb"},"inLanguage":"fr-FR","potentialAction":[{"@type":"ReadAction","target":["https:\/\/www.pictobello.ch\/edition-2015\/pratique\/"]}]},{"@type":"ImageObject","inLanguage":"fr-FR","@id":"https:\/\/www.pictobello.ch\/edition-2015\/pratique\/#primaryimage","url":"http:\/\/www.pictobello.ch\/edition-2015\/wp-content\/uploads\/sites\/18\/2015\/04\/logo-PictoBello-2015-Des-dessinateurs_petit.jpg","contentUrl":"http:\/\/www.pictobello.ch\/edition-2015\/wp-content\/uploads\/sites\/18\/2015\/04\/logo-PictoBello-2015-Des-dessinateurs_petit.jpg"},{"@type":"BreadcrumbList","@id":"https:\/\/www.pictobello.ch\/edition-2015\/pratique\/#breadcrumb","itemListElement":[{"@type":"ListItem","position":1,"name":"Accueil","item":"https:\/\/www.pictobello.ch\/edition-2015\/"},{"@type":"ListItem","position":2,"name":"pratique"}]},{"@type":"WebSite","@id":"https:\/\/www.pictobello.ch\/edition-2015\/#website","url":"https:\/\/www.pictobello.ch\/edition-2015\/","name":"2015","description":"","potentialAction":[{"@type":"SearchAction","target":{"@type":"EntryPoint","urlTemplate":"https:\/\/www.pictobello.ch\/edition-2015\/?s={search_term_string}"},"query-input":{"@type":"PropertyValueSpecification","valueRequired":true,"valueName":"search_term_string"}}],"inLanguage":"fr-FR"}]}},"_links":{"self":[{"href":"https:\/\/www.pictobello.ch\/edition-2015\/wp-json\/wp\/v2\/pages\/5","targetHints":{"allow":["GET"]}}],"collection":[{"href":"https:\/\/www.pictobello.ch\/edition-2015\/wp-json\/wp\/v2\/pages"}],"about":[{"href":"https:\/\/www.pictobello.ch\/edition-2015\/wp-json\/wp\/v2\/types\/page"}],"author":[{"embeddable":true,"href":"https:\/\/www.pictobello.ch\/edition-2015\/wp-json\/wp\/v2\/users\/1"}],"replies":[{"embeddable":true,"href":"https:\/\/www.pictobello.ch\/edition-2015\/wp-json\/wp\/v2\/comments?post=5"}],"version-history":[{"count":9,"href":"https:\/\/www.pictobello.ch\/edition-2015\/wp-json\/wp\/v2\/pages\/5\/revisions"}],"predecessor-version":[{"id":180,"href":"https:\/\/www.pictobello.ch\/edition-2015\/wp-json\/wp\/v2\/pages\/5\/revisions\/180"}],"wp:attachment":[{"href":"https:\/\/www.pictobello.ch\/edition-2015\/wp-json\/wp\/v2\/media?parent=5"}],"curies":[{"name":"wp","href":"https:\/\/api.w.org\/{rel}","templated":true}]}}