{"id":7,"date":"2015-03-05T09:18:07","date_gmt":"2015-03-05T08:18:07","guid":{"rendered":"http:\/\/www.pictobello.ch\/edition-2015\/dessins\/"},"modified":"2015-07-20T14:53:39","modified_gmt":"2015-07-20T12:53:39","slug":"dessins","status":"publish","type":"page","link":"https:\/\/www.pictobello.ch\/edition-2015\/dessins\/","title":{"rendered":"dessins"},"content":{"rendered":"\n\t\t<style type=\"text\/css\">\n\t\t\t#gallery-1 {\n\t\t\t\tmargin: auto;\n\t\t\t}\n\t\t\t#gallery-1 .gallery-item {\n\t\t\t\tfloat: left;\n\t\t\t\tmargin-top: 10px;\n\t\t\t\ttext-align: center;\n\t\t\t\twidth: 33%;\n\t\t\t}\n\t\t\t#gallery-1 img {\n\t\t\t\tborder: 2px solid #cfcfcf;\n\t\t\t}\n\t\t\t#gallery-1 .gallery-caption {\n\t\t\t\tmargin-left: 0;\n\t\t\t}\n\t\t\t\/* see gallery_shortcode() in wp-includes\/media.php *\/\n\t\t<\/style>\n\t\t<div id='gallery-1' class='gallery galleryid-7 gallery-columns-3 gallery-size-thumbnail'><dl class='gallery-item'>\n\t\t\t<dt class='gallery-icon landscape'>\n\t\t\t\t<a href='https:\/\/www.pictobello.ch\/edition-2015\/dessins\/pictobello-2015-vevey-120\/'><img loading=\"lazy\" decoding=\"async\" width=\"150\" height=\"150\" src=\"https:\/\/www.pictobello.ch\/edition-2015\/wp-content\/uploads\/sites\/18\/2015\/03\/Raymond_Burki-150x150.jpg\" class=\"attachment-thumbnail size-thumbnail\" alt=\"\" aria-describedby=\"gallery-1-372\" \/><\/a>\n\t\t\t<\/dt>\n\t\t\t\t<dd class='wp-caption-text gallery-caption' id='gallery-1-372'>\n\t\t\t\tRaymond Burki &#8211; Place Robin\n\t\t\t\t<\/dd><\/dl><dl class='gallery-item'>\n\t\t\t<dt class='gallery-icon landscape'>\n\t\t\t\t<a href='https:\/\/www.pictobello.ch\/edition-2015\/dessins\/pictobello-2015-vevey-106\/'><img loading=\"lazy\" decoding=\"async\" width=\"150\" height=\"150\" src=\"https:\/\/www.pictobello.ch\/edition-2015\/wp-content\/uploads\/sites\/18\/2015\/03\/Albertine-150x150.jpg\" class=\"attachment-thumbnail size-thumbnail\" alt=\"\" aria-describedby=\"gallery-1-358\" \/><\/a>\n\t\t\t<\/dt>\n\t\t\t\t<dd class='wp-caption-text gallery-caption' id='gallery-1-358'>\n\t\t\t\tAlbertine &#8211; Place Robin\n\t\t\t\t<\/dd><\/dl><dl class='gallery-item'>\n\t\t\t<dt class='gallery-icon landscape'>\n\t\t\t\t<a href='https:\/\/www.pictobello.ch\/edition-2015\/dessins\/pictobello-2015-vevey-112\/'><img loading=\"lazy\" decoding=\"async\" width=\"150\" height=\"150\" src=\"https:\/\/www.pictobello.ch\/edition-2015\/wp-content\/uploads\/sites\/18\/2015\/03\/Jean-Michel_Bertoyas-150x150.jpg\" class=\"attachment-thumbnail size-thumbnail\" alt=\"\" aria-describedby=\"gallery-1-364\" \/><\/a>\n\t\t\t<\/dt>\n\t\t\t\t<dd class='wp-caption-text gallery-caption' id='gallery-1-364'>\n\t\t\t\tJean-Michel Bertoyas &#8211; Place de la Gare\n\t\t\t\t<\/dd><\/dl><br style=\"clear: both\" \/><dl class='gallery-item'>\n\t\t\t<dt class='gallery-icon landscape'>\n\t\t\t\t<a href='https:\/\/www.pictobello.ch\/edition-2015\/dessins\/pictobello-2015-vevey-108\/'><img loading=\"lazy\" decoding=\"async\" width=\"150\" height=\"150\" src=\"https:\/\/www.pictobello.ch\/edition-2015\/wp-content\/uploads\/sites\/18\/2015\/03\/Chloe_Demetriades-150x150.jpg\" class=\"attachment-thumbnail size-thumbnail\" alt=\"\" aria-describedby=\"gallery-1-360\" \/><\/a>\n\t\t\t<\/dt>\n\t\t\t\t<dd class='wp-caption-text gallery-caption' id='gallery-1-360'>\n\t\t\t\tChlo\u00e9 D\u00e9m\u00e9triad\u00e8s &#8211; Place de l&rsquo;H\u00f4tel-de-Ville\n\t\t\t\t<\/dd><\/dl><dl class='gallery-item'>\n\t\t\t<dt class='gallery-icon landscape'>\n\t\t\t\t<a href='https:\/\/www.pictobello.ch\/edition-2015\/dessins\/pictobello-2015-vevey-116\/'><img loading=\"lazy\" decoding=\"async\" width=\"150\" height=\"150\" src=\"https:\/\/www.pictobello.ch\/edition-2015\/wp-content\/uploads\/sites\/18\/2015\/03\/Margaux_Duseigneur-150x150.jpg\" class=\"attachment-thumbnail size-thumbnail\" alt=\"\" aria-describedby=\"gallery-1-368\" \/><\/a>\n\t\t\t<\/dt>\n\t\t\t\t<dd class='wp-caption-text gallery-caption' id='gallery-1-368'>\n\t\t\t\tMargaux Duseigneur &#8211; Place de la Gare\n\t\t\t\t<\/dd><\/dl><dl class='gallery-item'>\n\t\t\t<dt class='gallery-icon landscape'>\n\t\t\t\t<a href='https:\/\/www.pictobello.ch\/edition-2015\/dessins\/pictobello-2015-vevey-122\/'><img loading=\"lazy\" decoding=\"async\" width=\"150\" height=\"150\" src=\"https:\/\/www.pictobello.ch\/edition-2015\/wp-content\/uploads\/sites\/18\/2015\/03\/Thomas_Gosselin-150x150.jpg\" class=\"attachment-thumbnail size-thumbnail\" alt=\"\" aria-describedby=\"gallery-1-374\" \/><\/a>\n\t\t\t<\/dt>\n\t\t\t\t<dd class='wp-caption-text gallery-caption' id='gallery-1-374'>\n\t\t\t\tThomas Gosselin &#8211; Place de la Gare\n\t\t\t\t<\/dd><\/dl><br style=\"clear: both\" \/><dl class='gallery-item'>\n\t\t\t<dt class='gallery-icon landscape'>\n\t\t\t\t<a href='https:\/\/www.pictobello.ch\/edition-2015\/dessins\/pictobello-2015-vevey-125\/'><img loading=\"lazy\" decoding=\"async\" width=\"150\" height=\"150\" src=\"https:\/\/www.pictobello.ch\/edition-2015\/wp-content\/uploads\/sites\/18\/2015\/03\/Victor_Hussenot-150x150.jpg\" class=\"attachment-thumbnail size-thumbnail\" alt=\"\" aria-describedby=\"gallery-1-377\" \/><\/a>\n\t\t\t<\/dt>\n\t\t\t\t<dd class='wp-caption-text gallery-caption' id='gallery-1-377'>\n\t\t\t\tVictor Hussenot &#8211; Place de la Gare\n\t\t\t\t<\/dd><\/dl><dl class='gallery-item'>\n\t\t\t<dt class='gallery-icon landscape'>\n\t\t\t\t<a href='https:\/\/www.pictobello.ch\/edition-2015\/dessins\/pictobello-2015-vevey-107\/'><img loading=\"lazy\" decoding=\"async\" width=\"150\" height=\"150\" src=\"https:\/\/www.pictobello.ch\/edition-2015\/wp-content\/uploads\/sites\/18\/2015\/03\/Antoine_Marchalot-150x150.jpg\" class=\"attachment-thumbnail size-thumbnail\" alt=\"\" aria-describedby=\"gallery-1-359\" \/><\/a>\n\t\t\t<\/dt>\n\t\t\t\t<dd class='wp-caption-text gallery-caption' id='gallery-1-359'>\n\t\t\t\tAntoine Marchalot &#8211; Place de la Gare\n\t\t\t\t<\/dd><\/dl><dl class='gallery-item'>\n\t\t\t<dt class='gallery-icon landscape'>\n\t\t\t\t<a href='https:\/\/www.pictobello.ch\/edition-2015\/dessins\/pictobello-2015-vevey-114\/'><img loading=\"lazy\" decoding=\"async\" width=\"150\" height=\"150\" src=\"https:\/\/www.pictobello.ch\/edition-2015\/wp-content\/uploads\/sites\/18\/2015\/03\/Leon_Maret-150x150.jpg\" class=\"attachment-thumbnail size-thumbnail\" alt=\"\" aria-describedby=\"gallery-1-366\" \/><\/a>\n\t\t\t<\/dt>\n\t\t\t\t<dd class='wp-caption-text gallery-caption' id='gallery-1-366'>\n\t\t\t\tL\u00e9on Maret &#8211; Place du March\u00e9\n\t\t\t\t<\/dd><\/dl><br style=\"clear: both\" \/><dl class='gallery-item'>\n\t\t\t<dt class='gallery-icon landscape'>\n\t\t\t\t<a href='https:\/\/www.pictobello.ch\/edition-2015\/dessins\/pictobello-2015-vevey-113\/'><img loading=\"lazy\" decoding=\"async\" width=\"150\" height=\"150\" src=\"https:\/\/www.pictobello.ch\/edition-2015\/wp-content\/uploads\/sites\/18\/2015\/03\/Jeremy_Piningre-150x150.jpg\" class=\"attachment-thumbnail size-thumbnail\" alt=\"\" aria-describedby=\"gallery-1-365\" \/><\/a>\n\t\t\t<\/dt>\n\t\t\t\t<dd class='wp-caption-text gallery-caption' id='gallery-1-365'>\n\t\t\t\tJ\u00e9r\u00e9my Piningre &#8211; Place du March\u00e9\n\t\t\t\t<\/dd><\/dl><dl class='gallery-item'>\n\t\t\t<dt class='gallery-icon landscape'>\n\t\t\t\t<a href='https:\/\/www.pictobello.ch\/edition-2015\/dessins\/pictobello-2015-vevey-121\/'><img loading=\"lazy\" decoding=\"async\" width=\"150\" height=\"150\" src=\"https:\/\/www.pictobello.ch\/edition-2015\/wp-content\/uploads\/sites\/18\/2015\/03\/Ruppert_et_Mulot-150x150.jpg\" class=\"attachment-thumbnail size-thumbnail\" alt=\"\" aria-describedby=\"gallery-1-373\" \/><\/a>\n\t\t\t<\/dt>\n\t\t\t\t<dd class='wp-caption-text gallery-caption' id='gallery-1-373'>\n\t\t\t\tFlorent Ruppert &#038; J\u00e9r\u00f4me Mulot &#8211; Place du March\u00e9\n\t\t\t\t<\/dd><\/dl><dl class='gallery-item'>\n\t\t\t<dt class='gallery-icon landscape'>\n\t\t\t\t<a href='https:\/\/www.pictobello.ch\/edition-2015\/dessins\/pictobello-2015-vevey-119\/'><img loading=\"lazy\" decoding=\"async\" width=\"150\" height=\"150\" src=\"https:\/\/www.pictobello.ch\/edition-2015\/wp-content\/uploads\/sites\/18\/2015\/03\/Nicola_Sartorio-150x150.jpg\" class=\"attachment-thumbnail size-thumbnail\" alt=\"\" aria-describedby=\"gallery-1-371\" \/><\/a>\n\t\t\t<\/dt>\n\t\t\t\t<dd class='wp-caption-text gallery-caption' id='gallery-1-371'>\n\t\t\t\tNicola Sartoria &#8211; Place de l&rsquo;H\u00f4tel-de-Ville\n\t\t\t\t<\/dd><\/dl><br style=\"clear: both\" \/><dl class='gallery-item'>\n\t\t\t<dt class='gallery-icon landscape'>\n\t\t\t\t<a href='https:\/\/www.pictobello.ch\/edition-2015\/dessins\/pictobello-2015-vevey-123\/'><img loading=\"lazy\" decoding=\"async\" width=\"150\" height=\"150\" src=\"https:\/\/www.pictobello.ch\/edition-2015\/wp-content\/uploads\/sites\/18\/2015\/03\/Tina_Schwizgebel-Wang-150x150.jpg\" class=\"attachment-thumbnail size-thumbnail\" alt=\"\" aria-describedby=\"gallery-1-375\" \/><\/a>\n\t\t\t<\/dt>\n\t\t\t\t<dd class='wp-caption-text gallery-caption' id='gallery-1-375'>\n\t\t\t\tTina Schwizgebel-Wang &#8211; Place Robin\n\t\t\t\t<\/dd><\/dl><dl class='gallery-item'>\n\t\t\t<dt class='gallery-icon landscape'>\n\t\t\t\t<a href='https:\/\/www.pictobello.ch\/edition-2015\/dessins\/pictobello-2015-vevey-117\/'><img loading=\"lazy\" decoding=\"async\" width=\"150\" height=\"150\" src=\"https:\/\/www.pictobello.ch\/edition-2015\/wp-content\/uploads\/sites\/18\/2015\/03\/Nana_Sjoblom-150x150.jpg\" class=\"attachment-thumbnail size-thumbnail\" alt=\"\" aria-describedby=\"gallery-1-369\" \/><\/a>\n\t\t\t<\/dt>\n\t\t\t\t<dd class='wp-caption-text gallery-caption' id='gallery-1-369'>\n\t\t\t\tNana Sj\u00f6blom &#8211; Place de l&rsquo;H\u00f4tel-de-Ville\n\t\t\t\t<\/dd><\/dl><dl class='gallery-item'>\n\t\t\t<dt class='gallery-icon landscape'>\n\t\t\t\t<a href='https:\/\/www.pictobello.ch\/edition-2015\/dessins\/pictobello-2015-vevey-111\/'><img loading=\"lazy\" decoding=\"async\" width=\"150\" height=\"150\" src=\"https:\/\/www.pictobello.ch\/edition-2015\/wp-content\/uploads\/sites\/18\/2015\/03\/Ismael_Taha-150x150.jpg\" class=\"attachment-thumbnail size-thumbnail\" alt=\"\" aria-describedby=\"gallery-1-363\" \/><\/a>\n\t\t\t<\/dt>\n\t\t\t\t<dd class='wp-caption-text gallery-caption' id='gallery-1-363'>\n\t\t\t\tIsma\u00ebl Taha &#8211; Place Robin\n\t\t\t\t<\/dd><\/dl><br style=\"clear: both\" \/><dl class='gallery-item'>\n\t\t\t<dt class='gallery-icon landscape'>\n\t\t\t\t<a href='https:\/\/www.pictobello.ch\/edition-2015\/dessins\/pictobello-2015-vevey-124\/'><img loading=\"lazy\" decoding=\"async\" width=\"150\" height=\"150\" src=\"https:\/\/www.pictobello.ch\/edition-2015\/wp-content\/uploads\/sites\/18\/2015\/03\/Vamille-150x150.jpg\" class=\"attachment-thumbnail size-thumbnail\" alt=\"\" aria-describedby=\"gallery-1-376\" \/><\/a>\n\t\t\t<\/dt>\n\t\t\t\t<dd class='wp-caption-text gallery-caption' id='gallery-1-376'>\n\t\t\t\tVamille &#8211; Place du March\u00e9\n\t\t\t\t<\/dd><\/dl><dl class='gallery-item'>\n\t\t\t<dt class='gallery-icon landscape'>\n\t\t\t\t<a href='https:\/\/www.pictobello.ch\/edition-2015\/dessins\/pictobello-2015-vevey-109\/'><img loading=\"lazy\" decoding=\"async\" width=\"150\" height=\"150\" src=\"https:\/\/www.pictobello.ch\/edition-2015\/wp-content\/uploads\/sites\/18\/2015\/03\/Fanny_Vaucher-150x150.jpg\" class=\"attachment-thumbnail size-thumbnail\" alt=\"\" aria-describedby=\"gallery-1-361\" \/><\/a>\n\t\t\t<\/dt>\n\t\t\t\t<dd class='wp-caption-text gallery-caption' id='gallery-1-361'>\n\t\t\t\tFanny Vaucher &#8211; Place du March\u00e9\n\t\t\t\t<\/dd><\/dl><dl class='gallery-item'>\n\t\t\t<dt class='gallery-icon landscape'>\n\t\t\t\t<a href='https:\/\/www.pictobello.ch\/edition-2015\/dessins\/pictobello-2015-vevey-118\/'><img loading=\"lazy\" decoding=\"async\" width=\"150\" height=\"150\" src=\"https:\/\/www.pictobello.ch\/edition-2015\/wp-content\/uploads\/sites\/18\/2015\/03\/Natacha_Veen-150x150.jpg\" class=\"attachment-thumbnail size-thumbnail\" alt=\"\" aria-describedby=\"gallery-1-370\" \/><\/a>\n\t\t\t<\/dt>\n\t\t\t\t<dd class='wp-caption-text gallery-caption' id='gallery-1-370'>\n\t\t\t\tNatacha Veen &#8211; Place de l&rsquo;H\u00f4tel-de-Ville\n\t\t\t\t<\/dd><\/dl><br style=\"clear: both\" \/><dl class='gallery-item'>\n\t\t\t<dt class='gallery-icon landscape'>\n\t\t\t\t<a href='https:\/\/www.pictobello.ch\/edition-2015\/dessins\/pictobello-2015-vevey-110\/'><img loading=\"lazy\" decoding=\"async\" width=\"150\" height=\"150\" src=\"https:\/\/www.pictobello.ch\/edition-2015\/wp-content\/uploads\/sites\/18\/2015\/03\/Gaelle_Vejlupek-150x150.jpg\" class=\"attachment-thumbnail size-thumbnail\" alt=\"\" aria-describedby=\"gallery-1-362\" \/><\/a>\n\t\t\t<\/dt>\n\t\t\t\t<dd class='wp-caption-text gallery-caption' id='gallery-1-362'>\n\t\t\t\tGa\u00eblle Vejlupek &#8211; Place de l&rsquo;H\u00f4tel-de-Ville\n\t\t\t\t<\/dd><\/dl><dl class='gallery-item'>\n\t\t\t<dt class='gallery-icon landscape'>\n\t\t\t\t<a href='https:\/\/www.pictobello.ch\/edition-2015\/dessins\/pictobello-2015-vevey-115\/'><img loading=\"lazy\" decoding=\"async\" width=\"150\" height=\"150\" src=\"https:\/\/www.pictobello.ch\/edition-2015\/wp-content\/uploads\/sites\/18\/2015\/03\/Lisa_Voisard-150x150.jpg\" class=\"attachment-thumbnail size-thumbnail\" alt=\"\" aria-describedby=\"gallery-1-367\" \/><\/a>\n\t\t\t<\/dt>\n\t\t\t\t<dd class='wp-caption-text gallery-caption' id='gallery-1-367'>\n\t\t\t\tLisa Voisard &#8211; Place Robin\n\t\t\t\t<\/dd><\/dl>\n\t\t\t<br style='clear: both' \/>\n\t\t<\/div>\n\n<p>La journ\u00e9e de cr\u00e9ation des dessins a lieu <strong>le samedi 13 juin 2015<\/strong>, d\u00e8s 10 heures.<\/p>\n<p>Les dessins seront visibles sur cette page<strong> d\u00e8s le lundi 15 juin 2015<\/strong>.<\/p>\n","protected":false},"excerpt":{"rendered":"<p>La journ\u00e9e de cr\u00e9ation des dessins a lieu le samedi 13 juin 2015, d\u00e8s 10 heures. Les dessins seront visibles sur cette page d\u00e8s le lundi 15 juin 2015.<\/p>\n","protected":false},"author":1,"featured_media":0,"parent":0,"menu_order":4,"comment_status":"open","ping_status":"open","template":"page-photos.php","meta":{"_acf_changed":false,"_exactmetrics_skip_tracking":false,"_exactmetrics_sitenote_active":false,"_exactmetrics_sitenote_note":"","_exactmetrics_sitenote_category":0,"footnotes":""},"class_list":["post-7","page","type-page","status-publish","hentry"],"acf":[],"yoast_head":"<!-- This site is optimized with the Yoast SEO plugin v27.2 - https:\/\/yoast.com\/product\/yoast-seo-wordpress\/ -->\n<title>dessins - 2015<\/title>\n<meta name=\"robots\" content=\"index, follow, max-snippet:-1, max-image-preview:large, max-video-preview:-1\" \/>\n<link rel=\"canonical\" href=\"https:\/\/www.pictobello.ch\/edition-2015\/dessins\/\" \/>\n<script type=\"application\/ld+json\" class=\"yoast-schema-graph\">{\"@context\":\"https:\/\/schema.org\",\"@graph\":[{\"@type\":\"WebPage\",\"@id\":\"https:\/\/www.pictobello.ch\/edition-2015\/dessins\/\",\"url\":\"https:\/\/www.pictobello.ch\/edition-2015\/dessins\/\",\"name\":\"dessins - 2015\",\"isPartOf\":{\"@id\":\"https:\/\/www.pictobello.ch\/edition-2015\/#website\"},\"datePublished\":\"2015-03-05T08:18:07+00:00\",\"dateModified\":\"2015-07-20T12:53:39+00:00\",\"breadcrumb\":{\"@id\":\"https:\/\/www.pictobello.ch\/edition-2015\/dessins\/#breadcrumb\"},\"inLanguage\":\"fr-FR\",\"potentialAction\":[{\"@type\":\"ReadAction\",\"target\":[\"https:\/\/www.pictobello.ch\/edition-2015\/dessins\/\"]}]},{\"@type\":\"BreadcrumbList\",\"@id\":\"https:\/\/www.pictobello.ch\/edition-2015\/dessins\/#breadcrumb\",\"itemListElement\":[{\"@type\":\"ListItem\",\"position\":1,\"name\":\"Accueil\",\"item\":\"https:\/\/www.pictobello.ch\/edition-2015\/\"},{\"@type\":\"ListItem\",\"position\":2,\"name\":\"dessins\"}]},{\"@type\":\"WebSite\",\"@id\":\"https:\/\/www.pictobello.ch\/edition-2015\/#website\",\"url\":\"https:\/\/www.pictobello.ch\/edition-2015\/\",\"name\":\"2015\",\"description\":\"\",\"potentialAction\":[{\"@type\":\"SearchAction\",\"target\":{\"@type\":\"EntryPoint\",\"urlTemplate\":\"https:\/\/www.pictobello.ch\/edition-2015\/?s={search_term_string}\"},\"query-input\":{\"@type\":\"PropertyValueSpecification\",\"valueRequired\":true,\"valueName\":\"search_term_string\"}}],\"inLanguage\":\"fr-FR\"}]}<\/script>\n<!-- \/ Yoast SEO plugin. -->","yoast_head_json":{"title":"dessins - 2015","robots":{"index":"index","follow":"follow","max-snippet":"max-snippet:-1","max-image-preview":"max-image-preview:large","max-video-preview":"max-video-preview:-1"},"canonical":"https:\/\/www.pictobello.ch\/edition-2015\/dessins\/","schema":{"@context":"https:\/\/schema.org","@graph":[{"@type":"WebPage","@id":"https:\/\/www.pictobello.ch\/edition-2015\/dessins\/","url":"https:\/\/www.pictobello.ch\/edition-2015\/dessins\/","name":"dessins - 2015","isPartOf":{"@id":"https:\/\/www.pictobello.ch\/edition-2015\/#website"},"datePublished":"2015-03-05T08:18:07+00:00","dateModified":"2015-07-20T12:53:39+00:00","breadcrumb":{"@id":"https:\/\/www.pictobello.ch\/edition-2015\/dessins\/#breadcrumb"},"inLanguage":"fr-FR","potentialAction":[{"@type":"ReadAction","target":["https:\/\/www.pictobello.ch\/edition-2015\/dessins\/"]}]},{"@type":"BreadcrumbList","@id":"https:\/\/www.pictobello.ch\/edition-2015\/dessins\/#breadcrumb","itemListElement":[{"@type":"ListItem","position":1,"name":"Accueil","item":"https:\/\/www.pictobello.ch\/edition-2015\/"},{"@type":"ListItem","position":2,"name":"dessins"}]},{"@type":"WebSite","@id":"https:\/\/www.pictobello.ch\/edition-2015\/#website","url":"https:\/\/www.pictobello.ch\/edition-2015\/","name":"2015","description":"","potentialAction":[{"@type":"SearchAction","target":{"@type":"EntryPoint","urlTemplate":"https:\/\/www.pictobello.ch\/edition-2015\/?s={search_term_string}"},"query-input":{"@type":"PropertyValueSpecification","valueRequired":true,"valueName":"search_term_string"}}],"inLanguage":"fr-FR"}]}},"_links":{"self":[{"href":"https:\/\/www.pictobello.ch\/edition-2015\/wp-json\/wp\/v2\/pages\/7","targetHints":{"allow":["GET"]}}],"collection":[{"href":"https:\/\/www.pictobello.ch\/edition-2015\/wp-json\/wp\/v2\/pages"}],"about":[{"href":"https:\/\/www.pictobello.ch\/edition-2015\/wp-json\/wp\/v2\/types\/page"}],"author":[{"embeddable":true,"href":"https:\/\/www.pictobello.ch\/edition-2015\/wp-json\/wp\/v2\/users\/1"}],"replies":[{"embeddable":true,"href":"https:\/\/www.pictobello.ch\/edition-2015\/wp-json\/wp\/v2\/comments?post=7"}],"version-history":[{"count":5,"href":"https:\/\/www.pictobello.ch\/edition-2015\/wp-json\/wp\/v2\/pages\/7\/revisions"}],"predecessor-version":[{"id":378,"href":"https:\/\/www.pictobello.ch\/edition-2015\/wp-json\/wp\/v2\/pages\/7\/revisions\/378"}],"wp:attachment":[{"href":"https:\/\/www.pictobello.ch\/edition-2015\/wp-json\/wp\/v2\/media?parent=7"}],"curies":[{"name":"wp","href":"https:\/\/api.w.org\/{rel}","templated":true}]}}