{"id":9,"date":"2015-03-05T09:18:07","date_gmt":"2015-03-05T08:18:07","guid":{"rendered":"http:\/\/www.pictobello.ch\/edition-2015\/graphisme\/"},"modified":"2015-07-20T14:53:26","modified_gmt":"2015-07-20T12:53:26","slug":"graphisme","status":"publish","type":"page","link":"https:\/\/www.pictobello.ch\/edition-2015\/graphisme\/","title":{"rendered":"graphisme"},"content":{"rendered":"<p>Le visuel de l&rsquo;\u00e9dition 2015 a \u00e9t\u00e9 r\u00e9alis\u00e9 par l&rsquo;artiste genevoise <a title=\"Albertine\" href=\"http:\/\/albertine.ch\/\" target=\"_blank\">Albertine<\/a>. Le graphisme a \u00e9t\u00e9 confi\u00e9 \u00e0 l&rsquo;artiste vaudoise <a title=\"Estelle Bourdet\" href=\"http:\/\/estellebourdet.ch\/\" target=\"_blank\">Estelle Bourdet<\/a>.<\/p>\n<p>Quelques croquis et premi\u00e8res pistes ci-dessous.<\/p>\n<p><a href=\"http:\/\/www.pictobello.ch\/edition-2015\/wp-content\/uploads\/sites\/18\/2015\/04\/Pictobello-1_petit.jpg\"><img loading=\"lazy\" decoding=\"async\" class=\"wp-image-64 alignnone\" alt=\"Pictobello 1_petit\" src=\"http:\/\/www.pictobello.ch\/edition-2015\/wp-content\/uploads\/sites\/18\/2015\/04\/Pictobello-1_petit.jpg\" width=\"248\" height=\"315\" srcset=\"https:\/\/www.pictobello.ch\/edition-2015\/wp-content\/uploads\/sites\/18\/2015\/04\/Pictobello-1_petit.jpg 2465w, https:\/\/www.pictobello.ch\/edition-2015\/wp-content\/uploads\/sites\/18\/2015\/04\/Pictobello-1_petit-236x300.jpg 236w, https:\/\/www.pictobello.ch\/edition-2015\/wp-content\/uploads\/sites\/18\/2015\/04\/Pictobello-1_petit-808x1024.jpg 808w, https:\/\/www.pictobello.ch\/edition-2015\/wp-content\/uploads\/sites\/18\/2015\/04\/Pictobello-1_petit-260x329.jpg 260w, https:\/\/www.pictobello.ch\/edition-2015\/wp-content\/uploads\/sites\/18\/2015\/04\/Pictobello-1_petit-575x728.jpg 575w\" sizes=\"auto, (max-width: 248px) 100vw, 248px\" \/><\/a>\u00a0<a href=\"http:\/\/www.pictobello.ch\/edition-2015\/wp-content\/uploads\/sites\/18\/2015\/04\/Pictobello-2_petit.jpg\"><img loading=\"lazy\" decoding=\"async\" class=\"wp-image-65 alignnone\" alt=\"Pictobello 2_petit\" src=\"http:\/\/www.pictobello.ch\/edition-2015\/wp-content\/uploads\/sites\/18\/2015\/04\/Pictobello-2_petit.jpg\" width=\"248\" height=\"315\" srcset=\"https:\/\/www.pictobello.ch\/edition-2015\/wp-content\/uploads\/sites\/18\/2015\/04\/Pictobello-2_petit.jpg 2465w, https:\/\/www.pictobello.ch\/edition-2015\/wp-content\/uploads\/sites\/18\/2015\/04\/Pictobello-2_petit-236x300.jpg 236w, https:\/\/www.pictobello.ch\/edition-2015\/wp-content\/uploads\/sites\/18\/2015\/04\/Pictobello-2_petit-808x1024.jpg 808w, https:\/\/www.pictobello.ch\/edition-2015\/wp-content\/uploads\/sites\/18\/2015\/04\/Pictobello-2_petit-260x329.jpg 260w, https:\/\/www.pictobello.ch\/edition-2015\/wp-content\/uploads\/sites\/18\/2015\/04\/Pictobello-2_petit-575x728.jpg 575w\" sizes=\"auto, (max-width: 248px) 100vw, 248px\" \/><\/a><\/p>\n<p>&nbsp;<\/p>\n<p><a href=\"http:\/\/www.pictobello.ch\/edition-2015\/wp-content\/uploads\/sites\/18\/2015\/04\/F4_2\u00e8me-essai_petit.jpg\"><img loading=\"lazy\" decoding=\"async\" class=\"alignnone\" alt=\"F4_2\u00e8me essai_petit\" src=\"http:\/\/www.pictobello.ch\/edition-2015\/wp-content\/uploads\/sites\/18\/2015\/04\/F4_2\u00e8me-essai_petit.jpg\" width=\"335\" height=\"478\" \/><\/a><\/p>\n<p>&nbsp;<\/p>\n<p><a href=\"http:\/\/www.pictobello.ch\/edition-2015\/wp-content\/uploads\/sites\/18\/2015\/04\/F4_1er-essai_petit.jpg\"><img loading=\"lazy\" decoding=\"async\" class=\"alignnone\" alt=\"F4_1er essai_petit\" src=\"http:\/\/www.pictobello.ch\/edition-2015\/wp-content\/uploads\/sites\/18\/2015\/04\/F4_1er-essai_petit.jpg\" width=\"335\" height=\"478\" \/><\/a><\/p>\n<p>&nbsp;<\/p>\n","protected":false},"excerpt":{"rendered":"<p>Le visuel de l&rsquo;\u00e9dition 2015 a \u00e9t\u00e9 r\u00e9alis\u00e9 par l&rsquo;artiste genevoise Albertine. Le graphisme a \u00e9t\u00e9 confi\u00e9 \u00e0 l&rsquo;artiste vaudoise Estelle Bourdet. Quelques croquis et premi\u00e8res pistes ci-dessous. \u00a0 &nbsp; &nbsp; &nbsp;<\/p>\n","protected":false},"author":1,"featured_media":0,"parent":0,"menu_order":7,"comment_status":"open","ping_status":"open","template":"","meta":{"_acf_changed":false,"_exactmetrics_skip_tracking":false,"_exactmetrics_sitenote_active":false,"_exactmetrics_sitenote_note":"","_exactmetrics_sitenote_category":0,"footnotes":""},"class_list":["post-9","page","type-page","status-publish","hentry"],"acf":[],"yoast_head":"<!-- This site is optimized with the Yoast SEO plugin v27.4 - https:\/\/yoast.com\/product\/yoast-seo-wordpress\/ -->\n<title>graphisme - 2015<\/title>\n<meta name=\"robots\" content=\"index, follow, max-snippet:-1, max-image-preview:large, max-video-preview:-1\" \/>\n<link rel=\"canonical\" href=\"https:\/\/www.pictobello.ch\/edition-2015\/graphisme\/\" \/>\n<script type=\"application\/ld+json\" class=\"yoast-schema-graph\">{\"@context\":\"https:\\\/\\\/schema.org\",\"@graph\":[{\"@type\":\"WebPage\",\"@id\":\"https:\\\/\\\/www.pictobello.ch\\\/edition-2015\\\/graphisme\\\/\",\"url\":\"https:\\\/\\\/www.pictobello.ch\\\/edition-2015\\\/graphisme\\\/\",\"name\":\"graphisme - 2015\",\"isPartOf\":{\"@id\":\"https:\\\/\\\/www.pictobello.ch\\\/edition-2015\\\/#website\"},\"primaryImageOfPage\":{\"@id\":\"https:\\\/\\\/www.pictobello.ch\\\/edition-2015\\\/graphisme\\\/#primaryimage\"},\"image\":{\"@id\":\"https:\\\/\\\/www.pictobello.ch\\\/edition-2015\\\/graphisme\\\/#primaryimage\"},\"thumbnailUrl\":\"http:\\\/\\\/www.pictobello.ch\\\/edition-2015\\\/wp-content\\\/uploads\\\/sites\\\/18\\\/2015\\\/04\\\/Pictobello-1_petit.jpg\",\"datePublished\":\"2015-03-05T08:18:07+00:00\",\"dateModified\":\"2015-07-20T12:53:26+00:00\",\"breadcrumb\":{\"@id\":\"https:\\\/\\\/www.pictobello.ch\\\/edition-2015\\\/graphisme\\\/#breadcrumb\"},\"inLanguage\":\"fr-FR\",\"potentialAction\":[{\"@type\":\"ReadAction\",\"target\":[\"https:\\\/\\\/www.pictobello.ch\\\/edition-2015\\\/graphisme\\\/\"]}]},{\"@type\":\"ImageObject\",\"inLanguage\":\"fr-FR\",\"@id\":\"https:\\\/\\\/www.pictobello.ch\\\/edition-2015\\\/graphisme\\\/#primaryimage\",\"url\":\"http:\\\/\\\/www.pictobello.ch\\\/edition-2015\\\/wp-content\\\/uploads\\\/sites\\\/18\\\/2015\\\/04\\\/Pictobello-1_petit.jpg\",\"contentUrl\":\"http:\\\/\\\/www.pictobello.ch\\\/edition-2015\\\/wp-content\\\/uploads\\\/sites\\\/18\\\/2015\\\/04\\\/Pictobello-1_petit.jpg\"},{\"@type\":\"BreadcrumbList\",\"@id\":\"https:\\\/\\\/www.pictobello.ch\\\/edition-2015\\\/graphisme\\\/#breadcrumb\",\"itemListElement\":[{\"@type\":\"ListItem\",\"position\":1,\"name\":\"Accueil\",\"item\":\"https:\\\/\\\/www.pictobello.ch\\\/edition-2015\\\/\"},{\"@type\":\"ListItem\",\"position\":2,\"name\":\"graphisme\"}]},{\"@type\":\"WebSite\",\"@id\":\"https:\\\/\\\/www.pictobello.ch\\\/edition-2015\\\/#website\",\"url\":\"https:\\\/\\\/www.pictobello.ch\\\/edition-2015\\\/\",\"name\":\"2015\",\"description\":\"\",\"potentialAction\":[{\"@type\":\"SearchAction\",\"target\":{\"@type\":\"EntryPoint\",\"urlTemplate\":\"https:\\\/\\\/www.pictobello.ch\\\/edition-2015\\\/?s={search_term_string}\"},\"query-input\":{\"@type\":\"PropertyValueSpecification\",\"valueRequired\":true,\"valueName\":\"search_term_string\"}}],\"inLanguage\":\"fr-FR\"}]}<\/script>\n<!-- \/ Yoast SEO plugin. -->","yoast_head_json":{"title":"graphisme - 2015","robots":{"index":"index","follow":"follow","max-snippet":"max-snippet:-1","max-image-preview":"max-image-preview:large","max-video-preview":"max-video-preview:-1"},"canonical":"https:\/\/www.pictobello.ch\/edition-2015\/graphisme\/","schema":{"@context":"https:\/\/schema.org","@graph":[{"@type":"WebPage","@id":"https:\/\/www.pictobello.ch\/edition-2015\/graphisme\/","url":"https:\/\/www.pictobello.ch\/edition-2015\/graphisme\/","name":"graphisme - 2015","isPartOf":{"@id":"https:\/\/www.pictobello.ch\/edition-2015\/#website"},"primaryImageOfPage":{"@id":"https:\/\/www.pictobello.ch\/edition-2015\/graphisme\/#primaryimage"},"image":{"@id":"https:\/\/www.pictobello.ch\/edition-2015\/graphisme\/#primaryimage"},"thumbnailUrl":"http:\/\/www.pictobello.ch\/edition-2015\/wp-content\/uploads\/sites\/18\/2015\/04\/Pictobello-1_petit.jpg","datePublished":"2015-03-05T08:18:07+00:00","dateModified":"2015-07-20T12:53:26+00:00","breadcrumb":{"@id":"https:\/\/www.pictobello.ch\/edition-2015\/graphisme\/#breadcrumb"},"inLanguage":"fr-FR","potentialAction":[{"@type":"ReadAction","target":["https:\/\/www.pictobello.ch\/edition-2015\/graphisme\/"]}]},{"@type":"ImageObject","inLanguage":"fr-FR","@id":"https:\/\/www.pictobello.ch\/edition-2015\/graphisme\/#primaryimage","url":"http:\/\/www.pictobello.ch\/edition-2015\/wp-content\/uploads\/sites\/18\/2015\/04\/Pictobello-1_petit.jpg","contentUrl":"http:\/\/www.pictobello.ch\/edition-2015\/wp-content\/uploads\/sites\/18\/2015\/04\/Pictobello-1_petit.jpg"},{"@type":"BreadcrumbList","@id":"https:\/\/www.pictobello.ch\/edition-2015\/graphisme\/#breadcrumb","itemListElement":[{"@type":"ListItem","position":1,"name":"Accueil","item":"https:\/\/www.pictobello.ch\/edition-2015\/"},{"@type":"ListItem","position":2,"name":"graphisme"}]},{"@type":"WebSite","@id":"https:\/\/www.pictobello.ch\/edition-2015\/#website","url":"https:\/\/www.pictobello.ch\/edition-2015\/","name":"2015","description":"","potentialAction":[{"@type":"SearchAction","target":{"@type":"EntryPoint","urlTemplate":"https:\/\/www.pictobello.ch\/edition-2015\/?s={search_term_string}"},"query-input":{"@type":"PropertyValueSpecification","valueRequired":true,"valueName":"search_term_string"}}],"inLanguage":"fr-FR"}]}},"_links":{"self":[{"href":"https:\/\/www.pictobello.ch\/edition-2015\/wp-json\/wp\/v2\/pages\/9","targetHints":{"allow":["GET"]}}],"collection":[{"href":"https:\/\/www.pictobello.ch\/edition-2015\/wp-json\/wp\/v2\/pages"}],"about":[{"href":"https:\/\/www.pictobello.ch\/edition-2015\/wp-json\/wp\/v2\/types\/page"}],"author":[{"embeddable":true,"href":"https:\/\/www.pictobello.ch\/edition-2015\/wp-json\/wp\/v2\/users\/1"}],"replies":[{"embeddable":true,"href":"https:\/\/www.pictobello.ch\/edition-2015\/wp-json\/wp\/v2\/comments?post=9"}],"version-history":[{"count":9,"href":"https:\/\/www.pictobello.ch\/edition-2015\/wp-json\/wp\/v2\/pages\/9\/revisions"}],"predecessor-version":[{"id":62,"href":"https:\/\/www.pictobello.ch\/edition-2015\/wp-json\/wp\/v2\/pages\/9\/revisions\/62"}],"wp:attachment":[{"href":"https:\/\/www.pictobello.ch\/edition-2015\/wp-json\/wp\/v2\/media?parent=9"}],"curies":[{"name":"wp","href":"https:\/\/api.w.org\/{rel}","templated":true}]}}