{"id":36,"date":"2016-03-25T11:51:51","date_gmt":"2016-03-25T10:51:51","guid":{"rendered":"http:\/\/www.pictobello.ch\/edition-2016\/?page_id=36"},"modified":"2016-04-29T17:40:31","modified_gmt":"2016-04-29T15:40:31","slug":"textes","status":"publish","type":"page","link":"https:\/\/www.pictobello.ch\/edition-2016\/textes\/","title":{"rendered":"sc\u00e9nario"},"content":{"rendered":"<p><strong>\u00ab Diamond Dog \u00bb<\/strong><\/p>\n<p>Les nuits passaient inhabit\u00e9es et, comme d\u2019habitude, je marchais tout seul le long des voies de chemin de fer, en donnant des coups de pied d\u00e9sinvoltes dans une cannette, tra\u00eenant un vieux d\u00e9sarroi, les mains dans les poches de mon gilet de chagrin. D\u2019une ivresse molle et triste, je me laissais tanguer, je chavirais et comme la rengaine j\u2019allais et je venais. Je frappais dans cette bo\u00eete en fer, donc, quand soudain, semblant crever le ciel et, sorti de nulle part, surgit un joli petit chien jaune et blanc qui arr\u00eate la cannette en plein vol, \u00e0 deux ras du sol et pose sur moi son regard. Il avait les yeux de Bette Davis. Il remuait sa queue de jeune chiot fou, serrant la cannette entre ses deux m\u00e2choires d\u00e9goulinantes de salive. Mon bon chienchien, mon cher toutou, je suis fatigu\u00e9, je suis \u00e9puis\u00e9, je n\u2019ai plus envie. Et lui de me r\u00e9pondre Je t\u2019en prie ne sois pas farouche. Il manque simplement quelqu\u2019un pr\u00e8s de toi. Tu as besoin de quelques mots d\u2019amour. T\u2019en fais pas, mon petit loup. C\u2019est la vie\u00a0! Ne pleure pas. Fais-moi une place au fond de ton c\u0153ur\u2026 Allez, viens, je t\u2019emm\u00e8ne. Je resterai toujours le m\u00eame, un peu boh\u00e8me, tu sais\u00a0: je resterai ton meilleur ami.<\/p>\n<p>Il m\u2019a vid\u00e9 de tous mes mots. Et puis, les mots, je me disais, ne sont pas vraiment n\u00e9cessaires. Ils ne peuvent que faire du mal. Je profitais du silence.<\/p>\n<p>Mais lentement il s\u2019\u00e9loigne, alors je cours, jusqu\u2019\u00e0 perdre haleine. Et peu \u00e0 peu je le regagne et lui crie Ne pars pas sans moi, laisse-moi te suivre, donne-moi ma chance, je veux chanter aussi. Il h\u00e9site, et il m\u2019attend.<\/p>\n<p><a title=\"Louis Bonard\" href=\"http:\/\/www.pictobello.ch\/edition-2016\/organisateur\/louis-bonard\/\" target=\"_blank\">Louis Bonard<\/a><\/p>\n<p>&nbsp;<\/p>\n","protected":false},"excerpt":{"rendered":"<p>\u00ab Diamond Dog \u00bb Les nuits passaient inhabit\u00e9es et, comme d\u2019habitude, je marchais tout seul le long des voies de chemin de fer, en donnant des coups de pied d\u00e9sinvoltes dans une cannette, tra\u00eenant un vieux d\u00e9sarroi, les mains dans les poches de mon gilet de chagrin. D\u2019une ivresse molle et triste, je me laissais [&hellip;]<\/p>\n","protected":false},"author":3,"featured_media":0,"parent":0,"menu_order":4,"comment_status":"closed","ping_status":"closed","template":"","meta":{"_acf_changed":false,"_exactmetrics_skip_tracking":false,"_exactmetrics_sitenote_active":false,"_exactmetrics_sitenote_note":"","_exactmetrics_sitenote_category":0,"footnotes":""},"class_list":["post-36","page","type-page","status-publish","hentry"],"acf":[],"yoast_head":"<!-- This site is optimized with the Yoast SEO plugin v27.5 - https:\/\/yoast.com\/product\/yoast-seo-wordpress\/ -->\n<title>sc\u00e9nario - 2016<\/title>\n<meta name=\"robots\" content=\"index, follow, max-snippet:-1, max-image-preview:large, max-video-preview:-1\" \/>\n<link rel=\"canonical\" href=\"https:\/\/www.pictobello.ch\/edition-2016\/textes\/\" \/>\n<meta name=\"twitter:label1\" content=\"Dur\u00e9e de lecture estim\u00e9e\" \/>\n\t<meta name=\"twitter:data1\" content=\"2 minutes\" \/>\n<script type=\"application\/ld+json\" class=\"yoast-schema-graph\">{\"@context\":\"https:\\\/\\\/schema.org\",\"@graph\":[{\"@type\":\"WebPage\",\"@id\":\"https:\\\/\\\/www.pictobello.ch\\\/edition-2016\\\/textes\\\/\",\"url\":\"https:\\\/\\\/www.pictobello.ch\\\/edition-2016\\\/textes\\\/\",\"name\":\"sc\u00e9nario - 2016\",\"isPartOf\":{\"@id\":\"https:\\\/\\\/www.pictobello.ch\\\/edition-2016\\\/#website\"},\"datePublished\":\"2016-03-25T10:51:51+00:00\",\"dateModified\":\"2016-04-29T15:40:31+00:00\",\"breadcrumb\":{\"@id\":\"https:\\\/\\\/www.pictobello.ch\\\/edition-2016\\\/textes\\\/#breadcrumb\"},\"inLanguage\":\"fr-FR\",\"potentialAction\":[{\"@type\":\"ReadAction\",\"target\":[\"https:\\\/\\\/www.pictobello.ch\\\/edition-2016\\\/textes\\\/\"]}]},{\"@type\":\"BreadcrumbList\",\"@id\":\"https:\\\/\\\/www.pictobello.ch\\\/edition-2016\\\/textes\\\/#breadcrumb\",\"itemListElement\":[{\"@type\":\"ListItem\",\"position\":1,\"name\":\"Accueil\",\"item\":\"https:\\\/\\\/www.pictobello.ch\\\/edition-2016\\\/\"},{\"@type\":\"ListItem\",\"position\":2,\"name\":\"sc\u00e9nario\"}]},{\"@type\":\"WebSite\",\"@id\":\"https:\\\/\\\/www.pictobello.ch\\\/edition-2016\\\/#website\",\"url\":\"https:\\\/\\\/www.pictobello.ch\\\/edition-2016\\\/\",\"name\":\"2016\",\"description\":\"\",\"potentialAction\":[{\"@type\":\"SearchAction\",\"target\":{\"@type\":\"EntryPoint\",\"urlTemplate\":\"https:\\\/\\\/www.pictobello.ch\\\/edition-2016\\\/?s={search_term_string}\"},\"query-input\":{\"@type\":\"PropertyValueSpecification\",\"valueRequired\":true,\"valueName\":\"search_term_string\"}}],\"inLanguage\":\"fr-FR\"}]}<\/script>\n<!-- \/ Yoast SEO plugin. -->","yoast_head_json":{"title":"sc\u00e9nario - 2016","robots":{"index":"index","follow":"follow","max-snippet":"max-snippet:-1","max-image-preview":"max-image-preview:large","max-video-preview":"max-video-preview:-1"},"canonical":"https:\/\/www.pictobello.ch\/edition-2016\/textes\/","twitter_misc":{"Dur\u00e9e de lecture estim\u00e9e":"2 minutes"},"schema":{"@context":"https:\/\/schema.org","@graph":[{"@type":"WebPage","@id":"https:\/\/www.pictobello.ch\/edition-2016\/textes\/","url":"https:\/\/www.pictobello.ch\/edition-2016\/textes\/","name":"sc\u00e9nario - 2016","isPartOf":{"@id":"https:\/\/www.pictobello.ch\/edition-2016\/#website"},"datePublished":"2016-03-25T10:51:51+00:00","dateModified":"2016-04-29T15:40:31+00:00","breadcrumb":{"@id":"https:\/\/www.pictobello.ch\/edition-2016\/textes\/#breadcrumb"},"inLanguage":"fr-FR","potentialAction":[{"@type":"ReadAction","target":["https:\/\/www.pictobello.ch\/edition-2016\/textes\/"]}]},{"@type":"BreadcrumbList","@id":"https:\/\/www.pictobello.ch\/edition-2016\/textes\/#breadcrumb","itemListElement":[{"@type":"ListItem","position":1,"name":"Accueil","item":"https:\/\/www.pictobello.ch\/edition-2016\/"},{"@type":"ListItem","position":2,"name":"sc\u00e9nario"}]},{"@type":"WebSite","@id":"https:\/\/www.pictobello.ch\/edition-2016\/#website","url":"https:\/\/www.pictobello.ch\/edition-2016\/","name":"2016","description":"","potentialAction":[{"@type":"SearchAction","target":{"@type":"EntryPoint","urlTemplate":"https:\/\/www.pictobello.ch\/edition-2016\/?s={search_term_string}"},"query-input":{"@type":"PropertyValueSpecification","valueRequired":true,"valueName":"search_term_string"}}],"inLanguage":"fr-FR"}]}},"_links":{"self":[{"href":"https:\/\/www.pictobello.ch\/edition-2016\/wp-json\/wp\/v2\/pages\/36","targetHints":{"allow":["GET"]}}],"collection":[{"href":"https:\/\/www.pictobello.ch\/edition-2016\/wp-json\/wp\/v2\/pages"}],"about":[{"href":"https:\/\/www.pictobello.ch\/edition-2016\/wp-json\/wp\/v2\/types\/page"}],"author":[{"embeddable":true,"href":"https:\/\/www.pictobello.ch\/edition-2016\/wp-json\/wp\/v2\/users\/3"}],"replies":[{"embeddable":true,"href":"https:\/\/www.pictobello.ch\/edition-2016\/wp-json\/wp\/v2\/comments?post=36"}],"version-history":[{"count":5,"href":"https:\/\/www.pictobello.ch\/edition-2016\/wp-json\/wp\/v2\/pages\/36\/revisions"}],"predecessor-version":[{"id":129,"href":"https:\/\/www.pictobello.ch\/edition-2016\/wp-json\/wp\/v2\/pages\/36\/revisions\/129"}],"wp:attachment":[{"href":"https:\/\/www.pictobello.ch\/edition-2016\/wp-json\/wp\/v2\/media?parent=36"}],"curies":[{"name":"wp","href":"https:\/\/api.w.org\/{rel}","templated":true}]}}