{"id":22,"date":"2017-03-30T13:53:28","date_gmt":"2017-03-30T11:53:28","guid":{"rendered":"http:\/\/www.pictobello.ch\/edition-2017\/?page_id=22"},"modified":"2017-04-05T10:55:48","modified_gmt":"2017-04-05T08:55:48","slug":"scenario","status":"publish","type":"page","link":"https:\/\/www.pictobello.ch\/edition-2017\/scenario\/","title":{"rendered":"sc\u00e9nario"},"content":{"rendered":"<p><strong>\u00ab Soudain \u00e9gar\u00e9 \u00bb<\/strong><\/p>\n<p>Sa tente se trouvait au pied du sorbier, son v\u00e9lo reposait contre le tronc et son sac \u00e0 dos gisait entre deux racines. Le campeur ne s\u2019\u00e9tait pourtant \u00e9loign\u00e9 que de quelques m\u00e8tres afin d\u2019observer une fourmili\u00e8re et en revenant, ses affaires avaient disparu, comme par enchantement.<\/p>\n<p>Le voleur ne devait pas \u00eatre bien loin et son premier r\u00e9flexe fut de se lancer \u00e0 sa poursuite. Mais il ne retrouva ni le sentier qui passait \u00e0 proximit\u00e9 du campement ni le chemin qui conduisait au sentier\u2026 L\u2019or\u00e9e des bois elle-m\u00eame semblait s\u2019\u00eatre \u00e9vanouie au profit d\u2019une zone foresti\u00e8re aussi dense qu\u2019\u00e9tendue\u2026 Le campeur ne comprenait pas la mani\u00e8re avec laquelle il avait pu se perdre\u00a0; son exp\u00e9rience \u00e9tait grande et son sens de l\u2019orientation aiguis\u00e9. Les apparences conduisaient au surnaturel, mais le campeur se voulait sain d\u2019esprit et repoussa aussit\u00f4t cette hypoth\u00e8se. Il revint pr\u00e8s du sorbier, en inspecta les alentours et pour la premi\u00e8re fois de sa vie regretta de ne pas disposer de boussole. Il regretta ensuite sa tente, son sac \u00e0 dos et son v\u00e9lo. C\u2019\u00e9tait du bon mat\u00e9riel. Il pensa au livre qui \u00e9tait rest\u00e9 au fond du sac\u00a0: <em>D\u00e9livrance <\/em>de James Dickey. Tout comme les h\u00e9ros du roman, le campeur se surprit \u00e0 envisager la survie.<\/p>\n<p>Il retourna pr\u00e8s de la fourmili\u00e8re\u00a0; l\u2019\u0153uvre de fourmis rousses. Un d\u00f4me, ayant comme base une vieille souche. Plus d\u2019un million d\u2019individus pouvaient l\u2019habiter et cette construction n\u2019\u00e9tait peut-\u00eatre que le poste avanc\u00e9 d\u2019une super colonie, comprenant plus de mille fourmili\u00e8res, reli\u00e9es entre elles par des centaines de kilom\u00e8tres de pistes. Depuis sa plus tendre enfance, le campeur adorait observer les fourmis et leurs activit\u00e9s repr\u00e9sentaient pour lui l\u2019un des plus fascinants spectacles qu\u2019il puisse exister.<\/p>\n<p>Il fouilla ses poches\u00a0: un couteau suisse, un paquet de mouchoirs, son trousseau de cl\u00e9s et son portefeuille. Sa montre digitale indiquait neuf heures et dix-sept minutes. Il revint sur le lieu du campement. Il remarqua alors qu\u2019il ne restait rien non plus de son petit feu de camp. Le campeur prit la direction de ce qu\u2019il croyait le retour, sans d\u00e9nicher le moindre sentier ou le moindre chemin et sans rien identifier de ce qu\u2019il avait localis\u00e9 la veille. Il marcha ainsi longtemps dans la for\u00eat et \u00e0 la nuit tomb\u00e9e, il ne reconnut aucune des \u00e9toiles du ciel.<\/p>\n<p><a href=\"http:\/\/www.pictobello.ch\/edition-2017\/organisateur\/germano-zullo\/\">Germano Zullo<\/a><\/p>\n","protected":false},"excerpt":{"rendered":"<p>\u00ab Soudain \u00e9gar\u00e9 \u00bb Sa tente se trouvait au pied du sorbier, son v\u00e9lo reposait contre le tronc et son sac \u00e0 dos gisait entre deux racines. Le campeur ne s\u2019\u00e9tait pourtant \u00e9loign\u00e9 que de quelques m\u00e8tres afin d\u2019observer une fourmili\u00e8re et en revenant, ses affaires avaient disparu, comme par enchantement. Le voleur ne devait [&hellip;]<\/p>\n","protected":false},"author":3,"featured_media":0,"parent":0,"menu_order":4,"comment_status":"closed","ping_status":"closed","template":"","meta":{"_acf_changed":false,"_exactmetrics_skip_tracking":false,"_exactmetrics_sitenote_active":false,"_exactmetrics_sitenote_note":"","_exactmetrics_sitenote_category":0,"footnotes":""},"class_list":["post-22","page","type-page","status-publish","hentry"],"acf":[],"yoast_head":"<!-- This site is optimized with the Yoast SEO plugin v27.5 - https:\/\/yoast.com\/product\/yoast-seo-wordpress\/ -->\n<title>sc\u00e9nario - 2017<\/title>\n<meta name=\"robots\" content=\"index, follow, max-snippet:-1, max-image-preview:large, max-video-preview:-1\" \/>\n<link rel=\"canonical\" href=\"https:\/\/www.pictobello.ch\/edition-2017\/scenario\/\" \/>\n<meta property=\"og:locale\" content=\"fr_FR\" \/>\n<meta property=\"og:type\" content=\"article\" \/>\n<meta property=\"og:title\" content=\"sc\u00e9nario - 2017\" \/>\n<meta property=\"og:description\" content=\"\u00ab Soudain \u00e9gar\u00e9 \u00bb Sa tente se trouvait au pied du sorbier, son v\u00e9lo reposait contre le tronc et son sac \u00e0 dos gisait entre deux racines. Le campeur ne s\u2019\u00e9tait pourtant \u00e9loign\u00e9 que de quelques m\u00e8tres afin d\u2019observer une fourmili\u00e8re et en revenant, ses affaires avaient disparu, comme par enchantement. Le voleur ne devait [&hellip;]\" \/>\n<meta property=\"og:url\" content=\"https:\/\/www.pictobello.ch\/edition-2017\/scenario\/\" \/>\n<meta property=\"og:site_name\" content=\"2017\" \/>\n<meta property=\"article:modified_time\" content=\"2017-04-05T08:55:48+00:00\" \/>\n<meta name=\"twitter:card\" content=\"summary_large_image\" \/>\n<meta name=\"twitter:label1\" content=\"Dur\u00e9e de lecture estim\u00e9e\" \/>\n\t<meta name=\"twitter:data1\" content=\"2 minutes\" \/>\n<script type=\"application\/ld+json\" class=\"yoast-schema-graph\">{\"@context\":\"https:\\\/\\\/schema.org\",\"@graph\":[{\"@type\":\"WebPage\",\"@id\":\"https:\\\/\\\/www.pictobello.ch\\\/edition-2017\\\/scenario\\\/\",\"url\":\"https:\\\/\\\/www.pictobello.ch\\\/edition-2017\\\/scenario\\\/\",\"name\":\"sc\u00e9nario - 2017\",\"isPartOf\":{\"@id\":\"https:\\\/\\\/www.pictobello.ch\\\/edition-2017\\\/#website\"},\"datePublished\":\"2017-03-30T11:53:28+00:00\",\"dateModified\":\"2017-04-05T08:55:48+00:00\",\"breadcrumb\":{\"@id\":\"https:\\\/\\\/www.pictobello.ch\\\/edition-2017\\\/scenario\\\/#breadcrumb\"},\"inLanguage\":\"fr-FR\",\"potentialAction\":[{\"@type\":\"ReadAction\",\"target\":[\"https:\\\/\\\/www.pictobello.ch\\\/edition-2017\\\/scenario\\\/\"]}]},{\"@type\":\"BreadcrumbList\",\"@id\":\"https:\\\/\\\/www.pictobello.ch\\\/edition-2017\\\/scenario\\\/#breadcrumb\",\"itemListElement\":[{\"@type\":\"ListItem\",\"position\":1,\"name\":\"Accueil\",\"item\":\"https:\\\/\\\/www.pictobello.ch\\\/edition-2017\\\/\"},{\"@type\":\"ListItem\",\"position\":2,\"name\":\"sc\u00e9nario\"}]},{\"@type\":\"WebSite\",\"@id\":\"https:\\\/\\\/www.pictobello.ch\\\/edition-2017\\\/#website\",\"url\":\"https:\\\/\\\/www.pictobello.ch\\\/edition-2017\\\/\",\"name\":\"2017\",\"description\":\"\",\"potentialAction\":[{\"@type\":\"SearchAction\",\"target\":{\"@type\":\"EntryPoint\",\"urlTemplate\":\"https:\\\/\\\/www.pictobello.ch\\\/edition-2017\\\/?s={search_term_string}\"},\"query-input\":{\"@type\":\"PropertyValueSpecification\",\"valueRequired\":true,\"valueName\":\"search_term_string\"}}],\"inLanguage\":\"fr-FR\"}]}<\/script>\n<!-- \/ Yoast SEO plugin. -->","yoast_head_json":{"title":"sc\u00e9nario - 2017","robots":{"index":"index","follow":"follow","max-snippet":"max-snippet:-1","max-image-preview":"max-image-preview:large","max-video-preview":"max-video-preview:-1"},"canonical":"https:\/\/www.pictobello.ch\/edition-2017\/scenario\/","og_locale":"fr_FR","og_type":"article","og_title":"sc\u00e9nario - 2017","og_description":"\u00ab Soudain \u00e9gar\u00e9 \u00bb Sa tente se trouvait au pied du sorbier, son v\u00e9lo reposait contre le tronc et son sac \u00e0 dos gisait entre deux racines. Le campeur ne s\u2019\u00e9tait pourtant \u00e9loign\u00e9 que de quelques m\u00e8tres afin d\u2019observer une fourmili\u00e8re et en revenant, ses affaires avaient disparu, comme par enchantement. Le voleur ne devait [&hellip;]","og_url":"https:\/\/www.pictobello.ch\/edition-2017\/scenario\/","og_site_name":"2017","article_modified_time":"2017-04-05T08:55:48+00:00","twitter_card":"summary_large_image","twitter_misc":{"Dur\u00e9e de lecture estim\u00e9e":"2 minutes"},"schema":{"@context":"https:\/\/schema.org","@graph":[{"@type":"WebPage","@id":"https:\/\/www.pictobello.ch\/edition-2017\/scenario\/","url":"https:\/\/www.pictobello.ch\/edition-2017\/scenario\/","name":"sc\u00e9nario - 2017","isPartOf":{"@id":"https:\/\/www.pictobello.ch\/edition-2017\/#website"},"datePublished":"2017-03-30T11:53:28+00:00","dateModified":"2017-04-05T08:55:48+00:00","breadcrumb":{"@id":"https:\/\/www.pictobello.ch\/edition-2017\/scenario\/#breadcrumb"},"inLanguage":"fr-FR","potentialAction":[{"@type":"ReadAction","target":["https:\/\/www.pictobello.ch\/edition-2017\/scenario\/"]}]},{"@type":"BreadcrumbList","@id":"https:\/\/www.pictobello.ch\/edition-2017\/scenario\/#breadcrumb","itemListElement":[{"@type":"ListItem","position":1,"name":"Accueil","item":"https:\/\/www.pictobello.ch\/edition-2017\/"},{"@type":"ListItem","position":2,"name":"sc\u00e9nario"}]},{"@type":"WebSite","@id":"https:\/\/www.pictobello.ch\/edition-2017\/#website","url":"https:\/\/www.pictobello.ch\/edition-2017\/","name":"2017","description":"","potentialAction":[{"@type":"SearchAction","target":{"@type":"EntryPoint","urlTemplate":"https:\/\/www.pictobello.ch\/edition-2017\/?s={search_term_string}"},"query-input":{"@type":"PropertyValueSpecification","valueRequired":true,"valueName":"search_term_string"}}],"inLanguage":"fr-FR"}]}},"_links":{"self":[{"href":"https:\/\/www.pictobello.ch\/edition-2017\/wp-json\/wp\/v2\/pages\/22","targetHints":{"allow":["GET"]}}],"collection":[{"href":"https:\/\/www.pictobello.ch\/edition-2017\/wp-json\/wp\/v2\/pages"}],"about":[{"href":"https:\/\/www.pictobello.ch\/edition-2017\/wp-json\/wp\/v2\/types\/page"}],"author":[{"embeddable":true,"href":"https:\/\/www.pictobello.ch\/edition-2017\/wp-json\/wp\/v2\/users\/3"}],"replies":[{"embeddable":true,"href":"https:\/\/www.pictobello.ch\/edition-2017\/wp-json\/wp\/v2\/comments?post=22"}],"version-history":[{"count":4,"href":"https:\/\/www.pictobello.ch\/edition-2017\/wp-json\/wp\/v2\/pages\/22\/revisions"}],"predecessor-version":[{"id":42,"href":"https:\/\/www.pictobello.ch\/edition-2017\/wp-json\/wp\/v2\/pages\/22\/revisions\/42"}],"wp:attachment":[{"href":"https:\/\/www.pictobello.ch\/edition-2017\/wp-json\/wp\/v2\/media?parent=22"}],"curies":[{"name":"wp","href":"https:\/\/api.w.org\/{rel}","templated":true}]}}