{"id":5,"date":"2017-03-16T14:06:08","date_gmt":"2017-03-16T13:06:08","guid":{"rendered":"http:\/\/www.pictobello.ch\/edition-2017\/pratique\/"},"modified":"2017-05-15T16:29:30","modified_gmt":"2017-05-15T14:29:30","slug":"pratique","status":"publish","type":"page","link":"https:\/\/www.pictobello.ch\/edition-2017\/pratique\/","title":{"rendered":"pratique"},"content":{"rendered":"<p>Pour la 14e \u00e9dition cons\u00e9cutive, PictoBello s\u2019immisce dans les rues de Vevey pour offrir au public et aux passants une bande-dessin\u00e9e g\u00e9ante ! Chaque ann\u00e9e les artistes s\u2019inspirent librement du th\u00e8me qui leur est propos\u00e9.<\/p>\n<p>Th\u00e8me 2017 : <strong>le camping sauvage<br \/>\n<\/strong><\/p>\n<p>Germano Zullo a imagin\u00e9 un sc\u00e9nario intitul\u00e9 \u00ab<a href=\"http:\/\/www.pictobello.ch\/edition-2017\/scenario\/\">Soudain \u00e9gar\u00e9<\/a>\u00bb qui inspirera les artistes lors de la journ\u00e9e de cr\u00e9ation des dessins.<\/p>\n<p><strong>Samedi 3 juin 2017 <\/strong><b>| Journ\u00e9e de cr\u00e9ation des dessins\u00a0:<\/b><\/p>\n<ul>\n<li>Public bienvenu d\u00e8s 10h00.<\/li>\n<li>Parcours libre. Vernissage \u00e0 la Grenette d\u00e8s 18h00 en pr\u00e9sence des dessinateurs.<\/li>\n<li>Sites : Sous la Grenette, Place de l\u2019H\u00f4tel-de-Ville, Place du March\u00e9, Place de la Gare.<\/li>\n<li>En cas de pluie, les dessins sont r\u00e9alis\u00e9s sous la Grenette.<\/li>\n<li>Dessins \u00e0 d\u00e9couvrir jusqu\u2019au 25 juin 2017.<a href=\"http:\/\/www.pictobello.ch\/edition-2017\/wp-content\/uploads\/sites\/20\/2017\/05\/PICT_plan-1.jpg\" rel=\"attachment wp-att-162\"><img loading=\"lazy\" decoding=\"async\" class=\"alignleft wp-image-162\" src=\"http:\/\/www.pictobello.ch\/edition-2017\/wp-content\/uploads\/sites\/20\/2017\/05\/PICT_plan-1-300x222.jpg\" alt=\"\" width=\"638\" height=\"472\" srcset=\"https:\/\/www.pictobello.ch\/edition-2017\/wp-content\/uploads\/sites\/20\/2017\/05\/PICT_plan-1-300x222.jpg 300w, https:\/\/www.pictobello.ch\/edition-2017\/wp-content\/uploads\/sites\/20\/2017\/05\/PICT_plan-1-150x111.jpg 150w, https:\/\/www.pictobello.ch\/edition-2017\/wp-content\/uploads\/sites\/20\/2017\/05\/PICT_plan-1-768x569.jpg 768w, https:\/\/www.pictobello.ch\/edition-2017\/wp-content\/uploads\/sites\/20\/2017\/05\/PICT_plan-1-1024x759.jpg 1024w, https:\/\/www.pictobello.ch\/edition-2017\/wp-content\/uploads\/sites\/20\/2017\/05\/PICT_plan-1-260x193.jpg 260w, https:\/\/www.pictobello.ch\/edition-2017\/wp-content\/uploads\/sites\/20\/2017\/05\/PICT_plan-1-575x426.jpg 575w, https:\/\/www.pictobello.ch\/edition-2017\/wp-content\/uploads\/sites\/20\/2017\/05\/PICT_plan-1-640x474.jpg 640w, https:\/\/www.pictobello.ch\/edition-2017\/wp-content\/uploads\/sites\/20\/2017\/05\/PICT_plan-1.jpg 1605w\" sizes=\"auto, (max-width: 638px) 100vw, 638px\" \/><\/a><\/li>\n<\/ul>\n","protected":false},"excerpt":{"rendered":"<p>Pour la 14e \u00e9dition cons\u00e9cutive, PictoBello s\u2019immisce dans les rues de Vevey pour offrir au public et aux passants une bande-dessin\u00e9e g\u00e9ante ! Chaque ann\u00e9e les artistes s\u2019inspirent librement du th\u00e8me qui leur est propos\u00e9. Th\u00e8me 2017 : le camping sauvage Germano Zullo a imagin\u00e9 un sc\u00e9nario intitul\u00e9 \u00abSoudain \u00e9gar\u00e9\u00bb qui inspirera les artistes lors [&hellip;]<\/p>\n","protected":false},"author":1,"featured_media":0,"parent":0,"menu_order":1,"comment_status":"closed","ping_status":"closed","template":"","meta":{"_acf_changed":false,"_exactmetrics_skip_tracking":false,"_exactmetrics_sitenote_active":false,"_exactmetrics_sitenote_note":"","_exactmetrics_sitenote_category":0,"footnotes":""},"class_list":["post-5","page","type-page","status-publish","hentry"],"acf":[],"yoast_head":"<!-- This site is optimized with the Yoast SEO plugin v27.2 - https:\/\/yoast.com\/product\/yoast-seo-wordpress\/ -->\n<title>pratique - 2017<\/title>\n<meta name=\"robots\" content=\"index, follow, max-snippet:-1, max-image-preview:large, max-video-preview:-1\" \/>\n<link rel=\"canonical\" href=\"https:\/\/www.pictobello.ch\/edition-2017\/pratique\/\" \/>\n<meta property=\"og:locale\" content=\"fr_FR\" \/>\n<meta property=\"og:type\" content=\"article\" \/>\n<meta property=\"og:title\" content=\"pratique - 2017\" \/>\n<meta property=\"og:description\" content=\"Pour la 14e \u00e9dition cons\u00e9cutive, PictoBello s\u2019immisce dans les rues de Vevey pour offrir au public et aux passants une bande-dessin\u00e9e g\u00e9ante ! Chaque ann\u00e9e les artistes s\u2019inspirent librement du th\u00e8me qui leur est propos\u00e9. Th\u00e8me 2017 : le camping sauvage Germano Zullo a imagin\u00e9 un sc\u00e9nario intitul\u00e9 \u00abSoudain \u00e9gar\u00e9\u00bb qui inspirera les artistes lors [&hellip;]\" \/>\n<meta property=\"og:url\" content=\"https:\/\/www.pictobello.ch\/edition-2017\/pratique\/\" \/>\n<meta property=\"og:site_name\" content=\"2017\" \/>\n<meta property=\"article:modified_time\" content=\"2017-05-15T14:29:30+00:00\" \/>\n<meta property=\"og:image\" content=\"http:\/\/www.pictobello.ch\/edition-2017\/wp-content\/uploads\/sites\/20\/2017\/05\/PICT_plan-1-300x222.jpg\" \/>\n<meta name=\"twitter:card\" content=\"summary_large_image\" \/>\n<meta name=\"twitter:label1\" content=\"Dur\u00e9e de lecture estim\u00e9e\" \/>\n\t<meta name=\"twitter:data1\" content=\"1 minute\" \/>\n<script type=\"application\/ld+json\" class=\"yoast-schema-graph\">{\"@context\":\"https:\/\/schema.org\",\"@graph\":[{\"@type\":\"WebPage\",\"@id\":\"https:\/\/www.pictobello.ch\/edition-2017\/pratique\/\",\"url\":\"https:\/\/www.pictobello.ch\/edition-2017\/pratique\/\",\"name\":\"pratique - 2017\",\"isPartOf\":{\"@id\":\"https:\/\/www.pictobello.ch\/edition-2017\/#website\"},\"primaryImageOfPage\":{\"@id\":\"https:\/\/www.pictobello.ch\/edition-2017\/pratique\/#primaryimage\"},\"image\":{\"@id\":\"https:\/\/www.pictobello.ch\/edition-2017\/pratique\/#primaryimage\"},\"thumbnailUrl\":\"http:\/\/www.pictobello.ch\/edition-2017\/wp-content\/uploads\/sites\/20\/2017\/05\/PICT_plan-1-300x222.jpg\",\"datePublished\":\"2017-03-16T13:06:08+00:00\",\"dateModified\":\"2017-05-15T14:29:30+00:00\",\"breadcrumb\":{\"@id\":\"https:\/\/www.pictobello.ch\/edition-2017\/pratique\/#breadcrumb\"},\"inLanguage\":\"fr-FR\",\"potentialAction\":[{\"@type\":\"ReadAction\",\"target\":[\"https:\/\/www.pictobello.ch\/edition-2017\/pratique\/\"]}]},{\"@type\":\"ImageObject\",\"inLanguage\":\"fr-FR\",\"@id\":\"https:\/\/www.pictobello.ch\/edition-2017\/pratique\/#primaryimage\",\"url\":\"http:\/\/www.pictobello.ch\/edition-2017\/wp-content\/uploads\/sites\/20\/2017\/05\/PICT_plan-1-300x222.jpg\",\"contentUrl\":\"http:\/\/www.pictobello.ch\/edition-2017\/wp-content\/uploads\/sites\/20\/2017\/05\/PICT_plan-1-300x222.jpg\"},{\"@type\":\"BreadcrumbList\",\"@id\":\"https:\/\/www.pictobello.ch\/edition-2017\/pratique\/#breadcrumb\",\"itemListElement\":[{\"@type\":\"ListItem\",\"position\":1,\"name\":\"Accueil\",\"item\":\"https:\/\/www.pictobello.ch\/edition-2017\/\"},{\"@type\":\"ListItem\",\"position\":2,\"name\":\"pratique\"}]},{\"@type\":\"WebSite\",\"@id\":\"https:\/\/www.pictobello.ch\/edition-2017\/#website\",\"url\":\"https:\/\/www.pictobello.ch\/edition-2017\/\",\"name\":\"2017\",\"description\":\"\",\"potentialAction\":[{\"@type\":\"SearchAction\",\"target\":{\"@type\":\"EntryPoint\",\"urlTemplate\":\"https:\/\/www.pictobello.ch\/edition-2017\/?s={search_term_string}\"},\"query-input\":{\"@type\":\"PropertyValueSpecification\",\"valueRequired\":true,\"valueName\":\"search_term_string\"}}],\"inLanguage\":\"fr-FR\"}]}<\/script>\n<!-- \/ Yoast SEO plugin. -->","yoast_head_json":{"title":"pratique - 2017","robots":{"index":"index","follow":"follow","max-snippet":"max-snippet:-1","max-image-preview":"max-image-preview:large","max-video-preview":"max-video-preview:-1"},"canonical":"https:\/\/www.pictobello.ch\/edition-2017\/pratique\/","og_locale":"fr_FR","og_type":"article","og_title":"pratique - 2017","og_description":"Pour la 14e \u00e9dition cons\u00e9cutive, PictoBello s\u2019immisce dans les rues de Vevey pour offrir au public et aux passants une bande-dessin\u00e9e g\u00e9ante ! Chaque ann\u00e9e les artistes s\u2019inspirent librement du th\u00e8me qui leur est propos\u00e9. Th\u00e8me 2017 : le camping sauvage Germano Zullo a imagin\u00e9 un sc\u00e9nario intitul\u00e9 \u00abSoudain \u00e9gar\u00e9\u00bb qui inspirera les artistes lors [&hellip;]","og_url":"https:\/\/www.pictobello.ch\/edition-2017\/pratique\/","og_site_name":"2017","article_modified_time":"2017-05-15T14:29:30+00:00","og_image":[{"url":"http:\/\/www.pictobello.ch\/edition-2017\/wp-content\/uploads\/sites\/20\/2017\/05\/PICT_plan-1-300x222.jpg","type":"","width":"","height":""}],"twitter_card":"summary_large_image","twitter_misc":{"Dur\u00e9e de lecture estim\u00e9e":"1 minute"},"schema":{"@context":"https:\/\/schema.org","@graph":[{"@type":"WebPage","@id":"https:\/\/www.pictobello.ch\/edition-2017\/pratique\/","url":"https:\/\/www.pictobello.ch\/edition-2017\/pratique\/","name":"pratique - 2017","isPartOf":{"@id":"https:\/\/www.pictobello.ch\/edition-2017\/#website"},"primaryImageOfPage":{"@id":"https:\/\/www.pictobello.ch\/edition-2017\/pratique\/#primaryimage"},"image":{"@id":"https:\/\/www.pictobello.ch\/edition-2017\/pratique\/#primaryimage"},"thumbnailUrl":"http:\/\/www.pictobello.ch\/edition-2017\/wp-content\/uploads\/sites\/20\/2017\/05\/PICT_plan-1-300x222.jpg","datePublished":"2017-03-16T13:06:08+00:00","dateModified":"2017-05-15T14:29:30+00:00","breadcrumb":{"@id":"https:\/\/www.pictobello.ch\/edition-2017\/pratique\/#breadcrumb"},"inLanguage":"fr-FR","potentialAction":[{"@type":"ReadAction","target":["https:\/\/www.pictobello.ch\/edition-2017\/pratique\/"]}]},{"@type":"ImageObject","inLanguage":"fr-FR","@id":"https:\/\/www.pictobello.ch\/edition-2017\/pratique\/#primaryimage","url":"http:\/\/www.pictobello.ch\/edition-2017\/wp-content\/uploads\/sites\/20\/2017\/05\/PICT_plan-1-300x222.jpg","contentUrl":"http:\/\/www.pictobello.ch\/edition-2017\/wp-content\/uploads\/sites\/20\/2017\/05\/PICT_plan-1-300x222.jpg"},{"@type":"BreadcrumbList","@id":"https:\/\/www.pictobello.ch\/edition-2017\/pratique\/#breadcrumb","itemListElement":[{"@type":"ListItem","position":1,"name":"Accueil","item":"https:\/\/www.pictobello.ch\/edition-2017\/"},{"@type":"ListItem","position":2,"name":"pratique"}]},{"@type":"WebSite","@id":"https:\/\/www.pictobello.ch\/edition-2017\/#website","url":"https:\/\/www.pictobello.ch\/edition-2017\/","name":"2017","description":"","potentialAction":[{"@type":"SearchAction","target":{"@type":"EntryPoint","urlTemplate":"https:\/\/www.pictobello.ch\/edition-2017\/?s={search_term_string}"},"query-input":{"@type":"PropertyValueSpecification","valueRequired":true,"valueName":"search_term_string"}}],"inLanguage":"fr-FR"}]}},"_links":{"self":[{"href":"https:\/\/www.pictobello.ch\/edition-2017\/wp-json\/wp\/v2\/pages\/5","targetHints":{"allow":["GET"]}}],"collection":[{"href":"https:\/\/www.pictobello.ch\/edition-2017\/wp-json\/wp\/v2\/pages"}],"about":[{"href":"https:\/\/www.pictobello.ch\/edition-2017\/wp-json\/wp\/v2\/types\/page"}],"author":[{"embeddable":true,"href":"https:\/\/www.pictobello.ch\/edition-2017\/wp-json\/wp\/v2\/users\/1"}],"replies":[{"embeddable":true,"href":"https:\/\/www.pictobello.ch\/edition-2017\/wp-json\/wp\/v2\/comments?post=5"}],"version-history":[{"count":7,"href":"https:\/\/www.pictobello.ch\/edition-2017\/wp-json\/wp\/v2\/pages\/5\/revisions"}],"predecessor-version":[{"id":168,"href":"https:\/\/www.pictobello.ch\/edition-2017\/wp-json\/wp\/v2\/pages\/5\/revisions\/168"}],"wp:attachment":[{"href":"https:\/\/www.pictobello.ch\/edition-2017\/wp-json\/wp\/v2\/media?parent=5"}],"curies":[{"name":"wp","href":"https:\/\/api.w.org\/{rel}","templated":true}]}}