{"id":46,"date":"2018-04-12T15:01:31","date_gmt":"2018-04-12T13:01:31","guid":{"rendered":"http:\/\/www.pictobello.ch\/edition-2018\/?page_id=46"},"modified":"2018-04-12T15:18:15","modified_gmt":"2018-04-12T13:18:15","slug":"scenario","status":"publish","type":"page","link":"https:\/\/www.pictobello.ch\/edition-2018\/scenario\/","title":{"rendered":"sc\u00e9nario"},"content":{"rendered":"<p><strong>\u00ab La m\u00e9lancolie de Saturne \u00bb<br \/>\n<\/strong><\/p>\n<p>Cela faisait des mois qu\u2019il y r\u00e9fl\u00e9chissait et il n\u2019entrevoyait pas d\u2019autre \u00e9ventualit\u00e9. Il \u00e9tait d\u00e9cid\u00e9\u00a0; il le ferait cette nuit.<\/p>\n<p>Depuis des milliers d\u2019ann\u00e9es, les \u00eatres humains provoquaient le d\u00e9sespoir de Saturne. Le dieu de la m\u00e9lancolie leur avait confi\u00e9 la plus pr\u00e9cieuse de ses caract\u00e9ristiques\u00a0; une composante qui donnait de la valeur aux choses et de la noblesse \u00e0 la temporalit\u00e9, une modalit\u00e9 cens\u00e9e leur permettre de tout transcender. Mais au lieu de se servir de la m\u00e9lancolie pour cr\u00e9er, s\u2019\u00e9lever, affleurer le beau ou fr\u00f4ler l\u2019absolu, les humains la prostituaient en triviale denr\u00e9e, ou la fuyaient en s\u2019\u00e9tourdissant de drogues et de pens\u00e9es b\u00e2tardes.<\/p>\n<p>Non, ces vulgaires cr\u00e9atures ne la m\u00e9ritaient pas. Elle leur serait retir\u00e9e cette nuit-m\u00eame. Alors triompheraient leur manque d\u2019imagination, leur d\u00e9ficit de profondeur et leur frivolit\u00e9 primaire. Plus d\u2019\u00e9clats de gr\u00e2ce ni d\u2019<em>ailleurs<\/em>. Un champ des possibles annihil\u00e9\u00a0; des aspirations de comiques troupiers. Clairvoyant quant \u00e0 sa petitesse et accabl\u00e9 par ce d\u00e9nuement d\u2019\u00e2me, l\u2019humain implorerait Saturne de lui restituer la n\u00e9cessaire bile noire.<\/p>\n<p>Apr\u00e8s le retrait de la m\u00e9lancolie, ce qui se produisit sur terre vint h\u00e9las contredire tous les espoirs du dieu spleen\u00e9tique. Non seulement les humains avaient redoubl\u00e9 de bouffonnerie, mais jamais ils n\u2019avaient \u00e9t\u00e9 aussi contents de leur sort. Les tristesses sans objet, les \u00e9lancements coronaires et les sentiments de finitude avaient disparu. L\u2019humeur du monde \u00e9tait devenue <em>nouveau-riche\u00a0<\/em>; la joie omnipr\u00e9sente. Un drame grotesque qui accablait Saturne.<\/p>\n<p>Les humains ne seraient jamais \u00e0 la hauteur. Mais porter seul la m\u00e9lancolie du monde \u00e9tait trop douloureux. Il devait la partager avec d\u2019autres cr\u00e9atures. Il r\u00e9fl\u00e9chit longtemps aux \u00eatres qui, sur le globe, \u00e9taient les moins indignes d\u2019en \u00eatre pourvu. Et il se souvint qu\u2019il existait en effet un humble groupe d\u2019individus, \u00e0 l\u2019id\u00e9al pur et \u00e0 la po\u00e9sie discr\u00e8te, qui saurait mieux que quiconque en faire usage. Plus il y songeait et plus ces \u00eatres apparaissaient comme une \u00e9vidence, tant leur physionomie s\u2019accordait avec les diff\u00e9rentes nuances du vague \u00e0 l\u2019\u00e2me. R\u00e9solu, Saturne insuffla le spleen \u00e0 ces nouveaux \u00e9lus. D\u00e8s lors, les chiens terrestres, fra\u00eechement dot\u00e9s de m\u00e9lancolie, devinrent les gardiens des vestiges de beaut\u00e9 d\u2019une civilisation d\u00e9faite.<\/p>\n<p><a href=\"http:\/\/www.pictobello.ch\/edition-2018\/organisateur\/eva-bester\/\" target=\"_blank\" rel=\"noopener\">Eva Bester<\/a><\/p>\n","protected":false},"excerpt":{"rendered":"<p>\u00ab La m\u00e9lancolie de Saturne \u00bb Cela faisait des mois qu\u2019il y r\u00e9fl\u00e9chissait et il n\u2019entrevoyait pas d\u2019autre \u00e9ventualit\u00e9. Il \u00e9tait d\u00e9cid\u00e9\u00a0; il le ferait cette nuit. Depuis des milliers d\u2019ann\u00e9es, les \u00eatres humains provoquaient le d\u00e9sespoir de Saturne. Le dieu de la m\u00e9lancolie leur avait confi\u00e9 la plus pr\u00e9cieuse de ses caract\u00e9ristiques\u00a0; une composante [&hellip;]<\/p>\n","protected":false},"author":3,"featured_media":0,"parent":0,"menu_order":4,"comment_status":"closed","ping_status":"closed","template":"","meta":{"_acf_changed":false,"_exactmetrics_skip_tracking":false,"_exactmetrics_sitenote_active":false,"_exactmetrics_sitenote_note":"","_exactmetrics_sitenote_category":0,"footnotes":""},"class_list":["post-46","page","type-page","status-publish","hentry"],"acf":[],"yoast_head":"<!-- This site is optimized with the Yoast SEO plugin v27.5 - https:\/\/yoast.com\/product\/yoast-seo-wordpress\/ -->\n<title>sc\u00e9nario - 2018<\/title>\n<meta name=\"robots\" content=\"index, follow, max-snippet:-1, max-image-preview:large, max-video-preview:-1\" \/>\n<link rel=\"canonical\" href=\"https:\/\/www.pictobello.ch\/edition-2018\/scenario\/\" \/>\n<meta property=\"og:locale\" content=\"fr_FR\" \/>\n<meta property=\"og:type\" content=\"article\" \/>\n<meta property=\"og:title\" content=\"sc\u00e9nario - 2018\" \/>\n<meta property=\"og:description\" content=\"\u00ab La m\u00e9lancolie de Saturne \u00bb Cela faisait des mois qu\u2019il y r\u00e9fl\u00e9chissait et il n\u2019entrevoyait pas d\u2019autre \u00e9ventualit\u00e9. Il \u00e9tait d\u00e9cid\u00e9\u00a0; il le ferait cette nuit. Depuis des milliers d\u2019ann\u00e9es, les \u00eatres humains provoquaient le d\u00e9sespoir de Saturne. Le dieu de la m\u00e9lancolie leur avait confi\u00e9 la plus pr\u00e9cieuse de ses caract\u00e9ristiques\u00a0; une composante [&hellip;]\" \/>\n<meta property=\"og:url\" content=\"https:\/\/www.pictobello.ch\/edition-2018\/scenario\/\" \/>\n<meta property=\"og:site_name\" content=\"2018\" \/>\n<meta property=\"article:modified_time\" content=\"2018-04-12T13:18:15+00:00\" \/>\n<meta name=\"twitter:card\" content=\"summary_large_image\" \/>\n<meta name=\"twitter:label1\" content=\"Dur\u00e9e de lecture estim\u00e9e\" \/>\n\t<meta name=\"twitter:data1\" content=\"2 minutes\" \/>\n<script type=\"application\/ld+json\" class=\"yoast-schema-graph\">{\"@context\":\"https:\\\/\\\/schema.org\",\"@graph\":[{\"@type\":\"WebPage\",\"@id\":\"https:\\\/\\\/www.pictobello.ch\\\/edition-2018\\\/scenario\\\/\",\"url\":\"https:\\\/\\\/www.pictobello.ch\\\/edition-2018\\\/scenario\\\/\",\"name\":\"sc\u00e9nario - 2018\",\"isPartOf\":{\"@id\":\"https:\\\/\\\/www.pictobello.ch\\\/edition-2018\\\/#website\"},\"datePublished\":\"2018-04-12T13:01:31+00:00\",\"dateModified\":\"2018-04-12T13:18:15+00:00\",\"breadcrumb\":{\"@id\":\"https:\\\/\\\/www.pictobello.ch\\\/edition-2018\\\/scenario\\\/#breadcrumb\"},\"inLanguage\":\"fr-FR\",\"potentialAction\":[{\"@type\":\"ReadAction\",\"target\":[\"https:\\\/\\\/www.pictobello.ch\\\/edition-2018\\\/scenario\\\/\"]}]},{\"@type\":\"BreadcrumbList\",\"@id\":\"https:\\\/\\\/www.pictobello.ch\\\/edition-2018\\\/scenario\\\/#breadcrumb\",\"itemListElement\":[{\"@type\":\"ListItem\",\"position\":1,\"name\":\"Accueil\",\"item\":\"https:\\\/\\\/www.pictobello.ch\\\/edition-2018\\\/\"},{\"@type\":\"ListItem\",\"position\":2,\"name\":\"sc\u00e9nario\"}]},{\"@type\":\"WebSite\",\"@id\":\"https:\\\/\\\/www.pictobello.ch\\\/edition-2018\\\/#website\",\"url\":\"https:\\\/\\\/www.pictobello.ch\\\/edition-2018\\\/\",\"name\":\"2018\",\"description\":\"Un site utilisant R\u00e9seau PictoBello\",\"potentialAction\":[{\"@type\":\"SearchAction\",\"target\":{\"@type\":\"EntryPoint\",\"urlTemplate\":\"https:\\\/\\\/www.pictobello.ch\\\/edition-2018\\\/?s={search_term_string}\"},\"query-input\":{\"@type\":\"PropertyValueSpecification\",\"valueRequired\":true,\"valueName\":\"search_term_string\"}}],\"inLanguage\":\"fr-FR\"}]}<\/script>\n<!-- \/ Yoast SEO plugin. -->","yoast_head_json":{"title":"sc\u00e9nario - 2018","robots":{"index":"index","follow":"follow","max-snippet":"max-snippet:-1","max-image-preview":"max-image-preview:large","max-video-preview":"max-video-preview:-1"},"canonical":"https:\/\/www.pictobello.ch\/edition-2018\/scenario\/","og_locale":"fr_FR","og_type":"article","og_title":"sc\u00e9nario - 2018","og_description":"\u00ab La m\u00e9lancolie de Saturne \u00bb Cela faisait des mois qu\u2019il y r\u00e9fl\u00e9chissait et il n\u2019entrevoyait pas d\u2019autre \u00e9ventualit\u00e9. Il \u00e9tait d\u00e9cid\u00e9\u00a0; il le ferait cette nuit. Depuis des milliers d\u2019ann\u00e9es, les \u00eatres humains provoquaient le d\u00e9sespoir de Saturne. Le dieu de la m\u00e9lancolie leur avait confi\u00e9 la plus pr\u00e9cieuse de ses caract\u00e9ristiques\u00a0; une composante [&hellip;]","og_url":"https:\/\/www.pictobello.ch\/edition-2018\/scenario\/","og_site_name":"2018","article_modified_time":"2018-04-12T13:18:15+00:00","twitter_card":"summary_large_image","twitter_misc":{"Dur\u00e9e de lecture estim\u00e9e":"2 minutes"},"schema":{"@context":"https:\/\/schema.org","@graph":[{"@type":"WebPage","@id":"https:\/\/www.pictobello.ch\/edition-2018\/scenario\/","url":"https:\/\/www.pictobello.ch\/edition-2018\/scenario\/","name":"sc\u00e9nario - 2018","isPartOf":{"@id":"https:\/\/www.pictobello.ch\/edition-2018\/#website"},"datePublished":"2018-04-12T13:01:31+00:00","dateModified":"2018-04-12T13:18:15+00:00","breadcrumb":{"@id":"https:\/\/www.pictobello.ch\/edition-2018\/scenario\/#breadcrumb"},"inLanguage":"fr-FR","potentialAction":[{"@type":"ReadAction","target":["https:\/\/www.pictobello.ch\/edition-2018\/scenario\/"]}]},{"@type":"BreadcrumbList","@id":"https:\/\/www.pictobello.ch\/edition-2018\/scenario\/#breadcrumb","itemListElement":[{"@type":"ListItem","position":1,"name":"Accueil","item":"https:\/\/www.pictobello.ch\/edition-2018\/"},{"@type":"ListItem","position":2,"name":"sc\u00e9nario"}]},{"@type":"WebSite","@id":"https:\/\/www.pictobello.ch\/edition-2018\/#website","url":"https:\/\/www.pictobello.ch\/edition-2018\/","name":"2018","description":"Un site utilisant R\u00e9seau PictoBello","potentialAction":[{"@type":"SearchAction","target":{"@type":"EntryPoint","urlTemplate":"https:\/\/www.pictobello.ch\/edition-2018\/?s={search_term_string}"},"query-input":{"@type":"PropertyValueSpecification","valueRequired":true,"valueName":"search_term_string"}}],"inLanguage":"fr-FR"}]}},"_links":{"self":[{"href":"https:\/\/www.pictobello.ch\/edition-2018\/wp-json\/wp\/v2\/pages\/46","targetHints":{"allow":["GET"]}}],"collection":[{"href":"https:\/\/www.pictobello.ch\/edition-2018\/wp-json\/wp\/v2\/pages"}],"about":[{"href":"https:\/\/www.pictobello.ch\/edition-2018\/wp-json\/wp\/v2\/types\/page"}],"author":[{"embeddable":true,"href":"https:\/\/www.pictobello.ch\/edition-2018\/wp-json\/wp\/v2\/users\/3"}],"replies":[{"embeddable":true,"href":"https:\/\/www.pictobello.ch\/edition-2018\/wp-json\/wp\/v2\/comments?post=46"}],"version-history":[{"count":4,"href":"https:\/\/www.pictobello.ch\/edition-2018\/wp-json\/wp\/v2\/pages\/46\/revisions"}],"predecessor-version":[{"id":57,"href":"https:\/\/www.pictobello.ch\/edition-2018\/wp-json\/wp\/v2\/pages\/46\/revisions\/57"}],"wp:attachment":[{"href":"https:\/\/www.pictobello.ch\/edition-2018\/wp-json\/wp\/v2\/media?parent=46"}],"curies":[{"name":"wp","href":"https:\/\/api.w.org\/{rel}","templated":true}]}}