{"id":5,"date":"2018-03-20T08:22:59","date_gmt":"2018-03-20T07:22:59","guid":{"rendered":"http:\/\/www.pictobello.ch\/edition-2018\/pratique\/"},"modified":"2018-04-30T16:30:32","modified_gmt":"2018-04-30T14:30:32","slug":"pratique","status":"publish","type":"page","link":"https:\/\/www.pictobello.ch\/edition-2018\/pratique\/","title":{"rendered":"pratique"},"content":{"rendered":"<p>Pour la 15e \u00e9dition cons\u00e9cutive, PictoBello s\u2019immisce dans les rues de Vevey pour offrir au public et aux passants une bande-dessin\u00e9e g\u00e9ante ! Chaque ann\u00e9e les artistes s\u2019inspirent librement du th\u00e8me qui leur est propos\u00e9.<\/p>\n<p>Th\u00e8me 2018 : <strong>la m\u00e9lancolie<br \/>\n<\/strong><\/p>\n<p>Eva Bester a imagin\u00e9 un sc\u00e9nario intitul\u00e9 \u00abLa m\u00e9lancolie de Saturne\u00bb qui inspirera les artistes lors de la journ\u00e9e de cr\u00e9ation des dessins.<\/p>\n<p><strong>Samedi 2 juin 2018 <\/strong><b>| Journ\u00e9e de cr\u00e9ation des dessins\u00a0:<\/b><\/p>\n<ul>\n<li>Public bienvenu d\u00e8s 10h00.<\/li>\n<li>Parcours libre. Vernissage \u00e0 la Grenette d\u00e8s 18h00 en pr\u00e9sence des dessinateurs.<\/li>\n<li>Sites : Sous la Grenette, Place de l\u2019H\u00f4tel-de-Ville, Place du March\u00e9, Place de la Gare.<\/li>\n<li>En cas de pluie, les dessins sont r\u00e9alis\u00e9s sous la Grenette.<\/li>\n<li>Dessins \u00e0 d\u00e9couvrir jusqu\u2019au 24 juin 2018.<\/li>\n<\/ul>\n<p><img loading=\"lazy\" decoding=\"async\" class=\"alignleft wp-image-128\" title=\"Plan PictoBello 2018\" src=\"http:\/\/www.pictobello.ch\/edition-2018\/wp-content\/uploads\/sites\/21\/2018\/04\/PLAN_2018.jpg\" alt=\"\" width=\"404\" height=\"609\" srcset=\"https:\/\/www.pictobello.ch\/edition-2018\/wp-content\/uploads\/sites\/21\/2018\/04\/PLAN_2018.jpg 894w, https:\/\/www.pictobello.ch\/edition-2018\/wp-content\/uploads\/sites\/21\/2018\/04\/PLAN_2018-199x300.jpg 199w, https:\/\/www.pictobello.ch\/edition-2018\/wp-content\/uploads\/sites\/21\/2018\/04\/PLAN_2018-768x1158.jpg 768w, https:\/\/www.pictobello.ch\/edition-2018\/wp-content\/uploads\/sites\/21\/2018\/04\/PLAN_2018-679x1024.jpg 679w, https:\/\/www.pictobello.ch\/edition-2018\/wp-content\/uploads\/sites\/21\/2018\/04\/PLAN_2018-260x392.jpg 260w, https:\/\/www.pictobello.ch\/edition-2018\/wp-content\/uploads\/sites\/21\/2018\/04\/PLAN_2018-575x867.jpg 575w, https:\/\/www.pictobello.ch\/edition-2018\/wp-content\/uploads\/sites\/21\/2018\/04\/PLAN_2018-640x965.jpg 640w\" sizes=\"auto, (max-width: 404px) 100vw, 404px\" \/><\/p>\n","protected":false},"excerpt":{"rendered":"<p>Pour la 15e \u00e9dition cons\u00e9cutive, PictoBello s\u2019immisce dans les rues de Vevey pour offrir au public et aux passants une bande-dessin\u00e9e g\u00e9ante ! Chaque ann\u00e9e les artistes s\u2019inspirent librement du th\u00e8me qui leur est propos\u00e9. Th\u00e8me 2018 : la m\u00e9lancolie Eva Bester a imagin\u00e9 un sc\u00e9nario intitul\u00e9 \u00abLa m\u00e9lancolie de Saturne\u00bb qui inspirera les artistes [&hellip;]<\/p>\n","protected":false},"author":1,"featured_media":0,"parent":0,"menu_order":1,"comment_status":"closed","ping_status":"closed","template":"","meta":{"_acf_changed":false,"_exactmetrics_skip_tracking":false,"_exactmetrics_sitenote_active":false,"_exactmetrics_sitenote_note":"","_exactmetrics_sitenote_category":0,"footnotes":""},"class_list":["post-5","page","type-page","status-publish","hentry"],"acf":[],"yoast_head":"<!-- This site is optimized with the Yoast SEO plugin v27.2 - https:\/\/yoast.com\/product\/yoast-seo-wordpress\/ -->\n<title>pratique - 2018<\/title>\n<meta name=\"robots\" content=\"index, follow, max-snippet:-1, max-image-preview:large, max-video-preview:-1\" \/>\n<link rel=\"canonical\" href=\"https:\/\/www.pictobello.ch\/edition-2018\/pratique\/\" \/>\n<meta property=\"og:locale\" content=\"fr_FR\" \/>\n<meta property=\"og:type\" content=\"article\" \/>\n<meta property=\"og:title\" content=\"pratique - 2018\" \/>\n<meta property=\"og:description\" content=\"Pour la 15e \u00e9dition cons\u00e9cutive, PictoBello s\u2019immisce dans les rues de Vevey pour offrir au public et aux passants une bande-dessin\u00e9e g\u00e9ante ! Chaque ann\u00e9e les artistes s\u2019inspirent librement du th\u00e8me qui leur est propos\u00e9. Th\u00e8me 2018 : la m\u00e9lancolie Eva Bester a imagin\u00e9 un sc\u00e9nario intitul\u00e9 \u00abLa m\u00e9lancolie de Saturne\u00bb qui inspirera les artistes [&hellip;]\" \/>\n<meta property=\"og:url\" content=\"https:\/\/www.pictobello.ch\/edition-2018\/pratique\/\" \/>\n<meta property=\"og:site_name\" content=\"2018\" \/>\n<meta property=\"article:modified_time\" content=\"2018-04-30T14:30:32+00:00\" \/>\n<meta property=\"og:image\" content=\"http:\/\/www.pictobello.ch\/edition-2018\/wp-content\/uploads\/sites\/21\/2018\/04\/PLAN_2018.jpg\" \/>\n<meta name=\"twitter:card\" content=\"summary_large_image\" \/>\n<meta name=\"twitter:label1\" content=\"Dur\u00e9e de lecture estim\u00e9e\" \/>\n\t<meta name=\"twitter:data1\" content=\"1 minute\" \/>\n<script type=\"application\/ld+json\" class=\"yoast-schema-graph\">{\"@context\":\"https:\/\/schema.org\",\"@graph\":[{\"@type\":\"WebPage\",\"@id\":\"https:\/\/www.pictobello.ch\/edition-2018\/pratique\/\",\"url\":\"https:\/\/www.pictobello.ch\/edition-2018\/pratique\/\",\"name\":\"pratique - 2018\",\"isPartOf\":{\"@id\":\"https:\/\/www.pictobello.ch\/edition-2018\/#website\"},\"primaryImageOfPage\":{\"@id\":\"https:\/\/www.pictobello.ch\/edition-2018\/pratique\/#primaryimage\"},\"image\":{\"@id\":\"https:\/\/www.pictobello.ch\/edition-2018\/pratique\/#primaryimage\"},\"thumbnailUrl\":\"http:\/\/www.pictobello.ch\/edition-2018\/wp-content\/uploads\/sites\/21\/2018\/04\/PLAN_2018.jpg\",\"datePublished\":\"2018-03-20T07:22:59+00:00\",\"dateModified\":\"2018-04-30T14:30:32+00:00\",\"breadcrumb\":{\"@id\":\"https:\/\/www.pictobello.ch\/edition-2018\/pratique\/#breadcrumb\"},\"inLanguage\":\"fr-FR\",\"potentialAction\":[{\"@type\":\"ReadAction\",\"target\":[\"https:\/\/www.pictobello.ch\/edition-2018\/pratique\/\"]}]},{\"@type\":\"ImageObject\",\"inLanguage\":\"fr-FR\",\"@id\":\"https:\/\/www.pictobello.ch\/edition-2018\/pratique\/#primaryimage\",\"url\":\"http:\/\/www.pictobello.ch\/edition-2018\/wp-content\/uploads\/sites\/21\/2018\/04\/PLAN_2018.jpg\",\"contentUrl\":\"http:\/\/www.pictobello.ch\/edition-2018\/wp-content\/uploads\/sites\/21\/2018\/04\/PLAN_2018.jpg\"},{\"@type\":\"BreadcrumbList\",\"@id\":\"https:\/\/www.pictobello.ch\/edition-2018\/pratique\/#breadcrumb\",\"itemListElement\":[{\"@type\":\"ListItem\",\"position\":1,\"name\":\"Accueil\",\"item\":\"https:\/\/www.pictobello.ch\/edition-2018\/\"},{\"@type\":\"ListItem\",\"position\":2,\"name\":\"pratique\"}]},{\"@type\":\"WebSite\",\"@id\":\"https:\/\/www.pictobello.ch\/edition-2018\/#website\",\"url\":\"https:\/\/www.pictobello.ch\/edition-2018\/\",\"name\":\"2018\",\"description\":\"Un site utilisant R\u00e9seau PictoBello\",\"potentialAction\":[{\"@type\":\"SearchAction\",\"target\":{\"@type\":\"EntryPoint\",\"urlTemplate\":\"https:\/\/www.pictobello.ch\/edition-2018\/?s={search_term_string}\"},\"query-input\":{\"@type\":\"PropertyValueSpecification\",\"valueRequired\":true,\"valueName\":\"search_term_string\"}}],\"inLanguage\":\"fr-FR\"}]}<\/script>\n<!-- \/ Yoast SEO plugin. -->","yoast_head_json":{"title":"pratique - 2018","robots":{"index":"index","follow":"follow","max-snippet":"max-snippet:-1","max-image-preview":"max-image-preview:large","max-video-preview":"max-video-preview:-1"},"canonical":"https:\/\/www.pictobello.ch\/edition-2018\/pratique\/","og_locale":"fr_FR","og_type":"article","og_title":"pratique - 2018","og_description":"Pour la 15e \u00e9dition cons\u00e9cutive, PictoBello s\u2019immisce dans les rues de Vevey pour offrir au public et aux passants une bande-dessin\u00e9e g\u00e9ante ! Chaque ann\u00e9e les artistes s\u2019inspirent librement du th\u00e8me qui leur est propos\u00e9. Th\u00e8me 2018 : la m\u00e9lancolie Eva Bester a imagin\u00e9 un sc\u00e9nario intitul\u00e9 \u00abLa m\u00e9lancolie de Saturne\u00bb qui inspirera les artistes [&hellip;]","og_url":"https:\/\/www.pictobello.ch\/edition-2018\/pratique\/","og_site_name":"2018","article_modified_time":"2018-04-30T14:30:32+00:00","og_image":[{"url":"http:\/\/www.pictobello.ch\/edition-2018\/wp-content\/uploads\/sites\/21\/2018\/04\/PLAN_2018.jpg","type":"","width":"","height":""}],"twitter_card":"summary_large_image","twitter_misc":{"Dur\u00e9e de lecture estim\u00e9e":"1 minute"},"schema":{"@context":"https:\/\/schema.org","@graph":[{"@type":"WebPage","@id":"https:\/\/www.pictobello.ch\/edition-2018\/pratique\/","url":"https:\/\/www.pictobello.ch\/edition-2018\/pratique\/","name":"pratique - 2018","isPartOf":{"@id":"https:\/\/www.pictobello.ch\/edition-2018\/#website"},"primaryImageOfPage":{"@id":"https:\/\/www.pictobello.ch\/edition-2018\/pratique\/#primaryimage"},"image":{"@id":"https:\/\/www.pictobello.ch\/edition-2018\/pratique\/#primaryimage"},"thumbnailUrl":"http:\/\/www.pictobello.ch\/edition-2018\/wp-content\/uploads\/sites\/21\/2018\/04\/PLAN_2018.jpg","datePublished":"2018-03-20T07:22:59+00:00","dateModified":"2018-04-30T14:30:32+00:00","breadcrumb":{"@id":"https:\/\/www.pictobello.ch\/edition-2018\/pratique\/#breadcrumb"},"inLanguage":"fr-FR","potentialAction":[{"@type":"ReadAction","target":["https:\/\/www.pictobello.ch\/edition-2018\/pratique\/"]}]},{"@type":"ImageObject","inLanguage":"fr-FR","@id":"https:\/\/www.pictobello.ch\/edition-2018\/pratique\/#primaryimage","url":"http:\/\/www.pictobello.ch\/edition-2018\/wp-content\/uploads\/sites\/21\/2018\/04\/PLAN_2018.jpg","contentUrl":"http:\/\/www.pictobello.ch\/edition-2018\/wp-content\/uploads\/sites\/21\/2018\/04\/PLAN_2018.jpg"},{"@type":"BreadcrumbList","@id":"https:\/\/www.pictobello.ch\/edition-2018\/pratique\/#breadcrumb","itemListElement":[{"@type":"ListItem","position":1,"name":"Accueil","item":"https:\/\/www.pictobello.ch\/edition-2018\/"},{"@type":"ListItem","position":2,"name":"pratique"}]},{"@type":"WebSite","@id":"https:\/\/www.pictobello.ch\/edition-2018\/#website","url":"https:\/\/www.pictobello.ch\/edition-2018\/","name":"2018","description":"Un site utilisant R\u00e9seau PictoBello","potentialAction":[{"@type":"SearchAction","target":{"@type":"EntryPoint","urlTemplate":"https:\/\/www.pictobello.ch\/edition-2018\/?s={search_term_string}"},"query-input":{"@type":"PropertyValueSpecification","valueRequired":true,"valueName":"search_term_string"}}],"inLanguage":"fr-FR"}]}},"_links":{"self":[{"href":"https:\/\/www.pictobello.ch\/edition-2018\/wp-json\/wp\/v2\/pages\/5","targetHints":{"allow":["GET"]}}],"collection":[{"href":"https:\/\/www.pictobello.ch\/edition-2018\/wp-json\/wp\/v2\/pages"}],"about":[{"href":"https:\/\/www.pictobello.ch\/edition-2018\/wp-json\/wp\/v2\/types\/page"}],"author":[{"embeddable":true,"href":"https:\/\/www.pictobello.ch\/edition-2018\/wp-json\/wp\/v2\/users\/1"}],"replies":[{"embeddable":true,"href":"https:\/\/www.pictobello.ch\/edition-2018\/wp-json\/wp\/v2\/comments?post=5"}],"version-history":[{"count":8,"href":"https:\/\/www.pictobello.ch\/edition-2018\/wp-json\/wp\/v2\/pages\/5\/revisions"}],"predecessor-version":[{"id":134,"href":"https:\/\/www.pictobello.ch\/edition-2018\/wp-json\/wp\/v2\/pages\/5\/revisions\/134"}],"wp:attachment":[{"href":"https:\/\/www.pictobello.ch\/edition-2018\/wp-json\/wp\/v2\/media?parent=5"}],"curies":[{"name":"wp","href":"https:\/\/api.w.org\/{rel}","templated":true}]}}