{"id":7,"date":"2018-03-20T08:22:59","date_gmt":"2018-03-20T07:22:59","guid":{"rendered":"http:\/\/www.pictobello.ch\/edition-2018\/dessins\/"},"modified":"2018-06-19T09:45:47","modified_gmt":"2018-06-19T07:45:47","slug":"dessins","status":"publish","type":"page","link":"https:\/\/www.pictobello.ch\/edition-2018\/dessins\/","title":{"rendered":"dessins"},"content":{"rendered":"<p>Les dessins r\u00e9alis\u00e9s lors de PictoBello 2018 sont \u00e0 d\u00e9couvrir dans les rues de Vevey jusqu&rsquo;au samedi 24 juin et seront mis en ligne prochainement sur cette page.<\/p>\n","protected":false},"excerpt":{"rendered":"<p>Les dessins r\u00e9alis\u00e9s lors de PictoBello 2018 sont \u00e0 d\u00e9couvrir dans les rues de Vevey jusqu&rsquo;au samedi 24 juin et seront mis en ligne prochainement sur cette page.<\/p>\n","protected":false},"author":1,"featured_media":0,"parent":0,"menu_order":3,"comment_status":"closed","ping_status":"closed","template":"page-photos.php","meta":{"_acf_changed":false,"_exactmetrics_skip_tracking":false,"_exactmetrics_sitenote_active":false,"_exactmetrics_sitenote_note":"","_exactmetrics_sitenote_category":0,"footnotes":""},"class_list":["post-7","page","type-page","status-publish","hentry"],"acf":[],"yoast_head":"<!-- This site is optimized with the Yoast SEO plugin v27.2 - https:\/\/yoast.com\/product\/yoast-seo-wordpress\/ -->\n<title>dessins - 2018<\/title>\n<meta name=\"robots\" content=\"index, follow, max-snippet:-1, max-image-preview:large, max-video-preview:-1\" \/>\n<link rel=\"canonical\" href=\"https:\/\/www.pictobello.ch\/edition-2018\/dessins\/\" \/>\n<meta property=\"og:locale\" content=\"fr_FR\" \/>\n<meta property=\"og:type\" content=\"article\" \/>\n<meta property=\"og:title\" content=\"dessins - 2018\" \/>\n<meta property=\"og:description\" content=\"Les dessins r\u00e9alis\u00e9s lors de PictoBello 2018 sont \u00e0 d\u00e9couvrir dans les rues de Vevey jusqu&rsquo;au samedi 24 juin et seront mis en ligne prochainement sur cette page.\" \/>\n<meta property=\"og:url\" content=\"https:\/\/www.pictobello.ch\/edition-2018\/dessins\/\" \/>\n<meta property=\"og:site_name\" content=\"2018\" \/>\n<meta property=\"article:modified_time\" content=\"2018-06-19T07:45:47+00:00\" \/>\n<meta name=\"twitter:card\" content=\"summary_large_image\" \/>\n<script type=\"application\/ld+json\" class=\"yoast-schema-graph\">{\"@context\":\"https:\/\/schema.org\",\"@graph\":[{\"@type\":\"WebPage\",\"@id\":\"https:\/\/www.pictobello.ch\/edition-2018\/dessins\/\",\"url\":\"https:\/\/www.pictobello.ch\/edition-2018\/dessins\/\",\"name\":\"dessins - 2018\",\"isPartOf\":{\"@id\":\"https:\/\/www.pictobello.ch\/edition-2018\/#website\"},\"datePublished\":\"2018-03-20T07:22:59+00:00\",\"dateModified\":\"2018-06-19T07:45:47+00:00\",\"breadcrumb\":{\"@id\":\"https:\/\/www.pictobello.ch\/edition-2018\/dessins\/#breadcrumb\"},\"inLanguage\":\"fr-FR\",\"potentialAction\":[{\"@type\":\"ReadAction\",\"target\":[\"https:\/\/www.pictobello.ch\/edition-2018\/dessins\/\"]}]},{\"@type\":\"BreadcrumbList\",\"@id\":\"https:\/\/www.pictobello.ch\/edition-2018\/dessins\/#breadcrumb\",\"itemListElement\":[{\"@type\":\"ListItem\",\"position\":1,\"name\":\"Accueil\",\"item\":\"https:\/\/www.pictobello.ch\/edition-2018\/\"},{\"@type\":\"ListItem\",\"position\":2,\"name\":\"dessins\"}]},{\"@type\":\"WebSite\",\"@id\":\"https:\/\/www.pictobello.ch\/edition-2018\/#website\",\"url\":\"https:\/\/www.pictobello.ch\/edition-2018\/\",\"name\":\"2018\",\"description\":\"Un site utilisant R\u00e9seau PictoBello\",\"potentialAction\":[{\"@type\":\"SearchAction\",\"target\":{\"@type\":\"EntryPoint\",\"urlTemplate\":\"https:\/\/www.pictobello.ch\/edition-2018\/?s={search_term_string}\"},\"query-input\":{\"@type\":\"PropertyValueSpecification\",\"valueRequired\":true,\"valueName\":\"search_term_string\"}}],\"inLanguage\":\"fr-FR\"}]}<\/script>\n<!-- \/ Yoast SEO plugin. -->","yoast_head_json":{"title":"dessins - 2018","robots":{"index":"index","follow":"follow","max-snippet":"max-snippet:-1","max-image-preview":"max-image-preview:large","max-video-preview":"max-video-preview:-1"},"canonical":"https:\/\/www.pictobello.ch\/edition-2018\/dessins\/","og_locale":"fr_FR","og_type":"article","og_title":"dessins - 2018","og_description":"Les dessins r\u00e9alis\u00e9s lors de PictoBello 2018 sont \u00e0 d\u00e9couvrir dans les rues de Vevey jusqu&rsquo;au samedi 24 juin et seront mis en ligne prochainement sur cette page.","og_url":"https:\/\/www.pictobello.ch\/edition-2018\/dessins\/","og_site_name":"2018","article_modified_time":"2018-06-19T07:45:47+00:00","twitter_card":"summary_large_image","schema":{"@context":"https:\/\/schema.org","@graph":[{"@type":"WebPage","@id":"https:\/\/www.pictobello.ch\/edition-2018\/dessins\/","url":"https:\/\/www.pictobello.ch\/edition-2018\/dessins\/","name":"dessins - 2018","isPartOf":{"@id":"https:\/\/www.pictobello.ch\/edition-2018\/#website"},"datePublished":"2018-03-20T07:22:59+00:00","dateModified":"2018-06-19T07:45:47+00:00","breadcrumb":{"@id":"https:\/\/www.pictobello.ch\/edition-2018\/dessins\/#breadcrumb"},"inLanguage":"fr-FR","potentialAction":[{"@type":"ReadAction","target":["https:\/\/www.pictobello.ch\/edition-2018\/dessins\/"]}]},{"@type":"BreadcrumbList","@id":"https:\/\/www.pictobello.ch\/edition-2018\/dessins\/#breadcrumb","itemListElement":[{"@type":"ListItem","position":1,"name":"Accueil","item":"https:\/\/www.pictobello.ch\/edition-2018\/"},{"@type":"ListItem","position":2,"name":"dessins"}]},{"@type":"WebSite","@id":"https:\/\/www.pictobello.ch\/edition-2018\/#website","url":"https:\/\/www.pictobello.ch\/edition-2018\/","name":"2018","description":"Un site utilisant R\u00e9seau PictoBello","potentialAction":[{"@type":"SearchAction","target":{"@type":"EntryPoint","urlTemplate":"https:\/\/www.pictobello.ch\/edition-2018\/?s={search_term_string}"},"query-input":{"@type":"PropertyValueSpecification","valueRequired":true,"valueName":"search_term_string"}}],"inLanguage":"fr-FR"}]}},"_links":{"self":[{"href":"https:\/\/www.pictobello.ch\/edition-2018\/wp-json\/wp\/v2\/pages\/7","targetHints":{"allow":["GET"]}}],"collection":[{"href":"https:\/\/www.pictobello.ch\/edition-2018\/wp-json\/wp\/v2\/pages"}],"about":[{"href":"https:\/\/www.pictobello.ch\/edition-2018\/wp-json\/wp\/v2\/types\/page"}],"author":[{"embeddable":true,"href":"https:\/\/www.pictobello.ch\/edition-2018\/wp-json\/wp\/v2\/users\/1"}],"replies":[{"embeddable":true,"href":"https:\/\/www.pictobello.ch\/edition-2018\/wp-json\/wp\/v2\/comments?post=7"}],"version-history":[{"count":3,"href":"https:\/\/www.pictobello.ch\/edition-2018\/wp-json\/wp\/v2\/pages\/7\/revisions"}],"predecessor-version":[{"id":260,"href":"https:\/\/www.pictobello.ch\/edition-2018\/wp-json\/wp\/v2\/pages\/7\/revisions\/260"}],"wp:attachment":[{"href":"https:\/\/www.pictobello.ch\/edition-2018\/wp-json\/wp\/v2\/media?parent=7"}],"curies":[{"name":"wp","href":"https:\/\/api.w.org\/{rel}","templated":true}]}}