{"id":9,"date":"2018-03-20T08:22:59","date_gmt":"2018-03-20T07:22:59","guid":{"rendered":"http:\/\/www.pictobello.ch\/edition-2018\/graphisme\/"},"modified":"2018-04-30T10:33:12","modified_gmt":"2018-04-30T08:33:12","slug":"graphisme","status":"publish","type":"page","link":"https:\/\/www.pictobello.ch\/edition-2018\/graphisme\/","title":{"rendered":"graphisme"},"content":{"rendered":"<p>Le graphisme de l\u2019\u00e9dition 2018 de PictoBello est r\u00e9alis\u00e9 par Christiane Steiner \u2013 Mary &amp; Jo Studio.<br \/>\nL\u2019illustration est r\u00e9alis\u00e9e par la dessinatrice suisse <a href=\"http:\/\/cargocollective.com\/anda\" target=\"_blank\" rel=\"noopener\">ANDA<\/a>.<\/p>\n<p><img loading=\"lazy\" decoding=\"async\" class=\"alignleft wp-image-69\" src=\"http:\/\/www.pictobello.ch\/edition-2018\/wp-content\/uploads\/sites\/21\/2018\/04\/Esquisse-3_ANDA_small-300x211.jpg\" alt=\"\" width=\"510\" height=\"359\" srcset=\"https:\/\/www.pictobello.ch\/edition-2018\/wp-content\/uploads\/sites\/21\/2018\/04\/Esquisse-3_ANDA_small-300x211.jpg 300w, https:\/\/www.pictobello.ch\/edition-2018\/wp-content\/uploads\/sites\/21\/2018\/04\/Esquisse-3_ANDA_small-768x540.jpg 768w, https:\/\/www.pictobello.ch\/edition-2018\/wp-content\/uploads\/sites\/21\/2018\/04\/Esquisse-3_ANDA_small-260x183.jpg 260w, https:\/\/www.pictobello.ch\/edition-2018\/wp-content\/uploads\/sites\/21\/2018\/04\/Esquisse-3_ANDA_small-575x405.jpg 575w, https:\/\/www.pictobello.ch\/edition-2018\/wp-content\/uploads\/sites\/21\/2018\/04\/Esquisse-3_ANDA_small-640x450.jpg 640w, https:\/\/www.pictobello.ch\/edition-2018\/wp-content\/uploads\/sites\/21\/2018\/04\/Esquisse-3_ANDA_small.jpg 800w\" sizes=\"auto, (max-width: 510px) 100vw, 510px\" \/><\/p>\n<p>&nbsp;<\/p>\n<p><img loading=\"lazy\" decoding=\"async\" class=\"alignleft wp-image-68\" src=\"http:\/\/www.pictobello.ch\/edition-2018\/wp-content\/uploads\/sites\/21\/2018\/04\/Esquisse-2_ANDA_small-300x211.jpg\" alt=\"\" width=\"510\" height=\"359\" srcset=\"https:\/\/www.pictobello.ch\/edition-2018\/wp-content\/uploads\/sites\/21\/2018\/04\/Esquisse-2_ANDA_small-300x211.jpg 300w, https:\/\/www.pictobello.ch\/edition-2018\/wp-content\/uploads\/sites\/21\/2018\/04\/Esquisse-2_ANDA_small-768x540.jpg 768w, https:\/\/www.pictobello.ch\/edition-2018\/wp-content\/uploads\/sites\/21\/2018\/04\/Esquisse-2_ANDA_small-260x183.jpg 260w, https:\/\/www.pictobello.ch\/edition-2018\/wp-content\/uploads\/sites\/21\/2018\/04\/Esquisse-2_ANDA_small-575x405.jpg 575w, https:\/\/www.pictobello.ch\/edition-2018\/wp-content\/uploads\/sites\/21\/2018\/04\/Esquisse-2_ANDA_small-640x450.jpg 640w, https:\/\/www.pictobello.ch\/edition-2018\/wp-content\/uploads\/sites\/21\/2018\/04\/Esquisse-2_ANDA_small.jpg 800w\" sizes=\"auto, (max-width: 510px) 100vw, 510px\" \/><\/p>\n","protected":false},"excerpt":{"rendered":"<p>Le graphisme de l\u2019\u00e9dition 2018 de PictoBello est r\u00e9alis\u00e9 par Christiane Steiner \u2013 Mary &amp; Jo Studio. L\u2019illustration est r\u00e9alis\u00e9e par la dessinatrice suisse ANDA. &nbsp;<\/p>\n","protected":false},"author":1,"featured_media":0,"parent":0,"menu_order":6,"comment_status":"closed","ping_status":"closed","template":"","meta":{"_acf_changed":false,"_exactmetrics_skip_tracking":false,"_exactmetrics_sitenote_active":false,"_exactmetrics_sitenote_note":"","_exactmetrics_sitenote_category":0,"footnotes":""},"class_list":["post-9","page","type-page","status-publish","hentry"],"acf":[],"yoast_head":"<!-- This site is optimized with the Yoast SEO plugin v27.2 - https:\/\/yoast.com\/product\/yoast-seo-wordpress\/ -->\n<title>graphisme - 2018<\/title>\n<meta name=\"robots\" content=\"index, follow, max-snippet:-1, max-image-preview:large, max-video-preview:-1\" \/>\n<link rel=\"canonical\" href=\"https:\/\/www.pictobello.ch\/edition-2018\/graphisme\/\" \/>\n<meta property=\"og:locale\" content=\"fr_FR\" \/>\n<meta property=\"og:type\" content=\"article\" \/>\n<meta property=\"og:title\" content=\"graphisme - 2018\" \/>\n<meta property=\"og:description\" content=\"Le graphisme de l\u2019\u00e9dition 2018 de PictoBello est r\u00e9alis\u00e9 par Christiane Steiner \u2013 Mary &amp; Jo Studio. L\u2019illustration est r\u00e9alis\u00e9e par la dessinatrice suisse ANDA. &nbsp;\" \/>\n<meta property=\"og:url\" content=\"https:\/\/www.pictobello.ch\/edition-2018\/graphisme\/\" \/>\n<meta property=\"og:site_name\" content=\"2018\" \/>\n<meta property=\"article:modified_time\" content=\"2018-04-30T08:33:12+00:00\" \/>\n<meta property=\"og:image\" content=\"http:\/\/www.pictobello.ch\/edition-2018\/wp-content\/uploads\/sites\/21\/2018\/04\/Esquisse-3_ANDA_small-300x211.jpg\" \/>\n<meta name=\"twitter:card\" content=\"summary_large_image\" \/>\n<script type=\"application\/ld+json\" class=\"yoast-schema-graph\">{\"@context\":\"https:\/\/schema.org\",\"@graph\":[{\"@type\":\"WebPage\",\"@id\":\"https:\/\/www.pictobello.ch\/edition-2018\/graphisme\/\",\"url\":\"https:\/\/www.pictobello.ch\/edition-2018\/graphisme\/\",\"name\":\"graphisme - 2018\",\"isPartOf\":{\"@id\":\"https:\/\/www.pictobello.ch\/edition-2018\/#website\"},\"primaryImageOfPage\":{\"@id\":\"https:\/\/www.pictobello.ch\/edition-2018\/graphisme\/#primaryimage\"},\"image\":{\"@id\":\"https:\/\/www.pictobello.ch\/edition-2018\/graphisme\/#primaryimage\"},\"thumbnailUrl\":\"http:\/\/www.pictobello.ch\/edition-2018\/wp-content\/uploads\/sites\/21\/2018\/04\/Esquisse-3_ANDA_small-300x211.jpg\",\"datePublished\":\"2018-03-20T07:22:59+00:00\",\"dateModified\":\"2018-04-30T08:33:12+00:00\",\"breadcrumb\":{\"@id\":\"https:\/\/www.pictobello.ch\/edition-2018\/graphisme\/#breadcrumb\"},\"inLanguage\":\"fr-FR\",\"potentialAction\":[{\"@type\":\"ReadAction\",\"target\":[\"https:\/\/www.pictobello.ch\/edition-2018\/graphisme\/\"]}]},{\"@type\":\"ImageObject\",\"inLanguage\":\"fr-FR\",\"@id\":\"https:\/\/www.pictobello.ch\/edition-2018\/graphisme\/#primaryimage\",\"url\":\"http:\/\/www.pictobello.ch\/edition-2018\/wp-content\/uploads\/sites\/21\/2018\/04\/Esquisse-3_ANDA_small-300x211.jpg\",\"contentUrl\":\"http:\/\/www.pictobello.ch\/edition-2018\/wp-content\/uploads\/sites\/21\/2018\/04\/Esquisse-3_ANDA_small-300x211.jpg\"},{\"@type\":\"BreadcrumbList\",\"@id\":\"https:\/\/www.pictobello.ch\/edition-2018\/graphisme\/#breadcrumb\",\"itemListElement\":[{\"@type\":\"ListItem\",\"position\":1,\"name\":\"Accueil\",\"item\":\"https:\/\/www.pictobello.ch\/edition-2018\/\"},{\"@type\":\"ListItem\",\"position\":2,\"name\":\"graphisme\"}]},{\"@type\":\"WebSite\",\"@id\":\"https:\/\/www.pictobello.ch\/edition-2018\/#website\",\"url\":\"https:\/\/www.pictobello.ch\/edition-2018\/\",\"name\":\"2018\",\"description\":\"Un site utilisant R\u00e9seau PictoBello\",\"potentialAction\":[{\"@type\":\"SearchAction\",\"target\":{\"@type\":\"EntryPoint\",\"urlTemplate\":\"https:\/\/www.pictobello.ch\/edition-2018\/?s={search_term_string}\"},\"query-input\":{\"@type\":\"PropertyValueSpecification\",\"valueRequired\":true,\"valueName\":\"search_term_string\"}}],\"inLanguage\":\"fr-FR\"}]}<\/script>\n<!-- \/ Yoast SEO plugin. -->","yoast_head_json":{"title":"graphisme - 2018","robots":{"index":"index","follow":"follow","max-snippet":"max-snippet:-1","max-image-preview":"max-image-preview:large","max-video-preview":"max-video-preview:-1"},"canonical":"https:\/\/www.pictobello.ch\/edition-2018\/graphisme\/","og_locale":"fr_FR","og_type":"article","og_title":"graphisme - 2018","og_description":"Le graphisme de l\u2019\u00e9dition 2018 de PictoBello est r\u00e9alis\u00e9 par Christiane Steiner \u2013 Mary &amp; Jo Studio. L\u2019illustration est r\u00e9alis\u00e9e par la dessinatrice suisse ANDA. &nbsp;","og_url":"https:\/\/www.pictobello.ch\/edition-2018\/graphisme\/","og_site_name":"2018","article_modified_time":"2018-04-30T08:33:12+00:00","og_image":[{"url":"http:\/\/www.pictobello.ch\/edition-2018\/wp-content\/uploads\/sites\/21\/2018\/04\/Esquisse-3_ANDA_small-300x211.jpg","type":"","width":"","height":""}],"twitter_card":"summary_large_image","schema":{"@context":"https:\/\/schema.org","@graph":[{"@type":"WebPage","@id":"https:\/\/www.pictobello.ch\/edition-2018\/graphisme\/","url":"https:\/\/www.pictobello.ch\/edition-2018\/graphisme\/","name":"graphisme - 2018","isPartOf":{"@id":"https:\/\/www.pictobello.ch\/edition-2018\/#website"},"primaryImageOfPage":{"@id":"https:\/\/www.pictobello.ch\/edition-2018\/graphisme\/#primaryimage"},"image":{"@id":"https:\/\/www.pictobello.ch\/edition-2018\/graphisme\/#primaryimage"},"thumbnailUrl":"http:\/\/www.pictobello.ch\/edition-2018\/wp-content\/uploads\/sites\/21\/2018\/04\/Esquisse-3_ANDA_small-300x211.jpg","datePublished":"2018-03-20T07:22:59+00:00","dateModified":"2018-04-30T08:33:12+00:00","breadcrumb":{"@id":"https:\/\/www.pictobello.ch\/edition-2018\/graphisme\/#breadcrumb"},"inLanguage":"fr-FR","potentialAction":[{"@type":"ReadAction","target":["https:\/\/www.pictobello.ch\/edition-2018\/graphisme\/"]}]},{"@type":"ImageObject","inLanguage":"fr-FR","@id":"https:\/\/www.pictobello.ch\/edition-2018\/graphisme\/#primaryimage","url":"http:\/\/www.pictobello.ch\/edition-2018\/wp-content\/uploads\/sites\/21\/2018\/04\/Esquisse-3_ANDA_small-300x211.jpg","contentUrl":"http:\/\/www.pictobello.ch\/edition-2018\/wp-content\/uploads\/sites\/21\/2018\/04\/Esquisse-3_ANDA_small-300x211.jpg"},{"@type":"BreadcrumbList","@id":"https:\/\/www.pictobello.ch\/edition-2018\/graphisme\/#breadcrumb","itemListElement":[{"@type":"ListItem","position":1,"name":"Accueil","item":"https:\/\/www.pictobello.ch\/edition-2018\/"},{"@type":"ListItem","position":2,"name":"graphisme"}]},{"@type":"WebSite","@id":"https:\/\/www.pictobello.ch\/edition-2018\/#website","url":"https:\/\/www.pictobello.ch\/edition-2018\/","name":"2018","description":"Un site utilisant R\u00e9seau PictoBello","potentialAction":[{"@type":"SearchAction","target":{"@type":"EntryPoint","urlTemplate":"https:\/\/www.pictobello.ch\/edition-2018\/?s={search_term_string}"},"query-input":{"@type":"PropertyValueSpecification","valueRequired":true,"valueName":"search_term_string"}}],"inLanguage":"fr-FR"}]}},"_links":{"self":[{"href":"https:\/\/www.pictobello.ch\/edition-2018\/wp-json\/wp\/v2\/pages\/9","targetHints":{"allow":["GET"]}}],"collection":[{"href":"https:\/\/www.pictobello.ch\/edition-2018\/wp-json\/wp\/v2\/pages"}],"about":[{"href":"https:\/\/www.pictobello.ch\/edition-2018\/wp-json\/wp\/v2\/types\/page"}],"author":[{"embeddable":true,"href":"https:\/\/www.pictobello.ch\/edition-2018\/wp-json\/wp\/v2\/users\/1"}],"replies":[{"embeddable":true,"href":"https:\/\/www.pictobello.ch\/edition-2018\/wp-json\/wp\/v2\/comments?post=9"}],"version-history":[{"count":5,"href":"https:\/\/www.pictobello.ch\/edition-2018\/wp-json\/wp\/v2\/pages\/9\/revisions"}],"predecessor-version":[{"id":125,"href":"https:\/\/www.pictobello.ch\/edition-2018\/wp-json\/wp\/v2\/pages\/9\/revisions\/125"}],"wp:attachment":[{"href":"https:\/\/www.pictobello.ch\/edition-2018\/wp-json\/wp\/v2\/media?parent=9"}],"curies":[{"name":"wp","href":"https:\/\/api.w.org\/{rel}","templated":true}]}}