{"id":58,"date":"2021-05-27T09:38:08","date_gmt":"2021-05-27T07:38:08","guid":{"rendered":"https:\/\/www.pictobello.ch\/edition-2021\/?page_id=58"},"modified":"2022-01-25T14:35:55","modified_gmt":"2022-01-25T13:35:55","slug":"scenario","status":"publish","type":"page","link":"https:\/\/www.pictobello.ch\/edition-2021\/scenario\/","title":{"rendered":"sc\u00e9nario"},"content":{"rendered":"<p><strong>\u00ab\u00a08 millions de voix\u00a0\u00bb<\/strong><\/p>\n<p>On ne l\u2019entend pas. \u00c0 vrai dire, on ne l\u2019a jamais entendue. Tr\u00e8s jeune d\u00e9j\u00e0, sa voix fr\u00eale se perdait dans la cacophonie ambiante et disparaissait derri\u00e8re les sonorit\u00e9s puissantes. \u00ab\u00a0Hausse la voix\u00a0\u00bb lui disait-on. Ce n\u2019est pourtant pas faute d\u2019avoir essay\u00e9. Elle a cri\u00e9, elle a hurl\u00e9 pour qu\u2019on l\u2019entende. Elle a test\u00e9 chaque ton, chaque son, chaque inflexion. Mais rien n\u2019y fait, on ne l\u2019entend pas. On ne l\u2019a jamais entendue et on ne l\u2019entendra sans doute jamais. Disons qu\u2019avec le temps, elle s\u2019est fait une raison, elle a cess\u00e9 d\u2019essayer.<\/p>\n<p>Alors faute de pouvoir faire entendre sa voix, elle s\u2019est mise \u00e0 \u00e9couter celles des autres, \u00e0 en appr\u00e9cier les diff\u00e9rents timbres et leur vari\u00e9t\u00e9 infinie d\u2019accents et d\u2019intonations. Tr\u00e8s vite, elle en a distingu\u00e9 les formes les plus virtuoses. Elle admirait ces voix ma\u00eetris\u00e9es, ces d\u00e9clamations habiles aux modulations minutieusement travaill\u00e9es. Parmi toutes ces oscillations, elle rep\u00e9rait sans peine les plus retentissantes. Celles qui claquent, tonnent et sonnent. Ces \u00e9clats de voix qui imposent le silence.<\/p>\n<p>Mais d\u2019autres voix au son plus feutr\u00e9 lui sont peu \u00e0 peu parvenues. Progressivement, elle les percevait plus nombreuses encore. Fluides, elles allaient et venaient, chacune faisant place \u00e0 l\u2019autre. Comme entrem\u00eal\u00e9es, elles formaient un contrepoint captivant. Elles n\u2019\u00e9taient pas toutes sur la m\u00eame longueur d\u2019onde. Non, loin de l\u00e0. Elles dissonaient m\u00eame souvent. Mais toutes ensemble, elles formaient un accord juste, une sorte de polyphonie m\u00e9lodieuse. Elle aimait rep\u00e9rer leurs dissonances harmonieuses et suivait sans crainte leurs \u00e9chos. Elle se sentait bien au c\u0153ur de cette r\u00e9sonance. \u00c0 sa place. \u00c0 force de les \u00e9couter, elle finit par discerner au coeur de ces vibrations une pulsation commune, une seule et m\u00eame inspiration. Elle y vit un appel \u00e0 joindre sa voix \u00e0 toutes celles qu\u2019elle avait su entendre. Alors en un \u00e9lan, sans \u00e9lever le ton et de son timbre l\u00e9ger, elle suivit cette impulsion. On entendit sa voix. Une voix expressive et incarn\u00e9e. Une parmi tant d\u2019autres. On l\u2019\u00e9coutait enfin.<\/p>\n<p><a href=\"https:\/\/www.pictobello.ch\/edition-2021\/organisateur\/roxane-gray\/\" target=\"_blank\" rel=\"noopener\">Roxane Gray<\/a><\/p>\n","protected":false},"excerpt":{"rendered":"<p>\u00ab\u00a08 millions de voix\u00a0\u00bb On ne l\u2019entend pas. \u00c0 vrai dire, on ne l\u2019a jamais entendue. Tr\u00e8s jeune d\u00e9j\u00e0, sa voix fr\u00eale se perdait dans la cacophonie ambiante et disparaissait derri\u00e8re les sonorit\u00e9s puissantes. \u00ab\u00a0Hausse la voix\u00a0\u00bb lui disait-on. Ce n\u2019est pourtant pas faute d\u2019avoir essay\u00e9. Elle a cri\u00e9, elle a hurl\u00e9 pour qu\u2019on l\u2019entende. [&hellip;]<\/p>\n","protected":false},"author":3,"featured_media":0,"parent":0,"menu_order":5,"comment_status":"closed","ping_status":"closed","template":"","meta":{"_acf_changed":false,"_exactmetrics_skip_tracking":false,"_exactmetrics_sitenote_active":false,"_exactmetrics_sitenote_note":"","_exactmetrics_sitenote_category":0,"footnotes":""},"class_list":["post-58","page","type-page","status-publish","hentry"],"acf":[],"yoast_head":"<!-- This site is optimized with the Yoast SEO plugin v27.2 - https:\/\/yoast.com\/product\/yoast-seo-wordpress\/ -->\n<title>sc\u00e9nario - 2021<\/title>\n<meta name=\"robots\" content=\"index, follow, max-snippet:-1, max-image-preview:large, max-video-preview:-1\" \/>\n<link rel=\"canonical\" href=\"https:\/\/www.pictobello.ch\/edition-2021\/scenario\/\" \/>\n<meta property=\"og:locale\" content=\"fr_FR\" \/>\n<meta property=\"og:type\" content=\"article\" \/>\n<meta property=\"og:title\" content=\"sc\u00e9nario - 2021\" \/>\n<meta property=\"og:description\" content=\"\u00ab\u00a08 millions de voix\u00a0\u00bb On ne l\u2019entend pas. \u00c0 vrai dire, on ne l\u2019a jamais entendue. Tr\u00e8s jeune d\u00e9j\u00e0, sa voix fr\u00eale se perdait dans la cacophonie ambiante et disparaissait derri\u00e8re les sonorit\u00e9s puissantes. \u00ab\u00a0Hausse la voix\u00a0\u00bb lui disait-on. Ce n\u2019est pourtant pas faute d\u2019avoir essay\u00e9. Elle a cri\u00e9, elle a hurl\u00e9 pour qu\u2019on l\u2019entende. [&hellip;]\" \/>\n<meta property=\"og:url\" content=\"https:\/\/www.pictobello.ch\/edition-2021\/scenario\/\" \/>\n<meta property=\"og:site_name\" content=\"2021\" \/>\n<meta property=\"article:modified_time\" content=\"2022-01-25T13:35:55+00:00\" \/>\n<meta name=\"twitter:card\" content=\"summary_large_image\" \/>\n<meta name=\"twitter:label1\" content=\"Dur\u00e9e de lecture estim\u00e9e\" \/>\n\t<meta name=\"twitter:data1\" content=\"2 minutes\" \/>\n<script type=\"application\/ld+json\" class=\"yoast-schema-graph\">{\"@context\":\"https:\/\/schema.org\",\"@graph\":[{\"@type\":\"WebPage\",\"@id\":\"https:\/\/www.pictobello.ch\/edition-2021\/scenario\/\",\"url\":\"https:\/\/www.pictobello.ch\/edition-2021\/scenario\/\",\"name\":\"sc\u00e9nario - 2021\",\"isPartOf\":{\"@id\":\"https:\/\/www.pictobello.ch\/edition-2021\/#website\"},\"datePublished\":\"2021-05-27T07:38:08+00:00\",\"dateModified\":\"2022-01-25T13:35:55+00:00\",\"breadcrumb\":{\"@id\":\"https:\/\/www.pictobello.ch\/edition-2021\/scenario\/#breadcrumb\"},\"inLanguage\":\"fr-FR\",\"potentialAction\":[{\"@type\":\"ReadAction\",\"target\":[\"https:\/\/www.pictobello.ch\/edition-2021\/scenario\/\"]}]},{\"@type\":\"BreadcrumbList\",\"@id\":\"https:\/\/www.pictobello.ch\/edition-2021\/scenario\/#breadcrumb\",\"itemListElement\":[{\"@type\":\"ListItem\",\"position\":1,\"name\":\"Accueil\",\"item\":\"https:\/\/www.pictobello.ch\/edition-2021\/\"},{\"@type\":\"ListItem\",\"position\":2,\"name\":\"sc\u00e9nario\"}]},{\"@type\":\"WebSite\",\"@id\":\"https:\/\/www.pictobello.ch\/edition-2021\/#website\",\"url\":\"https:\/\/www.pictobello.ch\/edition-2021\/\",\"name\":\"2021\",\"description\":\"Un site utilisant R\u00e9seau PictoBello\",\"potentialAction\":[{\"@type\":\"SearchAction\",\"target\":{\"@type\":\"EntryPoint\",\"urlTemplate\":\"https:\/\/www.pictobello.ch\/edition-2021\/?s={search_term_string}\"},\"query-input\":{\"@type\":\"PropertyValueSpecification\",\"valueRequired\":true,\"valueName\":\"search_term_string\"}}],\"inLanguage\":\"fr-FR\"}]}<\/script>\n<!-- \/ Yoast SEO plugin. -->","yoast_head_json":{"title":"sc\u00e9nario - 2021","robots":{"index":"index","follow":"follow","max-snippet":"max-snippet:-1","max-image-preview":"max-image-preview:large","max-video-preview":"max-video-preview:-1"},"canonical":"https:\/\/www.pictobello.ch\/edition-2021\/scenario\/","og_locale":"fr_FR","og_type":"article","og_title":"sc\u00e9nario - 2021","og_description":"\u00ab\u00a08 millions de voix\u00a0\u00bb On ne l\u2019entend pas. \u00c0 vrai dire, on ne l\u2019a jamais entendue. Tr\u00e8s jeune d\u00e9j\u00e0, sa voix fr\u00eale se perdait dans la cacophonie ambiante et disparaissait derri\u00e8re les sonorit\u00e9s puissantes. \u00ab\u00a0Hausse la voix\u00a0\u00bb lui disait-on. Ce n\u2019est pourtant pas faute d\u2019avoir essay\u00e9. Elle a cri\u00e9, elle a hurl\u00e9 pour qu\u2019on l\u2019entende. [&hellip;]","og_url":"https:\/\/www.pictobello.ch\/edition-2021\/scenario\/","og_site_name":"2021","article_modified_time":"2022-01-25T13:35:55+00:00","twitter_card":"summary_large_image","twitter_misc":{"Dur\u00e9e de lecture estim\u00e9e":"2 minutes"},"schema":{"@context":"https:\/\/schema.org","@graph":[{"@type":"WebPage","@id":"https:\/\/www.pictobello.ch\/edition-2021\/scenario\/","url":"https:\/\/www.pictobello.ch\/edition-2021\/scenario\/","name":"sc\u00e9nario - 2021","isPartOf":{"@id":"https:\/\/www.pictobello.ch\/edition-2021\/#website"},"datePublished":"2021-05-27T07:38:08+00:00","dateModified":"2022-01-25T13:35:55+00:00","breadcrumb":{"@id":"https:\/\/www.pictobello.ch\/edition-2021\/scenario\/#breadcrumb"},"inLanguage":"fr-FR","potentialAction":[{"@type":"ReadAction","target":["https:\/\/www.pictobello.ch\/edition-2021\/scenario\/"]}]},{"@type":"BreadcrumbList","@id":"https:\/\/www.pictobello.ch\/edition-2021\/scenario\/#breadcrumb","itemListElement":[{"@type":"ListItem","position":1,"name":"Accueil","item":"https:\/\/www.pictobello.ch\/edition-2021\/"},{"@type":"ListItem","position":2,"name":"sc\u00e9nario"}]},{"@type":"WebSite","@id":"https:\/\/www.pictobello.ch\/edition-2021\/#website","url":"https:\/\/www.pictobello.ch\/edition-2021\/","name":"2021","description":"Un site utilisant R\u00e9seau PictoBello","potentialAction":[{"@type":"SearchAction","target":{"@type":"EntryPoint","urlTemplate":"https:\/\/www.pictobello.ch\/edition-2021\/?s={search_term_string}"},"query-input":{"@type":"PropertyValueSpecification","valueRequired":true,"valueName":"search_term_string"}}],"inLanguage":"fr-FR"}]}},"_links":{"self":[{"href":"https:\/\/www.pictobello.ch\/edition-2021\/wp-json\/wp\/v2\/pages\/58","targetHints":{"allow":["GET"]}}],"collection":[{"href":"https:\/\/www.pictobello.ch\/edition-2021\/wp-json\/wp\/v2\/pages"}],"about":[{"href":"https:\/\/www.pictobello.ch\/edition-2021\/wp-json\/wp\/v2\/types\/page"}],"author":[{"embeddable":true,"href":"https:\/\/www.pictobello.ch\/edition-2021\/wp-json\/wp\/v2\/users\/3"}],"replies":[{"embeddable":true,"href":"https:\/\/www.pictobello.ch\/edition-2021\/wp-json\/wp\/v2\/comments?post=58"}],"version-history":[{"count":3,"href":"https:\/\/www.pictobello.ch\/edition-2021\/wp-json\/wp\/v2\/pages\/58\/revisions"}],"predecessor-version":[{"id":87,"href":"https:\/\/www.pictobello.ch\/edition-2021\/wp-json\/wp\/v2\/pages\/58\/revisions\/87"}],"wp:attachment":[{"href":"https:\/\/www.pictobello.ch\/edition-2021\/wp-json\/wp\/v2\/media?parent=58"}],"curies":[{"name":"wp","href":"https:\/\/api.w.org\/{rel}","templated":true}]}}