{"id":12,"date":"2022-03-02T14:26:13","date_gmt":"2022-03-02T13:26:13","guid":{"rendered":"https:\/\/www.pictobello.ch\/edition-2022\/graphisme\/"},"modified":"2022-06-28T15:19:38","modified_gmt":"2022-06-28T13:19:38","slug":"graphisme","status":"publish","type":"page","link":"https:\/\/www.pictobello.ch\/edition-2022\/graphisme\/","title":{"rendered":"graphisme"},"content":{"rendered":"<p>Le graphisme de l\u2019\u00e9dition 2022 de PictoBello est r\u00e9alis\u00e9 par Christiane Steiner \u2013 <a href=\"https:\/\/maryandjo.ch\/\" target=\"_blank\" rel=\"noopener\">Mary &amp; Jo Studio<\/a>.<\/p>\n<p>L\u2019affiche est dessin\u00e9e par l&rsquo;illustrateur lausannois <a href=\"https:\/\/nicolasdegaudenzi.wixsite.com\/my-site-2\" target=\"_blank\" rel=\"noopener\">Nicolas Degaudenzi<\/a>.<\/p>\n<p><img loading=\"lazy\" decoding=\"async\" class=\"alignnone wp-image-434 size-large\" src=\"https:\/\/www.pictobello.ch\/edition-2022\/wp-content\/uploads\/sites\/24\/2022\/06\/PictoBello_horizontale_credit_Nicolas-Degaudenzi-1024x724.jpg\" alt=\"\" width=\"1024\" height=\"724\" srcset=\"https:\/\/www.pictobello.ch\/edition-2022\/wp-content\/uploads\/sites\/24\/2022\/06\/PictoBello_horizontale_credit_Nicolas-Degaudenzi-1024x724.jpg 1024w, https:\/\/www.pictobello.ch\/edition-2022\/wp-content\/uploads\/sites\/24\/2022\/06\/PictoBello_horizontale_credit_Nicolas-Degaudenzi-300x212.jpg 300w, https:\/\/www.pictobello.ch\/edition-2022\/wp-content\/uploads\/sites\/24\/2022\/06\/PictoBello_horizontale_credit_Nicolas-Degaudenzi-768x543.jpg 768w, https:\/\/www.pictobello.ch\/edition-2022\/wp-content\/uploads\/sites\/24\/2022\/06\/PictoBello_horizontale_credit_Nicolas-Degaudenzi-1536x1086.jpg 1536w, https:\/\/www.pictobello.ch\/edition-2022\/wp-content\/uploads\/sites\/24\/2022\/06\/PictoBello_horizontale_credit_Nicolas-Degaudenzi-2048x1448.jpg 2048w, https:\/\/www.pictobello.ch\/edition-2022\/wp-content\/uploads\/sites\/24\/2022\/06\/PictoBello_horizontale_credit_Nicolas-Degaudenzi-260x184.jpg 260w, https:\/\/www.pictobello.ch\/edition-2022\/wp-content\/uploads\/sites\/24\/2022\/06\/PictoBello_horizontale_credit_Nicolas-Degaudenzi-575x406.jpg 575w, https:\/\/www.pictobello.ch\/edition-2022\/wp-content\/uploads\/sites\/24\/2022\/06\/PictoBello_horizontale_credit_Nicolas-Degaudenzi-640x452.jpg 640w\" sizes=\"auto, (max-width: 1024px) 100vw, 1024px\" \/><\/p>\n","protected":false},"excerpt":{"rendered":"<p>Le graphisme de l\u2019\u00e9dition 2022 de PictoBello est r\u00e9alis\u00e9 par Christiane Steiner \u2013 Mary &amp; Jo Studio. L\u2019affiche est dessin\u00e9e par l&rsquo;illustrateur lausannois Nicolas Degaudenzi.<\/p>\n","protected":false},"author":1,"featured_media":0,"parent":0,"menu_order":8,"comment_status":"closed","ping_status":"closed","template":"","meta":{"_acf_changed":false,"_exactmetrics_skip_tracking":false,"_exactmetrics_sitenote_active":false,"_exactmetrics_sitenote_note":"","_exactmetrics_sitenote_category":0,"footnotes":""},"class_list":["post-12","page","type-page","status-publish","hentry"],"acf":[],"yoast_head":"<!-- This site is optimized with the Yoast SEO plugin v27.5 - https:\/\/yoast.com\/product\/yoast-seo-wordpress\/ -->\n<title>graphisme - 2022<\/title>\n<meta name=\"robots\" content=\"index, follow, max-snippet:-1, max-image-preview:large, max-video-preview:-1\" \/>\n<link rel=\"canonical\" href=\"https:\/\/www.pictobello.ch\/edition-2022\/graphisme\/\" \/>\n<meta property=\"og:locale\" content=\"fr_FR\" \/>\n<meta property=\"og:type\" content=\"article\" \/>\n<meta property=\"og:title\" content=\"graphisme - 2022\" \/>\n<meta property=\"og:description\" content=\"Le graphisme de l\u2019\u00e9dition 2022 de PictoBello est r\u00e9alis\u00e9 par Christiane Steiner \u2013 Mary &amp; Jo Studio. L\u2019affiche est dessin\u00e9e par l&rsquo;illustrateur lausannois Nicolas Degaudenzi.\" \/>\n<meta property=\"og:url\" content=\"https:\/\/www.pictobello.ch\/edition-2022\/graphisme\/\" \/>\n<meta property=\"og:site_name\" content=\"2022\" \/>\n<meta property=\"article:modified_time\" content=\"2022-06-28T13:19:38+00:00\" \/>\n<meta property=\"og:image\" content=\"https:\/\/www.pictobello.ch\/edition-2022\/wp-content\/uploads\/sites\/24\/2022\/06\/PictoBello_horizontale_credit_Nicolas-Degaudenzi-1024x724.jpg\" \/>\n<meta name=\"twitter:card\" content=\"summary_large_image\" \/>\n<script type=\"application\/ld+json\" class=\"yoast-schema-graph\">{\"@context\":\"https:\\\/\\\/schema.org\",\"@graph\":[{\"@type\":\"WebPage\",\"@id\":\"https:\\\/\\\/www.pictobello.ch\\\/edition-2022\\\/graphisme\\\/\",\"url\":\"https:\\\/\\\/www.pictobello.ch\\\/edition-2022\\\/graphisme\\\/\",\"name\":\"graphisme - 2022\",\"isPartOf\":{\"@id\":\"https:\\\/\\\/www.pictobello.ch\\\/edition-2022\\\/#website\"},\"primaryImageOfPage\":{\"@id\":\"https:\\\/\\\/www.pictobello.ch\\\/edition-2022\\\/graphisme\\\/#primaryimage\"},\"image\":{\"@id\":\"https:\\\/\\\/www.pictobello.ch\\\/edition-2022\\\/graphisme\\\/#primaryimage\"},\"thumbnailUrl\":\"https:\\\/\\\/www.pictobello.ch\\\/edition-2022\\\/wp-content\\\/uploads\\\/sites\\\/24\\\/2022\\\/06\\\/PictoBello_horizontale_credit_Nicolas-Degaudenzi-1024x724.jpg\",\"datePublished\":\"2022-03-02T13:26:13+00:00\",\"dateModified\":\"2022-06-28T13:19:38+00:00\",\"breadcrumb\":{\"@id\":\"https:\\\/\\\/www.pictobello.ch\\\/edition-2022\\\/graphisme\\\/#breadcrumb\"},\"inLanguage\":\"fr-FR\",\"potentialAction\":[{\"@type\":\"ReadAction\",\"target\":[\"https:\\\/\\\/www.pictobello.ch\\\/edition-2022\\\/graphisme\\\/\"]}]},{\"@type\":\"ImageObject\",\"inLanguage\":\"fr-FR\",\"@id\":\"https:\\\/\\\/www.pictobello.ch\\\/edition-2022\\\/graphisme\\\/#primaryimage\",\"url\":\"https:\\\/\\\/www.pictobello.ch\\\/edition-2022\\\/wp-content\\\/uploads\\\/sites\\\/24\\\/2022\\\/06\\\/PictoBello_horizontale_credit_Nicolas-Degaudenzi-scaled.jpg\",\"contentUrl\":\"https:\\\/\\\/www.pictobello.ch\\\/edition-2022\\\/wp-content\\\/uploads\\\/sites\\\/24\\\/2022\\\/06\\\/PictoBello_horizontale_credit_Nicolas-Degaudenzi-scaled.jpg\",\"width\":2560,\"height\":1810},{\"@type\":\"BreadcrumbList\",\"@id\":\"https:\\\/\\\/www.pictobello.ch\\\/edition-2022\\\/graphisme\\\/#breadcrumb\",\"itemListElement\":[{\"@type\":\"ListItem\",\"position\":1,\"name\":\"Accueil\",\"item\":\"https:\\\/\\\/www.pictobello.ch\\\/edition-2022\\\/\"},{\"@type\":\"ListItem\",\"position\":2,\"name\":\"graphisme\"}]},{\"@type\":\"WebSite\",\"@id\":\"https:\\\/\\\/www.pictobello.ch\\\/edition-2022\\\/#website\",\"url\":\"https:\\\/\\\/www.pictobello.ch\\\/edition-2022\\\/\",\"name\":\"2022\",\"description\":\"Un site utilisant R\u00e9seau PictoBello\",\"potentialAction\":[{\"@type\":\"SearchAction\",\"target\":{\"@type\":\"EntryPoint\",\"urlTemplate\":\"https:\\\/\\\/www.pictobello.ch\\\/edition-2022\\\/?s={search_term_string}\"},\"query-input\":{\"@type\":\"PropertyValueSpecification\",\"valueRequired\":true,\"valueName\":\"search_term_string\"}}],\"inLanguage\":\"fr-FR\"}]}<\/script>\n<!-- \/ Yoast SEO plugin. -->","yoast_head_json":{"title":"graphisme - 2022","robots":{"index":"index","follow":"follow","max-snippet":"max-snippet:-1","max-image-preview":"max-image-preview:large","max-video-preview":"max-video-preview:-1"},"canonical":"https:\/\/www.pictobello.ch\/edition-2022\/graphisme\/","og_locale":"fr_FR","og_type":"article","og_title":"graphisme - 2022","og_description":"Le graphisme de l\u2019\u00e9dition 2022 de PictoBello est r\u00e9alis\u00e9 par Christiane Steiner \u2013 Mary &amp; Jo Studio. L\u2019affiche est dessin\u00e9e par l&rsquo;illustrateur lausannois Nicolas Degaudenzi.","og_url":"https:\/\/www.pictobello.ch\/edition-2022\/graphisme\/","og_site_name":"2022","article_modified_time":"2022-06-28T13:19:38+00:00","og_image":[{"url":"https:\/\/www.pictobello.ch\/edition-2022\/wp-content\/uploads\/sites\/24\/2022\/06\/PictoBello_horizontale_credit_Nicolas-Degaudenzi-1024x724.jpg","type":"","width":"","height":""}],"twitter_card":"summary_large_image","schema":{"@context":"https:\/\/schema.org","@graph":[{"@type":"WebPage","@id":"https:\/\/www.pictobello.ch\/edition-2022\/graphisme\/","url":"https:\/\/www.pictobello.ch\/edition-2022\/graphisme\/","name":"graphisme - 2022","isPartOf":{"@id":"https:\/\/www.pictobello.ch\/edition-2022\/#website"},"primaryImageOfPage":{"@id":"https:\/\/www.pictobello.ch\/edition-2022\/graphisme\/#primaryimage"},"image":{"@id":"https:\/\/www.pictobello.ch\/edition-2022\/graphisme\/#primaryimage"},"thumbnailUrl":"https:\/\/www.pictobello.ch\/edition-2022\/wp-content\/uploads\/sites\/24\/2022\/06\/PictoBello_horizontale_credit_Nicolas-Degaudenzi-1024x724.jpg","datePublished":"2022-03-02T13:26:13+00:00","dateModified":"2022-06-28T13:19:38+00:00","breadcrumb":{"@id":"https:\/\/www.pictobello.ch\/edition-2022\/graphisme\/#breadcrumb"},"inLanguage":"fr-FR","potentialAction":[{"@type":"ReadAction","target":["https:\/\/www.pictobello.ch\/edition-2022\/graphisme\/"]}]},{"@type":"ImageObject","inLanguage":"fr-FR","@id":"https:\/\/www.pictobello.ch\/edition-2022\/graphisme\/#primaryimage","url":"https:\/\/www.pictobello.ch\/edition-2022\/wp-content\/uploads\/sites\/24\/2022\/06\/PictoBello_horizontale_credit_Nicolas-Degaudenzi-scaled.jpg","contentUrl":"https:\/\/www.pictobello.ch\/edition-2022\/wp-content\/uploads\/sites\/24\/2022\/06\/PictoBello_horizontale_credit_Nicolas-Degaudenzi-scaled.jpg","width":2560,"height":1810},{"@type":"BreadcrumbList","@id":"https:\/\/www.pictobello.ch\/edition-2022\/graphisme\/#breadcrumb","itemListElement":[{"@type":"ListItem","position":1,"name":"Accueil","item":"https:\/\/www.pictobello.ch\/edition-2022\/"},{"@type":"ListItem","position":2,"name":"graphisme"}]},{"@type":"WebSite","@id":"https:\/\/www.pictobello.ch\/edition-2022\/#website","url":"https:\/\/www.pictobello.ch\/edition-2022\/","name":"2022","description":"Un site utilisant R\u00e9seau PictoBello","potentialAction":[{"@type":"SearchAction","target":{"@type":"EntryPoint","urlTemplate":"https:\/\/www.pictobello.ch\/edition-2022\/?s={search_term_string}"},"query-input":{"@type":"PropertyValueSpecification","valueRequired":true,"valueName":"search_term_string"}}],"inLanguage":"fr-FR"}]}},"_links":{"self":[{"href":"https:\/\/www.pictobello.ch\/edition-2022\/wp-json\/wp\/v2\/pages\/12","targetHints":{"allow":["GET"]}}],"collection":[{"href":"https:\/\/www.pictobello.ch\/edition-2022\/wp-json\/wp\/v2\/pages"}],"about":[{"href":"https:\/\/www.pictobello.ch\/edition-2022\/wp-json\/wp\/v2\/types\/page"}],"author":[{"embeddable":true,"href":"https:\/\/www.pictobello.ch\/edition-2022\/wp-json\/wp\/v2\/users\/1"}],"replies":[{"embeddable":true,"href":"https:\/\/www.pictobello.ch\/edition-2022\/wp-json\/wp\/v2\/comments?post=12"}],"version-history":[{"count":7,"href":"https:\/\/www.pictobello.ch\/edition-2022\/wp-json\/wp\/v2\/pages\/12\/revisions"}],"predecessor-version":[{"id":437,"href":"https:\/\/www.pictobello.ch\/edition-2022\/wp-json\/wp\/v2\/pages\/12\/revisions\/437"}],"wp:attachment":[{"href":"https:\/\/www.pictobello.ch\/edition-2022\/wp-json\/wp\/v2\/media?parent=12"}],"curies":[{"name":"wp","href":"https:\/\/api.w.org\/{rel}","templated":true}]}}