{"id":2,"date":"2022-03-02T14:16:27","date_gmt":"2022-03-02T13:16:27","guid":{"rendered":"https:\/\/www.pictobello.ch\/edition-2022\/?page_id=2"},"modified":"2022-04-12T13:52:56","modified_gmt":"2022-04-12T11:52:56","slug":"scenario","status":"publish","type":"page","link":"https:\/\/www.pictobello.ch\/edition-2022\/scenario\/","title":{"rendered":"sc\u00e9nario"},"content":{"rendered":"<p><strong>\u00ab\u00a0La boom des astres\u00a0\u00bb<\/strong><\/p>\n<p>Johann Wolfgang von Goethe sort des toilettes et consulte sa thermomontre. Il fait exactement 30\u00b0, la boom des astres va commencer. Il lustre son cr\u00e2ne d\u00e9garni et tchipe son reflet dans le miroir\u00a0:<\/p>\n<p>&#8211; Vierges, nous ne sommes qu\u2019au mois de juin, soyez jeunes avant d\u2019\u00eatre chiant\u00b7e\u00b7s.<br \/>\nAffal\u00e9 sur un canap\u00e9, Werther lui coule un regard d\u00e9sesp\u00e9r\u00e9. Ses paupi\u00e8res vieillissent pr\u00e9matur\u00e9ment \u00e0 force de pleurer sur leur sort. <em>Do you really want to hurt me<\/em>\u00a0? semble-t-il demander \u00e0 la constellation de LEDs fluorescentes qui jette des sorts tricolores.<br \/>\nCharlotte en latex viss\u00e9e sur ses dreads v\u00e9nitiennes, Boy George pr\u00e9pare des amuse-gueules\u00a0en roulant sa langue de vip\u00e8re.<\/p>\n<p>&#8211; G\u00e9meaux, quand vous aurez fini de vous \u00e9piler les sourcils, ayez une pens\u00e9e pour l\u2019humanit\u00e9 en p\u00e9ril.<br \/>\nVerres d\u2019eau de pluie, tartare de taupes \u00e9lev\u00e9es en plein air, croquettes de terre de feu\u00a0: le buffet des quatre \u00e9l\u00e9ments sera servi par la V\u00e9nus de Milo. Elle annonce un retard de douze minutes. Ce n\u2019est pas le lapin blanc qui parle, c\u2019est Annemarie Schwarzenbach. Elle vient de refuser l\u2019aide du voiturier, elle longe au pas les all\u00e9es du parking \u2013 tu sais, c\u2019est beau la lumi\u00e8re des parkings \u2013 elle cherche la place 88, c\u2019est son chiffre porte-bonheur\u00a0; elle pense \u00e0 des amours perdues avant d\u2019avoir \u00e9t\u00e9 connues.<\/p>\n<p>&#8211; Cancers, dit-elle en inspirant un grande bouff\u00e9e de gaz, les horloges n\u2019ont pas le monopole du temps. Certains instants pr\u00e9sents durent toute une vie.<br \/>\nLa V\u00e9nus de Milo est stock\u00e9e dans le coffre, \u00e0 d\u00e9charger c\u2019est une vraie gal\u00e8re. Elle est \u00e9puis\u00e9e quand elle arrive au club. Il fait chaud. Les stroboscopes \u00e9clairent une piste d\u00e9serte, \u00e0 l\u2019exception de Thomas Pesquet en costume zentai qui chante le g\u00e9n\u00e9rique des Chevaliers du Zodiac.<\/p>\n<p>&#8211; Capricornes, au fond du c\u0153ur, gardez le courage des vainqueurs.<br \/>\nMouais. Elle cherche DJ Jung Carl, il a promis un set \u00ab\u00a0inconscient collectif\u00a0\u00bb. Il sirote un Alpha Centauri au bar\u00a0: liqueur d\u2019atmosph\u00e8re et poudre de taurine, \u00e0 touiller au pendule de Foucault.<\/p>\n<p>&#8211; Votre psych\u00e9 est le souffle du cosmos. Verseaux, n\u2019oubliez pas de vous brosser les dents.<br \/>\nEst-ce qu\u2019il pense impressionner la barmaid\u00a0? Hildegarde de Bingen le torpille du regard. Peut-\u00eatre qu\u2019il la confond avec Rika Zara\u00ef. Le week-end dernier, ils ont pass\u00e9 des heures \u00e0 prendre des bains de si\u00e8ge, elle ne manque pas de bons conseils.<\/p>\n<p>&#8211; Poissons, si vous couchez sans chemise, vous vous r\u00e9veillerez sans pantalon.<br \/>\nMont\u00e9e en Amazone sur un b\u00e9lier, Frida Kahlo traverse la salle au galop, poursuivie par Andr\u00e9 Breton.<\/p>\n<p>&#8211; Taureaux et scorpions\u00a0: ce soir vos d\u00e9sirs convergent vers les possibilit\u00e9s du monde.<br \/>\nIl dit \u00e7a parce qu\u2019il est tr\u00e8s pr\u00e9tentieux. Le vent rabroue sa m\u00e8che t\u00e9n\u00e9breuse. Frida pr\u00e9f\u00e8rerait presser des tortillas \u00e0 vie plut\u00f4t que de frayer avec cet imposteur.<\/p>\n<p>&#8211; Balances, tant que les lionnes n\u2019auront pas leurs propres historiennes, les histoires de chasse continueront de glorifier le chasseur.<br \/>\nLes sagittaires brandissent leurs fl\u00e8ches et tirent vers les \u00e9toiles au ciel. Quand elles retomberont, l\u2019aube sera d\u00e9j\u00e0 lev\u00e9e.<\/p>\n<p><a href=\"https:\/\/www.pictobello.ch\/edition-2022\/organisateur\/salome-kiner\/\">Salom\u00e9 Kiner<\/a><\/p>\n","protected":false},"excerpt":{"rendered":"<p>\u00ab\u00a0La boom des astres\u00a0\u00bb Johann Wolfgang von Goethe sort des toilettes et consulte sa thermomontre. Il fait exactement 30\u00b0, la boom des astres va commencer. Il lustre son cr\u00e2ne d\u00e9garni et tchipe son reflet dans le miroir\u00a0: &#8211; Vierges, nous ne sommes qu\u2019au mois de juin, soyez jeunes avant d\u2019\u00eatre chiant\u00b7e\u00b7s. Affal\u00e9 sur un canap\u00e9, [&hellip;]<\/p>\n","protected":false},"author":3,"featured_media":0,"parent":0,"menu_order":6,"comment_status":"closed","ping_status":"closed","template":"","meta":{"_acf_changed":false,"_exactmetrics_skip_tracking":false,"_exactmetrics_sitenote_active":false,"_exactmetrics_sitenote_note":"","_exactmetrics_sitenote_category":0,"footnotes":""},"class_list":["post-2","page","type-page","status-publish","hentry"],"acf":[],"yoast_head":"<!-- This site is optimized with the Yoast SEO plugin v27.2 - https:\/\/yoast.com\/product\/yoast-seo-wordpress\/ -->\n<title>sc\u00e9nario - 2022<\/title>\n<meta name=\"robots\" content=\"index, follow, max-snippet:-1, max-image-preview:large, max-video-preview:-1\" \/>\n<link rel=\"canonical\" href=\"https:\/\/www.pictobello.ch\/edition-2022\/scenario\/\" \/>\n<meta property=\"og:locale\" content=\"fr_FR\" \/>\n<meta property=\"og:type\" content=\"article\" \/>\n<meta property=\"og:title\" content=\"sc\u00e9nario - 2022\" \/>\n<meta property=\"og:description\" content=\"\u00ab\u00a0La boom des astres\u00a0\u00bb Johann Wolfgang von Goethe sort des toilettes et consulte sa thermomontre. Il fait exactement 30\u00b0, la boom des astres va commencer. Il lustre son cr\u00e2ne d\u00e9garni et tchipe son reflet dans le miroir\u00a0: &#8211; Vierges, nous ne sommes qu\u2019au mois de juin, soyez jeunes avant d\u2019\u00eatre chiant\u00b7e\u00b7s. Affal\u00e9 sur un canap\u00e9, [&hellip;]\" \/>\n<meta property=\"og:url\" content=\"https:\/\/www.pictobello.ch\/edition-2022\/scenario\/\" \/>\n<meta property=\"og:site_name\" content=\"2022\" \/>\n<meta property=\"article:modified_time\" content=\"2022-04-12T11:52:56+00:00\" \/>\n<meta name=\"twitter:card\" content=\"summary_large_image\" \/>\n<meta name=\"twitter:label1\" content=\"Dur\u00e9e de lecture estim\u00e9e\" \/>\n\t<meta name=\"twitter:data1\" content=\"3 minutes\" \/>\n<script type=\"application\/ld+json\" class=\"yoast-schema-graph\">{\"@context\":\"https:\/\/schema.org\",\"@graph\":[{\"@type\":\"WebPage\",\"@id\":\"https:\/\/www.pictobello.ch\/edition-2022\/scenario\/\",\"url\":\"https:\/\/www.pictobello.ch\/edition-2022\/scenario\/\",\"name\":\"sc\u00e9nario - 2022\",\"isPartOf\":{\"@id\":\"https:\/\/www.pictobello.ch\/edition-2022\/#website\"},\"datePublished\":\"2022-03-02T13:16:27+00:00\",\"dateModified\":\"2022-04-12T11:52:56+00:00\",\"breadcrumb\":{\"@id\":\"https:\/\/www.pictobello.ch\/edition-2022\/scenario\/#breadcrumb\"},\"inLanguage\":\"fr-FR\",\"potentialAction\":[{\"@type\":\"ReadAction\",\"target\":[\"https:\/\/www.pictobello.ch\/edition-2022\/scenario\/\"]}]},{\"@type\":\"BreadcrumbList\",\"@id\":\"https:\/\/www.pictobello.ch\/edition-2022\/scenario\/#breadcrumb\",\"itemListElement\":[{\"@type\":\"ListItem\",\"position\":1,\"name\":\"Accueil\",\"item\":\"https:\/\/www.pictobello.ch\/edition-2022\/\"},{\"@type\":\"ListItem\",\"position\":2,\"name\":\"sc\u00e9nario\"}]},{\"@type\":\"WebSite\",\"@id\":\"https:\/\/www.pictobello.ch\/edition-2022\/#website\",\"url\":\"https:\/\/www.pictobello.ch\/edition-2022\/\",\"name\":\"2022\",\"description\":\"Un site utilisant R\u00e9seau PictoBello\",\"potentialAction\":[{\"@type\":\"SearchAction\",\"target\":{\"@type\":\"EntryPoint\",\"urlTemplate\":\"https:\/\/www.pictobello.ch\/edition-2022\/?s={search_term_string}\"},\"query-input\":{\"@type\":\"PropertyValueSpecification\",\"valueRequired\":true,\"valueName\":\"search_term_string\"}}],\"inLanguage\":\"fr-FR\"}]}<\/script>\n<!-- \/ Yoast SEO plugin. -->","yoast_head_json":{"title":"sc\u00e9nario - 2022","robots":{"index":"index","follow":"follow","max-snippet":"max-snippet:-1","max-image-preview":"max-image-preview:large","max-video-preview":"max-video-preview:-1"},"canonical":"https:\/\/www.pictobello.ch\/edition-2022\/scenario\/","og_locale":"fr_FR","og_type":"article","og_title":"sc\u00e9nario - 2022","og_description":"\u00ab\u00a0La boom des astres\u00a0\u00bb Johann Wolfgang von Goethe sort des toilettes et consulte sa thermomontre. Il fait exactement 30\u00b0, la boom des astres va commencer. Il lustre son cr\u00e2ne d\u00e9garni et tchipe son reflet dans le miroir\u00a0: &#8211; Vierges, nous ne sommes qu\u2019au mois de juin, soyez jeunes avant d\u2019\u00eatre chiant\u00b7e\u00b7s. Affal\u00e9 sur un canap\u00e9, [&hellip;]","og_url":"https:\/\/www.pictobello.ch\/edition-2022\/scenario\/","og_site_name":"2022","article_modified_time":"2022-04-12T11:52:56+00:00","twitter_card":"summary_large_image","twitter_misc":{"Dur\u00e9e de lecture estim\u00e9e":"3 minutes"},"schema":{"@context":"https:\/\/schema.org","@graph":[{"@type":"WebPage","@id":"https:\/\/www.pictobello.ch\/edition-2022\/scenario\/","url":"https:\/\/www.pictobello.ch\/edition-2022\/scenario\/","name":"sc\u00e9nario - 2022","isPartOf":{"@id":"https:\/\/www.pictobello.ch\/edition-2022\/#website"},"datePublished":"2022-03-02T13:16:27+00:00","dateModified":"2022-04-12T11:52:56+00:00","breadcrumb":{"@id":"https:\/\/www.pictobello.ch\/edition-2022\/scenario\/#breadcrumb"},"inLanguage":"fr-FR","potentialAction":[{"@type":"ReadAction","target":["https:\/\/www.pictobello.ch\/edition-2022\/scenario\/"]}]},{"@type":"BreadcrumbList","@id":"https:\/\/www.pictobello.ch\/edition-2022\/scenario\/#breadcrumb","itemListElement":[{"@type":"ListItem","position":1,"name":"Accueil","item":"https:\/\/www.pictobello.ch\/edition-2022\/"},{"@type":"ListItem","position":2,"name":"sc\u00e9nario"}]},{"@type":"WebSite","@id":"https:\/\/www.pictobello.ch\/edition-2022\/#website","url":"https:\/\/www.pictobello.ch\/edition-2022\/","name":"2022","description":"Un site utilisant R\u00e9seau PictoBello","potentialAction":[{"@type":"SearchAction","target":{"@type":"EntryPoint","urlTemplate":"https:\/\/www.pictobello.ch\/edition-2022\/?s={search_term_string}"},"query-input":{"@type":"PropertyValueSpecification","valueRequired":true,"valueName":"search_term_string"}}],"inLanguage":"fr-FR"}]}},"_links":{"self":[{"href":"https:\/\/www.pictobello.ch\/edition-2022\/wp-json\/wp\/v2\/pages\/2","targetHints":{"allow":["GET"]}}],"collection":[{"href":"https:\/\/www.pictobello.ch\/edition-2022\/wp-json\/wp\/v2\/pages"}],"about":[{"href":"https:\/\/www.pictobello.ch\/edition-2022\/wp-json\/wp\/v2\/types\/page"}],"author":[{"embeddable":true,"href":"https:\/\/www.pictobello.ch\/edition-2022\/wp-json\/wp\/v2\/users\/3"}],"replies":[{"embeddable":true,"href":"https:\/\/www.pictobello.ch\/edition-2022\/wp-json\/wp\/v2\/comments?post=2"}],"version-history":[{"count":4,"href":"https:\/\/www.pictobello.ch\/edition-2022\/wp-json\/wp\/v2\/pages\/2\/revisions"}],"predecessor-version":[{"id":73,"href":"https:\/\/www.pictobello.ch\/edition-2022\/wp-json\/wp\/v2\/pages\/2\/revisions\/73"}],"wp:attachment":[{"href":"https:\/\/www.pictobello.ch\/edition-2022\/wp-json\/wp\/v2\/media?parent=2"}],"curies":[{"name":"wp","href":"https:\/\/api.w.org\/{rel}","templated":true}]}}