{"id":50,"date":"2022-03-30T14:19:27","date_gmt":"2022-03-30T12:19:27","guid":{"rendered":"https:\/\/www.pictobello.ch\/edition-2022\/?page_id=50"},"modified":"2022-06-09T08:40:21","modified_gmt":"2022-06-09T06:40:21","slug":"evenements-paralleles","status":"publish","type":"page","link":"https:\/\/www.pictobello.ch\/edition-2022\/evenements-paralleles\/","title":{"rendered":"\u00e9v\u00e9nements parall\u00e8les"},"content":{"rendered":"<p><strong>Lac, 9-11 juin | <\/strong>\u00abMermaid studies\u00bb de <a href=\"https:\/\/www.pictobello.ch\/edition-2022\/dessinateur\/marika-maijala\/\">Marika Maijala<\/a>, talk + projections de court-m\u00e9trage d\u2019animation<\/p>\n<p>L&rsquo;installation \u00abMermaid Researcher&rsquo;s Study\u00bb a particip\u00e9 \u00e0 l&rsquo;exposition \u00abArtists&rsquo; Island\u00bb sur l&rsquo;\u00eele de Harakka en Finlande durant l&rsquo;\u00e9t\u00e9 2021. L&rsquo;installation \u00e9tait accompagn\u00e9e d&rsquo;un film d&rsquo;animation \u00abMermaid studies\u00bb.<\/p>\n<p>Ce court-m\u00e9trage est anim\u00e9 et r\u00e9alis\u00e9 par Marika Maijala et la musique du film est compos\u00e9e et interpr\u00e9t\u00e9e par Ville Laaksonen. Le projet a \u00e9t\u00e9 soutenu par la Fondation culturelle finlandaise.<\/p>\n<ul>\n<li>Jeudi 9 juin, 19h-21h, talk + projection en pr\u00e9sence de Marika Maijala<\/li>\n<li>Vendredi 10 juin, 13h30-18h30, projection non-stop<\/li>\n<li>Samedi 11 juin, 10h-17h, projection non-stop<\/li>\n<li>Lac (ruelle des Anciens Foss\u00e9s 8, 1800 Vevey)<\/li>\n<li>\u00c9v\u00e9nements gratuits, ouvert \u00e0 toutes et tous<\/li>\n<li><a href=\"https:\/\/www.instagram.com\/_lacgallery\/\" target=\"_blank\" rel=\"noopener\">lac.gallery<\/a><\/li>\n<\/ul>\n<p><a href=\"https:\/\/www.pictobello.ch\/edition-2022\/evenements-paralleles\/marika-maijala_mermaid-studies_lac_2022\/\" rel=\"attachment wp-att-164\"><img loading=\"lazy\" decoding=\"async\" class=\"alignnone size-medium wp-image-164\" src=\"https:\/\/www.pictobello.ch\/edition-2022\/wp-content\/uploads\/sites\/24\/2022\/05\/marika-maijala_mermaid-studies_lac_2022-212x300.jpg\" alt=\"\" width=\"212\" height=\"300\" srcset=\"https:\/\/www.pictobello.ch\/edition-2022\/wp-content\/uploads\/sites\/24\/2022\/05\/marika-maijala_mermaid-studies_lac_2022-212x300.jpg 212w, https:\/\/www.pictobello.ch\/edition-2022\/wp-content\/uploads\/sites\/24\/2022\/05\/marika-maijala_mermaid-studies_lac_2022-724x1024.jpg 724w, https:\/\/www.pictobello.ch\/edition-2022\/wp-content\/uploads\/sites\/24\/2022\/05\/marika-maijala_mermaid-studies_lac_2022-768x1086.jpg 768w, https:\/\/www.pictobello.ch\/edition-2022\/wp-content\/uploads\/sites\/24\/2022\/05\/marika-maijala_mermaid-studies_lac_2022-260x368.jpg 260w, https:\/\/www.pictobello.ch\/edition-2022\/wp-content\/uploads\/sites\/24\/2022\/05\/marika-maijala_mermaid-studies_lac_2022-575x813.jpg 575w, https:\/\/www.pictobello.ch\/edition-2022\/wp-content\/uploads\/sites\/24\/2022\/05\/marika-maijala_mermaid-studies_lac_2022-640x905.jpg 640w, https:\/\/www.pictobello.ch\/edition-2022\/wp-content\/uploads\/sites\/24\/2022\/05\/marika-maijala_mermaid-studies_lac_2022.jpg 842w\" sizes=\"auto, (max-width: 212px) 100vw, 212px\" \/><\/a><\/p>\n<p>&nbsp;<\/p>\n<p><strong>Atelier 20, 10-11 juin |<\/strong> \u00ab\u00a0American Fantasy\u00a0\u00bb de Quentin Coet a.k.a.\u00a0<a href=\"https:\/\/www.pictobello.ch\/edition-2022\/dessinateur\/vivvian\/\">Vivvian<\/a>, finissage exposition<\/p>\n<p>Muni de son stylo bille bleu, le jeune dessinateur reprend et s\u2019amuse des codes de la Pop Culture, mais \u00e9galement des imaginaires de s\u00e9rie B. Paysage suburbains am\u00e9ricains o\u00f9 l\u2019on croise parfois des \u00eatres difformes qui semblent vivre, comme nous, leur routine quotidienne.<\/p>\n<p>Cette exposition vernit aussi la publication \u00e9ponyme qui sort chez H\u00e9lice H\u00e9las Editeur. Les murs de l\u2019Atelier 20 pr\u00e9sentent des originaux de la publication ainsi que des dessins r\u00e9alis\u00e9s sp\u00e9cialement pour l\u2019exposition.<\/p>\n<ul>\n<li>Vendredi 10 juin, 18h-20h<\/li>\n<li>Atelier 20 (rue des Marronniers 20, 1800 Vevey)<\/li>\n<li>\u00c9v\u00e9nement gratuit, ouvert \u00e0 toutes et tous<\/li>\n<li>Dernier jour de l\u2019exposition\u00a0le samedi 11 juin de 11h \u00e0 17h<\/li>\n<li><a href=\"http:\/\/www.atelier20.info\" target=\"_blank\" rel=\"noopener\">atelier20.info<\/a><\/li>\n<\/ul>\n<p><a href=\"https:\/\/www.pictobello.ch\/edition-2022\/evenements-paralleles\/isp9203_-head-geneve-isabelle-stauffer\/\" rel=\"attachment wp-att-160\"><img loading=\"lazy\" decoding=\"async\" class=\"alignnone size-medium wp-image-160\" src=\"https:\/\/www.pictobello.ch\/edition-2022\/wp-content\/uploads\/sites\/24\/2022\/05\/ISP9203_\u00a9-HEAD-\u2013-Geneve-Isabelle-Stauffer-300x200.png\" alt=\"\" width=\"300\" height=\"200\" srcset=\"https:\/\/www.pictobello.ch\/edition-2022\/wp-content\/uploads\/sites\/24\/2022\/05\/ISP9203_\u00a9-HEAD-\u2013-Geneve-Isabelle-Stauffer-300x200.png 300w, https:\/\/www.pictobello.ch\/edition-2022\/wp-content\/uploads\/sites\/24\/2022\/05\/ISP9203_\u00a9-HEAD-\u2013-Geneve-Isabelle-Stauffer-1024x684.png 1024w, https:\/\/www.pictobello.ch\/edition-2022\/wp-content\/uploads\/sites\/24\/2022\/05\/ISP9203_\u00a9-HEAD-\u2013-Geneve-Isabelle-Stauffer-768x513.png 768w, https:\/\/www.pictobello.ch\/edition-2022\/wp-content\/uploads\/sites\/24\/2022\/05\/ISP9203_\u00a9-HEAD-\u2013-Geneve-Isabelle-Stauffer-260x174.png 260w, https:\/\/www.pictobello.ch\/edition-2022\/wp-content\/uploads\/sites\/24\/2022\/05\/ISP9203_\u00a9-HEAD-\u2013-Geneve-Isabelle-Stauffer-575x384.png 575w, https:\/\/www.pictobello.ch\/edition-2022\/wp-content\/uploads\/sites\/24\/2022\/05\/ISP9203_\u00a9-HEAD-\u2013-Geneve-Isabelle-Stauffer-640x427.png 640w, https:\/\/www.pictobello.ch\/edition-2022\/wp-content\/uploads\/sites\/24\/2022\/05\/ISP9203_\u00a9-HEAD-\u2013-Geneve-Isabelle-Stauffer.png 1200w\" sizes=\"auto, (max-width: 300px) 100vw, 300px\" \/><\/a><\/p>\n<p>&nbsp;<\/p>\n<p><strong>Payot Vevey, 11 juin |<\/strong> \u00ab\u00a0Mythes &amp; Meufs\u00a0\u00bb de Blanche Sabbah, d\u00e9dicace (artiste hors programmation)<\/p>\n<p>Blanche Sabbah est une activiste f\u00e9ministe dipl\u00f4m\u00e9e en histoire de l&rsquo;art et en sociologie. Dans \u00ab\u00a0Mythes et Meufs\u00a0\u00bb, elle d\u00e9cortique des mythes, des contes, des textes bibliques et des dessins anim\u00e9s en y interrogeant le r\u00f4le de la femme et la fa\u00e7on dont ces r\u00e9cits ont \u00e9volu\u00e9 \u00e0 travers les si\u00e8cles, participant \u00e0 une \u00e9ducation patriarcale.<\/p>\n<p>A travers le prisme de son regard militant, elle d\u00e9construit ces histoires que l&rsquo;on connait par c\u0153ur et dont on ignore parfois le sens cach\u00e9.<\/p>\n<ul>\n<li>Samedi 11 juin, 10h-11h30<\/li>\n<li>Payot Vevey (rue des Deux-March\u00e9s 15, 1800 Vevey)<\/li>\n<li>\u00c9v\u00e9nement gratuit, ouvert \u00e0 toutes et tous<\/li>\n<li><a href=\"https:\/\/evenements.payot.ch\/evenement\/blanche-sabbah-vevey-2022\/\" target=\"_blank\" rel=\"noopener\">www.payot.ch<\/a><\/li>\n<\/ul>\n<p><a href=\"https:\/\/www.pictobello.ch\/edition-2022\/evenements-paralleles\/blanche-sabbah_ve\/\" rel=\"attachment wp-att-167\"><img loading=\"lazy\" decoding=\"async\" class=\"alignnone size-medium wp-image-167\" src=\"https:\/\/www.pictobello.ch\/edition-2022\/wp-content\/uploads\/sites\/24\/2022\/05\/Blanche-Sabbah_VE-212x300.jpg\" alt=\"\" width=\"212\" height=\"300\" srcset=\"https:\/\/www.pictobello.ch\/edition-2022\/wp-content\/uploads\/sites\/24\/2022\/05\/Blanche-Sabbah_VE-212x300.jpg 212w, https:\/\/www.pictobello.ch\/edition-2022\/wp-content\/uploads\/sites\/24\/2022\/05\/Blanche-Sabbah_VE-723x1024.jpg 723w, https:\/\/www.pictobello.ch\/edition-2022\/wp-content\/uploads\/sites\/24\/2022\/05\/Blanche-Sabbah_VE-768x1088.jpg 768w, https:\/\/www.pictobello.ch\/edition-2022\/wp-content\/uploads\/sites\/24\/2022\/05\/Blanche-Sabbah_VE-1084x1536.jpg 1084w, https:\/\/www.pictobello.ch\/edition-2022\/wp-content\/uploads\/sites\/24\/2022\/05\/Blanche-Sabbah_VE-1445x2048.jpg 1445w, https:\/\/www.pictobello.ch\/edition-2022\/wp-content\/uploads\/sites\/24\/2022\/05\/Blanche-Sabbah_VE-260x368.jpg 260w, https:\/\/www.pictobello.ch\/edition-2022\/wp-content\/uploads\/sites\/24\/2022\/05\/Blanche-Sabbah_VE-575x815.jpg 575w, https:\/\/www.pictobello.ch\/edition-2022\/wp-content\/uploads\/sites\/24\/2022\/05\/Blanche-Sabbah_VE-640x907.jpg 640w, https:\/\/www.pictobello.ch\/edition-2022\/wp-content\/uploads\/sites\/24\/2022\/05\/Blanche-Sabbah_VE.jpg 1750w\" sizes=\"auto, (max-width: 212px) 100vw, 212px\" \/><\/a><\/p>\n<p>&nbsp;<\/p>\n","protected":false},"excerpt":{"rendered":"<p>Lac, 9-11 juin | \u00abMermaid studies\u00bb de Marika Maijala, talk + projections de court-m\u00e9trage d\u2019animation L&rsquo;installation \u00abMermaid Researcher&rsquo;s Study\u00bb a particip\u00e9 \u00e0 l&rsquo;exposition \u00abArtists&rsquo; Island\u00bb sur l&rsquo;\u00eele de Harakka en Finlande durant l&rsquo;\u00e9t\u00e9 2021. L&rsquo;installation \u00e9tait accompagn\u00e9e d&rsquo;un film d&rsquo;animation \u00abMermaid studies\u00bb. Ce court-m\u00e9trage est anim\u00e9 et r\u00e9alis\u00e9 par Marika Maijala et la musique du [&hellip;]<\/p>\n","protected":false},"author":3,"featured_media":0,"parent":0,"menu_order":3,"comment_status":"closed","ping_status":"closed","template":"","meta":{"_acf_changed":false,"_exactmetrics_skip_tracking":false,"_exactmetrics_sitenote_active":false,"_exactmetrics_sitenote_note":"","_exactmetrics_sitenote_category":0,"footnotes":""},"class_list":["post-50","page","type-page","status-publish","hentry"],"acf":[],"yoast_head":"<!-- This site is optimized with the Yoast SEO plugin v27.5 - https:\/\/yoast.com\/product\/yoast-seo-wordpress\/ -->\n<title>\u00e9v\u00e9nements parall\u00e8les - 2022<\/title>\n<meta name=\"robots\" content=\"index, follow, max-snippet:-1, max-image-preview:large, max-video-preview:-1\" \/>\n<link rel=\"canonical\" href=\"https:\/\/www.pictobello.ch\/edition-2022\/evenements-paralleles\/\" \/>\n<meta property=\"og:locale\" content=\"fr_FR\" \/>\n<meta property=\"og:type\" content=\"article\" \/>\n<meta property=\"og:title\" content=\"\u00e9v\u00e9nements parall\u00e8les - 2022\" \/>\n<meta property=\"og:description\" content=\"Lac, 9-11 juin | \u00abMermaid studies\u00bb de Marika Maijala, talk + projections de court-m\u00e9trage d\u2019animation L&rsquo;installation \u00abMermaid Researcher&rsquo;s Study\u00bb a particip\u00e9 \u00e0 l&rsquo;exposition \u00abArtists&rsquo; Island\u00bb sur l&rsquo;\u00eele de Harakka en Finlande durant l&rsquo;\u00e9t\u00e9 2021. L&rsquo;installation \u00e9tait accompagn\u00e9e d&rsquo;un film d&rsquo;animation \u00abMermaid studies\u00bb. Ce court-m\u00e9trage est anim\u00e9 et r\u00e9alis\u00e9 par Marika Maijala et la musique du [&hellip;]\" \/>\n<meta property=\"og:url\" content=\"https:\/\/www.pictobello.ch\/edition-2022\/evenements-paralleles\/\" \/>\n<meta property=\"og:site_name\" content=\"2022\" \/>\n<meta property=\"article:modified_time\" content=\"2022-06-09T06:40:21+00:00\" \/>\n<meta property=\"og:image\" content=\"https:\/\/www.pictobello.ch\/edition-2022\/wp-content\/uploads\/sites\/24\/2022\/05\/marika-maijala_mermaid-studies_lac_2022-212x300.jpg\" \/>\n<meta name=\"twitter:card\" content=\"summary_large_image\" \/>\n<meta name=\"twitter:label1\" content=\"Dur\u00e9e de lecture estim\u00e9e\" \/>\n\t<meta name=\"twitter:data1\" content=\"2 minutes\" \/>\n<script type=\"application\/ld+json\" class=\"yoast-schema-graph\">{\"@context\":\"https:\\\/\\\/schema.org\",\"@graph\":[{\"@type\":\"WebPage\",\"@id\":\"https:\\\/\\\/www.pictobello.ch\\\/edition-2022\\\/evenements-paralleles\\\/\",\"url\":\"https:\\\/\\\/www.pictobello.ch\\\/edition-2022\\\/evenements-paralleles\\\/\",\"name\":\"\u00e9v\u00e9nements parall\u00e8les - 2022\",\"isPartOf\":{\"@id\":\"https:\\\/\\\/www.pictobello.ch\\\/edition-2022\\\/#website\"},\"primaryImageOfPage\":{\"@id\":\"https:\\\/\\\/www.pictobello.ch\\\/edition-2022\\\/evenements-paralleles\\\/#primaryimage\"},\"image\":{\"@id\":\"https:\\\/\\\/www.pictobello.ch\\\/edition-2022\\\/evenements-paralleles\\\/#primaryimage\"},\"thumbnailUrl\":\"https:\\\/\\\/www.pictobello.ch\\\/edition-2022\\\/wp-content\\\/uploads\\\/sites\\\/24\\\/2022\\\/05\\\/marika-maijala_mermaid-studies_lac_2022-212x300.jpg\",\"datePublished\":\"2022-03-30T12:19:27+00:00\",\"dateModified\":\"2022-06-09T06:40:21+00:00\",\"breadcrumb\":{\"@id\":\"https:\\\/\\\/www.pictobello.ch\\\/edition-2022\\\/evenements-paralleles\\\/#breadcrumb\"},\"inLanguage\":\"fr-FR\",\"potentialAction\":[{\"@type\":\"ReadAction\",\"target\":[\"https:\\\/\\\/www.pictobello.ch\\\/edition-2022\\\/evenements-paralleles\\\/\"]}]},{\"@type\":\"ImageObject\",\"inLanguage\":\"fr-FR\",\"@id\":\"https:\\\/\\\/www.pictobello.ch\\\/edition-2022\\\/evenements-paralleles\\\/#primaryimage\",\"url\":\"https:\\\/\\\/www.pictobello.ch\\\/edition-2022\\\/wp-content\\\/uploads\\\/sites\\\/24\\\/2022\\\/05\\\/marika-maijala_mermaid-studies_lac_2022.jpg\",\"contentUrl\":\"https:\\\/\\\/www.pictobello.ch\\\/edition-2022\\\/wp-content\\\/uploads\\\/sites\\\/24\\\/2022\\\/05\\\/marika-maijala_mermaid-studies_lac_2022.jpg\",\"width\":842,\"height\":1191},{\"@type\":\"BreadcrumbList\",\"@id\":\"https:\\\/\\\/www.pictobello.ch\\\/edition-2022\\\/evenements-paralleles\\\/#breadcrumb\",\"itemListElement\":[{\"@type\":\"ListItem\",\"position\":1,\"name\":\"Accueil\",\"item\":\"https:\\\/\\\/www.pictobello.ch\\\/edition-2022\\\/\"},{\"@type\":\"ListItem\",\"position\":2,\"name\":\"\u00e9v\u00e9nements parall\u00e8les\"}]},{\"@type\":\"WebSite\",\"@id\":\"https:\\\/\\\/www.pictobello.ch\\\/edition-2022\\\/#website\",\"url\":\"https:\\\/\\\/www.pictobello.ch\\\/edition-2022\\\/\",\"name\":\"2022\",\"description\":\"Un site utilisant R\u00e9seau PictoBello\",\"potentialAction\":[{\"@type\":\"SearchAction\",\"target\":{\"@type\":\"EntryPoint\",\"urlTemplate\":\"https:\\\/\\\/www.pictobello.ch\\\/edition-2022\\\/?s={search_term_string}\"},\"query-input\":{\"@type\":\"PropertyValueSpecification\",\"valueRequired\":true,\"valueName\":\"search_term_string\"}}],\"inLanguage\":\"fr-FR\"}]}<\/script>\n<!-- \/ Yoast SEO plugin. -->","yoast_head_json":{"title":"\u00e9v\u00e9nements parall\u00e8les - 2022","robots":{"index":"index","follow":"follow","max-snippet":"max-snippet:-1","max-image-preview":"max-image-preview:large","max-video-preview":"max-video-preview:-1"},"canonical":"https:\/\/www.pictobello.ch\/edition-2022\/evenements-paralleles\/","og_locale":"fr_FR","og_type":"article","og_title":"\u00e9v\u00e9nements parall\u00e8les - 2022","og_description":"Lac, 9-11 juin | \u00abMermaid studies\u00bb de Marika Maijala, talk + projections de court-m\u00e9trage d\u2019animation L&rsquo;installation \u00abMermaid Researcher&rsquo;s Study\u00bb a particip\u00e9 \u00e0 l&rsquo;exposition \u00abArtists&rsquo; Island\u00bb sur l&rsquo;\u00eele de Harakka en Finlande durant l&rsquo;\u00e9t\u00e9 2021. L&rsquo;installation \u00e9tait accompagn\u00e9e d&rsquo;un film d&rsquo;animation \u00abMermaid studies\u00bb. Ce court-m\u00e9trage est anim\u00e9 et r\u00e9alis\u00e9 par Marika Maijala et la musique du [&hellip;]","og_url":"https:\/\/www.pictobello.ch\/edition-2022\/evenements-paralleles\/","og_site_name":"2022","article_modified_time":"2022-06-09T06:40:21+00:00","og_image":[{"url":"https:\/\/www.pictobello.ch\/edition-2022\/wp-content\/uploads\/sites\/24\/2022\/05\/marika-maijala_mermaid-studies_lac_2022-212x300.jpg","type":"","width":"","height":""}],"twitter_card":"summary_large_image","twitter_misc":{"Dur\u00e9e de lecture estim\u00e9e":"2 minutes"},"schema":{"@context":"https:\/\/schema.org","@graph":[{"@type":"WebPage","@id":"https:\/\/www.pictobello.ch\/edition-2022\/evenements-paralleles\/","url":"https:\/\/www.pictobello.ch\/edition-2022\/evenements-paralleles\/","name":"\u00e9v\u00e9nements parall\u00e8les - 2022","isPartOf":{"@id":"https:\/\/www.pictobello.ch\/edition-2022\/#website"},"primaryImageOfPage":{"@id":"https:\/\/www.pictobello.ch\/edition-2022\/evenements-paralleles\/#primaryimage"},"image":{"@id":"https:\/\/www.pictobello.ch\/edition-2022\/evenements-paralleles\/#primaryimage"},"thumbnailUrl":"https:\/\/www.pictobello.ch\/edition-2022\/wp-content\/uploads\/sites\/24\/2022\/05\/marika-maijala_mermaid-studies_lac_2022-212x300.jpg","datePublished":"2022-03-30T12:19:27+00:00","dateModified":"2022-06-09T06:40:21+00:00","breadcrumb":{"@id":"https:\/\/www.pictobello.ch\/edition-2022\/evenements-paralleles\/#breadcrumb"},"inLanguage":"fr-FR","potentialAction":[{"@type":"ReadAction","target":["https:\/\/www.pictobello.ch\/edition-2022\/evenements-paralleles\/"]}]},{"@type":"ImageObject","inLanguage":"fr-FR","@id":"https:\/\/www.pictobello.ch\/edition-2022\/evenements-paralleles\/#primaryimage","url":"https:\/\/www.pictobello.ch\/edition-2022\/wp-content\/uploads\/sites\/24\/2022\/05\/marika-maijala_mermaid-studies_lac_2022.jpg","contentUrl":"https:\/\/www.pictobello.ch\/edition-2022\/wp-content\/uploads\/sites\/24\/2022\/05\/marika-maijala_mermaid-studies_lac_2022.jpg","width":842,"height":1191},{"@type":"BreadcrumbList","@id":"https:\/\/www.pictobello.ch\/edition-2022\/evenements-paralleles\/#breadcrumb","itemListElement":[{"@type":"ListItem","position":1,"name":"Accueil","item":"https:\/\/www.pictobello.ch\/edition-2022\/"},{"@type":"ListItem","position":2,"name":"\u00e9v\u00e9nements parall\u00e8les"}]},{"@type":"WebSite","@id":"https:\/\/www.pictobello.ch\/edition-2022\/#website","url":"https:\/\/www.pictobello.ch\/edition-2022\/","name":"2022","description":"Un site utilisant R\u00e9seau PictoBello","potentialAction":[{"@type":"SearchAction","target":{"@type":"EntryPoint","urlTemplate":"https:\/\/www.pictobello.ch\/edition-2022\/?s={search_term_string}"},"query-input":{"@type":"PropertyValueSpecification","valueRequired":true,"valueName":"search_term_string"}}],"inLanguage":"fr-FR"}]}},"_links":{"self":[{"href":"https:\/\/www.pictobello.ch\/edition-2022\/wp-json\/wp\/v2\/pages\/50","targetHints":{"allow":["GET"]}}],"collection":[{"href":"https:\/\/www.pictobello.ch\/edition-2022\/wp-json\/wp\/v2\/pages"}],"about":[{"href":"https:\/\/www.pictobello.ch\/edition-2022\/wp-json\/wp\/v2\/types\/page"}],"author":[{"embeddable":true,"href":"https:\/\/www.pictobello.ch\/edition-2022\/wp-json\/wp\/v2\/users\/3"}],"replies":[{"embeddable":true,"href":"https:\/\/www.pictobello.ch\/edition-2022\/wp-json\/wp\/v2\/comments?post=50"}],"version-history":[{"count":22,"href":"https:\/\/www.pictobello.ch\/edition-2022\/wp-json\/wp\/v2\/pages\/50\/revisions"}],"predecessor-version":[{"id":189,"href":"https:\/\/www.pictobello.ch\/edition-2022\/wp-json\/wp\/v2\/pages\/50\/revisions\/189"}],"wp:attachment":[{"href":"https:\/\/www.pictobello.ch\/edition-2022\/wp-json\/wp\/v2\/media?parent=50"}],"curies":[{"name":"wp","href":"https:\/\/api.w.org\/{rel}","templated":true}]}}