{"id":172,"date":"2024-05-03T15:52:42","date_gmt":"2024-05-03T13:52:42","guid":{"rendered":"https:\/\/www.pictobello.ch\/edition-2024\/?page_id=172"},"modified":"2024-05-07T15:07:51","modified_gmt":"2024-05-07T13:07:51","slug":"benevoles","status":"publish","type":"page","link":"https:\/\/www.pictobello.ch\/edition-2024\/benevoles\/","title":{"rendered":"b\u00e9n\u00e9voles"},"content":{"rendered":"<p><a href=\"http:\/\/www.pictobello.ch\/edition-2024\/wp-content\/uploads\/sites\/27\/2024\/04\/PB24_800X300-02-scaled.jpg\"><img loading=\"lazy\" decoding=\"async\" class=\"aligncenter size-full wp-image-166\" src=\"http:\/\/www.pictobello.ch\/edition-2024\/wp-content\/uploads\/sites\/27\/2024\/04\/PB24_800X300-02-scaled.jpg\" alt=\"\" width=\"2560\" height=\"960\" \/><\/a><\/p>\n<h2><strong>PICTOBELLO A BESOIN DE TOI !<\/strong><\/h2>\n<p><strong>Pour sa XX<sup>\u00e8me<\/sup> \u00e9dition, PictoBello \u00e9tend sa programmation sur un mois et propose diverses expositions d\u2019art dans l\u2019espace public. Le 6 juin, le festival inaugurera notamment une \u00ab\u00a0R\u00e9trospective non-exhaustive\u00a0\u00bb, compilant une s\u00e9rie d\u2019\u0153uvres tous formats r\u00e9alis\u00e9es par des artistes ayant d\u00e9j\u00e0 particip\u00e9 \u00e0 PictoBello. La traditionnelle journ\u00e9e de dessin, qui permet \u00e0 vingt dessinateur\u00b7rice\u00b7x\u00b7s professionnel\u00b7le\u00b7x\u00b7s de Suisse et d\u2019ailleurs de dessiner \u00ab\u00a0en live\u00a0\u00bb sur des panneaux monumentaux sous le regard du public, aura lieu le samedi 22 juin.<\/strong><\/p>\n<p><strong><u>Nous sommes \u00e0 la recherche de \u00ab\u00a0PictoB\u00e9n\u00e9voles\u00a0\u00bb pour\u00a0:<\/u><\/strong><\/p>\n<ul>\n<li>renseigner le public sur la manifestation<\/li>\n<li>aider lors des vernissages, \u00a0des rangements, et du repas<\/li>\n<\/ul>\n<p><strong><u>O\u00f9\u00a0?<\/u><\/strong><\/p>\n<ul>\n<li>Les 5 lieux de dessin dans la ville\u00a0: Grenette, Place de la Gare, Jardin du Mus\u00e9e Jenisch, Quai Perdonnet, Place de l\u2019H\u00f4tel de Ville<\/li>\n<li>Le Rocking-Chair, Gilamont pour le soir du 22<\/li>\n<\/ul>\n<p><strong>Merci de nous contacter si vous pensez pouvoir donner un peu de votre temps, en pr\u00e9cisant vos disponibilit\u00e9s :<\/strong><\/p>\n<p><u>Jeudi 6 juin<\/u><\/p>\n<ul>\n<li>le soir\u00a0: 18h30 \u2013 21h<\/li>\n<\/ul>\n<p><u>Samedi 22 juin<\/u><\/p>\n<ul>\n<li>le matin\u00a0: 9h30 \u2013 14h<\/li>\n<li>l\u2019apr\u00e8s-midi\u00a0: 13h30 \u2013 18h<\/li>\n<li>fin de journ\u00e9e : 16h \u2013 20h<\/li>\n<li>le soir\u00a0: 18h \u2013 22h<\/li>\n<\/ul>\n<p><u>Dimanche 23 juin<\/u><\/p>\n<ul>\n<li>l\u2019apr\u00e8s-midi de 13h \u00e0 17h<\/li>\n<\/ul>\n<p><strong>En contrepartie :<\/strong><\/p>\n<p>&#8211; repas de midi pour les personnes travaillant le matin<\/p>\n<p>&#8211; invitation au repas festif du samedi soir\u00a0au Rocking-Chair (20h \u00e0 22h environ) et bons boisson pour la soir\u00e9e<\/p>\n<p>&#8211; la publication PictoBello 2024 offerte l\u2019ann\u00e9e suivante<\/p>\n<p><strong><u>Int\u00e9ress\u00e9\u00b7x\u00b7e?<\/u><\/strong> \u21d2 Contactez-nous \u00e0 <strong><a href=\"javascript:DeCryptX('2k1o0f1p3C2r2k3f0t0o1c3h0l0l3r0.0c2j')\">info [at] pictobello [dot] ch<\/a><\/strong><\/p>\n<h2><strong><em>MERCI\u00a0!<\/em><\/strong><\/h2>\n","protected":false},"excerpt":{"rendered":"<p>PICTOBELLO A BESOIN DE TOI ! Pour sa XX\u00e8me \u00e9dition, PictoBello \u00e9tend sa programmation sur un mois et propose diverses expositions d\u2019art dans l\u2019espace public. Le 6 juin, le festival inaugurera notamment une \u00ab\u00a0R\u00e9trospective non-exhaustive\u00a0\u00bb, compilant une s\u00e9rie d\u2019\u0153uvres tous formats r\u00e9alis\u00e9es par des artistes ayant d\u00e9j\u00e0 particip\u00e9 \u00e0 PictoBello. La traditionnelle journ\u00e9e de dessin, [&hellip;]<\/p>\n","protected":false},"author":3,"featured_media":0,"parent":0,"menu_order":10,"comment_status":"closed","ping_status":"closed","template":"","meta":{"_acf_changed":false,"_exactmetrics_skip_tracking":false,"_exactmetrics_sitenote_active":false,"_exactmetrics_sitenote_note":"","_exactmetrics_sitenote_category":0,"footnotes":""},"class_list":["post-172","page","type-page","status-publish","hentry"],"acf":[],"yoast_head":"<!-- This site is optimized with the Yoast SEO plugin v27.5 - https:\/\/yoast.com\/product\/yoast-seo-wordpress\/ -->\n<title>b\u00e9n\u00e9voles - 2024<\/title>\n<meta name=\"robots\" content=\"index, follow, max-snippet:-1, max-image-preview:large, max-video-preview:-1\" \/>\n<link rel=\"canonical\" href=\"https:\/\/www.pictobello.ch\/edition-2024\/benevoles\/\" \/>\n<meta property=\"og:locale\" content=\"fr_FR\" \/>\n<meta property=\"og:type\" content=\"article\" \/>\n<meta property=\"og:title\" content=\"b\u00e9n\u00e9voles - 2024\" \/>\n<meta property=\"og:description\" content=\"PICTOBELLO A BESOIN DE TOI ! Pour sa XX\u00e8me \u00e9dition, PictoBello \u00e9tend sa programmation sur un mois et propose diverses expositions d\u2019art dans l\u2019espace public. Le 6 juin, le festival inaugurera notamment une \u00ab\u00a0R\u00e9trospective non-exhaustive\u00a0\u00bb, compilant une s\u00e9rie d\u2019\u0153uvres tous formats r\u00e9alis\u00e9es par des artistes ayant d\u00e9j\u00e0 particip\u00e9 \u00e0 PictoBello. La traditionnelle journ\u00e9e de dessin, [&hellip;]\" \/>\n<meta property=\"og:url\" content=\"https:\/\/www.pictobello.ch\/edition-2024\/benevoles\/\" \/>\n<meta property=\"og:site_name\" content=\"2024\" \/>\n<meta property=\"article:modified_time\" content=\"2024-05-07T13:07:51+00:00\" \/>\n<meta property=\"og:image\" content=\"http:\/\/www.pictobello.ch\/edition-2024\/wp-content\/uploads\/sites\/27\/2024\/04\/PB24_800X300-02-scaled.jpg\" \/>\n<meta name=\"twitter:card\" content=\"summary_large_image\" \/>\n<meta name=\"twitter:label1\" content=\"Dur\u00e9e de lecture estim\u00e9e\" \/>\n\t<meta name=\"twitter:data1\" content=\"2 minutes\" \/>\n<script type=\"application\/ld+json\" class=\"yoast-schema-graph\">{\"@context\":\"https:\\\/\\\/schema.org\",\"@graph\":[{\"@type\":\"WebPage\",\"@id\":\"https:\\\/\\\/www.pictobello.ch\\\/edition-2024\\\/benevoles\\\/\",\"url\":\"https:\\\/\\\/www.pictobello.ch\\\/edition-2024\\\/benevoles\\\/\",\"name\":\"b\u00e9n\u00e9voles - 2024\",\"isPartOf\":{\"@id\":\"https:\\\/\\\/www.pictobello.ch\\\/edition-2024\\\/#website\"},\"primaryImageOfPage\":{\"@id\":\"https:\\\/\\\/www.pictobello.ch\\\/edition-2024\\\/benevoles\\\/#primaryimage\"},\"image\":{\"@id\":\"https:\\\/\\\/www.pictobello.ch\\\/edition-2024\\\/benevoles\\\/#primaryimage\"},\"thumbnailUrl\":\"http:\\\/\\\/www.pictobello.ch\\\/edition-2024\\\/wp-content\\\/uploads\\\/sites\\\/27\\\/2024\\\/04\\\/PB24_800X300-02-scaled.jpg\",\"datePublished\":\"2024-05-03T13:52:42+00:00\",\"dateModified\":\"2024-05-07T13:07:51+00:00\",\"breadcrumb\":{\"@id\":\"https:\\\/\\\/www.pictobello.ch\\\/edition-2024\\\/benevoles\\\/#breadcrumb\"},\"inLanguage\":\"fr-FR\",\"potentialAction\":[{\"@type\":\"ReadAction\",\"target\":[\"https:\\\/\\\/www.pictobello.ch\\\/edition-2024\\\/benevoles\\\/\"]}]},{\"@type\":\"ImageObject\",\"inLanguage\":\"fr-FR\",\"@id\":\"https:\\\/\\\/www.pictobello.ch\\\/edition-2024\\\/benevoles\\\/#primaryimage\",\"url\":\"http:\\\/\\\/www.pictobello.ch\\\/edition-2024\\\/wp-content\\\/uploads\\\/sites\\\/27\\\/2024\\\/04\\\/PB24_800X300-02-scaled.jpg\",\"contentUrl\":\"http:\\\/\\\/www.pictobello.ch\\\/edition-2024\\\/wp-content\\\/uploads\\\/sites\\\/27\\\/2024\\\/04\\\/PB24_800X300-02-scaled.jpg\"},{\"@type\":\"BreadcrumbList\",\"@id\":\"https:\\\/\\\/www.pictobello.ch\\\/edition-2024\\\/benevoles\\\/#breadcrumb\",\"itemListElement\":[{\"@type\":\"ListItem\",\"position\":1,\"name\":\"Accueil\",\"item\":\"https:\\\/\\\/www.pictobello.ch\\\/edition-2024\\\/\"},{\"@type\":\"ListItem\",\"position\":2,\"name\":\"b\u00e9n\u00e9voles\"}]},{\"@type\":\"WebSite\",\"@id\":\"https:\\\/\\\/www.pictobello.ch\\\/edition-2024\\\/#website\",\"url\":\"https:\\\/\\\/www.pictobello.ch\\\/edition-2024\\\/\",\"name\":\"2024\",\"description\":\"\",\"potentialAction\":[{\"@type\":\"SearchAction\",\"target\":{\"@type\":\"EntryPoint\",\"urlTemplate\":\"https:\\\/\\\/www.pictobello.ch\\\/edition-2024\\\/?s={search_term_string}\"},\"query-input\":{\"@type\":\"PropertyValueSpecification\",\"valueRequired\":true,\"valueName\":\"search_term_string\"}}],\"inLanguage\":\"fr-FR\"}]}<\/script>\n<!-- \/ Yoast SEO plugin. -->","yoast_head_json":{"title":"b\u00e9n\u00e9voles - 2024","robots":{"index":"index","follow":"follow","max-snippet":"max-snippet:-1","max-image-preview":"max-image-preview:large","max-video-preview":"max-video-preview:-1"},"canonical":"https:\/\/www.pictobello.ch\/edition-2024\/benevoles\/","og_locale":"fr_FR","og_type":"article","og_title":"b\u00e9n\u00e9voles - 2024","og_description":"PICTOBELLO A BESOIN DE TOI ! Pour sa XX\u00e8me \u00e9dition, PictoBello \u00e9tend sa programmation sur un mois et propose diverses expositions d\u2019art dans l\u2019espace public. Le 6 juin, le festival inaugurera notamment une \u00ab\u00a0R\u00e9trospective non-exhaustive\u00a0\u00bb, compilant une s\u00e9rie d\u2019\u0153uvres tous formats r\u00e9alis\u00e9es par des artistes ayant d\u00e9j\u00e0 particip\u00e9 \u00e0 PictoBello. La traditionnelle journ\u00e9e de dessin, [&hellip;]","og_url":"https:\/\/www.pictobello.ch\/edition-2024\/benevoles\/","og_site_name":"2024","article_modified_time":"2024-05-07T13:07:51+00:00","og_image":[{"url":"http:\/\/www.pictobello.ch\/edition-2024\/wp-content\/uploads\/sites\/27\/2024\/04\/PB24_800X300-02-scaled.jpg","type":"","width":"","height":""}],"twitter_card":"summary_large_image","twitter_misc":{"Dur\u00e9e de lecture estim\u00e9e":"2 minutes"},"schema":{"@context":"https:\/\/schema.org","@graph":[{"@type":"WebPage","@id":"https:\/\/www.pictobello.ch\/edition-2024\/benevoles\/","url":"https:\/\/www.pictobello.ch\/edition-2024\/benevoles\/","name":"b\u00e9n\u00e9voles - 2024","isPartOf":{"@id":"https:\/\/www.pictobello.ch\/edition-2024\/#website"},"primaryImageOfPage":{"@id":"https:\/\/www.pictobello.ch\/edition-2024\/benevoles\/#primaryimage"},"image":{"@id":"https:\/\/www.pictobello.ch\/edition-2024\/benevoles\/#primaryimage"},"thumbnailUrl":"http:\/\/www.pictobello.ch\/edition-2024\/wp-content\/uploads\/sites\/27\/2024\/04\/PB24_800X300-02-scaled.jpg","datePublished":"2024-05-03T13:52:42+00:00","dateModified":"2024-05-07T13:07:51+00:00","breadcrumb":{"@id":"https:\/\/www.pictobello.ch\/edition-2024\/benevoles\/#breadcrumb"},"inLanguage":"fr-FR","potentialAction":[{"@type":"ReadAction","target":["https:\/\/www.pictobello.ch\/edition-2024\/benevoles\/"]}]},{"@type":"ImageObject","inLanguage":"fr-FR","@id":"https:\/\/www.pictobello.ch\/edition-2024\/benevoles\/#primaryimage","url":"http:\/\/www.pictobello.ch\/edition-2024\/wp-content\/uploads\/sites\/27\/2024\/04\/PB24_800X300-02-scaled.jpg","contentUrl":"http:\/\/www.pictobello.ch\/edition-2024\/wp-content\/uploads\/sites\/27\/2024\/04\/PB24_800X300-02-scaled.jpg"},{"@type":"BreadcrumbList","@id":"https:\/\/www.pictobello.ch\/edition-2024\/benevoles\/#breadcrumb","itemListElement":[{"@type":"ListItem","position":1,"name":"Accueil","item":"https:\/\/www.pictobello.ch\/edition-2024\/"},{"@type":"ListItem","position":2,"name":"b\u00e9n\u00e9voles"}]},{"@type":"WebSite","@id":"https:\/\/www.pictobello.ch\/edition-2024\/#website","url":"https:\/\/www.pictobello.ch\/edition-2024\/","name":"2024","description":"","potentialAction":[{"@type":"SearchAction","target":{"@type":"EntryPoint","urlTemplate":"https:\/\/www.pictobello.ch\/edition-2024\/?s={search_term_string}"},"query-input":{"@type":"PropertyValueSpecification","valueRequired":true,"valueName":"search_term_string"}}],"inLanguage":"fr-FR"}]}},"_links":{"self":[{"href":"https:\/\/www.pictobello.ch\/edition-2024\/wp-json\/wp\/v2\/pages\/172","targetHints":{"allow":["GET"]}}],"collection":[{"href":"https:\/\/www.pictobello.ch\/edition-2024\/wp-json\/wp\/v2\/pages"}],"about":[{"href":"https:\/\/www.pictobello.ch\/edition-2024\/wp-json\/wp\/v2\/types\/page"}],"author":[{"embeddable":true,"href":"https:\/\/www.pictobello.ch\/edition-2024\/wp-json\/wp\/v2\/users\/3"}],"replies":[{"embeddable":true,"href":"https:\/\/www.pictobello.ch\/edition-2024\/wp-json\/wp\/v2\/comments?post=172"}],"version-history":[{"count":14,"href":"https:\/\/www.pictobello.ch\/edition-2024\/wp-json\/wp\/v2\/pages\/172\/revisions"}],"predecessor-version":[{"id":281,"href":"https:\/\/www.pictobello.ch\/edition-2024\/wp-json\/wp\/v2\/pages\/172\/revisions\/281"}],"wp:attachment":[{"href":"https:\/\/www.pictobello.ch\/edition-2024\/wp-json\/wp\/v2\/media?parent=172"}],"curies":[{"name":"wp","href":"https:\/\/api.w.org\/{rel}","templated":true}]}}