{"id":73,"date":"2024-04-08T10:25:23","date_gmt":"2024-04-08T08:25:23","guid":{"rendered":"https:\/\/www.pictobello.ch\/edition-2024\/?page_id=73"},"modified":"2024-05-07T11:54:56","modified_gmt":"2024-05-07T09:54:56","slug":"nouvelle","status":"publish","type":"page","link":"https:\/\/www.pictobello.ch\/edition-2024\/nouvelle\/","title":{"rendered":"nouvelle"},"content":{"rendered":"<p><strong>Maniements <\/strong><\/p>\n<p>Ab\u00eem\u00e9es, lisses, calleuses ou r\u00eaches.<br \/>\nFines, noueuses, douces ou corn\u00e9es.<br \/>\nFortes.<br \/>\nUn bout de cette m\u00e9moire vivante du corps, et de ce qu\u2019il a accompli.<\/p>\n<p>Elles peuvent \u00eatre les autres yeux, l\u2019autre c\u0153ur. La traduction de quelque chose qui a \u00e9t\u00e9 voulu, ressenti, cherch\u00e9, souhait\u00e9. Aussi peut-\u00eatre sont-elles le seul vrai lien qu\u2019on a au monde lorsqu\u2019il s\u2019agit d\u2019y faire sa place. Et elles peuvent ne rien faire \u00e0 part \u00eatre l\u00e0. Parfois maladroites, ballantes. Mais en v\u00e9rit\u00e9 elles font presque toujours quelque chose. On les fait s\u2019ouvrir, et alors elles s\u2019animent, elles s\u2019\u00e9tendent.<\/p>\n<p>Elles sont outils. Elles aiguisent, sculptent, construisent, dessinent, taillent, tissent, effleurent, forgent. Elles manifestent, elles r\u00e9v\u00e8lent. Elles apprennent, et se souviennent.<br \/>\nEt puis elles tracent.<br \/>\nAinsi se forme ce qui jusque-l\u00e0 n\u2019existait pas.<br \/>\n\u00c0 elles seules elles attestent qu\u2019un jour quelqu\u2019un s\u2019est dit\u00a0: je voudrais laisser \u00e7a l\u00e0.<\/p>\n<p>Tout d\u00e9pend souvent du m\u00e9tier. Semblablement \u00e0 la table de travail qui est marqu\u00e9e par l\u2019ouvrage, elles portent les signes de tout ce qui a \u00e9t\u00e9 fait \u2013 de tout ce qui a \u00e9t\u00e9 v\u00e9cu. Et, m\u00eame lorsqu\u2019on les croit vides, elles racontent quand la parole ne suffit pas.<\/p>\n<p>\u00c7a parle de ce d\u00e9sir de ne pas \u00eatre oubli\u00e9. De sceller le passage entre les temps. De fa\u00e7onner la mati\u00e8re qui va t\u00e9moigner d\u2019un savoir-faire, d\u2019une pens\u00e9e, d\u2019un r\u00eave ou d\u2019une volont\u00e9.<\/p>\n<p>Par exemple cette simple chambre. C\u2019est une petite pi\u00e8ce avec \u00e0 l\u2019int\u00e9rieur des objets qui sont aim\u00e9s. La commode en bois de ch\u00eane, et le bois a \u00e9t\u00e9 coup\u00e9, mesur\u00e9, ponc\u00e9, lustr\u00e9. De l\u2019autre c\u00f4t\u00e9, la vieille chaise en osier tress\u00e9. Le grand fauteuil ayant des gros clous qui rattachent solidement le tissu au bois, comme le faisaient autrefois les tapissiers. L\u2019image au mur, peinte puis encadr\u00e9e. Le vase en c\u00e9ramique qui a \u00e9t\u00e9 model\u00e9. Le tapis qui patiemment a \u00e9t\u00e9 tiss\u00e9 de milliers de fils de couleurs. Le lutrin avec les partitions pos\u00e9es dessus, l\u2019instrument qui vient de chez un luthier. Le bijou en argent, dont le m\u00e9tal s\u2019est fait fondre et auquel on a donn\u00e9 une forme particuli\u00e8re. L\u2019\u00e9charpe rouge, tricot\u00e9e. Et la biblioth\u00e8que avec tous les livres \u00e9crits par les uns, imprim\u00e9s puis reli\u00e9s par les autres. Et au-del\u00e0 des objets il y a aussi le reste\u00a0; le parquet, rabot\u00e9 puis stratifi\u00e9, remis \u00e0 neuf. Les cadres de fen\u00eatres avec les espagnolettes d\u2019aluminium qu\u2019on a fix\u00e9es l\u00e0, et les vitres qui ont \u00e9t\u00e9 install\u00e9es. Les solides parois blanches, mais derri\u00e8re la couche de peinture ce sont des briques empil\u00e9es, et \u00e7a maintient tout le reste en place.<br \/>\nAutant de choses faites et refaites, qui d\u2019une mani\u00e8re ou d\u2019une autre ne dispara\u00eetront pas tandis que nous nous \u00e9rodons peu \u00e0 peu.<\/p>\n<p>Et on pense alors \u00e0 ces grottes anciennes. Endroits qui se d\u00e9font de la lumi\u00e8re du jour, mais qui abritent ce qui ne peut \u00eatre perdu. Sur les parois grises ou ocres, des pigments rouges qui ont \u00e9t\u00e9 appliqu\u00e9s pour que \u00e7a s\u2019imprime sur la roche. Quelque chose qui silencieusement proclame\u00a0: on a \u00e9t\u00e9 l\u00e0.<\/p>\n<p>Finalement, ce sont les simples gestes d\u2019une main.\u00a0L\u2019empreinte qui est laiss\u00e9e.<\/p>\n<p>Ainsi les belles choses restent, parce qu\u2019on les fait rester.<\/p>\n<p><a href=\"https:\/\/www.instagram.com\/fanny_desarzens\/\" target=\"_blank\" rel=\"noopener\">Fanny Desarzens<\/a><\/p>\n","protected":false},"excerpt":{"rendered":"<p>Maniements Ab\u00eem\u00e9es, lisses, calleuses ou r\u00eaches. Fines, noueuses, douces ou corn\u00e9es. Fortes. Un bout de cette m\u00e9moire vivante du corps, et de ce qu\u2019il a accompli. Elles peuvent \u00eatre les autres yeux, l\u2019autre c\u0153ur. La traduction de quelque chose qui a \u00e9t\u00e9 voulu, ressenti, cherch\u00e9, souhait\u00e9. Aussi peut-\u00eatre sont-elles le seul vrai lien qu\u2019on a [&hellip;]<\/p>\n","protected":false},"author":3,"featured_media":0,"parent":0,"menu_order":5,"comment_status":"closed","ping_status":"closed","template":"","meta":{"_acf_changed":false,"_exactmetrics_skip_tracking":false,"_exactmetrics_sitenote_active":false,"_exactmetrics_sitenote_note":"","_exactmetrics_sitenote_category":0,"footnotes":""},"class_list":["post-73","page","type-page","status-publish","hentry"],"acf":[],"yoast_head":"<!-- This site is optimized with the Yoast SEO plugin v27.5 - https:\/\/yoast.com\/product\/yoast-seo-wordpress\/ -->\n<title>nouvelle - 2024<\/title>\n<meta name=\"robots\" content=\"index, follow, max-snippet:-1, max-image-preview:large, max-video-preview:-1\" \/>\n<link rel=\"canonical\" href=\"https:\/\/www.pictobello.ch\/edition-2024\/nouvelle\/\" \/>\n<meta property=\"og:locale\" content=\"fr_FR\" \/>\n<meta property=\"og:type\" content=\"article\" \/>\n<meta property=\"og:title\" content=\"nouvelle - 2024\" \/>\n<meta property=\"og:description\" content=\"Maniements Ab\u00eem\u00e9es, lisses, calleuses ou r\u00eaches. Fines, noueuses, douces ou corn\u00e9es. Fortes. Un bout de cette m\u00e9moire vivante du corps, et de ce qu\u2019il a accompli. Elles peuvent \u00eatre les autres yeux, l\u2019autre c\u0153ur. La traduction de quelque chose qui a \u00e9t\u00e9 voulu, ressenti, cherch\u00e9, souhait\u00e9. Aussi peut-\u00eatre sont-elles le seul vrai lien qu\u2019on a [&hellip;]\" \/>\n<meta property=\"og:url\" content=\"https:\/\/www.pictobello.ch\/edition-2024\/nouvelle\/\" \/>\n<meta property=\"og:site_name\" content=\"2024\" \/>\n<meta property=\"article:modified_time\" content=\"2024-05-07T09:54:56+00:00\" \/>\n<meta name=\"twitter:card\" content=\"summary_large_image\" \/>\n<meta name=\"twitter:label1\" content=\"Dur\u00e9e de lecture estim\u00e9e\" \/>\n\t<meta name=\"twitter:data1\" content=\"3 minutes\" \/>\n<script type=\"application\/ld+json\" class=\"yoast-schema-graph\">{\"@context\":\"https:\\\/\\\/schema.org\",\"@graph\":[{\"@type\":\"WebPage\",\"@id\":\"https:\\\/\\\/www.pictobello.ch\\\/edition-2024\\\/nouvelle\\\/\",\"url\":\"https:\\\/\\\/www.pictobello.ch\\\/edition-2024\\\/nouvelle\\\/\",\"name\":\"nouvelle - 2024\",\"isPartOf\":{\"@id\":\"https:\\\/\\\/www.pictobello.ch\\\/edition-2024\\\/#website\"},\"datePublished\":\"2024-04-08T08:25:23+00:00\",\"dateModified\":\"2024-05-07T09:54:56+00:00\",\"breadcrumb\":{\"@id\":\"https:\\\/\\\/www.pictobello.ch\\\/edition-2024\\\/nouvelle\\\/#breadcrumb\"},\"inLanguage\":\"fr-FR\",\"potentialAction\":[{\"@type\":\"ReadAction\",\"target\":[\"https:\\\/\\\/www.pictobello.ch\\\/edition-2024\\\/nouvelle\\\/\"]}]},{\"@type\":\"BreadcrumbList\",\"@id\":\"https:\\\/\\\/www.pictobello.ch\\\/edition-2024\\\/nouvelle\\\/#breadcrumb\",\"itemListElement\":[{\"@type\":\"ListItem\",\"position\":1,\"name\":\"Accueil\",\"item\":\"https:\\\/\\\/www.pictobello.ch\\\/edition-2024\\\/\"},{\"@type\":\"ListItem\",\"position\":2,\"name\":\"nouvelle\"}]},{\"@type\":\"WebSite\",\"@id\":\"https:\\\/\\\/www.pictobello.ch\\\/edition-2024\\\/#website\",\"url\":\"https:\\\/\\\/www.pictobello.ch\\\/edition-2024\\\/\",\"name\":\"2024\",\"description\":\"\",\"potentialAction\":[{\"@type\":\"SearchAction\",\"target\":{\"@type\":\"EntryPoint\",\"urlTemplate\":\"https:\\\/\\\/www.pictobello.ch\\\/edition-2024\\\/?s={search_term_string}\"},\"query-input\":{\"@type\":\"PropertyValueSpecification\",\"valueRequired\":true,\"valueName\":\"search_term_string\"}}],\"inLanguage\":\"fr-FR\"}]}<\/script>\n<!-- \/ Yoast SEO plugin. -->","yoast_head_json":{"title":"nouvelle - 2024","robots":{"index":"index","follow":"follow","max-snippet":"max-snippet:-1","max-image-preview":"max-image-preview:large","max-video-preview":"max-video-preview:-1"},"canonical":"https:\/\/www.pictobello.ch\/edition-2024\/nouvelle\/","og_locale":"fr_FR","og_type":"article","og_title":"nouvelle - 2024","og_description":"Maniements Ab\u00eem\u00e9es, lisses, calleuses ou r\u00eaches. Fines, noueuses, douces ou corn\u00e9es. Fortes. Un bout de cette m\u00e9moire vivante du corps, et de ce qu\u2019il a accompli. Elles peuvent \u00eatre les autres yeux, l\u2019autre c\u0153ur. La traduction de quelque chose qui a \u00e9t\u00e9 voulu, ressenti, cherch\u00e9, souhait\u00e9. Aussi peut-\u00eatre sont-elles le seul vrai lien qu\u2019on a [&hellip;]","og_url":"https:\/\/www.pictobello.ch\/edition-2024\/nouvelle\/","og_site_name":"2024","article_modified_time":"2024-05-07T09:54:56+00:00","twitter_card":"summary_large_image","twitter_misc":{"Dur\u00e9e de lecture estim\u00e9e":"3 minutes"},"schema":{"@context":"https:\/\/schema.org","@graph":[{"@type":"WebPage","@id":"https:\/\/www.pictobello.ch\/edition-2024\/nouvelle\/","url":"https:\/\/www.pictobello.ch\/edition-2024\/nouvelle\/","name":"nouvelle - 2024","isPartOf":{"@id":"https:\/\/www.pictobello.ch\/edition-2024\/#website"},"datePublished":"2024-04-08T08:25:23+00:00","dateModified":"2024-05-07T09:54:56+00:00","breadcrumb":{"@id":"https:\/\/www.pictobello.ch\/edition-2024\/nouvelle\/#breadcrumb"},"inLanguage":"fr-FR","potentialAction":[{"@type":"ReadAction","target":["https:\/\/www.pictobello.ch\/edition-2024\/nouvelle\/"]}]},{"@type":"BreadcrumbList","@id":"https:\/\/www.pictobello.ch\/edition-2024\/nouvelle\/#breadcrumb","itemListElement":[{"@type":"ListItem","position":1,"name":"Accueil","item":"https:\/\/www.pictobello.ch\/edition-2024\/"},{"@type":"ListItem","position":2,"name":"nouvelle"}]},{"@type":"WebSite","@id":"https:\/\/www.pictobello.ch\/edition-2024\/#website","url":"https:\/\/www.pictobello.ch\/edition-2024\/","name":"2024","description":"","potentialAction":[{"@type":"SearchAction","target":{"@type":"EntryPoint","urlTemplate":"https:\/\/www.pictobello.ch\/edition-2024\/?s={search_term_string}"},"query-input":{"@type":"PropertyValueSpecification","valueRequired":true,"valueName":"search_term_string"}}],"inLanguage":"fr-FR"}]}},"_links":{"self":[{"href":"https:\/\/www.pictobello.ch\/edition-2024\/wp-json\/wp\/v2\/pages\/73","targetHints":{"allow":["GET"]}}],"collection":[{"href":"https:\/\/www.pictobello.ch\/edition-2024\/wp-json\/wp\/v2\/pages"}],"about":[{"href":"https:\/\/www.pictobello.ch\/edition-2024\/wp-json\/wp\/v2\/types\/page"}],"author":[{"embeddable":true,"href":"https:\/\/www.pictobello.ch\/edition-2024\/wp-json\/wp\/v2\/users\/3"}],"replies":[{"embeddable":true,"href":"https:\/\/www.pictobello.ch\/edition-2024\/wp-json\/wp\/v2\/comments?post=73"}],"version-history":[{"count":7,"href":"https:\/\/www.pictobello.ch\/edition-2024\/wp-json\/wp\/v2\/pages\/73\/revisions"}],"predecessor-version":[{"id":117,"href":"https:\/\/www.pictobello.ch\/edition-2024\/wp-json\/wp\/v2\/pages\/73\/revisions\/117"}],"wp:attachment":[{"href":"https:\/\/www.pictobello.ch\/edition-2024\/wp-json\/wp\/v2\/media?parent=73"}],"curies":[{"name":"wp","href":"https:\/\/api.w.org\/{rel}","templated":true}]}}