{"id":132,"date":"2025-04-08T09:55:14","date_gmt":"2025-04-08T07:55:14","guid":{"rendered":"https:\/\/www.pictobello.ch\/edition-2025\/?page_id=132"},"modified":"2025-04-08T10:01:22","modified_gmt":"2025-04-08T08:01:22","slug":"nouvelle","status":"publish","type":"page","link":"https:\/\/www.pictobello.ch\/edition-2025\/nouvelle\/","title":{"rendered":"nouvelle"},"content":{"rendered":"<h3>D\u00e9faire le toit<\/h3>\n<p><em>par <a href=\"https:\/\/www.edwige.ch\/\" target=\"_blank\" rel=\"noopener\">Ed Wige<\/a><\/em><\/p>\n<p>La douleur me saisit le cou. De sa lame d\u2019acier, elle d\u00e9taille chaque vert\u00e8bre comme un bout de saucisson, la soul\u00e8ve puis la gobe. Les anti-inflammatoires ne font plus aucun effet. Les s\u00e9ances d\u2019ost\u00e9opathe me soulagent quelques jours \u00e0 peine. Le diagnostic est clair\u00a0: mes cervicales sont en feu et je dois vivre avec.<\/p>\n<p>C\u2019est sans doute de ma faute. Je travaille la t\u00eate baiss\u00e9e depuis plus de vingt ans. Pench\u00e9 sur mon ordinateur. Pench\u00e9 sur mes rapports. Mon t\u00e9l\u00e9phone. Quand je marche, je me propulse gr\u00e2ce \u00e0 mon cou, \u00e7a bascule mon cr\u00e2ne en avant. Quand je lis, cuisine ou regarde la t\u00e9l\u00e9vision, ma t\u00eate est recourb\u00e9e \u00e9galement. Alors comment la relever \u00e0 pr\u00e9sent\u00a0?<\/p>\n<p>C\u2019est un livre qui m\u2019en a donn\u00e9 l\u2019id\u00e9e. D\u00e9faire le toit, pour observer le ciel. Le dessein semblait absurde, sans compter que dans le bouquin, l\u2019histoire se terminait mal. Mais la douleur pousse parfois au d\u00e9sespoir.<\/p>\n<p>Je me suis attel\u00e9 \u00e0 la t\u00e2che un lundi matin \u00e0 huit heures. J\u2019avais r\u00e9uni tous les outils n\u00e9cessaires \u00e0 la r\u00e9alisation\u00a0: \u00e9chelle, gants, lunettes, casque, chaussures de s\u00e9curit\u00e9, masque FFP3, b\u00e2ches de couverture, pare-vapeur. J\u2019avais demand\u00e9 trois semaines de cong\u00e9 non pay\u00e9es et regard\u00e9 \u2013 pench\u00e9 sur mon \u00e9cran &#8211; des tutos YouTube en les attendant.<\/p>\n<p>Le premier coup de masse contre le plafond a provoqu\u00e9 une d\u00e9flagration. J\u2019ai ressenti le choc traverser ma chair, se r\u00e9pandre dans mes muscles, agiter les tensions tass\u00e9es depuis des ann\u00e9es dans mon corps. Alors que la poussi\u00e8re virevoltait comme des flocons de neige autour de moi, une douleur \u00e9tincelante m\u2019a d\u00e9chir\u00e9 le cou. Je me suis \u00e9vanoui quelques instants. Puis j\u2019ai pass\u00e9 plusieurs heures recroquevill\u00e9 sur le sol \u00e0 maudire ma d\u00e9cision.<\/p>\n<p>Cette nuit-l\u00e0, j\u2019ai aper\u00e7u la premi\u00e8re \u00e9toile \u00e0 travers la minuscule fissure provoqu\u00e9e dans le plafond. Elle a fait reculer le noir dans mon salon.<\/p>\n<p>Alors, j\u2019ai repris l\u2019ouvrage. Un jour apr\u00e8s l\u2019autre, comme on r\u00e9apprend \u00e0 marcher. C\u2019est au bout d\u2019une semaine que j\u2019ai trouv\u00e9 un rythme soutenable.<\/p>\n<p>Si la douleur persistait, elle avait chang\u00e9 de nature. Elle \u00e9tait plus diffuse mais gainante. Elle m\u2019enveloppait comme un sous-v\u00eatement en coton. J\u2019avais l\u2019impression que ma peau s\u2019ajustait \u00e0 mon corps. Je ressentais des tensions dans les recoins et plis de mon \u00eatre dont je ne soup\u00e7onnais pas l\u2019existence. Pendant ce temps-l\u00e0, le trou dans mon plafond devenait de plus en plus \u00e9vas\u00e9 et profond.<\/p>\n<p>Bien s\u00fbr, l\u2019ouverture cr\u00e9ait des difficult\u00e9s nouvelles. De nuit, l\u2019humidit\u00e9 est plus dense et p\u00e9n\u00e9trante. Lors des averses, la pluie tra\u00e7ait des sillons autour de mon nez, mes yeux, s\u2019\u00e9coulait par mon \u00e9chine. Sur les lignes de mon front se formaient de minuscules lacs, qui gelaient au petit matin. Il a fallu \u00e9galement proc\u00e9der \u00e0 des r\u00e9am\u00e9nagements d\u2019int\u00e9rieur\u00a0: \u00e9vacuer la plupart des meubles, g\u00e9rer le froid qui mordait mes os. Toutefois, je retrouvais prise sur les choses qui m\u2019entouraient et mes cervicales s\u2019assouplissaient ind\u00e9niablement.<\/p>\n<p>C\u2019est au bout des trois semaines de travaux que j\u2019ai re\u00e7u la lettre recommand\u00e9e. Une mise en poursuite, sign\u00e9e par tout le voisinage. On y stipulait le bruit, la d\u00e9t\u00e9rioration de la propri\u00e9t\u00e9, l\u2019atteinte \u00e0 l\u2019harmonie du quartier. On me donnait un d\u00e9lai pour tout remettre en ordre faute de quoi on se verrait au tribunal. Je n\u2019ai pu retenir un r\u00e2le visc\u00e9ral, il m\u2019a parcouru du coccyx \u00e0 l\u2019atlas, relevant ma t\u00eate parfaitement. Et voici que mon cou se renversait en arri\u00e8re pour la toute premi\u00e8re fois depuis si longtemps. Devant mes yeux\u00a0: un ciel bleu s\u2019\u00e9talait de tout son long. Une nu\u00e9e de martinets noirs l\u2019a travers\u00e9.<\/p>\n","protected":false},"excerpt":{"rendered":"<p>D\u00e9faire le toit par Ed Wige La douleur me saisit le cou. De sa lame d\u2019acier, elle d\u00e9taille chaque vert\u00e8bre comme un bout de saucisson, la soul\u00e8ve puis la gobe. Les anti-inflammatoires ne font plus aucun effet. Les s\u00e9ances d\u2019ost\u00e9opathe me soulagent quelques jours \u00e0 peine. Le diagnostic est clair\u00a0: mes cervicales sont en feu [&hellip;]<\/p>\n","protected":false},"author":3,"featured_media":0,"parent":0,"menu_order":5,"comment_status":"closed","ping_status":"closed","template":"","meta":{"_acf_changed":false,"_exactmetrics_skip_tracking":false,"_exactmetrics_sitenote_active":false,"_exactmetrics_sitenote_note":"","_exactmetrics_sitenote_category":0,"footnotes":""},"class_list":["post-132","page","type-page","status-publish","hentry"],"acf":[],"yoast_head":"<!-- This site is optimized with the Yoast SEO plugin v27.5 - https:\/\/yoast.com\/product\/yoast-seo-wordpress\/ -->\n<title>nouvelle - 2025<\/title>\n<meta name=\"robots\" content=\"index, follow, max-snippet:-1, max-image-preview:large, max-video-preview:-1\" \/>\n<link rel=\"canonical\" href=\"https:\/\/www.pictobello.ch\/edition-2025\/nouvelle\/\" \/>\n<meta property=\"og:locale\" content=\"fr_FR\" \/>\n<meta property=\"og:type\" content=\"article\" \/>\n<meta property=\"og:title\" content=\"nouvelle - 2025\" \/>\n<meta property=\"og:description\" content=\"D\u00e9faire le toit par Ed Wige La douleur me saisit le cou. De sa lame d\u2019acier, elle d\u00e9taille chaque vert\u00e8bre comme un bout de saucisson, la soul\u00e8ve puis la gobe. Les anti-inflammatoires ne font plus aucun effet. Les s\u00e9ances d\u2019ost\u00e9opathe me soulagent quelques jours \u00e0 peine. Le diagnostic est clair\u00a0: mes cervicales sont en feu [&hellip;]\" \/>\n<meta property=\"og:url\" content=\"https:\/\/www.pictobello.ch\/edition-2025\/nouvelle\/\" \/>\n<meta property=\"og:site_name\" content=\"2025\" \/>\n<meta property=\"article:modified_time\" content=\"2025-04-08T08:01:22+00:00\" \/>\n<meta name=\"twitter:card\" content=\"summary_large_image\" \/>\n<meta name=\"twitter:label1\" content=\"Dur\u00e9e de lecture estim\u00e9e\" \/>\n\t<meta name=\"twitter:data1\" content=\"4 minutes\" \/>\n<script type=\"application\/ld+json\" class=\"yoast-schema-graph\">{\"@context\":\"https:\\\/\\\/schema.org\",\"@graph\":[{\"@type\":\"WebPage\",\"@id\":\"https:\\\/\\\/www.pictobello.ch\\\/edition-2025\\\/nouvelle\\\/\",\"url\":\"https:\\\/\\\/www.pictobello.ch\\\/edition-2025\\\/nouvelle\\\/\",\"name\":\"nouvelle - 2025\",\"isPartOf\":{\"@id\":\"https:\\\/\\\/www.pictobello.ch\\\/edition-2025\\\/#website\"},\"datePublished\":\"2025-04-08T07:55:14+00:00\",\"dateModified\":\"2025-04-08T08:01:22+00:00\",\"breadcrumb\":{\"@id\":\"https:\\\/\\\/www.pictobello.ch\\\/edition-2025\\\/nouvelle\\\/#breadcrumb\"},\"inLanguage\":\"fr-FR\",\"potentialAction\":[{\"@type\":\"ReadAction\",\"target\":[\"https:\\\/\\\/www.pictobello.ch\\\/edition-2025\\\/nouvelle\\\/\"]}]},{\"@type\":\"BreadcrumbList\",\"@id\":\"https:\\\/\\\/www.pictobello.ch\\\/edition-2025\\\/nouvelle\\\/#breadcrumb\",\"itemListElement\":[{\"@type\":\"ListItem\",\"position\":1,\"name\":\"Accueil\",\"item\":\"https:\\\/\\\/www.pictobello.ch\\\/edition-2025\\\/\"},{\"@type\":\"ListItem\",\"position\":2,\"name\":\"nouvelle\"}]},{\"@type\":\"WebSite\",\"@id\":\"https:\\\/\\\/www.pictobello.ch\\\/edition-2025\\\/#website\",\"url\":\"https:\\\/\\\/www.pictobello.ch\\\/edition-2025\\\/\",\"name\":\"2025\",\"description\":\"\",\"potentialAction\":[{\"@type\":\"SearchAction\",\"target\":{\"@type\":\"EntryPoint\",\"urlTemplate\":\"https:\\\/\\\/www.pictobello.ch\\\/edition-2025\\\/?s={search_term_string}\"},\"query-input\":{\"@type\":\"PropertyValueSpecification\",\"valueRequired\":true,\"valueName\":\"search_term_string\"}}],\"inLanguage\":\"fr-FR\"}]}<\/script>\n<!-- \/ Yoast SEO plugin. -->","yoast_head_json":{"title":"nouvelle - 2025","robots":{"index":"index","follow":"follow","max-snippet":"max-snippet:-1","max-image-preview":"max-image-preview:large","max-video-preview":"max-video-preview:-1"},"canonical":"https:\/\/www.pictobello.ch\/edition-2025\/nouvelle\/","og_locale":"fr_FR","og_type":"article","og_title":"nouvelle - 2025","og_description":"D\u00e9faire le toit par Ed Wige La douleur me saisit le cou. De sa lame d\u2019acier, elle d\u00e9taille chaque vert\u00e8bre comme un bout de saucisson, la soul\u00e8ve puis la gobe. Les anti-inflammatoires ne font plus aucun effet. Les s\u00e9ances d\u2019ost\u00e9opathe me soulagent quelques jours \u00e0 peine. Le diagnostic est clair\u00a0: mes cervicales sont en feu [&hellip;]","og_url":"https:\/\/www.pictobello.ch\/edition-2025\/nouvelle\/","og_site_name":"2025","article_modified_time":"2025-04-08T08:01:22+00:00","twitter_card":"summary_large_image","twitter_misc":{"Dur\u00e9e de lecture estim\u00e9e":"4 minutes"},"schema":{"@context":"https:\/\/schema.org","@graph":[{"@type":"WebPage","@id":"https:\/\/www.pictobello.ch\/edition-2025\/nouvelle\/","url":"https:\/\/www.pictobello.ch\/edition-2025\/nouvelle\/","name":"nouvelle - 2025","isPartOf":{"@id":"https:\/\/www.pictobello.ch\/edition-2025\/#website"},"datePublished":"2025-04-08T07:55:14+00:00","dateModified":"2025-04-08T08:01:22+00:00","breadcrumb":{"@id":"https:\/\/www.pictobello.ch\/edition-2025\/nouvelle\/#breadcrumb"},"inLanguage":"fr-FR","potentialAction":[{"@type":"ReadAction","target":["https:\/\/www.pictobello.ch\/edition-2025\/nouvelle\/"]}]},{"@type":"BreadcrumbList","@id":"https:\/\/www.pictobello.ch\/edition-2025\/nouvelle\/#breadcrumb","itemListElement":[{"@type":"ListItem","position":1,"name":"Accueil","item":"https:\/\/www.pictobello.ch\/edition-2025\/"},{"@type":"ListItem","position":2,"name":"nouvelle"}]},{"@type":"WebSite","@id":"https:\/\/www.pictobello.ch\/edition-2025\/#website","url":"https:\/\/www.pictobello.ch\/edition-2025\/","name":"2025","description":"","potentialAction":[{"@type":"SearchAction","target":{"@type":"EntryPoint","urlTemplate":"https:\/\/www.pictobello.ch\/edition-2025\/?s={search_term_string}"},"query-input":{"@type":"PropertyValueSpecification","valueRequired":true,"valueName":"search_term_string"}}],"inLanguage":"fr-FR"}]}},"_links":{"self":[{"href":"https:\/\/www.pictobello.ch\/edition-2025\/wp-json\/wp\/v2\/pages\/132","targetHints":{"allow":["GET"]}}],"collection":[{"href":"https:\/\/www.pictobello.ch\/edition-2025\/wp-json\/wp\/v2\/pages"}],"about":[{"href":"https:\/\/www.pictobello.ch\/edition-2025\/wp-json\/wp\/v2\/types\/page"}],"author":[{"embeddable":true,"href":"https:\/\/www.pictobello.ch\/edition-2025\/wp-json\/wp\/v2\/users\/3"}],"replies":[{"embeddable":true,"href":"https:\/\/www.pictobello.ch\/edition-2025\/wp-json\/wp\/v2\/comments?post=132"}],"version-history":[{"count":2,"href":"https:\/\/www.pictobello.ch\/edition-2025\/wp-json\/wp\/v2\/pages\/132\/revisions"}],"predecessor-version":[{"id":150,"href":"https:\/\/www.pictobello.ch\/edition-2025\/wp-json\/wp\/v2\/pages\/132\/revisions\/150"}],"wp:attachment":[{"href":"https:\/\/www.pictobello.ch\/edition-2025\/wp-json\/wp\/v2\/media?parent=132"}],"curies":[{"name":"wp","href":"https:\/\/api.w.org\/{rel}","templated":true}]}}