{"id":65,"date":"2025-05-01T13:42:28","date_gmt":"2025-05-01T11:42:28","guid":{"rendered":"https:\/\/www.pictobello.ch\/edition-2025\/?page_id=65"},"modified":"2025-05-12T13:37:29","modified_gmt":"2025-05-12T11:37:29","slug":"evenements-paralleles","status":"publish","type":"page","link":"https:\/\/www.pictobello.ch\/edition-2025\/evenements-paralleles\/","title":{"rendered":"\u00e9v\u00e9nements parall\u00e8les"},"content":{"rendered":"<h3 style=\"background-color: #fff05c;\">Passage des 8, du 23.05 au 20.08 | Exposition d&rsquo;<a style=\"color: #000000;\" href=\"https:\/\/www.pictobello.ch\/edition-2025\/dessinateur\/atelier-bingo\/\" target=\"_blank\" rel=\"noopener\">Atelier Bingo<\/a><\/h3>\n<ul>\n<li>Jeudi 22 mai d\u00e8s 18h : vernissage<\/li>\n<li>Visite libre (plein air)<\/li>\n<li>Vitrines du Passage des 8 : <a href=\"https:\/\/maps.app.goo.gl\/wNXco5t9AiuuUxRA9\" target=\"_blank\" rel=\"noopener\">rue du Conseil 21, 1800 Vevey<\/a><\/li>\n<li>\u00c9v\u00e9nement gratuit, ouvert \u00e0 tou\u00b7x\u00b7te\u00b7s<\/li>\n<li><a href=\"https:\/\/passage-8.ch\/\" target=\"_blank\" rel=\"noopener\">passage-8.ch<\/a><\/li>\n<\/ul>\n<h3 style=\"background-color: #fff05c;\">Atelier 20, du 24.05 au 08.06 | Exposition de <a style=\"color: #000000;\" href=\"https:\/\/www.pictobello.ch\/edition-2025\/dessinateur\/ginevra-mandelli\/\" target=\"_blank\" rel=\"noopener\">Ginevra Mandelli<\/a><\/h3>\n<p>Cette ann\u00e9e, l&rsquo;artiste genevoise Ginevra Mandelli re\u00e7oit le carnet M\u00e9mento. R\u00e9alis\u00e9 en collaboration avec Atelier 20 selon les besoins et pr\u00e9f\u00e9rences de l&rsquo;artiste, ce carnet sera \u00e0 disposition de l&rsquo;artiste durant une ann\u00e9e, pr\u00eat \u00e0 accueillir croquis, exp\u00e9rimentations et souvenirs. Il sera ensuite pr\u00e9sent\u00e9 rempli lors de la prochaine \u00e9dition de PictoBello.<\/p>\n<ul>\n<li>Vendredi 23 mai d\u00e8s 18h : vernissage<\/li>\n<li>Visite les vendredis et samedis de 15h \u00e0 18h<\/li>\n<li>Atelier 20 :\u00a0 <a href=\"https:\/\/www.atelier20.info\/\" target=\"_blank\" rel=\"noopener\">Rue des Marronniers 20, 1800 Vevey<\/a><\/li>\n<li>\u00c9v\u00e9nement gratuit, ouvert \u00e0 tou\u00b7x\u00b7te\u00b7s<\/li>\n<li><a href=\"https:\/\/www.atelier20.info\/\" target=\"_blank\" rel=\"noopener\">atelier20.info<\/a><\/li>\n<\/ul>\n<h3 style=\"background-color: #fff05c;\">Foodculture days, du 05.06 au 09.06 | Panneau de <a style=\"color: #000000;\" href=\"https:\/\/www.pictobello.ch\/edition-2025\/dessinateur\/duo-boskovic-scarth\/\" target=\"_blank\" rel=\"noopener\">Bo\u0161kovi\u0107-Scarth<\/a><\/h3>\n<p>Dans le cadre des 5 ans de foodculture days, PictoBello s&rsquo;associe au festival veveysan pour proposer le travail du duo d&rsquo;artiste Bo\u0161kovi\u0107-Scarth, en exposant sur le site de leur festival le panneau que les artistes r\u00e9aliseront \u00e0 la journ\u00e9e de dessin, mais \u00e9galement en co-curation de l\u2019\u0153uvre qu&rsquo;ils pr\u00e9sentent au Caf\u00e9 du Bois d&rsquo;Amour dans le parcours PictoBistro.<\/p>\n<ul>\n<li>Biennale foodculture days : du 26 mai au 9 juin \/ Finissage : lundi 9 juin \u00e0 18h<\/li>\n<li>Exposition PictoBistro en vitrine du Caf\u00e9 du Bois d&rsquo;Amour : du 24 mai jusqu&rsquo;\u00e0 la fin de l&rsquo;\u00e9t\u00e9<\/li>\n<li>Visite libre (plein air) au Quai Maria-Belgia 18<\/li>\n<li>Foodculture days : du 5 au 9 juin<\/li>\n<li><a href=\"https:\/\/foodculturedays.com\/fr\/\" target=\"_blank\" rel=\"noopener\">foodculturedays.com<\/a><\/li>\n<\/ul>\n","protected":false},"excerpt":{"rendered":"<p>Passage des 8, du 23.05 au 20.08 | Exposition d&rsquo;Atelier Bingo Jeudi 22 mai d\u00e8s 18h : vernissage Visite libre (plein air) Vitrines du Passage des 8 : rue du Conseil 21, 1800 Vevey \u00c9v\u00e9nement gratuit, ouvert \u00e0 tou\u00b7x\u00b7te\u00b7s passage-8.ch Atelier 20, du 24.05 au 08.06 | Exposition de Ginevra Mandelli Cette ann\u00e9e, l&rsquo;artiste genevoise [&hellip;]<\/p>\n","protected":false},"author":3,"featured_media":0,"parent":0,"menu_order":3,"comment_status":"closed","ping_status":"closed","template":"","meta":{"_acf_changed":false,"_exactmetrics_skip_tracking":false,"_exactmetrics_sitenote_active":false,"_exactmetrics_sitenote_note":"","_exactmetrics_sitenote_category":0,"footnotes":""},"class_list":["post-65","page","type-page","status-publish","hentry"],"acf":[],"yoast_head":"<!-- This site is optimized with the Yoast SEO plugin v27.5 - https:\/\/yoast.com\/product\/yoast-seo-wordpress\/ -->\n<title>\u00e9v\u00e9nements parall\u00e8les - 2025<\/title>\n<meta name=\"robots\" content=\"index, follow, max-snippet:-1, max-image-preview:large, max-video-preview:-1\" \/>\n<link rel=\"canonical\" href=\"https:\/\/www.pictobello.ch\/edition-2025\/evenements-paralleles\/\" \/>\n<meta property=\"og:locale\" content=\"fr_FR\" \/>\n<meta property=\"og:type\" content=\"article\" \/>\n<meta property=\"og:title\" content=\"\u00e9v\u00e9nements parall\u00e8les - 2025\" \/>\n<meta property=\"og:description\" content=\"Passage des 8, du 23.05 au 20.08 | Exposition d&rsquo;Atelier Bingo Jeudi 22 mai d\u00e8s 18h : vernissage Visite libre (plein air) Vitrines du Passage des 8 : rue du Conseil 21, 1800 Vevey \u00c9v\u00e9nement gratuit, ouvert \u00e0 tou\u00b7x\u00b7te\u00b7s passage-8.ch Atelier 20, du 24.05 au 08.06 | Exposition de Ginevra Mandelli Cette ann\u00e9e, l&rsquo;artiste genevoise [&hellip;]\" \/>\n<meta property=\"og:url\" content=\"https:\/\/www.pictobello.ch\/edition-2025\/evenements-paralleles\/\" \/>\n<meta property=\"og:site_name\" content=\"2025\" \/>\n<meta property=\"article:modified_time\" content=\"2025-05-12T11:37:29+00:00\" \/>\n<meta name=\"twitter:card\" content=\"summary_large_image\" \/>\n<meta name=\"twitter:label1\" content=\"Dur\u00e9e de lecture estim\u00e9e\" \/>\n\t<meta name=\"twitter:data1\" content=\"2 minutes\" \/>\n<script type=\"application\/ld+json\" class=\"yoast-schema-graph\">{\"@context\":\"https:\\\/\\\/schema.org\",\"@graph\":[{\"@type\":\"WebPage\",\"@id\":\"https:\\\/\\\/www.pictobello.ch\\\/edition-2025\\\/evenements-paralleles\\\/\",\"url\":\"https:\\\/\\\/www.pictobello.ch\\\/edition-2025\\\/evenements-paralleles\\\/\",\"name\":\"\u00e9v\u00e9nements parall\u00e8les - 2025\",\"isPartOf\":{\"@id\":\"https:\\\/\\\/www.pictobello.ch\\\/edition-2025\\\/#website\"},\"datePublished\":\"2025-05-01T11:42:28+00:00\",\"dateModified\":\"2025-05-12T11:37:29+00:00\",\"breadcrumb\":{\"@id\":\"https:\\\/\\\/www.pictobello.ch\\\/edition-2025\\\/evenements-paralleles\\\/#breadcrumb\"},\"inLanguage\":\"fr-FR\",\"potentialAction\":[{\"@type\":\"ReadAction\",\"target\":[\"https:\\\/\\\/www.pictobello.ch\\\/edition-2025\\\/evenements-paralleles\\\/\"]}]},{\"@type\":\"BreadcrumbList\",\"@id\":\"https:\\\/\\\/www.pictobello.ch\\\/edition-2025\\\/evenements-paralleles\\\/#breadcrumb\",\"itemListElement\":[{\"@type\":\"ListItem\",\"position\":1,\"name\":\"Accueil\",\"item\":\"https:\\\/\\\/www.pictobello.ch\\\/edition-2025\\\/\"},{\"@type\":\"ListItem\",\"position\":2,\"name\":\"\u00e9v\u00e9nements parall\u00e8les\"}]},{\"@type\":\"WebSite\",\"@id\":\"https:\\\/\\\/www.pictobello.ch\\\/edition-2025\\\/#website\",\"url\":\"https:\\\/\\\/www.pictobello.ch\\\/edition-2025\\\/\",\"name\":\"2025\",\"description\":\"\",\"potentialAction\":[{\"@type\":\"SearchAction\",\"target\":{\"@type\":\"EntryPoint\",\"urlTemplate\":\"https:\\\/\\\/www.pictobello.ch\\\/edition-2025\\\/?s={search_term_string}\"},\"query-input\":{\"@type\":\"PropertyValueSpecification\",\"valueRequired\":true,\"valueName\":\"search_term_string\"}}],\"inLanguage\":\"fr-FR\"}]}<\/script>\n<!-- \/ Yoast SEO plugin. -->","yoast_head_json":{"title":"\u00e9v\u00e9nements parall\u00e8les - 2025","robots":{"index":"index","follow":"follow","max-snippet":"max-snippet:-1","max-image-preview":"max-image-preview:large","max-video-preview":"max-video-preview:-1"},"canonical":"https:\/\/www.pictobello.ch\/edition-2025\/evenements-paralleles\/","og_locale":"fr_FR","og_type":"article","og_title":"\u00e9v\u00e9nements parall\u00e8les - 2025","og_description":"Passage des 8, du 23.05 au 20.08 | Exposition d&rsquo;Atelier Bingo Jeudi 22 mai d\u00e8s 18h : vernissage Visite libre (plein air) Vitrines du Passage des 8 : rue du Conseil 21, 1800 Vevey \u00c9v\u00e9nement gratuit, ouvert \u00e0 tou\u00b7x\u00b7te\u00b7s passage-8.ch Atelier 20, du 24.05 au 08.06 | Exposition de Ginevra Mandelli Cette ann\u00e9e, l&rsquo;artiste genevoise [&hellip;]","og_url":"https:\/\/www.pictobello.ch\/edition-2025\/evenements-paralleles\/","og_site_name":"2025","article_modified_time":"2025-05-12T11:37:29+00:00","twitter_card":"summary_large_image","twitter_misc":{"Dur\u00e9e de lecture estim\u00e9e":"2 minutes"},"schema":{"@context":"https:\/\/schema.org","@graph":[{"@type":"WebPage","@id":"https:\/\/www.pictobello.ch\/edition-2025\/evenements-paralleles\/","url":"https:\/\/www.pictobello.ch\/edition-2025\/evenements-paralleles\/","name":"\u00e9v\u00e9nements parall\u00e8les - 2025","isPartOf":{"@id":"https:\/\/www.pictobello.ch\/edition-2025\/#website"},"datePublished":"2025-05-01T11:42:28+00:00","dateModified":"2025-05-12T11:37:29+00:00","breadcrumb":{"@id":"https:\/\/www.pictobello.ch\/edition-2025\/evenements-paralleles\/#breadcrumb"},"inLanguage":"fr-FR","potentialAction":[{"@type":"ReadAction","target":["https:\/\/www.pictobello.ch\/edition-2025\/evenements-paralleles\/"]}]},{"@type":"BreadcrumbList","@id":"https:\/\/www.pictobello.ch\/edition-2025\/evenements-paralleles\/#breadcrumb","itemListElement":[{"@type":"ListItem","position":1,"name":"Accueil","item":"https:\/\/www.pictobello.ch\/edition-2025\/"},{"@type":"ListItem","position":2,"name":"\u00e9v\u00e9nements parall\u00e8les"}]},{"@type":"WebSite","@id":"https:\/\/www.pictobello.ch\/edition-2025\/#website","url":"https:\/\/www.pictobello.ch\/edition-2025\/","name":"2025","description":"","potentialAction":[{"@type":"SearchAction","target":{"@type":"EntryPoint","urlTemplate":"https:\/\/www.pictobello.ch\/edition-2025\/?s={search_term_string}"},"query-input":{"@type":"PropertyValueSpecification","valueRequired":true,"valueName":"search_term_string"}}],"inLanguage":"fr-FR"}]}},"_links":{"self":[{"href":"https:\/\/www.pictobello.ch\/edition-2025\/wp-json\/wp\/v2\/pages\/65","targetHints":{"allow":["GET"]}}],"collection":[{"href":"https:\/\/www.pictobello.ch\/edition-2025\/wp-json\/wp\/v2\/pages"}],"about":[{"href":"https:\/\/www.pictobello.ch\/edition-2025\/wp-json\/wp\/v2\/types\/page"}],"author":[{"embeddable":true,"href":"https:\/\/www.pictobello.ch\/edition-2025\/wp-json\/wp\/v2\/users\/3"}],"replies":[{"embeddable":true,"href":"https:\/\/www.pictobello.ch\/edition-2025\/wp-json\/wp\/v2\/comments?post=65"}],"version-history":[{"count":18,"href":"https:\/\/www.pictobello.ch\/edition-2025\/wp-json\/wp\/v2\/pages\/65\/revisions"}],"predecessor-version":[{"id":247,"href":"https:\/\/www.pictobello.ch\/edition-2025\/wp-json\/wp\/v2\/pages\/65\/revisions\/247"}],"wp:attachment":[{"href":"https:\/\/www.pictobello.ch\/edition-2025\/wp-json\/wp\/v2\/media?parent=65"}],"curies":[{"name":"wp","href":"https:\/\/api.w.org\/{rel}","templated":true}]}}