{"id":97,"date":"2025-04-22T11:10:31","date_gmt":"2025-04-22T09:10:31","guid":{"rendered":"https:\/\/www.pictobello.ch\/edition-2025\/?page_id=97"},"modified":"2025-05-27T09:37:48","modified_gmt":"2025-05-27T07:37:48","slug":"mediation-visites","status":"publish","type":"page","link":"https:\/\/www.pictobello.ch\/edition-2025\/mediation-visites\/","title":{"rendered":"m\u00e9diation &#038; visites"},"content":{"rendered":"<h2 style=\"color: #000000;\">Visites guid\u00e9es publiques<\/h2>\n<p>Des <strong>visites guid\u00e9es tout public<\/strong> seront propos\u00e9es pendant les deux semaines d\u2019exposition, du 26 mai au 9 juin. Programme d\u00e9taill\u00e9 :<\/p>\n<p><strong>TOUT PUBLIC<\/strong><em><br \/>\n<\/em><\/p>\n<ul>\n<li><strong>Samedi 24 mai \u00e0 11h et 15h : visite comment\u00e9e du parcours PictoBistro<\/strong><br \/>\nGratuit, sans inscription<br \/>\nD\u00e9part : sous la Grenette<\/li>\n<li><strong>Mardi 27 mai et jeudi 5 juin \u00e0 18h<\/strong><br \/>\nGratuit, inscription recommand\u00e9e \u00e0 <a href=\"javascript:DeCryptX('3l2p2h2q1A0p0i1d3w1p3e3h2n3o3r201d2j')\">info [at] pictobello [dot] ch<\/a><br \/>\nLieu de rendez-vous\u00a0: site de la Gare<\/li>\n<\/ul>\n<p><strong>SP\u00c9CIAL FAMILLES <\/strong><em>(enfants de 5-10 ans accompagn\u00e9s d\u2019un adulte)<\/em><\/p>\n<ul>\n<li><strong>Mercredi 28 mai et mercredi 4 juin \u00e0 15h<\/strong><br \/>\nGratuit, sur inscription \u00e0 <a href=\"javascript:DeCryptX('2k3q1g1p2B2r3l3f1u3r2d2g2n2n2q311d2j')\">info [at] pictobello [dot] ch<\/a><br \/>\nLieu de rendez-vous\u00a0: site de la Gare<\/li>\n<\/ul>\n<p>Nous mettons \u00e0 votre dispostition<strong> un cahier d\u00e9couverte <\/strong>ludique pour accompagner les visites avec enfants : <a href=\"http:\/\/www.pictobello.ch\/edition-2025\/wp-content\/uploads\/sites\/29\/2025\/05\/PB25_Mediation_Cahier-decouverte_def.pdf\" target=\"_blank\" rel=\"noopener\"><strong>\u00e0 imprimer chez soi<\/strong><\/a> ou disponible au guichet de l\u2019office du tourisme (b\u00e2timent de la Grenette, Grande Place 29, 1800 Vevey)<\/p>\n<h2 style=\"color: #000000;\">Public scolaire<\/h2>\n<p>Nous mettons \u00e9galement \u00e0 votre disposition un <strong>dossier de pr\u00e9sentation<\/strong>\u00a0(<a href=\"http:\/\/www.pictobello.ch\/edition-2025\/wp-content\/uploads\/sites\/29\/2025\/05\/PB25_Mediation_Dossier-Presentation_OK.pdf\" target=\"_blank\" rel=\"noopener\"><strong>\u00e0 t\u00e9l\u00e9charger ici<\/strong><\/a>), qui permet aux enseignant\u00b7e\u00b7s qui souhaiteraient d\u00e9couvrir PictoBello avec leur classe de fa\u00e7on autonome.<\/p>\n<p>Sur demande, <strong>des visites comment\u00e9es accompagn\u00e9es par un\u00b7e artiste<\/strong> peuvent \u00eatre organis\u00e9es pour les classes de l\u2019EP de Vevey, pendant les deux semaines d\u2019exposition (entre le 26 mai et le 9 juin) et en fonction des disponibilit\u00e9s des artistes.<br \/>\nTarif : 200.- pour le d\u00e9fraiement de l\u2019artiste pour 2h de visite avec atelier cr\u00e9atif.<\/p>\n<p>Merci d\u2019adresser vos demandes <a href=\"javascript:DeCryptX('2k0n3i0o3C3s0i3f2v2q1c3h1m2n0o310c0h')\">par e-mail<\/a> d\u2019ici au 23 mai 2025<\/p>\n<p><a href=\"http:\/\/www.pictobello.ch\/edition-2025\/wp-content\/uploads\/sites\/29\/2025\/04\/2024_06_06_Pictobello_vernissage\u00a9LaetitiaGgessler_OD_1117-scaled.jpg\"><img loading=\"lazy\" decoding=\"async\" class=\"aligncenter wp-image-183 size-large\" src=\"http:\/\/www.pictobello.ch\/edition-2025\/wp-content\/uploads\/sites\/29\/2025\/04\/2024_06_06_Pictobello_vernissage\u00a9LaetitiaGgessler_OD_1117-1024x683.jpg\" alt=\"\" width=\"1024\" height=\"683\" srcset=\"https:\/\/www.pictobello.ch\/edition-2025\/wp-content\/uploads\/sites\/29\/2025\/04\/2024_06_06_Pictobello_vernissage\u00a9LaetitiaGgessler_OD_1117-1024x683.jpg 1024w, https:\/\/www.pictobello.ch\/edition-2025\/wp-content\/uploads\/sites\/29\/2025\/04\/2024_06_06_Pictobello_vernissage\u00a9LaetitiaGgessler_OD_1117-300x200.jpg 300w, https:\/\/www.pictobello.ch\/edition-2025\/wp-content\/uploads\/sites\/29\/2025\/04\/2024_06_06_Pictobello_vernissage\u00a9LaetitiaGgessler_OD_1117-768x512.jpg 768w, https:\/\/www.pictobello.ch\/edition-2025\/wp-content\/uploads\/sites\/29\/2025\/04\/2024_06_06_Pictobello_vernissage\u00a9LaetitiaGgessler_OD_1117-1536x1024.jpg 1536w, https:\/\/www.pictobello.ch\/edition-2025\/wp-content\/uploads\/sites\/29\/2025\/04\/2024_06_06_Pictobello_vernissage\u00a9LaetitiaGgessler_OD_1117-2048x1365.jpg 2048w, https:\/\/www.pictobello.ch\/edition-2025\/wp-content\/uploads\/sites\/29\/2025\/04\/2024_06_06_Pictobello_vernissage\u00a9LaetitiaGgessler_OD_1117-260x173.jpg 260w, https:\/\/www.pictobello.ch\/edition-2025\/wp-content\/uploads\/sites\/29\/2025\/04\/2024_06_06_Pictobello_vernissage\u00a9LaetitiaGgessler_OD_1117-575x383.jpg 575w, https:\/\/www.pictobello.ch\/edition-2025\/wp-content\/uploads\/sites\/29\/2025\/04\/2024_06_06_Pictobello_vernissage\u00a9LaetitiaGgessler_OD_1117-640x427.jpg 640w\" sizes=\"auto, (max-width: 1024px) 100vw, 1024px\" \/><\/a><\/p>\n","protected":false},"excerpt":{"rendered":"<p>Visites guid\u00e9es publiques Des visites guid\u00e9es tout public seront propos\u00e9es pendant les deux semaines d\u2019exposition, du 26 mai au 9 juin. Programme d\u00e9taill\u00e9 : TOUT PUBLIC Samedi 24 mai \u00e0 11h et 15h : visite comment\u00e9e du parcours PictoBistro Gratuit, sans inscription D\u00e9part : sous la Grenette Mardi 27 mai et jeudi 5 juin \u00e0 [&hellip;]<\/p>\n","protected":false},"author":3,"featured_media":0,"parent":0,"menu_order":6,"comment_status":"closed","ping_status":"closed","template":"","meta":{"_acf_changed":false,"_exactmetrics_skip_tracking":false,"_exactmetrics_sitenote_active":false,"_exactmetrics_sitenote_note":"","_exactmetrics_sitenote_category":0,"footnotes":""},"class_list":["post-97","page","type-page","status-publish","hentry"],"acf":[],"yoast_head":"<!-- This site is optimized with the Yoast SEO plugin v27.5 - https:\/\/yoast.com\/product\/yoast-seo-wordpress\/ -->\n<title>m\u00e9diation &amp; visites - 2025<\/title>\n<meta name=\"robots\" content=\"index, follow, max-snippet:-1, max-image-preview:large, max-video-preview:-1\" \/>\n<link rel=\"canonical\" href=\"https:\/\/www.pictobello.ch\/edition-2025\/mediation-visites\/\" \/>\n<meta property=\"og:locale\" content=\"fr_FR\" \/>\n<meta property=\"og:type\" content=\"article\" \/>\n<meta property=\"og:title\" content=\"m\u00e9diation &amp; visites - 2025\" \/>\n<meta property=\"og:description\" content=\"Visites guid\u00e9es publiques Des visites guid\u00e9es tout public seront propos\u00e9es pendant les deux semaines d\u2019exposition, du 26 mai au 9 juin. Programme d\u00e9taill\u00e9 : TOUT PUBLIC Samedi 24 mai \u00e0 11h et 15h : visite comment\u00e9e du parcours PictoBistro Gratuit, sans inscription D\u00e9part : sous la Grenette Mardi 27 mai et jeudi 5 juin \u00e0 [&hellip;]\" \/>\n<meta property=\"og:url\" content=\"https:\/\/www.pictobello.ch\/edition-2025\/mediation-visites\/\" \/>\n<meta property=\"og:site_name\" content=\"2025\" \/>\n<meta property=\"article:modified_time\" content=\"2025-05-27T07:37:48+00:00\" \/>\n<meta name=\"twitter:card\" content=\"summary_large_image\" \/>\n<meta name=\"twitter:label1\" content=\"Dur\u00e9e de lecture estim\u00e9e\" \/>\n\t<meta name=\"twitter:data1\" content=\"2 minutes\" \/>\n<script type=\"application\/ld+json\" class=\"yoast-schema-graph\">{\"@context\":\"https:\\\/\\\/schema.org\",\"@graph\":[{\"@type\":\"WebPage\",\"@id\":\"https:\\\/\\\/www.pictobello.ch\\\/edition-2025\\\/mediation-visites\\\/\",\"url\":\"https:\\\/\\\/www.pictobello.ch\\\/edition-2025\\\/mediation-visites\\\/\",\"name\":\"m\u00e9diation & visites - 2025\",\"isPartOf\":{\"@id\":\"https:\\\/\\\/www.pictobello.ch\\\/edition-2025\\\/#website\"},\"datePublished\":\"2025-04-22T09:10:31+00:00\",\"dateModified\":\"2025-05-27T07:37:48+00:00\",\"breadcrumb\":{\"@id\":\"https:\\\/\\\/www.pictobello.ch\\\/edition-2025\\\/mediation-visites\\\/#breadcrumb\"},\"inLanguage\":\"fr-FR\",\"potentialAction\":[{\"@type\":\"ReadAction\",\"target\":[\"https:\\\/\\\/www.pictobello.ch\\\/edition-2025\\\/mediation-visites\\\/\"]}]},{\"@type\":\"BreadcrumbList\",\"@id\":\"https:\\\/\\\/www.pictobello.ch\\\/edition-2025\\\/mediation-visites\\\/#breadcrumb\",\"itemListElement\":[{\"@type\":\"ListItem\",\"position\":1,\"name\":\"Accueil\",\"item\":\"https:\\\/\\\/www.pictobello.ch\\\/edition-2025\\\/\"},{\"@type\":\"ListItem\",\"position\":2,\"name\":\"m\u00e9diation &#038; visites\"}]},{\"@type\":\"WebSite\",\"@id\":\"https:\\\/\\\/www.pictobello.ch\\\/edition-2025\\\/#website\",\"url\":\"https:\\\/\\\/www.pictobello.ch\\\/edition-2025\\\/\",\"name\":\"2025\",\"description\":\"\",\"potentialAction\":[{\"@type\":\"SearchAction\",\"target\":{\"@type\":\"EntryPoint\",\"urlTemplate\":\"https:\\\/\\\/www.pictobello.ch\\\/edition-2025\\\/?s={search_term_string}\"},\"query-input\":{\"@type\":\"PropertyValueSpecification\",\"valueRequired\":true,\"valueName\":\"search_term_string\"}}],\"inLanguage\":\"fr-FR\"}]}<\/script>\n<!-- \/ Yoast SEO plugin. -->","yoast_head_json":{"title":"m\u00e9diation & visites - 2025","robots":{"index":"index","follow":"follow","max-snippet":"max-snippet:-1","max-image-preview":"max-image-preview:large","max-video-preview":"max-video-preview:-1"},"canonical":"https:\/\/www.pictobello.ch\/edition-2025\/mediation-visites\/","og_locale":"fr_FR","og_type":"article","og_title":"m\u00e9diation & visites - 2025","og_description":"Visites guid\u00e9es publiques Des visites guid\u00e9es tout public seront propos\u00e9es pendant les deux semaines d\u2019exposition, du 26 mai au 9 juin. Programme d\u00e9taill\u00e9 : TOUT PUBLIC Samedi 24 mai \u00e0 11h et 15h : visite comment\u00e9e du parcours PictoBistro Gratuit, sans inscription D\u00e9part : sous la Grenette Mardi 27 mai et jeudi 5 juin \u00e0 [&hellip;]","og_url":"https:\/\/www.pictobello.ch\/edition-2025\/mediation-visites\/","og_site_name":"2025","article_modified_time":"2025-05-27T07:37:48+00:00","twitter_card":"summary_large_image","twitter_misc":{"Dur\u00e9e de lecture estim\u00e9e":"2 minutes"},"schema":{"@context":"https:\/\/schema.org","@graph":[{"@type":"WebPage","@id":"https:\/\/www.pictobello.ch\/edition-2025\/mediation-visites\/","url":"https:\/\/www.pictobello.ch\/edition-2025\/mediation-visites\/","name":"m\u00e9diation & visites - 2025","isPartOf":{"@id":"https:\/\/www.pictobello.ch\/edition-2025\/#website"},"datePublished":"2025-04-22T09:10:31+00:00","dateModified":"2025-05-27T07:37:48+00:00","breadcrumb":{"@id":"https:\/\/www.pictobello.ch\/edition-2025\/mediation-visites\/#breadcrumb"},"inLanguage":"fr-FR","potentialAction":[{"@type":"ReadAction","target":["https:\/\/www.pictobello.ch\/edition-2025\/mediation-visites\/"]}]},{"@type":"BreadcrumbList","@id":"https:\/\/www.pictobello.ch\/edition-2025\/mediation-visites\/#breadcrumb","itemListElement":[{"@type":"ListItem","position":1,"name":"Accueil","item":"https:\/\/www.pictobello.ch\/edition-2025\/"},{"@type":"ListItem","position":2,"name":"m\u00e9diation &#038; visites"}]},{"@type":"WebSite","@id":"https:\/\/www.pictobello.ch\/edition-2025\/#website","url":"https:\/\/www.pictobello.ch\/edition-2025\/","name":"2025","description":"","potentialAction":[{"@type":"SearchAction","target":{"@type":"EntryPoint","urlTemplate":"https:\/\/www.pictobello.ch\/edition-2025\/?s={search_term_string}"},"query-input":{"@type":"PropertyValueSpecification","valueRequired":true,"valueName":"search_term_string"}}],"inLanguage":"fr-FR"}]}},"_links":{"self":[{"href":"https:\/\/www.pictobello.ch\/edition-2025\/wp-json\/wp\/v2\/pages\/97","targetHints":{"allow":["GET"]}}],"collection":[{"href":"https:\/\/www.pictobello.ch\/edition-2025\/wp-json\/wp\/v2\/pages"}],"about":[{"href":"https:\/\/www.pictobello.ch\/edition-2025\/wp-json\/wp\/v2\/types\/page"}],"author":[{"embeddable":true,"href":"https:\/\/www.pictobello.ch\/edition-2025\/wp-json\/wp\/v2\/users\/3"}],"replies":[{"embeddable":true,"href":"https:\/\/www.pictobello.ch\/edition-2025\/wp-json\/wp\/v2\/comments?post=97"}],"version-history":[{"count":17,"href":"https:\/\/www.pictobello.ch\/edition-2025\/wp-json\/wp\/v2\/pages\/97\/revisions"}],"predecessor-version":[{"id":260,"href":"https:\/\/www.pictobello.ch\/edition-2025\/wp-json\/wp\/v2\/pages\/97\/revisions\/260"}],"wp:attachment":[{"href":"https:\/\/www.pictobello.ch\/edition-2025\/wp-json\/wp\/v2\/media?parent=97"}],"curies":[{"name":"wp","href":"https:\/\/api.w.org\/{rel}","templated":true}]}}