{"id":130,"date":"2026-04-15T17:13:27","date_gmt":"2026-04-15T15:13:27","guid":{"rendered":"https:\/\/www.pictobello.ch\/edition-2026\/?page_id=130"},"modified":"2026-04-15T17:13:37","modified_gmt":"2026-04-15T15:13:37","slug":"deviens-staff","status":"publish","type":"page","link":"https:\/\/www.pictobello.ch\/edition-2026\/deviens-staff\/","title":{"rendered":"deviens staff !"},"content":{"rendered":"<div class=\"\">\n<div><\/div>\n<\/div>\n<div class=\"_a9zr\">\n<div class=\"html-div xdj266r xat24cr x1lziwak xexx8yu xyri2b x18d9i69 x1c1uobl x9f619 xjbqb8w x78zum5 x15mokao x1ga7v0g x16uus16 xbiv7yw x2fvf9 x1n2onr6 x1plvlek xryxfnj x1c4vz4f x2lah0s xdt5ytf xqjyukv x1qjc9v5 x1oa3qoh x1nhvcw1\">\n<div><a href=\"http:\/\/www.pictobello.ch\/edition-2026\/wp-content\/uploads\/sites\/31\/2026\/04\/Post-Instagram3.png\"><img loading=\"lazy\" decoding=\"async\" class=\"size-medium wp-image-131 alignleft\" src=\"http:\/\/www.pictobello.ch\/edition-2026\/wp-content\/uploads\/sites\/31\/2026\/04\/Post-Instagram3-240x300.png\" alt=\"\" width=\"240\" height=\"300\" srcset=\"https:\/\/www.pictobello.ch\/edition-2026\/wp-content\/uploads\/sites\/31\/2026\/04\/Post-Instagram3-240x300.png 240w, https:\/\/www.pictobello.ch\/edition-2026\/wp-content\/uploads\/sites\/31\/2026\/04\/Post-Instagram3-819x1024.png 819w, https:\/\/www.pictobello.ch\/edition-2026\/wp-content\/uploads\/sites\/31\/2026\/04\/Post-Instagram3-768x960.png 768w, https:\/\/www.pictobello.ch\/edition-2026\/wp-content\/uploads\/sites\/31\/2026\/04\/Post-Instagram3-260x325.png 260w, https:\/\/www.pictobello.ch\/edition-2026\/wp-content\/uploads\/sites\/31\/2026\/04\/Post-Instagram3-575x719.png 575w, https:\/\/www.pictobello.ch\/edition-2026\/wp-content\/uploads\/sites\/31\/2026\/04\/Post-Instagram3-640x800.png 640w, https:\/\/www.pictobello.ch\/edition-2026\/wp-content\/uploads\/sites\/31\/2026\/04\/Post-Instagram3.png 1080w\" sizes=\"auto, (max-width: 240px) 100vw, 240px\" \/><\/a>PictoBello ne serait rien sans son \u00e9quipe technique et ses b\u00e9n\u00e9voles.<\/div>\n<\/div>\n<\/div>\n<p class=\"_ap3a _aaco _aacu _aacx _aad7 _aade\" dir=\"auto\">Tu es libre le weekend du 30 mai ? Tu as envie de contribuer au bon d\u00e9roulement de PictoBello ? Tu souhaites vivre de l&rsquo;int\u00e9rieur cette 22e \u00e9dition ?<\/p>\n<p>Diff\u00e9rents postes sont \u00e0 pourvoir :<\/p>\n<ul>\n<li>accueil\/information du public<\/li>\n<li>stand librairie<\/li>\n<li>aide au rangements<\/li>\n<li>aide au vernissage<\/li>\n<\/ul>\n<p><a href=\"https:\/\/docs.google.com\/forms\/d\/e\/1FAIpQLSeqBHSQrheud5GlSHN6WYzXz4huFVDLIRo-pLE8zHmLIDTRxQ\/viewform\" target=\"_blank\" rel=\"noopener\">Rejoins-nous !<\/a><\/p>\n","protected":false},"excerpt":{"rendered":"<p>PictoBello ne serait rien sans son \u00e9quipe technique et ses b\u00e9n\u00e9voles. Tu es libre le weekend du 30 mai ? Tu as envie de contribuer au bon d\u00e9roulement de PictoBello ? Tu souhaites vivre de l&rsquo;int\u00e9rieur cette 22e \u00e9dition ? Diff\u00e9rents postes sont \u00e0 pourvoir : accueil\/information du public stand librairie aide au rangements aide [&hellip;]<\/p>\n","protected":false},"author":3,"featured_media":0,"parent":0,"menu_order":10,"comment_status":"closed","ping_status":"closed","template":"","meta":{"_acf_changed":false,"_exactmetrics_skip_tracking":false,"_exactmetrics_sitenote_active":false,"_exactmetrics_sitenote_note":"","_exactmetrics_sitenote_category":0,"footnotes":""},"class_list":["post-130","page","type-page","status-publish","hentry"],"acf":[],"yoast_head":"<!-- This site is optimized with the Yoast SEO plugin v27.2 - https:\/\/yoast.com\/product\/yoast-seo-wordpress\/ -->\n<title>deviens staff ! - 2026<\/title>\n<meta name=\"robots\" content=\"index, follow, max-snippet:-1, max-image-preview:large, max-video-preview:-1\" \/>\n<link rel=\"canonical\" href=\"https:\/\/www.pictobello.ch\/edition-2026\/deviens-staff\/\" \/>\n<meta property=\"og:locale\" content=\"fr_FR\" \/>\n<meta property=\"og:type\" content=\"article\" \/>\n<meta property=\"og:title\" content=\"deviens staff ! - 2026\" \/>\n<meta property=\"og:description\" content=\"PictoBello ne serait rien sans son \u00e9quipe technique et ses b\u00e9n\u00e9voles. Tu es libre le weekend du 30 mai ? Tu as envie de contribuer au bon d\u00e9roulement de PictoBello ? Tu souhaites vivre de l&rsquo;int\u00e9rieur cette 22e \u00e9dition ? Diff\u00e9rents postes sont \u00e0 pourvoir : accueil\/information du public stand librairie aide au rangements aide [&hellip;]\" \/>\n<meta property=\"og:url\" content=\"https:\/\/www.pictobello.ch\/edition-2026\/deviens-staff\/\" \/>\n<meta property=\"og:site_name\" content=\"2026\" \/>\n<meta property=\"article:modified_time\" content=\"2026-04-15T15:13:37+00:00\" \/>\n<meta property=\"og:image\" content=\"https:\/\/www.pictobello.ch\/edition-2026\/wp-content\/uploads\/sites\/31\/2026\/04\/Post-Instagram3-819x1024.png\" \/>\n\t<meta property=\"og:image:width\" content=\"819\" \/>\n\t<meta property=\"og:image:height\" content=\"1024\" \/>\n\t<meta property=\"og:image:type\" content=\"image\/png\" \/>\n<meta name=\"twitter:card\" content=\"summary_large_image\" \/>\n<meta name=\"twitter:label1\" content=\"Dur\u00e9e de lecture estim\u00e9e\" \/>\n\t<meta name=\"twitter:data1\" content=\"1 minute\" \/>\n<script type=\"application\/ld+json\" class=\"yoast-schema-graph\">{\"@context\":\"https:\/\/schema.org\",\"@graph\":[{\"@type\":\"WebPage\",\"@id\":\"https:\/\/www.pictobello.ch\/edition-2026\/deviens-staff\/\",\"url\":\"https:\/\/www.pictobello.ch\/edition-2026\/deviens-staff\/\",\"name\":\"deviens staff ! - 2026\",\"isPartOf\":{\"@id\":\"https:\/\/www.pictobello.ch\/edition-2026\/#website\"},\"primaryImageOfPage\":{\"@id\":\"https:\/\/www.pictobello.ch\/edition-2026\/deviens-staff\/#primaryimage\"},\"image\":{\"@id\":\"https:\/\/www.pictobello.ch\/edition-2026\/deviens-staff\/#primaryimage\"},\"thumbnailUrl\":\"http:\/\/www.pictobello.ch\/edition-2026\/wp-content\/uploads\/sites\/31\/2026\/04\/Post-Instagram3-240x300.png\",\"datePublished\":\"2026-04-15T15:13:27+00:00\",\"dateModified\":\"2026-04-15T15:13:37+00:00\",\"breadcrumb\":{\"@id\":\"https:\/\/www.pictobello.ch\/edition-2026\/deviens-staff\/#breadcrumb\"},\"inLanguage\":\"fr-FR\",\"potentialAction\":[{\"@type\":\"ReadAction\",\"target\":[\"https:\/\/www.pictobello.ch\/edition-2026\/deviens-staff\/\"]}]},{\"@type\":\"ImageObject\",\"inLanguage\":\"fr-FR\",\"@id\":\"https:\/\/www.pictobello.ch\/edition-2026\/deviens-staff\/#primaryimage\",\"url\":\"https:\/\/www.pictobello.ch\/edition-2026\/wp-content\/uploads\/sites\/31\/2026\/04\/Post-Instagram3.png\",\"contentUrl\":\"https:\/\/www.pictobello.ch\/edition-2026\/wp-content\/uploads\/sites\/31\/2026\/04\/Post-Instagram3.png\",\"width\":1080,\"height\":1350},{\"@type\":\"BreadcrumbList\",\"@id\":\"https:\/\/www.pictobello.ch\/edition-2026\/deviens-staff\/#breadcrumb\",\"itemListElement\":[{\"@type\":\"ListItem\",\"position\":1,\"name\":\"Accueil\",\"item\":\"https:\/\/www.pictobello.ch\/edition-2026\/\"},{\"@type\":\"ListItem\",\"position\":2,\"name\":\"deviens staff !\"}]},{\"@type\":\"WebSite\",\"@id\":\"https:\/\/www.pictobello.ch\/edition-2026\/#website\",\"url\":\"https:\/\/www.pictobello.ch\/edition-2026\/\",\"name\":\"2026\",\"description\":\"\",\"potentialAction\":[{\"@type\":\"SearchAction\",\"target\":{\"@type\":\"EntryPoint\",\"urlTemplate\":\"https:\/\/www.pictobello.ch\/edition-2026\/?s={search_term_string}\"},\"query-input\":{\"@type\":\"PropertyValueSpecification\",\"valueRequired\":true,\"valueName\":\"search_term_string\"}}],\"inLanguage\":\"fr-FR\"}]}<\/script>\n<!-- \/ Yoast SEO plugin. -->","yoast_head_json":{"title":"deviens staff ! - 2026","robots":{"index":"index","follow":"follow","max-snippet":"max-snippet:-1","max-image-preview":"max-image-preview:large","max-video-preview":"max-video-preview:-1"},"canonical":"https:\/\/www.pictobello.ch\/edition-2026\/deviens-staff\/","og_locale":"fr_FR","og_type":"article","og_title":"deviens staff ! - 2026","og_description":"PictoBello ne serait rien sans son \u00e9quipe technique et ses b\u00e9n\u00e9voles. Tu es libre le weekend du 30 mai ? Tu as envie de contribuer au bon d\u00e9roulement de PictoBello ? Tu souhaites vivre de l&rsquo;int\u00e9rieur cette 22e \u00e9dition ? Diff\u00e9rents postes sont \u00e0 pourvoir : accueil\/information du public stand librairie aide au rangements aide [&hellip;]","og_url":"https:\/\/www.pictobello.ch\/edition-2026\/deviens-staff\/","og_site_name":"2026","article_modified_time":"2026-04-15T15:13:37+00:00","og_image":[{"width":819,"height":1024,"url":"https:\/\/www.pictobello.ch\/edition-2026\/wp-content\/uploads\/sites\/31\/2026\/04\/Post-Instagram3-819x1024.png","type":"image\/png"}],"twitter_card":"summary_large_image","twitter_misc":{"Dur\u00e9e de lecture estim\u00e9e":"1 minute"},"schema":{"@context":"https:\/\/schema.org","@graph":[{"@type":"WebPage","@id":"https:\/\/www.pictobello.ch\/edition-2026\/deviens-staff\/","url":"https:\/\/www.pictobello.ch\/edition-2026\/deviens-staff\/","name":"deviens staff ! - 2026","isPartOf":{"@id":"https:\/\/www.pictobello.ch\/edition-2026\/#website"},"primaryImageOfPage":{"@id":"https:\/\/www.pictobello.ch\/edition-2026\/deviens-staff\/#primaryimage"},"image":{"@id":"https:\/\/www.pictobello.ch\/edition-2026\/deviens-staff\/#primaryimage"},"thumbnailUrl":"http:\/\/www.pictobello.ch\/edition-2026\/wp-content\/uploads\/sites\/31\/2026\/04\/Post-Instagram3-240x300.png","datePublished":"2026-04-15T15:13:27+00:00","dateModified":"2026-04-15T15:13:37+00:00","breadcrumb":{"@id":"https:\/\/www.pictobello.ch\/edition-2026\/deviens-staff\/#breadcrumb"},"inLanguage":"fr-FR","potentialAction":[{"@type":"ReadAction","target":["https:\/\/www.pictobello.ch\/edition-2026\/deviens-staff\/"]}]},{"@type":"ImageObject","inLanguage":"fr-FR","@id":"https:\/\/www.pictobello.ch\/edition-2026\/deviens-staff\/#primaryimage","url":"https:\/\/www.pictobello.ch\/edition-2026\/wp-content\/uploads\/sites\/31\/2026\/04\/Post-Instagram3.png","contentUrl":"https:\/\/www.pictobello.ch\/edition-2026\/wp-content\/uploads\/sites\/31\/2026\/04\/Post-Instagram3.png","width":1080,"height":1350},{"@type":"BreadcrumbList","@id":"https:\/\/www.pictobello.ch\/edition-2026\/deviens-staff\/#breadcrumb","itemListElement":[{"@type":"ListItem","position":1,"name":"Accueil","item":"https:\/\/www.pictobello.ch\/edition-2026\/"},{"@type":"ListItem","position":2,"name":"deviens staff !"}]},{"@type":"WebSite","@id":"https:\/\/www.pictobello.ch\/edition-2026\/#website","url":"https:\/\/www.pictobello.ch\/edition-2026\/","name":"2026","description":"","potentialAction":[{"@type":"SearchAction","target":{"@type":"EntryPoint","urlTemplate":"https:\/\/www.pictobello.ch\/edition-2026\/?s={search_term_string}"},"query-input":{"@type":"PropertyValueSpecification","valueRequired":true,"valueName":"search_term_string"}}],"inLanguage":"fr-FR"}]}},"_links":{"self":[{"href":"https:\/\/www.pictobello.ch\/edition-2026\/wp-json\/wp\/v2\/pages\/130","targetHints":{"allow":["GET"]}}],"collection":[{"href":"https:\/\/www.pictobello.ch\/edition-2026\/wp-json\/wp\/v2\/pages"}],"about":[{"href":"https:\/\/www.pictobello.ch\/edition-2026\/wp-json\/wp\/v2\/types\/page"}],"author":[{"embeddable":true,"href":"https:\/\/www.pictobello.ch\/edition-2026\/wp-json\/wp\/v2\/users\/3"}],"replies":[{"embeddable":true,"href":"https:\/\/www.pictobello.ch\/edition-2026\/wp-json\/wp\/v2\/comments?post=130"}],"version-history":[{"count":1,"href":"https:\/\/www.pictobello.ch\/edition-2026\/wp-json\/wp\/v2\/pages\/130\/revisions"}],"predecessor-version":[{"id":132,"href":"https:\/\/www.pictobello.ch\/edition-2026\/wp-json\/wp\/v2\/pages\/130\/revisions\/132"}],"wp:attachment":[{"href":"https:\/\/www.pictobello.ch\/edition-2026\/wp-json\/wp\/v2\/media?parent=130"}],"curies":[{"name":"wp","href":"https:\/\/api.w.org\/{rel}","templated":true}]}}