{"id":156,"date":"2026-05-05T10:43:10","date_gmt":"2026-05-05T08:43:10","guid":{"rendered":"https:\/\/www.pictobello.ch\/edition-2026\/?page_id=156"},"modified":"2026-05-05T10:53:55","modified_gmt":"2026-05-05T08:53:55","slug":"evenements-publics-visites","status":"publish","type":"page","link":"https:\/\/www.pictobello.ch\/edition-2026\/evenements-publics-visites\/","title":{"rendered":"rencontres &#038; visites"},"content":{"rendered":"<h3 style=\"color: #ed6a58;\"><u>\u2666 Lecture publique | 30.05 \u00e0 18h sous la Grenette<\/u><\/h3>\n<p>Pour cl\u00f4turer la journ\u00e9e de dessin, l&rsquo;autrice <a href=\"https:\/\/www.pictobello.ch\/edition-2026\/organisateur\/celine-cerny\/\" target=\"_blank\" rel=\"noopener\">C\u00e9line Cerny<\/a> offrira une lecture publique de son conte \u00ab\u00a0<a href=\"https:\/\/www.pictobello.ch\/edition-2026\/nouvelle\/\" target=\"_blank\" rel=\"noopener\"><em>La petite fille au morceau de c\u0153ur<\/em><\/a>\u00ab\u00a0, \u00e9crit sp\u00e9cialement pour PictoBello et en lien avec la th\u00e9matique.<\/p>\n<ul>\n<li>Gratuit, ouvert \u00e0 touxtes, sans inscription<\/li>\n<li>Suivi du vernissage en pr\u00e9sence des autorit\u00e9s et ap\u00e9ritif<\/li>\n<\/ul>\n<h3 style=\"color: #ed6a58;\"><u>\u2666 D\u00e9jeuner dessin\u00e9 du Festival de Litt\u00e9rature Jeunesse | 31.05 \u00e0 9h au Th\u00e9\u00e2tre de Verdure<\/u><\/h3>\n<p>Autour du th\u00e8me \u00ab\u00a0Il \u00e9tait une fois&#8230;\u00a0\u00bb, PictoBello signe une premi\u00e8re collaboration avec le <a href=\"https:\/\/festival-litterature-jeunesse.ch\/\" target=\"_blank\" rel=\"noopener\">Festival de Litt\u00e9rature Jeunesse de Vevey<\/a>. L&rsquo;association co-programme ainsi quatre artistes de la programmation, et propose avec elles et eux deux rencontres-ateliers pour le public :<\/p>\n<ul>\n<li>Atelier version petit-d\u00e9jeuner : th\u00e9, caf\u00e9, jus et grignotteries \u00e0 partager<\/li>\n<li>Cr\u00e9ation d\u2019une grande fresque collective sur le th\u00e8me \u00ab Il \u00e9tait une fois \u00bb avec <a href=\"https:\/\/www.pictobello.ch\/edition-2026\/dessinateur\/tito-moccia\/\" target=\"_blank\" rel=\"noopener\">Tito Moccia<\/a> et <a href=\"https:\/\/www.pictobello.ch\/edition-2026\/dessinateur\/marjolaine-leray\/\" target=\"_blank\" rel=\"noopener\">Marjolaine Leray<\/a><\/li>\n<li>Dimanche 31 mai de 9h \u00e0 12h au<a href=\"https:\/\/share.google\/Ej3SfpbGcS7XtV6Ae\" target=\"_blank\" rel=\"noopener\"> th\u00e9\u00e2tre de Verdure<\/a> (Jardin du Rivage)<\/li>\n<li>Gratuit, ouvert \u00e0 touxtes, mais inscription recommand\u00e9e aupr\u00e8s de <a href=\"https:\/\/festival-litterature-jeunesse.ch\/fljv-x-pictobello-2026\/\" target=\"_blank\" rel=\"noopener\">l&rsquo;organisateur<\/a><\/li>\n<li style=\"list-style-type: none;\"><\/li>\n<\/ul>\n<h3 style=\"color: #ed6a58;\"><u>\u2666 Visite guid\u00e9e sp\u00e9cial familles | 03.06 \u00e0 15h<\/u><\/h3>\n<p>PictoBello vous propose une visite guid\u00e9e <strong>sp\u00e9cial familles<\/strong> des \u0153uvres PictoBello :<\/p>\n<ul>\n<li>Enfants de 5-10 ans accompagn\u00e9s de leur famille<\/li>\n<li>Dur\u00e9e : environ 1 heure<\/li>\n<li>Mercredi 3 juin \u00e0 15h<\/li>\n<li>Rendez-vous \u00e0 la <a href=\"https:\/\/share.google\/hUEC5eNxefS9NFfAs\" target=\"_blank\" rel=\"noopener\">Place de l&rsquo;H\u00f4tel-de-Ville<\/a><\/li>\n<li>Gratuit, ouvert \u00e0 touxtes mais inscription recommand\u00e9e \u00e0 <a href=\"javascript:DeCryptX('0p0r0o0g3C0p3l2e2v2q1c3h1m1m0o0.0c3k')\" target=\"_blank\" rel=\"noopener\">prog [at] pictobello [dot] ch<\/a><\/li>\n<\/ul>\n<h3 style=\"color: #ed6a58;\"><u>\u2666 Afterwork dessin\u00e9 du Festival de Litt\u00e9rature Jeunesse | 05.06 \u00e0 17h sous la Grenette<\/u><\/h3>\n<p>Autour du th\u00e8me \u00ab\u00a0Il \u00e9tait une fois&#8230;\u00a0\u00bb, PictoBello signe une premi\u00e8re collaboration avec le <a href=\"https:\/\/festival-litterature-jeunesse.ch\/\" target=\"_blank\" rel=\"noopener\">Festival de Litt\u00e9rature Jeunesse de Vevey<\/a>. L&rsquo;association co-programme ainsi quatre artistes de la programmation, et propose avec elles et eux deux rencontres-ateliers pour le public :<\/p>\n<ul>\n<li>Atelier version after work (ou after-school) : boissons et grignotteries \u00e0 partager<\/li>\n<li>Cr\u00e9ation d\u2019une grande fresque collective sur le th\u00e8me \u00ab Il \u00e9tait une fois une chim\u00e8re \u00bb avec <a href=\"https:\/\/www.pictobello.ch\/edition-2026\/dessinateur\/jenay-loetscher\/\" target=\"_blank\" rel=\"noopener\">Jenay Costantini<\/a> et <a href=\"https:\/\/www.pictobello.ch\/edition-2026\/dessinateur\/rosalie-gross\/\" target=\"_blank\" rel=\"noopener\">Rosalie Gross<\/a><\/li>\n<li>Vendredi 5 juin de 17h \u00e0 20h sous la <a href=\"https:\/\/maps.app.goo.gl\/nouNjf69hBTs36WC7\" target=\"_blank\" rel=\"noopener\">Grenette<\/a> (Place du March\u00e9)<\/li>\n<li>Gratuit, ouvert \u00e0 touxtes, mais inscription recommand\u00e9e aupr\u00e8s de <a href=\"https:\/\/festival-litterature-jeunesse.ch\/fljv-x-pictobello-2026\/\" target=\"_blank\" rel=\"noopener\">l&rsquo;organisateur<\/a><\/li>\n<li style=\"list-style-type: none;\"><\/li>\n<\/ul>\n<h3 style=\"color: #ed6a58;\"><u>\u2666 Visite guid\u00e9e Mus\u00e9e Jenisch Vevey x PictoBello | 11.06 \u00e0 18h30 au Mus\u00e9e Jenisch<\/u><\/h3>\n<p>En partenariat avec PictoBello, le <a href=\"https:\/\/museejenisch.ch\/\" target=\"_blank\" rel=\"noopener\">Mus\u00e9e Jenisch Vevey<\/a> vous invite \u00e0 <span data-teams=\"true\">une visite guid\u00e9e conjointe de l&rsquo;exposition de printemps du mus\u00e9e consacr\u00e9e \u00e0 l&rsquo;artiste zurichois Uwe Wittwer et des oeuvres PictoBello dans le jardin du mus\u00e9e.<\/span><\/p>\n<ul>\n<li>Gratuit, ouvert \u00e0 touxtes<\/li>\n<li>Dur\u00e9e : environ 1h<\/li>\n<li>Jeudi 11 juin \u00e0 18h30 au <a href=\"https:\/\/museejenisch.ch\/\" target=\"_blank\" rel=\"noopener\">Mus\u00e9e Jenisch Vevey<\/a><\/li>\n<li style=\"list-style-type: none;\">\n<ul>\n<li style=\"list-style-type: none;\"><\/li>\n<\/ul>\n<\/li>\n<\/ul>\n","protected":false},"excerpt":{"rendered":"<p>\u2666 Lecture publique | 30.05 \u00e0 18h sous la Grenette Pour cl\u00f4turer la journ\u00e9e de dessin, l&rsquo;autrice C\u00e9line Cerny offrira une lecture publique de son conte \u00ab\u00a0La petite fille au morceau de c\u0153ur\u00ab\u00a0, \u00e9crit sp\u00e9cialement pour PictoBello et en lien avec la th\u00e9matique. Gratuit, ouvert \u00e0 touxtes, sans inscription Suivi du vernissage en pr\u00e9sence des [&hellip;]<\/p>\n","protected":false},"author":3,"featured_media":0,"parent":0,"menu_order":12,"comment_status":"closed","ping_status":"closed","template":"","meta":{"_acf_changed":false,"_exactmetrics_skip_tracking":false,"_exactmetrics_sitenote_active":false,"_exactmetrics_sitenote_note":"","_exactmetrics_sitenote_category":0,"footnotes":""},"class_list":["post-156","page","type-page","status-publish","hentry"],"acf":[],"yoast_head":"<!-- This site is optimized with the Yoast SEO plugin v27.5 - https:\/\/yoast.com\/product\/yoast-seo-wordpress\/ -->\n<title>rencontres &amp; visites - 2026<\/title>\n<meta name=\"robots\" content=\"index, follow, max-snippet:-1, max-image-preview:large, max-video-preview:-1\" \/>\n<link rel=\"canonical\" href=\"https:\/\/www.pictobello.ch\/edition-2026\/evenements-publics-visites\/\" \/>\n<meta property=\"og:locale\" content=\"fr_FR\" \/>\n<meta property=\"og:type\" content=\"article\" \/>\n<meta property=\"og:title\" content=\"rencontres &amp; visites - 2026\" \/>\n<meta property=\"og:description\" content=\"\u2666 Lecture publique | 30.05 \u00e0 18h sous la Grenette Pour cl\u00f4turer la journ\u00e9e de dessin, l&rsquo;autrice C\u00e9line Cerny offrira une lecture publique de son conte \u00ab\u00a0La petite fille au morceau de c\u0153ur\u00ab\u00a0, \u00e9crit sp\u00e9cialement pour PictoBello et en lien avec la th\u00e9matique. Gratuit, ouvert \u00e0 touxtes, sans inscription Suivi du vernissage en pr\u00e9sence des [&hellip;]\" \/>\n<meta property=\"og:url\" content=\"https:\/\/www.pictobello.ch\/edition-2026\/evenements-publics-visites\/\" \/>\n<meta property=\"og:site_name\" content=\"2026\" \/>\n<meta property=\"article:modified_time\" content=\"2026-05-05T08:53:55+00:00\" \/>\n<meta name=\"twitter:card\" content=\"summary_large_image\" \/>\n<meta name=\"twitter:label1\" content=\"Dur\u00e9e de lecture estim\u00e9e\" \/>\n\t<meta name=\"twitter:data1\" content=\"3 minutes\" \/>\n<script type=\"application\/ld+json\" class=\"yoast-schema-graph\">{\"@context\":\"https:\\\/\\\/schema.org\",\"@graph\":[{\"@type\":\"WebPage\",\"@id\":\"https:\\\/\\\/www.pictobello.ch\\\/edition-2026\\\/evenements-publics-visites\\\/\",\"url\":\"https:\\\/\\\/www.pictobello.ch\\\/edition-2026\\\/evenements-publics-visites\\\/\",\"name\":\"rencontres & visites - 2026\",\"isPartOf\":{\"@id\":\"https:\\\/\\\/www.pictobello.ch\\\/edition-2026\\\/#website\"},\"datePublished\":\"2026-05-05T08:43:10+00:00\",\"dateModified\":\"2026-05-05T08:53:55+00:00\",\"breadcrumb\":{\"@id\":\"https:\\\/\\\/www.pictobello.ch\\\/edition-2026\\\/evenements-publics-visites\\\/#breadcrumb\"},\"inLanguage\":\"fr-FR\",\"potentialAction\":[{\"@type\":\"ReadAction\",\"target\":[\"https:\\\/\\\/www.pictobello.ch\\\/edition-2026\\\/evenements-publics-visites\\\/\"]}]},{\"@type\":\"BreadcrumbList\",\"@id\":\"https:\\\/\\\/www.pictobello.ch\\\/edition-2026\\\/evenements-publics-visites\\\/#breadcrumb\",\"itemListElement\":[{\"@type\":\"ListItem\",\"position\":1,\"name\":\"Accueil\",\"item\":\"https:\\\/\\\/www.pictobello.ch\\\/edition-2026\\\/\"},{\"@type\":\"ListItem\",\"position\":2,\"name\":\"rencontres &#038; visites\"}]},{\"@type\":\"WebSite\",\"@id\":\"https:\\\/\\\/www.pictobello.ch\\\/edition-2026\\\/#website\",\"url\":\"https:\\\/\\\/www.pictobello.ch\\\/edition-2026\\\/\",\"name\":\"2026\",\"description\":\"\",\"potentialAction\":[{\"@type\":\"SearchAction\",\"target\":{\"@type\":\"EntryPoint\",\"urlTemplate\":\"https:\\\/\\\/www.pictobello.ch\\\/edition-2026\\\/?s={search_term_string}\"},\"query-input\":{\"@type\":\"PropertyValueSpecification\",\"valueRequired\":true,\"valueName\":\"search_term_string\"}}],\"inLanguage\":\"fr-FR\"}]}<\/script>\n<!-- \/ Yoast SEO plugin. -->","yoast_head_json":{"title":"rencontres & visites - 2026","robots":{"index":"index","follow":"follow","max-snippet":"max-snippet:-1","max-image-preview":"max-image-preview:large","max-video-preview":"max-video-preview:-1"},"canonical":"https:\/\/www.pictobello.ch\/edition-2026\/evenements-publics-visites\/","og_locale":"fr_FR","og_type":"article","og_title":"rencontres & visites - 2026","og_description":"\u2666 Lecture publique | 30.05 \u00e0 18h sous la Grenette Pour cl\u00f4turer la journ\u00e9e de dessin, l&rsquo;autrice C\u00e9line Cerny offrira une lecture publique de son conte \u00ab\u00a0La petite fille au morceau de c\u0153ur\u00ab\u00a0, \u00e9crit sp\u00e9cialement pour PictoBello et en lien avec la th\u00e9matique. Gratuit, ouvert \u00e0 touxtes, sans inscription Suivi du vernissage en pr\u00e9sence des [&hellip;]","og_url":"https:\/\/www.pictobello.ch\/edition-2026\/evenements-publics-visites\/","og_site_name":"2026","article_modified_time":"2026-05-05T08:53:55+00:00","twitter_card":"summary_large_image","twitter_misc":{"Dur\u00e9e de lecture estim\u00e9e":"3 minutes"},"schema":{"@context":"https:\/\/schema.org","@graph":[{"@type":"WebPage","@id":"https:\/\/www.pictobello.ch\/edition-2026\/evenements-publics-visites\/","url":"https:\/\/www.pictobello.ch\/edition-2026\/evenements-publics-visites\/","name":"rencontres & visites - 2026","isPartOf":{"@id":"https:\/\/www.pictobello.ch\/edition-2026\/#website"},"datePublished":"2026-05-05T08:43:10+00:00","dateModified":"2026-05-05T08:53:55+00:00","breadcrumb":{"@id":"https:\/\/www.pictobello.ch\/edition-2026\/evenements-publics-visites\/#breadcrumb"},"inLanguage":"fr-FR","potentialAction":[{"@type":"ReadAction","target":["https:\/\/www.pictobello.ch\/edition-2026\/evenements-publics-visites\/"]}]},{"@type":"BreadcrumbList","@id":"https:\/\/www.pictobello.ch\/edition-2026\/evenements-publics-visites\/#breadcrumb","itemListElement":[{"@type":"ListItem","position":1,"name":"Accueil","item":"https:\/\/www.pictobello.ch\/edition-2026\/"},{"@type":"ListItem","position":2,"name":"rencontres &#038; visites"}]},{"@type":"WebSite","@id":"https:\/\/www.pictobello.ch\/edition-2026\/#website","url":"https:\/\/www.pictobello.ch\/edition-2026\/","name":"2026","description":"","potentialAction":[{"@type":"SearchAction","target":{"@type":"EntryPoint","urlTemplate":"https:\/\/www.pictobello.ch\/edition-2026\/?s={search_term_string}"},"query-input":{"@type":"PropertyValueSpecification","valueRequired":true,"valueName":"search_term_string"}}],"inLanguage":"fr-FR"}]}},"_links":{"self":[{"href":"https:\/\/www.pictobello.ch\/edition-2026\/wp-json\/wp\/v2\/pages\/156","targetHints":{"allow":["GET"]}}],"collection":[{"href":"https:\/\/www.pictobello.ch\/edition-2026\/wp-json\/wp\/v2\/pages"}],"about":[{"href":"https:\/\/www.pictobello.ch\/edition-2026\/wp-json\/wp\/v2\/types\/page"}],"author":[{"embeddable":true,"href":"https:\/\/www.pictobello.ch\/edition-2026\/wp-json\/wp\/v2\/users\/3"}],"replies":[{"embeddable":true,"href":"https:\/\/www.pictobello.ch\/edition-2026\/wp-json\/wp\/v2\/comments?post=156"}],"version-history":[{"count":18,"href":"https:\/\/www.pictobello.ch\/edition-2026\/wp-json\/wp\/v2\/pages\/156\/revisions"}],"predecessor-version":[{"id":223,"href":"https:\/\/www.pictobello.ch\/edition-2026\/wp-json\/wp\/v2\/pages\/156\/revisions\/223"}],"wp:attachment":[{"href":"https:\/\/www.pictobello.ch\/edition-2026\/wp-json\/wp\/v2\/media?parent=156"}],"curies":[{"name":"wp","href":"https:\/\/api.w.org\/{rel}","templated":true}]}}