{"id":169,"date":"2026-05-05T09:55:58","date_gmt":"2026-05-05T07:55:58","guid":{"rendered":"https:\/\/www.pictobello.ch\/edition-2026\/?page_id=169"},"modified":"2026-05-06T17:18:18","modified_gmt":"2026-05-06T15:18:18","slug":"picto-expos","status":"publish","type":"page","link":"https:\/\/www.pictobello.ch\/edition-2026\/picto-expos\/","title":{"rendered":"picto expos"},"content":{"rendered":"<h3 style=\"color: #ed6a58;\">\u0152uvres en vitrines, du 23.05 au 31.07<\/h3>\n<p>Cinq artistes pr\u00e9sentent des \u0153uvres sur les vitrines de quatre commerces de Vevey, afin de d\u00e9ployer l&rsquo;art dans l&rsquo;espace public et de prolonger les festivit\u00e9s !<\/p>\n<ul>\n<li><a style=\"color: #000000;\" href=\"https:\/\/lecafelitteraire.ch\/\" target=\"_blank\" rel=\"noopener\"><strong>Caf\u00e9 Litt\u00e9raire<\/strong><\/a> par <a href=\"https:\/\/www.pictobello.ch\/edition-2026\/dessinateur\/cyrielle-formaz\/\" target=\"_blank\" rel=\"noopener\"><strong>Cyrielle Formaz<\/strong><\/a><br \/>\n<em>Quai Perdonnet 33<\/em><\/li>\n<li><a style=\"color: #000000;\" href=\"https:\/\/share.google\/LBWgDeRjMM4O8UWXX\" target=\"_blank\" rel=\"noopener\"><strong>Librairie Payot<\/strong><\/a> par <strong><a href=\"https:\/\/www.pictobello.ch\/edition-2026\/dessinateur\/anne-margot-ramstein\/\" target=\"_blank\" rel=\"noopener\">Anne-Margot Ramstein<\/a><\/strong> &amp; <strong><a href=\"https:\/\/www.pictobello.ch\/edition-2026\/dessinateur\/matthias-aregui\/\" target=\"_blank\" rel=\"noopener\">Matthias Ar\u00e9gui<\/a><\/strong><br \/>\n<em>Rue des Deux-March\u00e9s 15<\/em><\/li>\n<li><a style=\"color: #000000;\" href=\"https:\/\/www.kymemcafe.ch\/\" target=\"_blank\" rel=\"noopener\"><strong>Kym\u00e8M caf\u00e9<\/strong><\/a> par <a href=\"https:\/\/www.pictobello.ch\/edition-2026\/dessinateur\/damien-leuba\/\" target=\"_blank\" rel=\"noopener\"><strong>Damien Leuba<\/strong><\/a><br \/>\n<em>Rue des Communaux 20<\/em><\/li>\n<li><a style=\"color: #000000;\" href=\"https:\/\/share.google\/3V8CcrI71c59SylGo\" target=\"_blank\" rel=\"noopener\"><strong>Librairie La Fontaine<\/strong><\/a>\u00a0par <a href=\"https:\/\/www.pictobello.ch\/edition-2026\/dessinateur\/max-jeann\/\" target=\"_blank\" rel=\"noopener\"><strong>Max Jeann<\/strong><\/a><br \/>\n<em>Rue du Lac 47<\/em><\/li>\n<\/ul>\n<h3 style=\"color: #ed6a58;\">Passage des 8, du 28.05 au 14.08 | Exposition d&rsquo;<a href=\"https:\/\/www.pictobello.ch\/edition-2026\/dessinateur\/helene-bezzola\/\" target=\"_blank\" rel=\"noopener\">H\u00e9l\u00e8ne Bezzola<\/a><\/h3>\n<p>H\u00e9l\u00e8ne Bezzola aka Maison&amp;Maison pr\u00e9sente \u00ab\u00a0Turbo Jardin\u00a0\u00bb<\/p>\n<ul>\n<li>Jeudi 28 mai d\u00e8s 18h : vernissage<\/li>\n<li>Visite libre<\/li>\n<li>Vitrines du Passage des 8 : <a href=\"https:\/\/maps.app.goo.gl\/wNXco5t9AiuuUxRA9\" target=\"_blank\" rel=\"noopener\">rue du Conseil 21, 1800 Vevey<\/a><\/li>\n<li>\u00c9v\u00e9nement gratuit, ouvert \u00e0 touxtes<\/li>\n<li><a href=\"https:\/\/passage-8.ch\/\" target=\"_blank\" rel=\"noopener\">passage-8.ch<\/a><\/li>\n<li style=\"list-style-type: none;\"><\/li>\n<\/ul>\n","protected":false},"excerpt":{"rendered":"<p>\u0152uvres en vitrines, du 23.05 au 31.07 Cinq artistes pr\u00e9sentent des \u0153uvres sur les vitrines de quatre commerces de Vevey, afin de d\u00e9ployer l&rsquo;art dans l&rsquo;espace public et de prolonger les festivit\u00e9s ! Caf\u00e9 Litt\u00e9raire par Cyrielle Formaz Quai Perdonnet 33 Librairie Payot par Anne-Margot Ramstein &amp; Matthias Ar\u00e9gui Rue des Deux-March\u00e9s 15 Kym\u00e8M caf\u00e9 [&hellip;]<\/p>\n","protected":false},"author":3,"featured_media":0,"parent":0,"menu_order":6,"comment_status":"closed","ping_status":"closed","template":"","meta":{"_acf_changed":false,"_exactmetrics_skip_tracking":false,"_exactmetrics_sitenote_active":false,"_exactmetrics_sitenote_note":"","_exactmetrics_sitenote_category":0,"footnotes":""},"class_list":["post-169","page","type-page","status-publish","hentry"],"acf":[],"yoast_head":"<!-- This site is optimized with the Yoast SEO plugin v27.5 - https:\/\/yoast.com\/product\/yoast-seo-wordpress\/ -->\n<title>picto expos - 2026<\/title>\n<meta name=\"robots\" content=\"index, follow, max-snippet:-1, max-image-preview:large, max-video-preview:-1\" \/>\n<link rel=\"canonical\" href=\"https:\/\/www.pictobello.ch\/edition-2026\/picto-expos\/\" \/>\n<meta property=\"og:locale\" content=\"fr_FR\" \/>\n<meta property=\"og:type\" content=\"article\" \/>\n<meta property=\"og:title\" content=\"picto expos - 2026\" \/>\n<meta property=\"og:description\" content=\"\u0152uvres en vitrines, du 23.05 au 31.07 Cinq artistes pr\u00e9sentent des \u0153uvres sur les vitrines de quatre commerces de Vevey, afin de d\u00e9ployer l&rsquo;art dans l&rsquo;espace public et de prolonger les festivit\u00e9s ! Caf\u00e9 Litt\u00e9raire par Cyrielle Formaz Quai Perdonnet 33 Librairie Payot par Anne-Margot Ramstein &amp; Matthias Ar\u00e9gui Rue des Deux-March\u00e9s 15 Kym\u00e8M caf\u00e9 [&hellip;]\" \/>\n<meta property=\"og:url\" content=\"https:\/\/www.pictobello.ch\/edition-2026\/picto-expos\/\" \/>\n<meta property=\"og:site_name\" content=\"2026\" \/>\n<meta property=\"article:modified_time\" content=\"2026-05-06T15:18:18+00:00\" \/>\n<meta name=\"twitter:card\" content=\"summary_large_image\" \/>\n<meta name=\"twitter:label1\" content=\"Dur\u00e9e de lecture estim\u00e9e\" \/>\n\t<meta name=\"twitter:data1\" content=\"1 minute\" \/>\n<script type=\"application\/ld+json\" class=\"yoast-schema-graph\">{\"@context\":\"https:\\\/\\\/schema.org\",\"@graph\":[{\"@type\":\"WebPage\",\"@id\":\"https:\\\/\\\/www.pictobello.ch\\\/edition-2026\\\/picto-expos\\\/\",\"url\":\"https:\\\/\\\/www.pictobello.ch\\\/edition-2026\\\/picto-expos\\\/\",\"name\":\"picto expos - 2026\",\"isPartOf\":{\"@id\":\"https:\\\/\\\/www.pictobello.ch\\\/edition-2026\\\/#website\"},\"datePublished\":\"2026-05-05T07:55:58+00:00\",\"dateModified\":\"2026-05-06T15:18:18+00:00\",\"breadcrumb\":{\"@id\":\"https:\\\/\\\/www.pictobello.ch\\\/edition-2026\\\/picto-expos\\\/#breadcrumb\"},\"inLanguage\":\"fr-FR\",\"potentialAction\":[{\"@type\":\"ReadAction\",\"target\":[\"https:\\\/\\\/www.pictobello.ch\\\/edition-2026\\\/picto-expos\\\/\"]}]},{\"@type\":\"BreadcrumbList\",\"@id\":\"https:\\\/\\\/www.pictobello.ch\\\/edition-2026\\\/picto-expos\\\/#breadcrumb\",\"itemListElement\":[{\"@type\":\"ListItem\",\"position\":1,\"name\":\"Accueil\",\"item\":\"https:\\\/\\\/www.pictobello.ch\\\/edition-2026\\\/\"},{\"@type\":\"ListItem\",\"position\":2,\"name\":\"picto expos\"}]},{\"@type\":\"WebSite\",\"@id\":\"https:\\\/\\\/www.pictobello.ch\\\/edition-2026\\\/#website\",\"url\":\"https:\\\/\\\/www.pictobello.ch\\\/edition-2026\\\/\",\"name\":\"2026\",\"description\":\"\",\"potentialAction\":[{\"@type\":\"SearchAction\",\"target\":{\"@type\":\"EntryPoint\",\"urlTemplate\":\"https:\\\/\\\/www.pictobello.ch\\\/edition-2026\\\/?s={search_term_string}\"},\"query-input\":{\"@type\":\"PropertyValueSpecification\",\"valueRequired\":true,\"valueName\":\"search_term_string\"}}],\"inLanguage\":\"fr-FR\"}]}<\/script>\n<!-- \/ Yoast SEO plugin. -->","yoast_head_json":{"title":"picto expos - 2026","robots":{"index":"index","follow":"follow","max-snippet":"max-snippet:-1","max-image-preview":"max-image-preview:large","max-video-preview":"max-video-preview:-1"},"canonical":"https:\/\/www.pictobello.ch\/edition-2026\/picto-expos\/","og_locale":"fr_FR","og_type":"article","og_title":"picto expos - 2026","og_description":"\u0152uvres en vitrines, du 23.05 au 31.07 Cinq artistes pr\u00e9sentent des \u0153uvres sur les vitrines de quatre commerces de Vevey, afin de d\u00e9ployer l&rsquo;art dans l&rsquo;espace public et de prolonger les festivit\u00e9s ! Caf\u00e9 Litt\u00e9raire par Cyrielle Formaz Quai Perdonnet 33 Librairie Payot par Anne-Margot Ramstein &amp; Matthias Ar\u00e9gui Rue des Deux-March\u00e9s 15 Kym\u00e8M caf\u00e9 [&hellip;]","og_url":"https:\/\/www.pictobello.ch\/edition-2026\/picto-expos\/","og_site_name":"2026","article_modified_time":"2026-05-06T15:18:18+00:00","twitter_card":"summary_large_image","twitter_misc":{"Dur\u00e9e de lecture estim\u00e9e":"1 minute"},"schema":{"@context":"https:\/\/schema.org","@graph":[{"@type":"WebPage","@id":"https:\/\/www.pictobello.ch\/edition-2026\/picto-expos\/","url":"https:\/\/www.pictobello.ch\/edition-2026\/picto-expos\/","name":"picto expos - 2026","isPartOf":{"@id":"https:\/\/www.pictobello.ch\/edition-2026\/#website"},"datePublished":"2026-05-05T07:55:58+00:00","dateModified":"2026-05-06T15:18:18+00:00","breadcrumb":{"@id":"https:\/\/www.pictobello.ch\/edition-2026\/picto-expos\/#breadcrumb"},"inLanguage":"fr-FR","potentialAction":[{"@type":"ReadAction","target":["https:\/\/www.pictobello.ch\/edition-2026\/picto-expos\/"]}]},{"@type":"BreadcrumbList","@id":"https:\/\/www.pictobello.ch\/edition-2026\/picto-expos\/#breadcrumb","itemListElement":[{"@type":"ListItem","position":1,"name":"Accueil","item":"https:\/\/www.pictobello.ch\/edition-2026\/"},{"@type":"ListItem","position":2,"name":"picto expos"}]},{"@type":"WebSite","@id":"https:\/\/www.pictobello.ch\/edition-2026\/#website","url":"https:\/\/www.pictobello.ch\/edition-2026\/","name":"2026","description":"","potentialAction":[{"@type":"SearchAction","target":{"@type":"EntryPoint","urlTemplate":"https:\/\/www.pictobello.ch\/edition-2026\/?s={search_term_string}"},"query-input":{"@type":"PropertyValueSpecification","valueRequired":true,"valueName":"search_term_string"}}],"inLanguage":"fr-FR"}]}},"_links":{"self":[{"href":"https:\/\/www.pictobello.ch\/edition-2026\/wp-json\/wp\/v2\/pages\/169","targetHints":{"allow":["GET"]}}],"collection":[{"href":"https:\/\/www.pictobello.ch\/edition-2026\/wp-json\/wp\/v2\/pages"}],"about":[{"href":"https:\/\/www.pictobello.ch\/edition-2026\/wp-json\/wp\/v2\/types\/page"}],"author":[{"embeddable":true,"href":"https:\/\/www.pictobello.ch\/edition-2026\/wp-json\/wp\/v2\/users\/3"}],"replies":[{"embeddable":true,"href":"https:\/\/www.pictobello.ch\/edition-2026\/wp-json\/wp\/v2\/comments?post=169"}],"version-history":[{"count":10,"href":"https:\/\/www.pictobello.ch\/edition-2026\/wp-json\/wp\/v2\/pages\/169\/revisions"}],"predecessor-version":[{"id":230,"href":"https:\/\/www.pictobello.ch\/edition-2026\/wp-json\/wp\/v2\/pages\/169\/revisions\/230"}],"wp:attachment":[{"href":"https:\/\/www.pictobello.ch\/edition-2026\/wp-json\/wp\/v2\/media?parent=169"}],"curies":[{"name":"wp","href":"https:\/\/api.w.org\/{rel}","templated":true}]}}